{"id":1053,"date":"2019-02-15T13:36:24","date_gmt":"2019-02-15T13:36:24","guid":{"rendered":"https:\/\/www.fire-testing.com\/?page_id=1053"},"modified":"2022-08-08T08:38:43","modified_gmt":"2022-08-08T08:38:43","slug":"non-combustibility-apparatus","status":"publish","type":"page","link":"https:\/\/www.fire-testing.com\/de\/non-combustibility-apparatus\/","title":{"rendered":"Nichtbrennbarkeitspr\u00fcfger\u00e4t"},"content":{"rendered":"<div data-elementor-type=\"wp-page\" data-elementor-id=\"1053\" class=\"elementor elementor-1053\" data-elementor-post-type=\"page\">\n\t\t\t\t\t\t<section data-particle_enable=\"false\" data-particle-mobile-disabled=\"false\" class=\"elementor-section elementor-top-section elementor-element elementor-element-50af9c2 elementor-section-boxed elementor-section-height-default elementor-section-height-default\" data-id=\"50af9c2\" data-element_type=\"section\" data-e-type=\"section\">\n\t\t\t\t\t\t<div class=\"elementor-container elementor-column-gap-default\">\n\t\t\t\t\t<div class=\"elementor-column elementor-col-50 elementor-top-column elementor-element elementor-element-8e2d30e\" data-id=\"8e2d30e\" data-element_type=\"column\" data-e-type=\"column\">\n\t\t\t<div class=\"elementor-widget-wrap elementor-element-populated\">\n\t\t\t\t\t\t<div class=\"elementor-element elementor-element-26b5c52 elementor-widget elementor-widget-heading\" data-id=\"26b5c52\" data-element_type=\"widget\" data-e-type=\"widget\" data-widget_type=\"heading.default\">\n\t\t\t\t<div class=\"elementor-widget-container\">\n\t\t\t\t\t<h1 class=\"elementor-heading-title elementor-size-default\">Nichtbrennbarkeitspr\u00fcfger\u00e4t<\/h1>\t\t\t\t<\/div>\n\t\t\t\t<\/div>\n\t\t\t\t<div class=\"elementor-element elementor-element-1063e16 elementor-widget elementor-widget-heading\" data-id=\"1063e16\" data-element_type=\"widget\" data-e-type=\"widget\" data-widget_type=\"heading.default\">\n\t\t\t\t<div class=\"elementor-widget-container\">\n\t\t\t\t\t<h2 class=\"elementor-heading-title elementor-size-default\">EN ISO 1182; IMO FTP Code Part 1; ASTM E2652<\/h2>\t\t\t\t<\/div>\n\t\t\t\t<\/div>\n\t\t\t\t<div class=\"elementor-element elementor-element-54c64da9 elementor-widget elementor-widget-text-editor\" data-id=\"54c64da9\" data-element_type=\"widget\" data-e-type=\"widget\" data-widget_type=\"text-editor.default\">\n\t\t\t\t<div class=\"elementor-widget-container\">\n\t\t\t\t\t\t\t\t\t<p class=\"translation-block\">Das <span class=\"s1\"><span style=\"color: #f05e23\"><strong>FTT<\/strong><\/span><\/span>\n EN ISO 1182-System wurde mit wichtigen neuen Funktionen entwickelt. Anders als bei der herk\u00f6mmlichen Variac-Steuerung, bei der es w\u00e4hrend des Heizzyklus m\u00f6glich war, einen zu hohen Strom einzustellen, hat <span class=\"s1\"><span style=\"color: #f05e23\"><strong>FTT<\/strong><\/span><\/span>\n diesen Prozess mithilfe modernster Elektronik automatisiert. Die Vorteile dieses System, welches gegen\u00fcber dem herk\u00f6mmlichen Variac-System eine wesentlich l\u00e4ngere Lebensdauer erreicht, sind:<\/p>\n<ul>\n<li>Sanfter Anlauf<\/li>\n<li>Rampenanstiegsrate<\/li>\n<li>Leistungsbegrenzung<\/li>\n<li>\u00dcbertemperaturger\u00e4t<\/li>\n<\/ul>\n<p class=\"translation-block\"><strong>Das <span class=\"s1\"><span style=\"color: #f05e23\"><strong>FTT<\/strong><\/span><\/span>\n ISO 1182 Pr\u00fcfger\u00e4t besteht aus:<\/strong><\/p>\n<p><strong>SpezialL-Rohrofen<\/strong><br \/>Hergestellt aus Stahl mit polierter Oberfl\u00e4che. Dieser Einzonenofen hat eine maximale Betriebstemperatur von 900\u00b0C. Der Ofen ist einfach w\u00e4hrend der Wartungs- und Servicearbeiten austauschbar.\nEs stehen zwei \u00d6fen zur Verf\u00fcgung \u2013 Einer, der die Anforderungen der ISO 1182:2020 erf\u00fcllt, mit zwei Ofenthermoelementen, und einer, der die vorherige Version der ISO 1182 und andere internationale Normen erf\u00fcllt (mit nur einem Ofenthermoelement).<\/p>\n<p>Two furnaces are available &#8211; one which meets the requirements of ISO 1182:2020 where there are two furnace thermocouples and one which meets the previous version of ISO 1182 and other international standards (with only one furnace thermocouple).<\/p>\n<p><strong>Instrumentierung<br \/><\/strong>A 19&#8243; instrument case houses all the instrumentation. This unit features a temperature controller, an over-temperature alarm and a power controller, which controls the furnace temperature at 750\u00b0C, compensating for supply voltage fluctuations and displaying the power (Watts) being supplied to the furnace.<\/p>\n<p><strong>Software (NonComb)<\/strong><br \/>Die Software basiert auf Microsoft Windows und verf\u00fcgt \u00fcber Schaltfl\u00e4chen, Dateneingabefeldern, Kontrollk\u00e4stchen und anderen Standardfunktionen von Windows.<\/p>\n<p>Der Bediener kann die Temperaturen auf der Standardanzeige \u00fcberwachen, bevor ein Test durchgef\u00fchrt wird, ohne dass Daten aufgezeichnet werden. Vor einem Test werden die Pr\u00fcfmusterinformationen (Materialbezeichnung, Dichte, Masse, Laborbezeichnung, usw.) in den Computer eingegeben und in einer Datei gespeichert.<\/p>\n<p>W\u00e4hrend des Testes werden die Temperaturen der Ofen-, Pr\u00fcfmusteroberfl\u00e4chen- und Pr\u00fcfmusterkern-Thermoelemente mit einer Frequenz von 2 Hz (d. h. alle 0,5 Sekunden) aufgezeichnet und online in einem Diagramm dargestellt. Weiterhin werden die Anfangs-, Maximal- und Endtemperaturen von den drei Thermoelementen aufgezeichnet und w\u00e4hrend der Untersuchung angezeigt. Der Status der Ofenstabilisierung (Temperaturdrift und -abweichung) wird auf dem Testbildschirm angezeigt, so dass der Benutzer wei\u00df, wann er einen g\u00fcltigen Test starten kann. Also the initial, maximum and final temperatures recorded by the thermocouples are displayed during the test run. Das Kriterium f\u00fcr das Testende wird von der Computersoftware auf der Grundlage der Drift des\/der Thermoelements\/-e des Ofens bestimmt, so dass der Benutzer wei\u00df, wann ein Test beendet werden kann, damit er g\u00fcltig ist.<\/p>\n<p>Nach der Untersuchung wird der Benutzer aufgefordert, Kommentare \u00fcber das Materialverhalten, die Gesamtzeit der Flammenaussetzung und die Endmasse einzugeben. Die entsprechenden Temperaturanstiege werden berechnet. Anschlie\u00dfend kann ein Bericht f\u00fcr das untersuchte Pr\u00fcfmuster erstellt werden.<\/p>\n<p>Der Untersuchungsbericht enth\u00e4lt die Materialinformationen, die Anfangs-, Maximal- und Endtemperaturen, die erforderlichen Temperaturanstiege, die Gesamtflammenzeit, den Massenverlust (aktuell und als Prozentwert von der Ausgangsmasse) und ein Zeitdiagramm mit den aufgezeichneten Temperaturen. Der Untersuchungsbericht enth\u00e4lt weiterhin einen Verweis auf die Kriterien f\u00fcr das Durchfallen, die in den entsprechenden Normen vorgegeben werden, und gibt an, ob das Pr\u00fcfmuster diese Kriterien erf\u00fcllt hat.<\/p>\n<p>Alle Testdaten werden als ASCII-Datei auf der Festplatte gespeichert und k\u00f6nnen sp\u00e4ter in Tabellenkalkulationen f\u00fcr weitere Analysen importiert werden.<\/p>\n<p><strong>Software:<\/strong><\/p>\n<p>Instrument Supplied with Software at no extra charge. Software updates provided free of charge.<\/p>\t\t\t\t\t\t\t\t<\/div>\n\t\t\t\t<\/div>\n\t\t\t\t\t<\/div>\n\t\t<\/div>\n\t\t\t\t<div class=\"elementor-column elementor-col-50 elementor-top-column elementor-element elementor-element-4c215b8\" data-id=\"4c215b8\" data-element_type=\"column\" data-e-type=\"column\">\n\t\t\t<div class=\"elementor-widget-wrap elementor-element-populated\">\n\t\t\t\t\t\t<div class=\"elementor-element elementor-element-e32f6c7 elementor-widget elementor-widget-image\" data-id=\"e32f6c7\" data-element_type=\"widget\" data-e-type=\"widget\" data-widget_type=\"image.default\">\n\t\t\t\t<div class=\"elementor-widget-container\">\n\t\t\t\t\t\t\t\t\t\t\t\t\t\t\t<img fetchpriority=\"high\" decoding=\"async\" width=\"768\" height=\"768\" src=\"https:\/\/www.fire-testing.com\/wp-content\/uploads\/2019\/06\/02-lEN-ISO-1182-Non-combustibility-Test_PIXEL-768x768.jpg\" class=\"attachment-medium_large size-medium_large wp-image-4250\" alt=\"Nichtbrennbarkeitspr\u00fcfger\u00e4t\" srcset=\"https:\/\/www.fire-testing.com\/wp-content\/uploads\/2019\/06\/02-lEN-ISO-1182-Non-combustibility-Test_PIXEL-768x768.jpg 768w, https:\/\/www.fire-testing.com\/wp-content\/uploads\/2019\/06\/02-lEN-ISO-1182-Non-combustibility-Test_PIXEL-150x150.jpg 150w, https:\/\/www.fire-testing.com\/wp-content\/uploads\/2019\/06\/02-lEN-ISO-1182-Non-combustibility-Test_PIXEL-300x300.jpg 300w, https:\/\/www.fire-testing.com\/wp-content\/uploads\/2019\/06\/02-lEN-ISO-1182-Non-combustibility-Test_PIXEL.jpg 800w\" sizes=\"(max-width: 768px) 100vw, 768px\" \/>\t\t\t\t\t\t\t\t\t\t\t\t\t\t\t<\/div>\n\t\t\t\t<\/div>\n\t\t\t\t<div class=\"elementor-element elementor-element-4daf57f elementor-widget elementor-widget-heading\" data-id=\"4daf57f\" data-element_type=\"widget\" data-e-type=\"widget\" data-widget_type=\"heading.default\">\n\t\t\t\t<div class=\"elementor-widget-container\">\n\t\t\t\t\t<p class=\"elementor-heading-title elementor-size-default\">Nichtbrennbarkeitspr\u00fcfger\u00e4t<\/p>\t\t\t\t<\/div>\n\t\t\t\t<\/div>\n\t\t\t\t<div class=\"elementor-element elementor-element-c02249c elementor-widget elementor-widget-image\" data-id=\"c02249c\" data-element_type=\"widget\" data-e-type=\"widget\" data-widget_type=\"image.default\">\n\t\t\t\t<div class=\"elementor-widget-container\">\n\t\t\t\t\t\t\t\t\t\t\t\t\t\t\t<img decoding=\"async\" width=\"768\" height=\"1171\" src=\"https:\/\/www.fire-testing.com\/wp-content\/uploads\/2019\/02\/49-support-image-768x1171.jpg\" class=\"attachment-medium_large size-medium_large wp-image-1062\" alt=\"Reaction to fire tests for building products EN ISO 1182\" srcset=\"https:\/\/www.fire-testing.com\/wp-content\/uploads\/2019\/02\/49-support-image-768x1171.jpg 768w, https:\/\/www.fire-testing.com\/wp-content\/uploads\/2019\/02\/49-support-image-600x915.jpg 600w, https:\/\/www.fire-testing.com\/wp-content\/uploads\/2019\/02\/49-support-image-197x300.jpg 197w, https:\/\/www.fire-testing.com\/wp-content\/uploads\/2019\/02\/49-support-image-671x1024.jpg 671w, https:\/\/www.fire-testing.com\/wp-content\/uploads\/2019\/02\/49-support-image.jpg 800w\" sizes=\"(max-width: 768px) 100vw, 768px\" \/>\t\t\t\t\t\t\t\t\t\t\t\t\t\t\t<\/div>\n\t\t\t\t<\/div>\n\t\t\t\t<div class=\"elementor-element elementor-element-73d945a elementor-widget elementor-widget-heading\" data-id=\"73d945a\" data-element_type=\"widget\" data-e-type=\"widget\" data-widget_type=\"heading.default\">\n\t\t\t\t<div class=\"elementor-widget-container\">\n\t\t\t\t\t<p class=\"elementor-heading-title elementor-size-default\">Nichtbrennbarkeitspr\u00fcfger\u00e4t<\/p>\t\t\t\t<\/div>\n\t\t\t\t<\/div>\n\t\t\t\t\t<\/div>\n\t\t<\/div>\n\t\t\t\t\t<\/div>\n\t\t<\/section>\n\t\t\t\t<section data-particle_enable=\"false\" data-particle-mobile-disabled=\"false\" class=\"elementor-section elementor-top-section elementor-element elementor-element-b554f99 elementor-section-boxed elementor-section-height-default elementor-section-height-default\" data-id=\"b554f99\" data-element_type=\"section\" data-e-type=\"section\">\n\t\t\t\t\t\t<div class=\"elementor-container elementor-column-gap-default\">\n\t\t\t\t\t<div class=\"elementor-column elementor-col-100 elementor-top-column elementor-element elementor-element-e15e8e2\" data-id=\"e15e8e2\" data-element_type=\"column\" data-e-type=\"column\">\n\t\t\t<div class=\"elementor-widget-wrap elementor-element-populated\">\n\t\t\t\t\t\t<div class=\"dce-visibility-event elementor-element elementor-element-64c0f8a elementor-widget elementor-widget-button\" data-id=\"64c0f8a\" data-element_type=\"widget\" data-e-type=\"widget\" data-settings=\"{&quot;enabled_visibility&quot;:&quot;yes&quot;,&quot;dce_visibility_selected&quot;:&quot;yes&quot;}\" data-widget_type=\"button.default\">\n\t\t\t\t<div class=\"elementor-widget-container\">\n\t\t\t\t\t\t\t\t\t<div class=\"elementor-button-wrapper\">\n\t\t\t\t\t<a class=\"elementor-button elementor-button-link elementor-size-sm\" href=\"https:\/\/www.fire-testing.com\/de\/login\/\">\n\t\t\t\t\t\t<span class=\"elementor-button-content-wrapper\">\n\t\t\t\t\t\t\t\t\t<span class=\"elementor-button-text\">ANMELDEN\/REGISTRIEREN ZUM HERUNTERLADEN DIESER BROSCH\u00dcRE<\/span>\n\t\t\t\t\t<\/span>\n\t\t\t\t\t<\/a>\n\t\t\t\t<\/div>\n\t\t\t\t\t\t\t\t<\/div>\n\t\t\t\t<\/div>\n\t\t\t\t<div class=\"dce-visibility-event elementor-element elementor-element-931a905 elementor-widget elementor-widget-button\" data-id=\"931a905\" data-element_type=\"widget\" data-e-type=\"widget\" data-settings=\"{&quot;enabled_visibility&quot;:&quot;yes&quot;,&quot;dce_visibility_selected&quot;:&quot;yes&quot;}\" data-widget_type=\"button.default\">\n\t\t\t\t<div class=\"elementor-widget-container\">\n\t\t\t\t\t\t\t\t\t<div class=\"elementor-button-wrapper\">\n\t\t\t\t\t<a class=\"elementor-button elementor-button-link elementor-size-sm\" href=\"https:\/\/www.fire-testing.com\/de\/request-a-brochure\/\">\n\t\t\t\t\t\t<span class=\"elementor-button-content-wrapper\">\n\t\t\t\t\t\t\t\t\t<span class=\"elementor-button-text\">REQUEST TECHNICAL SPECIFICATION<\/span>\n\t\t\t\t\t<\/span>\n\t\t\t\t\t<\/a>\n\t\t\t\t<\/div>\n\t\t\t\t\t\t\t\t<\/div>\n\t\t\t\t<\/div>\n\t\t<!-- dce invisible element ddfadb9 -->\t\t\t<\/div>\n\t\t<\/div>\n\t\t\t\t\t<\/div>\n\t\t<\/section>\n\t\t\t\t<\/div>","protected":false},"excerpt":{"rendered":"<p>Non-Combustibility Apparatus EN ISO 1182; IMO FTP Code Part 1; ASTM E2652 The FTT EN ISO 1182 (IMO FTPC Part 1, ASTM E2652) system has been designed with significant new features. Rather than the traditional variac control, where it is possible to supply too high a current to the heater element during the heating cycle, [&hellip;]<\/p>\n","protected":false},"author":142,"featured_media":0,"parent":0,"menu_order":0,"comment_status":"closed","ping_status":"closed","template":"","meta":{"_acf_changed":false,"footnotes":""},"class_list":["post-1053","page","type-page","status-publish","hentry"],"acf":[],"_links":{"self":[{"href":"https:\/\/www.fire-testing.com\/de\/wp-json\/wp\/v2\/pages\/1053","targetHints":{"allow":["GET"]}}],"collection":[{"href":"https:\/\/www.fire-testing.com\/de\/wp-json\/wp\/v2\/pages"}],"about":[{"href":"https:\/\/www.fire-testing.com\/de\/wp-json\/wp\/v2\/types\/page"}],"author":[{"embeddable":true,"href":"https:\/\/www.fire-testing.com\/de\/wp-json\/wp\/v2\/users\/142"}],"replies":[{"embeddable":true,"href":"https:\/\/www.fire-testing.com\/de\/wp-json\/wp\/v2\/comments?post=1053"}],"version-history":[{"count":0,"href":"https:\/\/www.fire-testing.com\/de\/wp-json\/wp\/v2\/pages\/1053\/revisions"}],"wp:attachment":[{"href":"https:\/\/www.fire-testing.com\/de\/wp-json\/wp\/v2\/media?parent=1053"}],"curies":[{"name":"wp","href":"https:\/\/api.w.org\/{rel}","templated":true}]}}