{"id":1072,"date":"2019-02-15T14:24:00","date_gmt":"2019-02-15T14:24:00","guid":{"rendered":"https:\/\/www.fire-testing.com\/?page_id=1072"},"modified":"2022-08-08T08:35:00","modified_gmt":"2022-08-08T08:35:00","slug":"single-flame-source-test-ignitability-apparatus","status":"publish","type":"page","link":"https:\/\/www.fire-testing.com\/de\/single-flame-source-test-ignitability-apparatus\/","title":{"rendered":"Einzelflammentest (Brennkasten)"},"content":{"rendered":"<div data-elementor-type=\"wp-page\" data-elementor-id=\"1072\" class=\"elementor elementor-1072\" data-elementor-post-type=\"page\">\n\t\t\t\t\t\t<section data-particle_enable=\"false\" data-particle-mobile-disabled=\"false\" class=\"elementor-section elementor-top-section elementor-element elementor-element-a9f8ddc elementor-section-boxed elementor-section-height-default elementor-section-height-default\" data-id=\"a9f8ddc\" data-element_type=\"section\" data-e-type=\"section\">\n\t\t\t\t\t\t<div class=\"elementor-container elementor-column-gap-default\">\n\t\t\t\t\t<div class=\"elementor-column elementor-col-50 elementor-top-column elementor-element elementor-element-c4aa612\" data-id=\"c4aa612\" data-element_type=\"column\" data-e-type=\"column\">\n\t\t\t<div class=\"elementor-widget-wrap elementor-element-populated\">\n\t\t\t\t\t\t<div class=\"elementor-element elementor-element-bd188ed elementor-widget elementor-widget-heading\" data-id=\"bd188ed\" data-element_type=\"widget\" data-e-type=\"widget\" data-widget_type=\"heading.default\">\n\t\t\t\t<div class=\"elementor-widget-container\">\n\t\t\t\t\t<h1 class=\"elementor-heading-title elementor-size-default\">Einzelflammentest (Brennkasten)<\/h1>\t\t\t\t<\/div>\n\t\t\t\t<\/div>\n\t\t\t\t<div class=\"elementor-element elementor-element-6d681bf elementor-widget elementor-widget-heading\" data-id=\"6d681bf\" data-element_type=\"widget\" data-e-type=\"widget\" data-widget_type=\"heading.default\">\n\t\t\t\t<div class=\"elementor-widget-container\">\n\t\t\t\t\t<h2 class=\"elementor-heading-title elementor-size-default\">EN ISO 11925-2<\/h2>\t\t\t\t<\/div>\n\t\t\t\t<\/div>\n\t\t\t\t<div class=\"elementor-element elementor-element-2ca5c040 elementor-widget elementor-widget-text-editor\" data-id=\"2ca5c040\" data-element_type=\"widget\" data-e-type=\"widget\" data-widget_type=\"text-editor.default\">\n\t\t\t\t<div class=\"elementor-widget-container\">\n\t\t\t\t\t\t\t\t\t<p class=\"translation-block\">Die europ\u00e4ische Bauproduktenverordnung erm\u00f6glicht es in Zusammenhang mit den europ\u00e4ischen Pr\u00fcf- und Klassifizierungsnormen, Bauprodukte wie Wand- und Deckenbekleidungen oderFu\u00dfbodenbel\u00e4ge in verschiedene Klassen (A1 bis F) einzustufen. F\u00fcr die h\u00f6heren Klassen sind Pr\u00fcfungen im Single Burning Item (SBI) Test bzw die Pr\u00fcfung zum Brandverhalten von Bodenbel\u00e4gen notwendig.<\/p>\n<p>&#8220;The Single Flame Source Test&#8221; is built in accordance with \u201cISO 11925-2: Reaction to fire tests for building products \u2013 Part 2: Ignitability when subjected to direct impingement of flame\u201d. The apparatus is based on the German Kleinbrenner method for determining ignitability of building products in the vertical orientation by direct small flame impingement under zero impressed irradiance.<\/p>\n<p class=\"translation-block\">Der Brennkasten f\u00fcr den Einzelflammentest wird von <span class=\"s1\"><span style=\"color: #f05e23\"><strong>FTT<\/strong><\/span><\/span> als komplettes, leicht zu bedienendes System mit eingebauten Sicherheitsfunktionen geliefert.<\/p>\n<p>Die Verbrennungskammer besteht aus korrosionsbest\u00e4ndigem Edelstahl, wodurch die Lebensdauer erheblich verl\u00e4ngert wird. Sie verf\u00fcgt \u00fcber gro\u00dfe Vorder- und Seitent\u00fcren f\u00fcr den einfachen Zugang. Diese sind mit geh\u00e4rtetem Glas ausgestattet und erm\u00f6glichen w\u00e4hrend der Untersuchung die Beobachtung des Pr\u00fcfmusters.<\/p>\n<p class=\"translation-block\"><strong>Die Hauptmerkmale des Brennkastens f\u00fcr den Einzelflammentest von <span class=\"s1\"><span style=\"color: #f05e23\"><strong>FTT<\/strong><\/span><\/span> sind:<\/strong><\/p>\n<ul>\n<li>Eine umfangreich einstellbare Brennerbaugruppe auf Laufr\u00e4dern, damit die kleine vorgemischte Flamme in Bezug auf das Pr\u00fcfmuster um 45 \u00b0 geneigt und dieses der Flamme in einer ununterbrochenen Bewegung ausgesetzt werden kann.<\/li>\n<li>Der Pr\u00fcfmusterhalter ist f\u00fcr Pr\u00fcfmuster bis zu einer St\u00e4rke von 60 mm geeignet.<\/li>\n<li>Ein voll einstellstellbarer Pr\u00fcfmusteraufnahmerahmen, der die seitliche Bewegung des Pr\u00fcfmusterhalters erm\u00f6glicht, damit das Pr\u00fcfmuster der Flamme mittig oder an seitlichen Punkten ausgesetzt werden kann.<\/li>\n<li>Ein Digitalanemometer \/ Thermometer und eine Stoppuhr f\u00fcr eine einfache, aber exakte Messung von Str\u00f6mung, Temperatur und Zeit.<\/li>\n<\/ul>\t\t\t\t\t\t\t\t<\/div>\n\t\t\t\t<\/div>\n\t\t\t\t\t<\/div>\n\t\t<\/div>\n\t\t\t\t<div class=\"elementor-column elementor-col-50 elementor-top-column elementor-element elementor-element-efae8dd\" data-id=\"efae8dd\" data-element_type=\"column\" data-e-type=\"column\">\n\t\t\t<div class=\"elementor-widget-wrap elementor-element-populated\">\n\t\t\t\t\t\t<div class=\"elementor-element elementor-element-bc09e36 elementor-widget elementor-widget-image\" data-id=\"bc09e36\" data-element_type=\"widget\" data-e-type=\"widget\" data-widget_type=\"image.default\">\n\t\t\t\t<div class=\"elementor-widget-container\">\n\t\t\t\t\t\t\t\t\t\t\t\t\t\t\t<img fetchpriority=\"high\" decoding=\"async\" width=\"768\" height=\"768\" src=\"https:\/\/www.fire-testing.com\/wp-content\/uploads\/2019\/06\/04-Single-Flame-Source-Test_PIXEL-768x768.jpg\" class=\"attachment-medium_large size-medium_large wp-image-4246\" alt=\"Einzelflammentest (Brennkasten)\" srcset=\"https:\/\/www.fire-testing.com\/wp-content\/uploads\/2019\/06\/04-Single-Flame-Source-Test_PIXEL-768x768.jpg 768w, https:\/\/www.fire-testing.com\/wp-content\/uploads\/2019\/06\/04-Single-Flame-Source-Test_PIXEL-150x150.jpg 150w, https:\/\/www.fire-testing.com\/wp-content\/uploads\/2019\/06\/04-Single-Flame-Source-Test_PIXEL-300x300.jpg 300w, https:\/\/www.fire-testing.com\/wp-content\/uploads\/2019\/06\/04-Single-Flame-Source-Test_PIXEL.jpg 800w\" sizes=\"(max-width: 768px) 100vw, 768px\" \/>\t\t\t\t\t\t\t\t\t\t\t\t\t\t\t<\/div>\n\t\t\t\t<\/div>\n\t\t\t\t<div class=\"elementor-element elementor-element-3afa3b8 elementor-widget elementor-widget-heading\" data-id=\"3afa3b8\" data-element_type=\"widget\" data-e-type=\"widget\" data-widget_type=\"heading.default\">\n\t\t\t\t<div class=\"elementor-widget-container\">\n\t\t\t\t\t<p class=\"elementor-heading-title elementor-size-default\">Einzelflammentest (Brennkasten)<\/p>\t\t\t\t<\/div>\n\t\t\t\t<\/div>\n\t\t\t\t\t<\/div>\n\t\t<\/div>\n\t\t\t\t\t<\/div>\n\t\t<\/section>\n\t\t\t\t<section data-particle_enable=\"false\" data-particle-mobile-disabled=\"false\" class=\"elementor-section elementor-top-section elementor-element elementor-element-bb93970 elementor-section-boxed elementor-section-height-default elementor-section-height-default\" data-id=\"bb93970\" data-element_type=\"section\" data-e-type=\"section\">\n\t\t\t\t\t\t<div class=\"elementor-container elementor-column-gap-default\">\n\t\t\t\t\t<div class=\"elementor-column elementor-col-100 elementor-top-column elementor-element elementor-element-db7e380\" data-id=\"db7e380\" data-element_type=\"column\" data-e-type=\"column\">\n\t\t\t<div class=\"elementor-widget-wrap elementor-element-populated\">\n\t\t\t\t\t\t<div class=\"dce-visibility-event elementor-element elementor-element-d826bce elementor-widget elementor-widget-button\" data-id=\"d826bce\" data-element_type=\"widget\" data-e-type=\"widget\" data-settings=\"{&quot;enabled_visibility&quot;:&quot;yes&quot;,&quot;dce_visibility_selected&quot;:&quot;yes&quot;}\" data-widget_type=\"button.default\">\n\t\t\t\t<div class=\"elementor-widget-container\">\n\t\t\t\t\t\t\t\t\t<div class=\"elementor-button-wrapper\">\n\t\t\t\t\t<a class=\"elementor-button elementor-button-link elementor-size-sm\" href=\"https:\/\/www.fire-testing.com\/de\/login\/\">\n\t\t\t\t\t\t<span class=\"elementor-button-content-wrapper\">\n\t\t\t\t\t\t\t\t\t<span class=\"elementor-button-text\">ANMELDEN\/REGISTRIEREN ZUM HERUNTERLADEN DIESER BROSCH\u00dcRE<\/span>\n\t\t\t\t\t<\/span>\n\t\t\t\t\t<\/a>\n\t\t\t\t<\/div>\n\t\t\t\t\t\t\t\t<\/div>\n\t\t\t\t<\/div>\n\t\t\t\t<div class=\"dce-visibility-event elementor-element elementor-element-feb9cb0 elementor-widget elementor-widget-button\" data-id=\"feb9cb0\" data-element_type=\"widget\" data-e-type=\"widget\" data-settings=\"{&quot;enabled_visibility&quot;:&quot;yes&quot;,&quot;dce_visibility_selected&quot;:&quot;yes&quot;}\" data-widget_type=\"button.default\">\n\t\t\t\t<div class=\"elementor-widget-container\">\n\t\t\t\t\t\t\t\t\t<div class=\"elementor-button-wrapper\">\n\t\t\t\t\t<a class=\"elementor-button elementor-button-link elementor-size-sm\" href=\"https:\/\/www.fire-testing.com\/de\/request-a-brochure\/\">\n\t\t\t\t\t\t<span class=\"elementor-button-content-wrapper\">\n\t\t\t\t\t\t\t\t\t<span class=\"elementor-button-text\">REQUEST TECHNICAL SPECIFICATION<\/span>\n\t\t\t\t\t<\/span>\n\t\t\t\t\t<\/a>\n\t\t\t\t<\/div>\n\t\t\t\t\t\t\t\t<\/div>\n\t\t\t\t<\/div>\n\t\t<!-- dce invisible element 14c3440 -->\t\t\t<\/div>\n\t\t<\/div>\n\t\t\t\t\t<\/div>\n\t\t<\/section>\n\t\t\t\t<\/div>","protected":false},"excerpt":{"rendered":"<p>Single-Flame Source Test (Ignitability Apparatus) EN ISO 11925-2 The Euro classification construction products directive enables various performance classes (A to F) to be established for wall and roofing products and floor-coverings. Higher classifications are achieved from good performances in the SBI apparatus, for roofing and wall lining products, or in Flooring Radiant Panel test for [&hellip;]<\/p>\n","protected":false},"author":142,"featured_media":0,"parent":0,"menu_order":0,"comment_status":"closed","ping_status":"closed","template":"","meta":{"_acf_changed":false,"footnotes":""},"class_list":["post-1072","page","type-page","status-publish","hentry"],"acf":[],"_links":{"self":[{"href":"https:\/\/www.fire-testing.com\/de\/wp-json\/wp\/v2\/pages\/1072","targetHints":{"allow":["GET"]}}],"collection":[{"href":"https:\/\/www.fire-testing.com\/de\/wp-json\/wp\/v2\/pages"}],"about":[{"href":"https:\/\/www.fire-testing.com\/de\/wp-json\/wp\/v2\/types\/page"}],"author":[{"embeddable":true,"href":"https:\/\/www.fire-testing.com\/de\/wp-json\/wp\/v2\/users\/142"}],"replies":[{"embeddable":true,"href":"https:\/\/www.fire-testing.com\/de\/wp-json\/wp\/v2\/comments?post=1072"}],"version-history":[{"count":0,"href":"https:\/\/www.fire-testing.com\/de\/wp-json\/wp\/v2\/pages\/1072\/revisions"}],"wp:attachment":[{"href":"https:\/\/www.fire-testing.com\/de\/wp-json\/wp\/v2\/media?parent=1072"}],"curies":[{"name":"wp","href":"https:\/\/api.w.org\/{rel}","templated":true}]}}