{"id":1088,"date":"2019-02-15T15:37:27","date_gmt":"2019-02-15T15:37:27","guid":{"rendered":"https:\/\/www.fire-testing.com\/?page_id=1088"},"modified":"2022-08-05T12:28:49","modified_gmt":"2022-08-05T12:28:49","slug":"flooring-radiant-panel-test-apparatus","status":"publish","type":"page","link":"https:\/\/www.fire-testing.com\/de\/flooring-radiant-panel-test-apparatus\/","title":{"rendered":"W\u00e4rmestrahlplatte f\u00fcr Fussbodenbelagspr\u00fcfung"},"content":{"rendered":"<div data-elementor-type=\"wp-page\" data-elementor-id=\"1088\" class=\"elementor elementor-1088\" data-elementor-post-type=\"page\">\n\t\t\t\t\t\t<section data-particle_enable=\"false\" data-particle-mobile-disabled=\"false\" class=\"elementor-section elementor-top-section elementor-element elementor-element-7c7989c elementor-section-boxed elementor-section-height-default elementor-section-height-default\" data-id=\"7c7989c\" data-element_type=\"section\" data-e-type=\"section\">\n\t\t\t\t\t\t<div class=\"elementor-container elementor-column-gap-default\">\n\t\t\t\t\t<div class=\"elementor-column elementor-col-50 elementor-top-column elementor-element elementor-element-aa76218\" data-id=\"aa76218\" data-element_type=\"column\" data-e-type=\"column\">\n\t\t\t<div class=\"elementor-widget-wrap elementor-element-populated\">\n\t\t\t\t\t\t<div class=\"elementor-element elementor-element-230cba9 elementor-widget elementor-widget-heading\" data-id=\"230cba9\" data-element_type=\"widget\" data-e-type=\"widget\" data-widget_type=\"heading.default\">\n\t\t\t\t<div class=\"elementor-widget-container\">\n\t\t\t\t\t<h1 class=\"elementor-heading-title elementor-size-default\">W\u00e4rmestrahlplatte f\u00fcr Fussbodenbelagspr\u00fcfung<\/h1>\t\t\t\t<\/div>\n\t\t\t\t<\/div>\n\t\t\t\t<div class=\"elementor-element elementor-element-e210e82 elementor-widget elementor-widget-heading\" data-id=\"e210e82\" data-element_type=\"widget\" data-e-type=\"widget\" data-widget_type=\"heading.default\">\n\t\t\t\t<div class=\"elementor-widget-container\">\n\t\t\t\t\t<h2 class=\"elementor-heading-title elementor-size-default\">EN ISO 9239-1; ASTM E648<\/h2>\t\t\t\t<\/div>\n\t\t\t\t<\/div>\n\t\t\t\t<div class=\"elementor-element elementor-element-65f61aa7 elementor-widget elementor-widget-text-editor\" data-id=\"65f61aa7\" data-element_type=\"widget\" data-e-type=\"widget\" data-widget_type=\"text-editor.default\">\n\t\t\t\t<div class=\"elementor-widget-container\">\n\t\t\t\t\t\t\t\t\t<p>Diese Testmethode wird zur Messung des kritischen Strahlungsflusses auf horizontal angeordneten Fussbodenbelagssystemen angewendet, wenn diese einer Z\u00fcndflamme in einer genormten Strahlungsw\u00e4rme-Umgebung ausgesetzt werden. Sie kann ebenfalls verwendet werden, um den gleichen kritischen Strahlungsfluss f\u00fcr die ausgesetzte Zellulose der Dachisolierung zu messen.<\/p>\n<p>In der EU wird diese Methode zur Brandklassifizierung von Bodenbel\u00e4gen verwendet.<\/p>\n<p>Die Strahlungsw\u00e4rme wird durch eine gasbefeuerte Platte erzeugt, die um 30\u00ba, gekippt und auf das horizontal angeordnete Pr\u00fcfmuster gerichtet wird. Die Strahlungsplatte generiert eine Strahlungsw\u00e4rme von maximal 10,9 kW\/m\u00b2 bis zu einem Minimum von 1,1 kW\/m\u00b2.<\/p>\n<p>Ein kleiner Z\u00fcndbrenner aus Edelstahl unterst\u00fctzt die Pr\u00fcfmusterentz\u00fcndung.<\/p>\n<p>Der Abstand zwischen \u201ehat gebrannt bis Flamme aus\u201c wird nach einer Kalibrierung in einen \u00e4quivalenten kritischen Strahlungsfluss umgerechnet, der in kW\/m<sup>2<\/sup> ausgedr\u00fcckt wird.<\/p>\n<p>Im Abzugsrohr befindet sich ein auf einem separaten Rahmen montiertes Rauchmesssystem nach DIN 50055. \u00dcblicherweise erfolgen die Untersuchungen bei einem maximalen W\u00e4rmestrahlungsfluss von 10,9 kW\/m<sup>2<\/sup>, k\u00f6nnen aber auch optional bei h\u00f6heren W\u00e4rmestrahlungsfl\u00fcssen bis 25,0 kW\/m<sup>2<\/sup> vorgenommen werden.\u00a0<\/p>\n<p><strong>Merkmale:<\/strong><\/p>\n<ul>\n<li>Ein abgewinkelter Steuerrahmen erm\u00f6glicht die bequeme Beobachtung und \u00dcberwachung des Pr\u00fcfger\u00e4tes und der Steuerungen w\u00e4hrend der Einrichtung und Kalibrierung.<\/li>\n<li>Automatische Entz\u00fcndung der Strahlungsplatte und Sicherheitsabschaltung.<\/li>\n<li>Zugangst\u00fcr zum Pr\u00fcfbereich mit Scharnieren in 2 Positionen mit Beobachtungsfenster und schiebbarer Plattform.<\/li>\n<li>Edelstahlabzugshaube mit Anschl\u00fcssen f\u00fcr Rauchmessung.<\/li>\n<li>Datenerfassungs- und Analysesoftware.<\/li>\n<\/ul>\n<p><strong>Software<\/strong><\/p>\n<p>Instrument Supplied with Software at no extra charge. Software updates provided free of charge.<\/p>\t\t\t\t\t\t\t\t<\/div>\n\t\t\t\t<\/div>\n\t\t\t\t\t<\/div>\n\t\t<\/div>\n\t\t\t\t<div class=\"elementor-column elementor-col-50 elementor-top-column elementor-element elementor-element-5d08740\" data-id=\"5d08740\" data-element_type=\"column\" data-e-type=\"column\">\n\t\t\t<div class=\"elementor-widget-wrap elementor-element-populated\">\n\t\t\t\t\t\t<div class=\"elementor-element elementor-element-b372c33 elementor-widget elementor-widget-image\" data-id=\"b372c33\" data-element_type=\"widget\" data-e-type=\"widget\" data-widget_type=\"image.default\">\n\t\t\t\t<div class=\"elementor-widget-container\">\n\t\t\t\t\t\t\t\t\t\t\t\t\t\t\t<img fetchpriority=\"high\" decoding=\"async\" width=\"768\" height=\"768\" src=\"https:\/\/fire-testing.com\/wp-content\/uploads\/2019\/06\/03-EN-ISO-9239-1-Flooring-Radiant-Panel_LARGER-768x768.jpg\" class=\"attachment-medium_large size-medium_large wp-image-4116\" alt=\"Flooring Radiant Panel en iso 9239-1\" srcset=\"https:\/\/fire-testing.com\/wp-content\/uploads\/2019\/06\/03-EN-ISO-9239-1-Flooring-Radiant-Panel_LARGER-768x768.jpg 768w, https:\/\/fire-testing.com\/wp-content\/uploads\/2019\/06\/03-EN-ISO-9239-1-Flooring-Radiant-Panel_LARGER-150x150.jpg 150w, https:\/\/fire-testing.com\/wp-content\/uploads\/2019\/06\/03-EN-ISO-9239-1-Flooring-Radiant-Panel_LARGER-300x300.jpg 300w, https:\/\/fire-testing.com\/wp-content\/uploads\/2019\/06\/03-EN-ISO-9239-1-Flooring-Radiant-Panel_LARGER.jpg 800w\" sizes=\"(max-width: 768px) 100vw, 768px\" \/>\t\t\t\t\t\t\t\t\t\t\t\t\t\t\t<\/div>\n\t\t\t\t<\/div>\n\t\t\t\t<div class=\"elementor-element elementor-element-534a4db elementor-widget elementor-widget-heading\" data-id=\"534a4db\" data-element_type=\"widget\" data-e-type=\"widget\" data-widget_type=\"heading.default\">\n\t\t\t\t<div class=\"elementor-widget-container\">\n\t\t\t\t\t<p class=\"elementor-heading-title elementor-size-default\">W\u00e4rmestrahlplatte f\u00fcr Fussbodenbelagspr\u00fcfung<\/p>\t\t\t\t<\/div>\n\t\t\t\t<\/div>\n\t\t\t\t<div class=\"elementor-element elementor-element-cefa597 elementor-widget elementor-widget-image\" data-id=\"cefa597\" data-element_type=\"widget\" data-e-type=\"widget\" data-widget_type=\"image.default\">\n\t\t\t\t<div class=\"elementor-widget-container\">\n\t\t\t\t\t\t\t\t\t\t\t\t\t\t\t<img decoding=\"async\" width=\"768\" height=\"554\" src=\"https:\/\/fire-testing.com\/wp-content\/uploads\/2019\/02\/03-support-image-768x554.jpg\" class=\"attachment-medium_large size-medium_large wp-image-1091\" alt=\"flooring radiant panel fire testing test\" srcset=\"https:\/\/fire-testing.com\/wp-content\/uploads\/2019\/02\/03-support-image-768x554.jpg 768w, https:\/\/fire-testing.com\/wp-content\/uploads\/2019\/02\/03-support-image-600x432.jpg 600w, https:\/\/fire-testing.com\/wp-content\/uploads\/2019\/02\/03-support-image-300x216.jpg 300w, https:\/\/fire-testing.com\/wp-content\/uploads\/2019\/02\/03-support-image-1024x738.jpg 1024w, https:\/\/fire-testing.com\/wp-content\/uploads\/2019\/02\/03-support-image.jpg 1289w\" sizes=\"(max-width: 768px) 100vw, 768px\" \/>\t\t\t\t\t\t\t\t\t\t\t\t\t\t\t<\/div>\n\t\t\t\t<\/div>\n\t\t\t\t<div class=\"elementor-element elementor-element-2dc1874 elementor-widget elementor-widget-heading\" data-id=\"2dc1874\" data-element_type=\"widget\" data-e-type=\"widget\" data-widget_type=\"heading.default\">\n\t\t\t\t<div class=\"elementor-widget-container\">\n\t\t\t\t\t<p class=\"elementor-heading-title elementor-size-default\">Schwenkbarer Zugang zum Pr\u00fcfbereich \u00fcber eine T\u00fcr mit 2 Positionen, Beobachtungsfenster und Schiebeplattform<\/p>\t\t\t\t<\/div>\n\t\t\t\t<\/div>\n\t\t\t\t\t<\/div>\n\t\t<\/div>\n\t\t\t\t\t<\/div>\n\t\t<\/section>\n\t\t\t\t<section data-particle_enable=\"false\" data-particle-mobile-disabled=\"false\" class=\"elementor-section elementor-top-section elementor-element elementor-element-eef5f3e elementor-section-boxed elementor-section-height-default elementor-section-height-default\" data-id=\"eef5f3e\" data-element_type=\"section\" data-e-type=\"section\">\n\t\t\t\t\t\t<div class=\"elementor-container elementor-column-gap-default\">\n\t\t\t\t\t<div class=\"elementor-column elementor-col-100 elementor-top-column elementor-element elementor-element-eff1180\" data-id=\"eff1180\" data-element_type=\"column\" data-e-type=\"column\">\n\t\t\t<div class=\"elementor-widget-wrap elementor-element-populated\">\n\t\t\t\t\t\t<div class=\"dce-visibility-event elementor-element elementor-element-efb5b2d elementor-widget elementor-widget-button\" data-id=\"efb5b2d\" data-element_type=\"widget\" data-e-type=\"widget\" data-settings=\"{&quot;enabled_visibility&quot;:&quot;yes&quot;,&quot;dce_visibility_selected&quot;:&quot;yes&quot;}\" data-widget_type=\"button.default\">\n\t\t\t\t<div class=\"elementor-widget-container\">\n\t\t\t\t\t\t\t\t\t<div class=\"elementor-button-wrapper\">\n\t\t\t\t\t<a class=\"elementor-button elementor-button-link elementor-size-sm\" href=\"https:\/\/www.fire-testing.com\/de\/login\/\">\n\t\t\t\t\t\t<span class=\"elementor-button-content-wrapper\">\n\t\t\t\t\t\t\t\t\t<span class=\"elementor-button-text\">ANMELDEN\/REGISTRIEREN ZUM HERUNTERLADEN DIESER BROSCH\u00dcRE<\/span>\n\t\t\t\t\t<\/span>\n\t\t\t\t\t<\/a>\n\t\t\t\t<\/div>\n\t\t\t\t\t\t\t\t<\/div>\n\t\t\t\t<\/div>\n\t\t\t\t<div class=\"dce-visibility-event elementor-element elementor-element-021e558 elementor-widget elementor-widget-button\" data-id=\"021e558\" data-element_type=\"widget\" data-e-type=\"widget\" data-settings=\"{&quot;enabled_visibility&quot;:&quot;yes&quot;,&quot;dce_visibility_selected&quot;:&quot;yes&quot;}\" data-widget_type=\"button.default\">\n\t\t\t\t<div class=\"elementor-widget-container\">\n\t\t\t\t\t\t\t\t\t<div class=\"elementor-button-wrapper\">\n\t\t\t\t\t<a class=\"elementor-button elementor-button-link elementor-size-sm\" href=\"https:\/\/www.fire-testing.com\/de\/request-a-brochure\/\">\n\t\t\t\t\t\t<span class=\"elementor-button-content-wrapper\">\n\t\t\t\t\t\t\t\t\t<span class=\"elementor-button-text\">REQUEST TECHNICAL SPECIFICATION<\/span>\n\t\t\t\t\t<\/span>\n\t\t\t\t\t<\/a>\n\t\t\t\t<\/div>\n\t\t\t\t\t\t\t\t<\/div>\n\t\t\t\t<\/div>\n\t\t<!-- dce invisible element a7ee6e4 -->\t\t\t<\/div>\n\t\t<\/div>\n\t\t\t\t\t<\/div>\n\t\t<\/section>\n\t\t\t\t<\/div>","protected":false},"excerpt":{"rendered":"<p>Flooring Radiant Panel Test Apparatus EN ISO 9239-1; ASTM E648 This test method is used to measure the critical radiant flux of horizontally-mounted floor covering systems exposed to a flaming ignition source in a graded radiant heat environment, within a test chamber. It can also be used to measure this same critical radiant flux for [&hellip;]<\/p>\n","protected":false},"author":142,"featured_media":0,"parent":0,"menu_order":0,"comment_status":"closed","ping_status":"closed","template":"","meta":{"_acf_changed":false,"footnotes":""},"class_list":["post-1088","page","type-page","status-publish","hentry"],"acf":[],"_links":{"self":[{"href":"https:\/\/www.fire-testing.com\/de\/wp-json\/wp\/v2\/pages\/1088","targetHints":{"allow":["GET"]}}],"collection":[{"href":"https:\/\/www.fire-testing.com\/de\/wp-json\/wp\/v2\/pages"}],"about":[{"href":"https:\/\/www.fire-testing.com\/de\/wp-json\/wp\/v2\/types\/page"}],"author":[{"embeddable":true,"href":"https:\/\/www.fire-testing.com\/de\/wp-json\/wp\/v2\/users\/142"}],"replies":[{"embeddable":true,"href":"https:\/\/www.fire-testing.com\/de\/wp-json\/wp\/v2\/comments?post=1088"}],"version-history":[{"count":0,"href":"https:\/\/www.fire-testing.com\/de\/wp-json\/wp\/v2\/pages\/1088\/revisions"}],"wp:attachment":[{"href":"https:\/\/www.fire-testing.com\/de\/wp-json\/wp\/v2\/media?parent=1088"}],"curies":[{"name":"wp","href":"https:\/\/api.w.org\/{rel}","templated":true}]}}