{"id":1097,"date":"2019-02-15T16:40:30","date_gmt":"2019-02-15T16:40:30","guid":{"rendered":"https:\/\/www.fire-testing.com\/?page_id=1097"},"modified":"2022-08-05T12:39:21","modified_gmt":"2022-08-05T12:39:21","slug":"roofing-test-with-burning-brands-env-1187-test-1","status":"publish","type":"page","link":"https:\/\/www.fire-testing.com\/de\/roofing-test-with-burning-brands-env-1187-test-1\/","title":{"rendered":"Roofing Test with Burning Brands ENV 1187 Test 1"},"content":{"rendered":"<div data-elementor-type=\"wp-page\" data-elementor-id=\"1097\" class=\"elementor elementor-1097\" data-elementor-post-type=\"page\">\n\t\t\t\t\t\t<section data-particle_enable=\"false\" data-particle-mobile-disabled=\"false\" class=\"elementor-section elementor-top-section elementor-element elementor-element-2f963c7 elementor-section-boxed elementor-section-height-default elementor-section-height-default\" data-id=\"2f963c7\" data-element_type=\"section\" data-e-type=\"section\">\n\t\t\t\t\t\t<div class=\"elementor-container elementor-column-gap-default\">\n\t\t\t\t\t<div class=\"elementor-column elementor-col-100 elementor-top-column elementor-element elementor-element-fb5ac04\" data-id=\"fb5ac04\" data-element_type=\"column\" data-e-type=\"column\">\n\t\t\t<div class=\"elementor-widget-wrap elementor-element-populated\">\n\t\t\t\t\t\t<div class=\"elementor-element elementor-element-8b54381 elementor-widget elementor-widget-heading\" data-id=\"8b54381\" data-element_type=\"widget\" data-e-type=\"widget\" data-widget_type=\"heading.default\">\n\t\t\t\t<div class=\"elementor-widget-container\">\n\t\t\t\t\t<h1 class=\"elementor-heading-title elementor-size-default\">Pr\u00fcfung von Dacheindeckungen mit Brands\u00e4tzen<\/h1>\t\t\t\t<\/div>\n\t\t\t\t<\/div>\n\t\t\t\t<div class=\"elementor-element elementor-element-72cc3ce elementor-widget elementor-widget-heading\" data-id=\"72cc3ce\" data-element_type=\"widget\" data-e-type=\"widget\" data-widget_type=\"heading.default\">\n\t\t\t\t<div class=\"elementor-widget-container\">\n\t\t\t\t\t<h2 class=\"elementor-heading-title elementor-size-default\">ENV 1187 Test 1<\/h2>\t\t\t\t<\/div>\n\t\t\t\t<\/div>\n\t\t\t\t<div class=\"elementor-element elementor-element-6b3841de elementor-widget elementor-widget-text-editor\" data-id=\"6b3841de\" data-element_type=\"widget\" data-e-type=\"widget\" data-widget_type=\"text-editor.default\">\n\t\t\t\t<div class=\"elementor-widget-container\">\n\t\t\t\t\t\t\t\t\t<p>Diese Europ\u00e4ische Norm beschreibt vier Methoden zur Bestimmung der Leistungsf\u00e4higkeit von D\u00e4chern, wenn sie externen Feuerquellen ausgesetzt werden. Die vier Methoden bewerten die Leistungsf\u00e4higkeit von D\u00e4chern unter folgenden Bedingungen:<\/p>\n<p><strong>Pr\u00fcfverfahren 1<\/strong> mit Brands\u00e4tzen<br \/><strong>Pr\u00fcfverfahren 2<\/strong> mit Brands\u00e4tzen und Wind <a href=\"https:\/\/www.fire-testing.com\/de\/roofing-test-with-burning-brands-and-wind-en-1187-test-2\/\">(besuchen Sie die Seite)<\/a><br \/><strong>Pr\u00fcfverfahren 3<\/strong> mit Brands\u00e4tzen, Wind und zus\u00e4tzlicher Strahlungsw\u00e4rme <a href=\"https:\/\/www.fire-testing.com\/de\/roofing-test-with-burning-brands-wind-and-supplementary-radiant-heat-en-1187-test-3\/\">(besuchen Sie die Seite)<\/a><br \/><strong>Pr\u00fcfverfahren 4<\/strong> Zweistufiges Pr\u00fcfverfahren mit Brands\u00e4tzen, Wind und zus\u00e4tzlicher Strahlungsw\u00e4rme\u00a0<a href=\"https:\/\/www.fire-testing.com\/de\/roofing-test-with-two-stages-incorporating-burning-brands-wind-and-supplementary-radiant-heat-en-1187-test-4\/\">(besuchen Sie die Seite)<\/a><\/p>\n<p>Die Pr\u00fcfverfahren dienen der Einsch\u00e4tzung der Brandausbreitung auf der \u00e4u\u00dferen Dachoberfl\u00e4che, der Brandausbreitung im Dach (Pr\u00fcfverfahren 1, 2 und 3), dem Branddurchtritt (Pr\u00fcfverfahren 1, 3 und 4) und dem brennenden Abtropfen\/Abfallen von Tr\u00fcmmern von der Dachunterseite oder der ausgesetzen Oberfl\u00e4che (Pr\u00fcfverfahren 1, 3 und 4). Die Pr\u00fcfverfahren 2 und 3 sind nicht f\u00fcr geometrisch unregelm\u00e4\u00dfige Dachformen oder auf D\u00e4chern montierte Ger\u00e4te, wie Ventilatoren oder Dachbeleuchtung geeignet.<\/p>\n<p>Die vier zuvor beschriebenen Pr\u00fcfverfahren setzen keine Reihenfolge voraus. Jedes Pr\u00fcfverfahren ist eigenst\u00e4ndig und kann nicht durch ein anderes ersetzt werden.<\/p>\n<p><strong>Das Pr\u00fcfger\u00e4t f\u00fcr Pr\u00fcfverfahren 1 besteht aus: -<\/strong><\/p>\n<ul>\n<li>Einem Korb \u2013 Hergestellt aus Baustahldraht mit 3 mm Durchmesser mit einer Maschenweite von ca. 50 mm x 50 mm. Dieser Korb ist oben und unten ge\u00f6ffnet und verf\u00fcgt \u00fcber 4 \u00fcberstehende F\u00fc\u00dfe von jeweils 10 mm L\u00e4nge an jeder Ecke. Die Au\u00dfenabmessungen des Korbs betragen 300 mm \u00d7 300 mm \u00d7 200 mm Tiefe. Die Korbmasse betr\u00e4gt 650 g \u00b1 50 g.<\/li>\n<li>Holzwolle \u2013 Besteht aus Fasern von ca. 2 mm Breite \u00d7 0,2 mm bis 0,3 mm Dicke und wird aus Weichholz hergestellt.<\/li>\n<li>Waage \u2013 Dient zur Bestimmung des Gewichtes der Holzwolle und hat eine Nennlast von min. 2 kg und eine Genauigkeit von \u00b1 1 g.<\/li>\n<li>Timer \u2013 Mindestgenauigkeit von \u00b1 5 s \u00fcber 24 h.<\/li>\n<\/ul>\t\t\t\t\t\t\t\t<\/div>\n\t\t\t\t<\/div>\n\t\t\t\t\t<\/div>\n\t\t<\/div>\n\t\t\t\t\t<\/div>\n\t\t<\/section>\n\t\t\t\t<section data-particle_enable=\"false\" data-particle-mobile-disabled=\"false\" class=\"elementor-section elementor-top-section elementor-element elementor-element-aa3f24b elementor-section-boxed elementor-section-height-default elementor-section-height-default\" data-id=\"aa3f24b\" data-element_type=\"section\" data-e-type=\"section\">\n\t\t\t\t\t\t<div class=\"elementor-container elementor-column-gap-default\">\n\t\t\t\t\t<div class=\"elementor-column elementor-col-100 elementor-top-column elementor-element elementor-element-63b0dfb\" data-id=\"63b0dfb\" data-element_type=\"column\" data-e-type=\"column\">\n\t\t\t<div class=\"elementor-widget-wrap elementor-element-populated\">\n\t\t\t\t\t\t<div class=\"dce-visibility-event elementor-element elementor-element-149fb2d elementor-widget elementor-widget-button\" data-id=\"149fb2d\" data-element_type=\"widget\" data-e-type=\"widget\" data-settings=\"{&quot;enabled_visibility&quot;:&quot;yes&quot;,&quot;dce_visibility_selected&quot;:&quot;yes&quot;}\" data-widget_type=\"button.default\">\n\t\t\t\t<div class=\"elementor-widget-container\">\n\t\t\t\t\t\t\t\t\t<div class=\"elementor-button-wrapper\">\n\t\t\t\t\t<a class=\"elementor-button elementor-button-link elementor-size-sm\" href=\"https:\/\/www.fire-testing.com\/de\/login\/\">\n\t\t\t\t\t\t<span class=\"elementor-button-content-wrapper\">\n\t\t\t\t\t\t\t\t\t<span class=\"elementor-button-text\">ANMELDEN\/REGISTRIEREN ZUM HERUNTERLADEN DIESER BROSCH\u00dcRE<\/span>\n\t\t\t\t\t<\/span>\n\t\t\t\t\t<\/a>\n\t\t\t\t<\/div>\n\t\t\t\t\t\t\t\t<\/div>\n\t\t\t\t<\/div>\n\t\t\t\t<div class=\"dce-visibility-event elementor-element elementor-element-946165d elementor-widget elementor-widget-button\" data-id=\"946165d\" data-element_type=\"widget\" data-e-type=\"widget\" data-settings=\"{&quot;enabled_visibility&quot;:&quot;yes&quot;,&quot;dce_visibility_selected&quot;:&quot;yes&quot;}\" data-widget_type=\"button.default\">\n\t\t\t\t<div class=\"elementor-widget-container\">\n\t\t\t\t\t\t\t\t\t<div class=\"elementor-button-wrapper\">\n\t\t\t\t\t<a class=\"elementor-button elementor-button-link elementor-size-sm\" href=\"https:\/\/www.fire-testing.com\/de\/request-a-brochure\/\">\n\t\t\t\t\t\t<span class=\"elementor-button-content-wrapper\">\n\t\t\t\t\t\t\t\t\t<span class=\"elementor-button-text\">REQUEST TECHNICAL SPECIFICATION<\/span>\n\t\t\t\t\t<\/span>\n\t\t\t\t\t<\/a>\n\t\t\t\t<\/div>\n\t\t\t\t\t\t\t\t<\/div>\n\t\t\t\t<\/div>\n\t\t<!-- dce invisible element 04794a5 -->\t\t\t<\/div>\n\t\t<\/div>\n\t\t\t\t\t<\/div>\n\t\t<\/section>\n\t\t\t\t<\/div>","protected":false},"excerpt":{"rendered":"<p>Roofing Test with Burning Brands ENV 1187 Test 1 This European Specification specifies four methods for determining the performance of roofs to external fire exposure. The four methods assess the performance of roofs under the following conditions: Test 1 \u2013 with burning brandsTest 2 \u2013 with burning brands and wind (visit the page)Test 3 \u2013 [&hellip;]<\/p>\n","protected":false},"author":142,"featured_media":0,"parent":0,"menu_order":0,"comment_status":"closed","ping_status":"closed","template":"","meta":{"_acf_changed":false,"footnotes":""},"class_list":["post-1097","page","type-page","status-publish","hentry"],"acf":[],"_links":{"self":[{"href":"https:\/\/www.fire-testing.com\/de\/wp-json\/wp\/v2\/pages\/1097","targetHints":{"allow":["GET"]}}],"collection":[{"href":"https:\/\/www.fire-testing.com\/de\/wp-json\/wp\/v2\/pages"}],"about":[{"href":"https:\/\/www.fire-testing.com\/de\/wp-json\/wp\/v2\/types\/page"}],"author":[{"embeddable":true,"href":"https:\/\/www.fire-testing.com\/de\/wp-json\/wp\/v2\/users\/142"}],"replies":[{"embeddable":true,"href":"https:\/\/www.fire-testing.com\/de\/wp-json\/wp\/v2\/comments?post=1097"}],"version-history":[{"count":0,"href":"https:\/\/www.fire-testing.com\/de\/wp-json\/wp\/v2\/pages\/1097\/revisions"}],"wp:attachment":[{"href":"https:\/\/www.fire-testing.com\/de\/wp-json\/wp\/v2\/media?parent=1097"}],"curies":[{"name":"wp","href":"https:\/\/api.w.org\/{rel}","templated":true}]}}