{"id":1103,"date":"2019-02-15T16:51:52","date_gmt":"2019-02-15T16:51:52","guid":{"rendered":"https:\/\/www.fire-testing.com\/?page_id=1103"},"modified":"2022-08-05T12:41:19","modified_gmt":"2022-08-05T12:41:19","slug":"roofing-test-with-burning-brands-and-wind-env-1187-test-2","status":"publish","type":"page","link":"https:\/\/www.fire-testing.com\/de\/roofing-test-with-burning-brands-and-wind-env-1187-test-2\/","title":{"rendered":"Roofing Test with Burning Brands and Wind ENV 1187 Test 2"},"content":{"rendered":"<div data-elementor-type=\"wp-page\" data-elementor-id=\"1103\" class=\"elementor elementor-1103\" data-elementor-post-type=\"page\">\n\t\t\t\t\t\t<section data-particle_enable=\"false\" data-particle-mobile-disabled=\"false\" class=\"elementor-section elementor-top-section elementor-element elementor-element-f788700 elementor-section-boxed elementor-section-height-default elementor-section-height-default\" data-id=\"f788700\" data-element_type=\"section\" data-e-type=\"section\">\n\t\t\t\t\t\t<div class=\"elementor-container elementor-column-gap-default\">\n\t\t\t\t\t<div class=\"elementor-column elementor-col-100 elementor-top-column elementor-element elementor-element-1d10f38\" data-id=\"1d10f38\" data-element_type=\"column\" data-e-type=\"column\">\n\t\t\t<div class=\"elementor-widget-wrap elementor-element-populated\">\n\t\t\t\t\t\t<div class=\"elementor-element elementor-element-242a2cf elementor-widget elementor-widget-heading\" data-id=\"242a2cf\" data-element_type=\"widget\" data-e-type=\"widget\" data-widget_type=\"heading.default\">\n\t\t\t\t<div class=\"elementor-widget-container\">\n\t\t\t\t\t<h1 class=\"elementor-heading-title elementor-size-default\">Pr\u00fcfung von Dacheindeckungen mit Brands\u00e4tzen<\/h1>\t\t\t\t<\/div>\n\t\t\t\t<\/div>\n\t\t\t\t<div class=\"elementor-element elementor-element-bb81c55 elementor-widget elementor-widget-heading\" data-id=\"bb81c55\" data-element_type=\"widget\" data-e-type=\"widget\" data-widget_type=\"heading.default\">\n\t\t\t\t<div class=\"elementor-widget-container\">\n\t\t\t\t\t<h2 class=\"elementor-heading-title elementor-size-default\">ENV 1187 Test 2<\/h2>\t\t\t\t<\/div>\n\t\t\t\t<\/div>\n\t\t\t\t<div class=\"elementor-element elementor-element-6be225b elementor-widget elementor-widget-text-editor\" data-id=\"6be225b\" data-element_type=\"widget\" data-e-type=\"widget\" data-widget_type=\"text-editor.default\">\n\t\t\t\t<div class=\"elementor-widget-container\">\n\t\t\t\t\t\t\t\t\t<p>Diese Europ\u00e4ische Norm beschreibt vier Methoden zur Bestimmung der Leistungsf\u00e4higkeit von D\u00e4chern, wenn sie externen Feuerquellen ausgesetzt werden. Die vier Methoden bewerten die Leistungsf\u00e4higkeit von D\u00e4chern unter folgenden Bedingungen:<\/p>\n<p><strong>Pr\u00fcfverfahren 1<\/strong> mit Brands\u00e4tzen <a href=\"https:\/\/www.fire-testing.com\/de\/roofing-test-with-burning-brands-en-1187-test-1\/\">(besuchen Sie die Seite)<\/a><br \/><strong>Pr\u00fcfverfahren 2<\/strong> mit Brands\u00e4tzen und Wind<br \/><strong>Pr\u00fcfverfahren 3<\/strong> mit Brands\u00e4tzen, Wind und zus\u00e4tzlicher Strahlungsw\u00e4rme <a href=\"https:\/\/www.fire-testing.com\/de\/roofing-test-with-burning-brands-wind-and-supplementary-radiant-heat-en-1187-test-3\/\">(besuchen Sie die Seite)<\/a><br \/><strong>Pr\u00fcfverfahren 4<\/strong> Zweistufiges Pr\u00fcfverfahren mit Brands\u00e4tzen, Wind und zus\u00e4tzlicher Strahlungsw\u00e4rme <a href=\"https:\/\/www.fire-testing.com\/de\/roofing-test-with-two-stages-incorporating-burning-brands-wind-and-supplementary-radiant-heat-en-1187-test-4\/\">(besuchen Sie die Seite)<\/a><\/p>\n<p>Die Pr\u00fcfverfahren dienen der Einsch\u00e4tzung der Brandausbreitung auf der \u00e4u\u00dferen Dachoberfl\u00e4che, der Brandausbreitung im Dach (Pr\u00fcfverfahren 1, 2 und 3), dem Branddurchtritt (Pr\u00fcfverfahren 1, 3 und 4) und dem brennenden Abtropfen\/Abfallen von Tr\u00fcmmern von der Dachunterseite oder der ausgesetzen Oberfl\u00e4che (Pr\u00fcfverfahren 1, 3 und 4). Die Pr\u00fcfverfahren 2 und 3 sind nicht f\u00fcr geometrisch unregelm\u00e4\u00dfige Dachformen oder auf D\u00e4chern montierte Ger\u00e4te, wie Ventilatoren oder Dachbeleuchtung geeignet.<\/p>\n<p>Die vier zuvor beschriebenen Pr\u00fcfverfahren setzen keine Reihenfolge voraus. Jedes Pr\u00fcfverfahren ist eigenst\u00e4ndig und kann nicht durch ein anderes ersetzt werden.<\/p>\n<p><strong>Das Pr\u00fcfger\u00e4t f\u00fcr Pr\u00fcfverfahren 2 besteht aus: -<\/strong><\/p>\n<ul>\n<li>Luftkan\u00e4len ausgestattet mit Gebl\u00e4sen und einem Deckel \u2013 Der Luftkanal wird aus 1,0 mm dickem Stahlblech gefertigt. Der Wandkanal zwischen den unteren und oberen Luftkan\u00e4len wird aus Stahlplatten und Brettern aus nicht brennbaren, mit Calciumsilicat verst\u00e4rken Fasern, mit einer Dicke von 11 mm \u00b1 2 mm und einer Dichte von 680 \u00b1 50 kg\/m\u00b2 hergestellt.<\/li>\n<li>Krippen-Z\u00fcndungsst\u00e4nder \u2013 Der Krippen-Z\u00fcndungsst\u00e4nder ist vor den Luftstr\u00f6mungen gesch\u00fctzt und besteht aus einer Halterung f\u00fcr die Holzkrippe und einem Linienbrenner mit 5 vertikal angeordneten Brennerrohren. Der Linienbrenner ist mittig auf der Halterung mit den Achsen der Brennerrohre und der unteren Kante der Krippe auf der gleichen Ebene montiert.<\/li>\n<li>Holzkrippe \u2013 Feuerquelle bestehend aus 8 Teilen aus astfreiem 10 mm \u00d7 10 mm \u00d7 100 mm Kiefernholz ohne \u00c4ste (von denen 6 Teile mit den verbleibenden 2 Teilen in einem Abstand von 8 mm zwischen allen vernagelt sind).<\/li>\n<li>Konstante Trockenofentemperatur von 105 \u00b0C \u00b1 5 \u00b0C<\/li>\n<li>Exsikkator<\/li>\n<li>Waage<\/li>\n<li>Timer<\/li>\n<li>Luftstr\u00f6mungsgeschwindigkeits-Messger\u00e4te<\/li>\n<li>Str\u00f6mungsmesser<\/li>\n<\/ul>\t\t\t\t\t\t\t\t<\/div>\n\t\t\t\t<\/div>\n\t\t\t\t\t<\/div>\n\t\t<\/div>\n\t\t\t\t\t<\/div>\n\t\t<\/section>\n\t\t\t\t<section data-particle_enable=\"false\" data-particle-mobile-disabled=\"false\" class=\"elementor-section elementor-top-section elementor-element elementor-element-b80098d elementor-section-boxed elementor-section-height-default elementor-section-height-default\" data-id=\"b80098d\" data-element_type=\"section\" data-e-type=\"section\">\n\t\t\t\t\t\t<div class=\"elementor-container elementor-column-gap-default\">\n\t\t\t\t\t<div class=\"elementor-column elementor-col-100 elementor-top-column elementor-element elementor-element-75d46e5\" data-id=\"75d46e5\" data-element_type=\"column\" data-e-type=\"column\">\n\t\t\t<div class=\"elementor-widget-wrap elementor-element-populated\">\n\t\t\t\t\t\t<div class=\"dce-visibility-event elementor-element elementor-element-490250b elementor-widget elementor-widget-button\" data-id=\"490250b\" data-element_type=\"widget\" data-e-type=\"widget\" data-settings=\"{&quot;enabled_visibility&quot;:&quot;yes&quot;,&quot;dce_visibility_selected&quot;:&quot;yes&quot;}\" data-widget_type=\"button.default\">\n\t\t\t\t<div class=\"elementor-widget-container\">\n\t\t\t\t\t\t\t\t\t<div class=\"elementor-button-wrapper\">\n\t\t\t\t\t<a class=\"elementor-button elementor-button-link elementor-size-sm\" href=\"https:\/\/www.fire-testing.com\/de\/login\/\">\n\t\t\t\t\t\t<span class=\"elementor-button-content-wrapper\">\n\t\t\t\t\t\t\t\t\t<span class=\"elementor-button-text\">ANMELDEN\/REGISTRIEREN ZUM HERUNTERLADEN DIESER BROSCH\u00dcRE<\/span>\n\t\t\t\t\t<\/span>\n\t\t\t\t\t<\/a>\n\t\t\t\t<\/div>\n\t\t\t\t\t\t\t\t<\/div>\n\t\t\t\t<\/div>\n\t\t\t\t<div class=\"dce-visibility-event elementor-element elementor-element-0396a10 elementor-widget elementor-widget-button\" data-id=\"0396a10\" data-element_type=\"widget\" data-e-type=\"widget\" data-settings=\"{&quot;enabled_visibility&quot;:&quot;yes&quot;,&quot;dce_visibility_selected&quot;:&quot;yes&quot;}\" data-widget_type=\"button.default\">\n\t\t\t\t<div class=\"elementor-widget-container\">\n\t\t\t\t\t\t\t\t\t<div class=\"elementor-button-wrapper\">\n\t\t\t\t\t<a class=\"elementor-button elementor-button-link elementor-size-sm\" href=\"https:\/\/www.fire-testing.com\/de\/request-a-brochure\/\">\n\t\t\t\t\t\t<span class=\"elementor-button-content-wrapper\">\n\t\t\t\t\t\t\t\t\t<span class=\"elementor-button-text\">REQUEST TECHNICAL SPECIFICATION<\/span>\n\t\t\t\t\t<\/span>\n\t\t\t\t\t<\/a>\n\t\t\t\t<\/div>\n\t\t\t\t\t\t\t\t<\/div>\n\t\t\t\t<\/div>\n\t\t<!-- dce invisible element 6386018 -->\t\t\t<\/div>\n\t\t<\/div>\n\t\t\t\t\t<\/div>\n\t\t<\/section>\n\t\t\t\t<\/div>","protected":false},"excerpt":{"rendered":"<p>Roofing Test with Burning Brands ENV 1187 Test 2 This European Specification specifies four methods for determining the performance of roofs to external fire exposure. The four methods assess the performance of roofs under the following conditions: Test 1 \u2013 with burning brands (visit the page)Test 2 \u2013 with burning brands and windTest 3 \u2013 [&hellip;]<\/p>\n","protected":false},"author":142,"featured_media":0,"parent":0,"menu_order":0,"comment_status":"closed","ping_status":"closed","template":"","meta":{"_acf_changed":false,"footnotes":""},"class_list":["post-1103","page","type-page","status-publish","hentry"],"acf":[],"_links":{"self":[{"href":"https:\/\/www.fire-testing.com\/de\/wp-json\/wp\/v2\/pages\/1103","targetHints":{"allow":["GET"]}}],"collection":[{"href":"https:\/\/www.fire-testing.com\/de\/wp-json\/wp\/v2\/pages"}],"about":[{"href":"https:\/\/www.fire-testing.com\/de\/wp-json\/wp\/v2\/types\/page"}],"author":[{"embeddable":true,"href":"https:\/\/www.fire-testing.com\/de\/wp-json\/wp\/v2\/users\/142"}],"replies":[{"embeddable":true,"href":"https:\/\/www.fire-testing.com\/de\/wp-json\/wp\/v2\/comments?post=1103"}],"version-history":[{"count":0,"href":"https:\/\/www.fire-testing.com\/de\/wp-json\/wp\/v2\/pages\/1103\/revisions"}],"wp:attachment":[{"href":"https:\/\/www.fire-testing.com\/de\/wp-json\/wp\/v2\/media?parent=1103"}],"curies":[{"name":"wp","href":"https:\/\/api.w.org\/{rel}","templated":true}]}}