{"id":1302,"date":"2019-02-17T13:22:12","date_gmt":"2019-02-17T13:22:12","guid":{"rendered":"https:\/\/www.fire-testing.com\/?page_id=1302"},"modified":"2022-08-08T09:59:15","modified_gmt":"2022-08-08T09:59:15","slug":"iec-60331-electric-cables-under-fire-conditions","status":"publish","type":"page","link":"https:\/\/www.fire-testing.com\/de\/iec-60331-electric-cables-under-fire-conditions\/","title":{"rendered":"Pr\u00fcfger\u00e4t f\u00fcr Feuerwiderstandseigenschaften von Elektrokabeln"},"content":{"rendered":"<div data-elementor-type=\"wp-page\" data-elementor-id=\"1302\" class=\"elementor elementor-1302\" data-elementor-post-type=\"page\">\n\t\t\t\t\t\t<section data-particle_enable=\"false\" data-particle-mobile-disabled=\"false\" class=\"elementor-section elementor-top-section elementor-element elementor-element-dd7c765 elementor-section-boxed elementor-section-height-default elementor-section-height-default\" data-id=\"dd7c765\" data-element_type=\"section\" data-e-type=\"section\">\n\t\t\t\t\t\t<div class=\"elementor-container elementor-column-gap-default\">\n\t\t\t\t\t<div class=\"elementor-column elementor-col-50 elementor-top-column elementor-element elementor-element-2a0f0c6\" data-id=\"2a0f0c6\" data-element_type=\"column\" data-e-type=\"column\">\n\t\t\t<div class=\"elementor-widget-wrap elementor-element-populated\">\n\t\t\t\t\t\t<div class=\"elementor-element elementor-element-28b5731 elementor-widget elementor-widget-heading\" data-id=\"28b5731\" data-element_type=\"widget\" data-e-type=\"widget\" data-widget_type=\"heading.default\">\n\t\t\t\t<div class=\"elementor-widget-container\">\n\t\t\t\t\t<h1 class=\"elementor-heading-title elementor-size-default\">Pr\u00fcfger\u00e4t f\u00fcr Feuerwiderstandseigenschaften von Elektrokabeln<\/h1>\t\t\t\t<\/div>\n\t\t\t\t<\/div>\n\t\t\t\t<div class=\"elementor-element elementor-element-288a4c8 elementor-widget elementor-widget-heading\" data-id=\"288a4c8\" data-element_type=\"widget\" data-e-type=\"widget\" data-widget_type=\"heading.default\">\n\t\t\t\t<div class=\"elementor-widget-container\">\n\t\t\t\t\t<h2 class=\"elementor-heading-title elementor-size-default\">IEC 60331<\/h2>\t\t\t\t<\/div>\n\t\t\t\t<\/div>\n\t\t\t\t<div class=\"elementor-element elementor-element-1cdf8be2 elementor-widget elementor-widget-text-editor\" data-id=\"1cdf8be2\" data-element_type=\"widget\" data-e-type=\"widget\" data-widget_type=\"text-editor.default\">\n\t\t\t\t<div class=\"elementor-widget-container\">\n\t\t\t\t\t\t\t\t\t<p class=\"translation-block\">Dieses Pr\u00fcfger\u00e4t dient der \u00dcberpr\u00fcfung des Feuerwiderstandes von Elektrokabeln f\u00fcr die Verkabelung und Verbindungen in Bereichen, in denen der Funktionserhalt unter Brandbedingungen \u00fcber einen l\u00e4ngeren Zeitraum erforderlich ist, als er mit herk\u00f6mmlichen Kabeln erreicht werden kann.<\/p>\n<p><b>Die Einheit besteht aus: -<\/b><\/p>\n<ul>\n<li>Kabelklemmhalterung-Baugruppe<\/li>\n<li>Transformatorbaugruppe f\u00fcr maximal 600 V<\/li>\n<li>Luft \/ Propangasbrenner<\/li>\n<li>Luft \/ Propangasbrennerstrecke und Steuerungen<\/li>\n<\/ul>\t\t\t\t\t\t\t\t<\/div>\n\t\t\t\t<\/div>\n\t\t\t\t\t<\/div>\n\t\t<\/div>\n\t\t\t\t<div class=\"elementor-column elementor-col-50 elementor-top-column elementor-element elementor-element-e0bd111\" data-id=\"e0bd111\" data-element_type=\"column\" data-e-type=\"column\">\n\t\t\t<div class=\"elementor-widget-wrap elementor-element-populated\">\n\t\t\t\t\t\t<div class=\"elementor-element elementor-element-1ad1d5d elementor-widget elementor-widget-image\" data-id=\"1ad1d5d\" data-element_type=\"widget\" data-e-type=\"widget\" data-widget_type=\"image.default\">\n\t\t\t\t<div class=\"elementor-widget-container\">\n\t\t\t\t\t\t\t\t\t\t\t\t\t\t\t<img fetchpriority=\"high\" decoding=\"async\" width=\"768\" height=\"353\" src=\"https:\/\/www.fire-testing.com\/wp-content\/uploads\/2019\/06\/12B-Fire-Resisting-Characteristics-of-Electrical-Cables-Apparatus-IEC-60331_PIXEL_LANDSCAPE-768x353.jpg\" class=\"attachment-medium_large size-medium_large wp-image-4300\" alt=\"Apparat f\u00fcr Integrit\u00e4t von Schaltkreisen unter Brandbedingungen\" srcset=\"https:\/\/www.fire-testing.com\/wp-content\/uploads\/2019\/06\/12B-Fire-Resisting-Characteristics-of-Electrical-Cables-Apparatus-IEC-60331_PIXEL_LANDSCAPE-768x353.jpg 768w, https:\/\/www.fire-testing.com\/wp-content\/uploads\/2019\/06\/12B-Fire-Resisting-Characteristics-of-Electrical-Cables-Apparatus-IEC-60331_PIXEL_LANDSCAPE-300x138.jpg 300w, https:\/\/www.fire-testing.com\/wp-content\/uploads\/2019\/06\/12B-Fire-Resisting-Characteristics-of-Electrical-Cables-Apparatus-IEC-60331_PIXEL_LANDSCAPE-1024x471.jpg 1024w, https:\/\/www.fire-testing.com\/wp-content\/uploads\/2019\/06\/12B-Fire-Resisting-Characteristics-of-Electrical-Cables-Apparatus-IEC-60331_PIXEL_LANDSCAPE.jpg 1364w\" sizes=\"(max-width: 768px) 100vw, 768px\" \/>\t\t\t\t\t\t\t\t\t\t\t\t\t\t\t<\/div>\n\t\t\t\t<\/div>\n\t\t\t\t<div class=\"elementor-element elementor-element-c0508c5 elementor-widget elementor-widget-heading\" data-id=\"c0508c5\" data-element_type=\"widget\" data-e-type=\"widget\" data-widget_type=\"heading.default\">\n\t\t\t\t<div class=\"elementor-widget-container\">\n\t\t\t\t\t<p class=\"elementor-heading-title elementor-size-default\">Pr\u00fcfger\u00e4t f\u00fcr Feuerwiderstandseigenschaften von Elektrokabeln<\/p>\t\t\t\t<\/div>\n\t\t\t\t<\/div>\n\t\t\t\t\t<\/div>\n\t\t<\/div>\n\t\t\t\t\t<\/div>\n\t\t<\/section>\n\t\t\t\t<section data-particle_enable=\"false\" data-particle-mobile-disabled=\"false\" class=\"elementor-section elementor-top-section elementor-element elementor-element-fde04ee elementor-section-boxed elementor-section-height-default elementor-section-height-default\" data-id=\"fde04ee\" data-element_type=\"section\" data-e-type=\"section\">\n\t\t\t\t\t\t<div class=\"elementor-container elementor-column-gap-default\">\n\t\t\t\t\t<div class=\"elementor-column elementor-col-100 elementor-top-column elementor-element elementor-element-65525c4\" data-id=\"65525c4\" data-element_type=\"column\" data-e-type=\"column\">\n\t\t\t<div class=\"elementor-widget-wrap elementor-element-populated\">\n\t\t\t\t\t\t<div class=\"dce-visibility-event elementor-element elementor-element-d469299 elementor-widget elementor-widget-button\" data-id=\"d469299\" data-element_type=\"widget\" data-e-type=\"widget\" data-settings=\"{&quot;enabled_visibility&quot;:&quot;yes&quot;,&quot;dce_visibility_selected&quot;:&quot;yes&quot;}\" data-widget_type=\"button.default\">\n\t\t\t\t<div class=\"elementor-widget-container\">\n\t\t\t\t\t\t\t\t\t<div class=\"elementor-button-wrapper\">\n\t\t\t\t\t<a class=\"elementor-button elementor-button-link elementor-size-sm\" href=\"https:\/\/www.fire-testing.com\/de\/login\/\">\n\t\t\t\t\t\t<span class=\"elementor-button-content-wrapper\">\n\t\t\t\t\t\t\t\t\t<span class=\"elementor-button-text\">ANMELDEN\/REGISTRIEREN ZUM HERUNTERLADEN DIESER BROSCH\u00dcRE<\/span>\n\t\t\t\t\t<\/span>\n\t\t\t\t\t<\/a>\n\t\t\t\t<\/div>\n\t\t\t\t\t\t\t\t<\/div>\n\t\t\t\t<\/div>\n\t\t\t\t<div class=\"dce-visibility-event elementor-element elementor-element-0984691 elementor-widget elementor-widget-button\" data-id=\"0984691\" data-element_type=\"widget\" data-e-type=\"widget\" data-settings=\"{&quot;enabled_visibility&quot;:&quot;yes&quot;,&quot;dce_visibility_selected&quot;:&quot;yes&quot;}\" data-widget_type=\"button.default\">\n\t\t\t\t<div class=\"elementor-widget-container\">\n\t\t\t\t\t\t\t\t\t<div class=\"elementor-button-wrapper\">\n\t\t\t\t\t<a class=\"elementor-button elementor-button-link elementor-size-sm\" href=\"https:\/\/www.fire-testing.com\/de\/request-a-brochure\/\">\n\t\t\t\t\t\t<span class=\"elementor-button-content-wrapper\">\n\t\t\t\t\t\t\t\t\t<span class=\"elementor-button-text\">REQUEST TECHNICAL SPECIFICATION<\/span>\n\t\t\t\t\t<\/span>\n\t\t\t\t\t<\/a>\n\t\t\t\t<\/div>\n\t\t\t\t\t\t\t\t<\/div>\n\t\t\t\t<\/div>\n\t\t<!-- dce invisible element ef3f3ad -->\t\t\t<\/div>\n\t\t<\/div>\n\t\t\t\t\t<\/div>\n\t\t<\/section>\n\t\t\t\t<\/div>","protected":false},"excerpt":{"rendered":"<p>Fire Resisting Characteristics of Electrical Cables Apparatus IEC 60331 This test apparatus, according to IEC 60331, is for verifying the resistance to fire alone of electrical cables used for wiring and interconnection where it is required to maintain circuit integrity under fire conditions for longer periods than can be achieved with cables of conventional construction. [&hellip;]<\/p>\n","protected":false},"author":142,"featured_media":0,"parent":0,"menu_order":0,"comment_status":"closed","ping_status":"closed","template":"","meta":{"_acf_changed":false,"footnotes":""},"class_list":["post-1302","page","type-page","status-publish","hentry"],"acf":[],"_links":{"self":[{"href":"https:\/\/www.fire-testing.com\/de\/wp-json\/wp\/v2\/pages\/1302","targetHints":{"allow":["GET"]}}],"collection":[{"href":"https:\/\/www.fire-testing.com\/de\/wp-json\/wp\/v2\/pages"}],"about":[{"href":"https:\/\/www.fire-testing.com\/de\/wp-json\/wp\/v2\/types\/page"}],"author":[{"embeddable":true,"href":"https:\/\/www.fire-testing.com\/de\/wp-json\/wp\/v2\/users\/142"}],"replies":[{"embeddable":true,"href":"https:\/\/www.fire-testing.com\/de\/wp-json\/wp\/v2\/comments?post=1302"}],"version-history":[{"count":0,"href":"https:\/\/www.fire-testing.com\/de\/wp-json\/wp\/v2\/pages\/1302\/revisions"}],"wp:attachment":[{"href":"https:\/\/www.fire-testing.com\/de\/wp-json\/wp\/v2\/media?parent=1302"}],"curies":[{"name":"wp","href":"https:\/\/api.w.org\/{rel}","templated":true}]}}