{"id":1321,"date":"2019-02-17T14:03:44","date_gmt":"2019-02-17T14:03:44","guid":{"rendered":"https:\/\/www.fire-testing.com\/?page_id=1321"},"modified":"2022-08-08T09:31:25","modified_gmt":"2022-08-08T09:31:25","slug":"corrosion-test-apparatus","status":"publish","type":"page","link":"https:\/\/www.fire-testing.com\/de\/corrosion-test-apparatus\/","title":{"rendered":"Korrosionspr\u00fcfger\u00e4t"},"content":{"rendered":"<div data-elementor-type=\"wp-page\" data-elementor-id=\"1321\" class=\"elementor elementor-1321\" data-elementor-post-type=\"page\">\n\t\t\t\t\t\t<section data-particle_enable=\"false\" data-particle-mobile-disabled=\"false\" class=\"elementor-section elementor-top-section elementor-element elementor-element-a7092e0 elementor-section-boxed elementor-section-height-default elementor-section-height-default\" data-id=\"a7092e0\" data-element_type=\"section\" data-e-type=\"section\">\n\t\t\t\t\t\t<div class=\"elementor-container elementor-column-gap-default\">\n\t\t\t\t\t<div class=\"elementor-column elementor-col-50 elementor-top-column elementor-element elementor-element-b66e3d0\" data-id=\"b66e3d0\" data-element_type=\"column\" data-e-type=\"column\">\n\t\t\t<div class=\"elementor-widget-wrap elementor-element-populated\">\n\t\t\t\t\t\t<div class=\"elementor-element elementor-element-147ef43 elementor-widget elementor-widget-heading\" data-id=\"147ef43\" data-element_type=\"widget\" data-e-type=\"widget\" data-widget_type=\"heading.default\">\n\t\t\t\t<div class=\"elementor-widget-container\">\n\t\t\t\t\t<h1 class=\"elementor-heading-title elementor-size-default\">Korrosionspr\u00fcfger\u00e4t<\/h1>\t\t\t\t<\/div>\n\t\t\t\t<\/div>\n\t\t\t\t<div class=\"elementor-element elementor-element-e3ea8e4 elementor-widget elementor-widget-heading\" data-id=\"e3ea8e4\" data-element_type=\"widget\" data-e-type=\"widget\" data-widget_type=\"heading.default\">\n\t\t\t\t<div class=\"elementor-widget-container\">\n\t\t\t\t\t<h2 class=\"elementor-heading-title elementor-size-default\">IEC 60754 Part 1 &amp; 2<\/h2>\t\t\t\t<\/div>\n\t\t\t\t<\/div>\n\t\t\t\t<div class=\"elementor-element elementor-element-2f8305a7 elementor-widget elementor-widget-text-editor\" data-id=\"2f8305a7\" data-element_type=\"widget\" data-e-type=\"widget\" data-widget_type=\"text-editor.default\">\n\t\t\t\t<div class=\"elementor-widget-container\">\n\t\t\t\t\t\t\t\t\t<p><b>Untersuchung von Gasen, die w\u00e4hrend der Verbrennung von Elektrokabeln entstehen<\/b><\/p>\n<p class=\"translation-block\">Die Untersuchung gem\u00e4\u00df der Norm der Internationalen Elektrotechnischen Kommission IEC 60754 Part 1 und Part 2 erfolgt zur Bestimmung des S\u00e4uregrades von w\u00e4hrend der Verbrennung von Materialen entstehenden Gasen, die von Elektrokabeln stammen, in dem der pH-Wert und die Leitf\u00e4higkeit gemessen werden.<\/p>\n<p>Benutzer von Kabeln haben ihre Besorgnis \u00fcber die Menge von sauren Gasen zum Ausdruck gebracht, die entstehen, wenn die Isolation, Abschirmung oder sonstige Materialien verbrennen, da diese S\u00e4ure zu umfangreichen Sch\u00e4den an elektrischen und elektronischen Ger\u00e4ten f\u00fchren kann, die selber nicht vom Brand betroffen sind. Es wurde als notwendig erachtet, hierf\u00fcr eine zugelassene Methode zu entwickeln (durch umfangreiche Ringversuche), um die Menge der bei der Verbrennung von Kabelkomponenten entstehenden sauren Gase zu bestimmen, damit Grenzwerte f\u00fcr die Kabelspezifikationen vereinbart werden k\u00f6nnen. Da die Untersuchung nicht mit einem kompletten Kabelst\u00fcck durchgef\u00fchrt werden, sollten f\u00fcr eine tats\u00e4chliche Gefahrenbewertung die Materialmengen der Kabelkomponenten ber\u00fccksichtigt werden.<\/p>\n<p><b>Merkmale:<\/b><\/p>\n<ul>\n<li>R\u00f6hrenofen, Gestell und Thermoelemente<\/li>\n<li>Arbeitsrohr aus Quarz und Pr\u00fcfmuster-Beladungsbaugruppe<\/li>\n<li>Steuereinheit mit digitaler Temperatursteuerung f\u00fcr Rohrofen, optionales Ger\u00e4t f\u00fcr<\/li>\n<li>2 Gassammelflaschen<\/li>\n<li>Gaszelle 1 Liter<\/li>\n<li>Messger\u00e4te f\u00fcr pH- und Leitf\u00e4higkeitsmessung mit Digitalanzeige und Elektroden<\/li>\n<li>R\u00fchrwerk<\/li>\n<li>Luftstr\u00f6mungsmessger\u00e4t und alle erforderlichen Rohre und Anschl\u00fcsse<\/li>\n<li>10 Musterschiffchen aus Keramik<\/li>\n<\/ul>\t\t\t\t\t\t\t\t<\/div>\n\t\t\t\t<\/div>\n\t\t\t\t\t<\/div>\n\t\t<\/div>\n\t\t\t\t<div class=\"elementor-column elementor-col-50 elementor-top-column elementor-element elementor-element-fad27b9\" data-id=\"fad27b9\" data-element_type=\"column\" data-e-type=\"column\">\n\t\t\t<div class=\"elementor-widget-wrap elementor-element-populated\">\n\t\t\t\t\t\t<div class=\"elementor-element elementor-element-6e4d37e elementor-widget elementor-widget-image\" data-id=\"6e4d37e\" data-element_type=\"widget\" data-e-type=\"widget\" data-widget_type=\"image.default\">\n\t\t\t\t<div class=\"elementor-widget-container\">\n\t\t\t\t\t\t\t\t\t\t\t\t\t\t\t<img fetchpriority=\"high\" decoding=\"async\" width=\"768\" height=\"450\" src=\"https:\/\/www.fire-testing.com\/wp-content\/uploads\/2019\/04\/11B-NF-X70-100-1-60754-Part-1-2-768x450.jpg\" class=\"attachment-medium_large size-medium_large wp-image-1648\" alt=\"test on gases evolved during combustion of electric cables IEC 60754 Part 1 and 2\" srcset=\"https:\/\/www.fire-testing.com\/wp-content\/uploads\/2019\/04\/11B-NF-X70-100-1-60754-Part-1-2-768x450.jpg 768w, https:\/\/www.fire-testing.com\/wp-content\/uploads\/2019\/04\/11B-NF-X70-100-1-60754-Part-1-2-600x352.jpg 600w, https:\/\/www.fire-testing.com\/wp-content\/uploads\/2019\/04\/11B-NF-X70-100-1-60754-Part-1-2-300x176.jpg 300w, https:\/\/www.fire-testing.com\/wp-content\/uploads\/2019\/04\/11B-NF-X70-100-1-60754-Part-1-2-1024x601.jpg 1024w, https:\/\/www.fire-testing.com\/wp-content\/uploads\/2019\/04\/11B-NF-X70-100-1-60754-Part-1-2.jpg 1364w\" sizes=\"(max-width: 768px) 100vw, 768px\" \/>\t\t\t\t\t\t\t\t\t\t\t\t\t\t\t<\/div>\n\t\t\t\t<\/div>\n\t\t\t\t<div class=\"elementor-element elementor-element-acd941e elementor-widget elementor-widget-heading\" data-id=\"acd941e\" data-element_type=\"widget\" data-e-type=\"widget\" data-widget_type=\"heading.default\">\n\t\t\t\t<div class=\"elementor-widget-container\">\n\t\t\t\t\t<p class=\"elementor-heading-title elementor-size-default\">Korrosionspr\u00fcfger\u00e4t<\/p>\t\t\t\t<\/div>\n\t\t\t\t<\/div>\n\t\t\t\t\t<\/div>\n\t\t<\/div>\n\t\t\t\t\t<\/div>\n\t\t<\/section>\n\t\t\t\t<section data-particle_enable=\"false\" data-particle-mobile-disabled=\"false\" class=\"elementor-section elementor-top-section elementor-element elementor-element-6d19d9a elementor-section-boxed elementor-section-height-default elementor-section-height-default\" data-id=\"6d19d9a\" data-element_type=\"section\" data-e-type=\"section\">\n\t\t\t\t\t\t<div class=\"elementor-container elementor-column-gap-default\">\n\t\t\t\t\t<div class=\"elementor-column elementor-col-100 elementor-top-column elementor-element elementor-element-2c4a98d\" data-id=\"2c4a98d\" data-element_type=\"column\" data-e-type=\"column\">\n\t\t\t<div class=\"elementor-widget-wrap elementor-element-populated\">\n\t\t\t\t\t\t<div class=\"dce-visibility-event elementor-element elementor-element-92e166c elementor-widget elementor-widget-button\" data-id=\"92e166c\" data-element_type=\"widget\" data-e-type=\"widget\" data-settings=\"{&quot;enabled_visibility&quot;:&quot;yes&quot;,&quot;dce_visibility_selected&quot;:&quot;yes&quot;}\" data-widget_type=\"button.default\">\n\t\t\t\t<div class=\"elementor-widget-container\">\n\t\t\t\t\t\t\t\t\t<div class=\"elementor-button-wrapper\">\n\t\t\t\t\t<a class=\"elementor-button elementor-button-link elementor-size-sm\" href=\"https:\/\/www.fire-testing.com\/de\/login\/\">\n\t\t\t\t\t\t<span class=\"elementor-button-content-wrapper\">\n\t\t\t\t\t\t\t\t\t<span class=\"elementor-button-text\">ANMELDEN\/REGISTRIEREN ZUM HERUNTERLADEN DIESER BROSCH\u00dcRE<\/span>\n\t\t\t\t\t<\/span>\n\t\t\t\t\t<\/a>\n\t\t\t\t<\/div>\n\t\t\t\t\t\t\t\t<\/div>\n\t\t\t\t<\/div>\n\t\t\t\t<div class=\"dce-visibility-event elementor-element elementor-element-147ae74 elementor-widget elementor-widget-button\" data-id=\"147ae74\" data-element_type=\"widget\" data-e-type=\"widget\" data-settings=\"{&quot;enabled_visibility&quot;:&quot;yes&quot;,&quot;dce_visibility_selected&quot;:&quot;yes&quot;}\" data-widget_type=\"button.default\">\n\t\t\t\t<div class=\"elementor-widget-container\">\n\t\t\t\t\t\t\t\t\t<div class=\"elementor-button-wrapper\">\n\t\t\t\t\t<a class=\"elementor-button elementor-button-link elementor-size-sm\" href=\"https:\/\/www.fire-testing.com\/de\/request-a-brochure\/\">\n\t\t\t\t\t\t<span class=\"elementor-button-content-wrapper\">\n\t\t\t\t\t\t\t\t\t<span class=\"elementor-button-text\">REQUEST TECHNICAL SPECIFICATION<\/span>\n\t\t\t\t\t<\/span>\n\t\t\t\t\t<\/a>\n\t\t\t\t<\/div>\n\t\t\t\t\t\t\t\t<\/div>\n\t\t\t\t<\/div>\n\t\t<!-- dce invisible element 3a93e7b -->\t\t\t<\/div>\n\t\t<\/div>\n\t\t\t\t\t<\/div>\n\t\t<\/section>\n\t\t\t\t<\/div>","protected":false},"excerpt":{"rendered":"<p>Corrosion Test Apparatus IEC 60754 Part 1 &#038; 2 Test on gases evolved during combustion of electric cables The International Electrotechnical Commission IEC 60754 Part 1 and Part 2 test is performed to determine the degree of acidity of gases evolved during the combustion of materials taken from electric cables by measuring the pH and [&hellip;]<\/p>\n","protected":false},"author":142,"featured_media":0,"parent":0,"menu_order":0,"comment_status":"closed","ping_status":"closed","template":"","meta":{"_acf_changed":false,"footnotes":""},"class_list":["post-1321","page","type-page","status-publish","hentry"],"acf":[],"_links":{"self":[{"href":"https:\/\/www.fire-testing.com\/de\/wp-json\/wp\/v2\/pages\/1321","targetHints":{"allow":["GET"]}}],"collection":[{"href":"https:\/\/www.fire-testing.com\/de\/wp-json\/wp\/v2\/pages"}],"about":[{"href":"https:\/\/www.fire-testing.com\/de\/wp-json\/wp\/v2\/types\/page"}],"author":[{"embeddable":true,"href":"https:\/\/www.fire-testing.com\/de\/wp-json\/wp\/v2\/users\/142"}],"replies":[{"embeddable":true,"href":"https:\/\/www.fire-testing.com\/de\/wp-json\/wp\/v2\/comments?post=1321"}],"version-history":[{"count":0,"href":"https:\/\/www.fire-testing.com\/de\/wp-json\/wp\/v2\/pages\/1321\/revisions"}],"wp:attachment":[{"href":"https:\/\/www.fire-testing.com\/de\/wp-json\/wp\/v2\/media?parent=1321"}],"curies":[{"name":"wp","href":"https:\/\/api.w.org\/{rel}","templated":true}]}}