{"id":1333,"date":"2019-02-17T17:01:49","date_gmt":"2019-02-17T17:01:49","guid":{"rendered":"https:\/\/www.fire-testing.com\/?page_id=1333"},"modified":"2022-08-08T09:17:01","modified_gmt":"2022-08-08T09:17:01","slug":"ignitability-apparatus","status":"publish","type":"page","link":"https:\/\/www.fire-testing.com\/de\/ignitability-apparatus\/","title":{"rendered":"Apparat zur Pr\u00fcfung der Entz\u00fcndbarkeit"},"content":{"rendered":"<div data-elementor-type=\"wp-page\" data-elementor-id=\"1333\" class=\"elementor elementor-1333\" data-elementor-post-type=\"page\">\n\t\t\t\t\t\t<section data-particle_enable=\"false\" data-particle-mobile-disabled=\"false\" class=\"elementor-section elementor-top-section elementor-element elementor-element-74aa460 elementor-section-boxed elementor-section-height-default elementor-section-height-default\" data-id=\"74aa460\" data-element_type=\"section\" data-e-type=\"section\">\n\t\t\t\t\t\t<div class=\"elementor-container elementor-column-gap-default\">\n\t\t\t\t\t<div class=\"elementor-column elementor-col-50 elementor-top-column elementor-element elementor-element-c64b17e\" data-id=\"c64b17e\" data-element_type=\"column\" data-e-type=\"column\">\n\t\t\t<div class=\"elementor-widget-wrap elementor-element-populated\">\n\t\t\t\t\t\t<div class=\"elementor-element elementor-element-50c73a8 elementor-widget elementor-widget-heading\" data-id=\"50c73a8\" data-element_type=\"widget\" data-e-type=\"widget\" data-widget_type=\"heading.default\">\n\t\t\t\t<div class=\"elementor-widget-container\">\n\t\t\t\t\t<h1 class=\"elementor-heading-title elementor-size-default\">Apparat zur Pr\u00fcfung der Entz\u00fcndbarkeit<\/h1>\t\t\t\t<\/div>\n\t\t\t\t<\/div>\n\t\t\t\t<div class=\"elementor-element elementor-element-75d6fd7 elementor-widget elementor-widget-heading\" data-id=\"75d6fd7\" data-element_type=\"widget\" data-e-type=\"widget\" data-widget_type=\"heading.default\">\n\t\t\t\t<div class=\"elementor-widget-container\">\n\t\t\t\t\t<h2 class=\"elementor-heading-title elementor-size-default\">ISO 5657<\/h2>\t\t\t\t<\/div>\n\t\t\t\t<\/div>\n\t\t\t\t<div class=\"elementor-element elementor-element-580ba073 elementor-widget elementor-widget-text-editor\" data-id=\"580ba073\" data-element_type=\"widget\" data-e-type=\"widget\" data-widget_type=\"text-editor.default\">\n\t\t\t\t<div class=\"elementor-widget-container\">\n\t\t\t\t\t\t\t\t\t<p>Entz\u00fcndbarkeit, de\ufb01niert als die F\u00e4higkeit eines Materials, mit Hilfe einer W\u00e4rmestrahlungsquelle entz\u00fcndet zu werden, ist eine der ersten zu testenden Eigenschaften und sehr wichtig f\u00fcr jede Bewertung einer Brandgefahr.<\/p>\n<p class=\"translation-block\">Der Apparat zur Pr\u00fcfung der Entz\u00fcndbarkeit wird so hergestellt, dass ISO 5657 und BS 476 Teil 13 entspricht. Das Ger\u00e4t wurde in erster Linie f\u00fcr die Pr\u00fcfung von Baustoffen und Verbundwerkstoffen entwickelt, kann jedoch jede Probe mit einer Gr\u00f6\u00dfe von 165 mm \u00d7 165 mm und bis zu einer Dicke von maximal 70 mm pr\u00fcfen. Der Aapparat zu Pr\u00fcfung der Entz\u00fcndbarkeit misst die Entz\u00fcndungseigenschaften von Baustoffen oder beliebigen freiliegenden Oberfl\u00e4chen von im Wesentlichen flachen Materialien und Proben, die in horizontaler Ausrichtung montiert sind.<\/p>\n<p><strong>FTT\u00a0Ignitability Apparatus:<br \/><\/strong>Der Testapparat besteht aus einem Trageger\u00fcst, das den Pr\u00fcfk\u00f6rper horizontal zwischen einer Andruckplatte einspannt, so dass ein de\ufb01nierter Bereich der oberen Oberfl\u00e4che des Pr\u00fcfk\u00f6rpers bestrahlt wird.<\/p>\n<p>Diese Strahlung wird durch einen Strahlungskegel erzeugt, der oberhalb des Probentr\u00e4gerger\u00fcstes positioniert ist und von diesem gest\u00fctzt wird. Ein automatisierter Aufbringungsmechanismus f\u00fcr eine Pilotflamme wird verwendet, um eine Test\ufb02amme durch den Strahlungskonus in eine Position oberhalb der Mitte der Probenoberfl\u00e4che zu bringen. Zur genauen Positionierung der Probe auf der Andruckplatte des Probenhalterahmens wird eine Probeneinf\u00fchrungs- und -positionierungsplatte verwendet. Eine Abschirmplatte dient zur Abschirmung der Probenoberfl\u00e4che w\u00e4hrend der Einf\u00fchrung der Probe in die Apparatur.<\/p>\n<p><strong>Hauptmerkmale:<\/strong><\/p>\n<p><strong>Test apparatus &#8211;<\/strong><\/p>\n<ul>\n<li>Rahmen f\u00fcr den Kegelproben-Halterungsmechanismus<\/li>\n<li>Strahlungskegelbaugruppe<\/li>\n<li>Strahlungsst\u00e4rken zwischen 10 und 50 kW\/m\u00b2 unter Verwendung eines konischen Strahlungsofens<\/li>\n<li>Gegengewicht f\u00fcr Andruckplatte<\/li>\n<li>Pilotgasleitung mit Flammr\u00fcckschlagsicherung und Vorkehrungen zur Wiederz\u00fcndung<\/li>\n<li>Aufbringungsmechanismus f\u00fcr Pilot\ufb02amme und Motorantriebsbaugruppe, um die Pilotflamme alle 4 Sekunden in die richtige Position \u00fcber der Ebene der Probe zu bringen<\/li>\n<li>Sekund\u00e4re Z\u00fcndquelle<\/li>\n<\/ul>\n<p><strong>Control Unit &#8211; <\/strong><\/p>\n<ul>\n<li>3-Term-Temperaturregler<\/li>\n<li>Temperaturanzeige und \u00dcbertemperaturalarm<\/li>\n<li>Pilotgeschwindigkeitsregler<\/li>\n<li>Timer<\/li>\n<li>Das Ger\u00e4t wird auch mit einem Flussmesser f\u00fcr Kalibrierzwecke geliefert.<\/li>\n<\/ul>\n<p><strong>Anforderungen an die Versorgung:<\/strong><\/p>\n<p>Spannung: 240V- 50\/60 Hz -15A<br \/>Gas: Propan und Luft f\u00fcr die Pilot\ufb02amme<br \/>Wasser: Zur K\u00fchlung des Flussmessers<\/p>\t\t\t\t\t\t\t\t<\/div>\n\t\t\t\t<\/div>\n\t\t\t\t\t<\/div>\n\t\t<\/div>\n\t\t\t\t<div class=\"elementor-column elementor-col-50 elementor-top-column elementor-element elementor-element-a326270\" data-id=\"a326270\" data-element_type=\"column\" data-e-type=\"column\">\n\t\t\t<div class=\"elementor-widget-wrap elementor-element-populated\">\n\t\t\t\t\t\t<div class=\"elementor-element elementor-element-5580aaa elementor-widget elementor-widget-image\" data-id=\"5580aaa\" data-element_type=\"widget\" data-e-type=\"widget\" data-widget_type=\"image.default\">\n\t\t\t\t<div class=\"elementor-widget-container\">\n\t\t\t\t\t\t\t\t\t\t\t\t\t\t\t<img fetchpriority=\"high\" decoding=\"async\" width=\"768\" height=\"600\" src=\"https:\/\/fire-testing-com-fcqy.stagingplatform.co.uk\/wp-content\/uploads\/2019\/04\/79B-Ignitability-Apparatus-ISO-5657-768x600.jpg\" class=\"attachment-medium_large size-medium_large wp-image-1650\" alt=\"ignitability apparatus ISO 5657 ignitability of building products using a radiant heat source\" srcset=\"https:\/\/fire-testing-com-fcqy.stagingplatform.co.uk\/wp-content\/uploads\/2019\/04\/79B-Ignitability-Apparatus-ISO-5657-768x600.jpg 768w, https:\/\/fire-testing-com-fcqy.stagingplatform.co.uk\/wp-content\/uploads\/2019\/04\/79B-Ignitability-Apparatus-ISO-5657-600x469.jpg 600w, https:\/\/fire-testing-com-fcqy.stagingplatform.co.uk\/wp-content\/uploads\/2019\/04\/79B-Ignitability-Apparatus-ISO-5657-300x234.jpg 300w, https:\/\/fire-testing-com-fcqy.stagingplatform.co.uk\/wp-content\/uploads\/2019\/04\/79B-Ignitability-Apparatus-ISO-5657.jpg 800w\" sizes=\"(max-width: 768px) 100vw, 768px\" \/>\t\t\t\t\t\t\t\t\t\t\t\t\t\t\t<\/div>\n\t\t\t\t<\/div>\n\t\t\t\t<div class=\"elementor-element elementor-element-309e6ba elementor-widget elementor-widget-heading\" data-id=\"309e6ba\" data-element_type=\"widget\" data-e-type=\"widget\" data-widget_type=\"heading.default\">\n\t\t\t\t<div class=\"elementor-widget-container\">\n\t\t\t\t\t<p class=\"elementor-heading-title elementor-size-default\">Apparat zur Pr\u00fcfung der Entz\u00fcndbarkeit<\/p>\t\t\t\t<\/div>\n\t\t\t\t<\/div>\n\t\t\t\t<div class=\"elementor-element elementor-element-1801c00 elementor-widget elementor-widget-image\" data-id=\"1801c00\" data-element_type=\"widget\" data-e-type=\"widget\" data-widget_type=\"image.default\">\n\t\t\t\t<div class=\"elementor-widget-container\">\n\t\t\t\t\t\t\t\t\t\t\t\t\t\t\t<img decoding=\"async\" width=\"768\" height=\"998\" src=\"https:\/\/fire-testing-com-fcqy.stagingplatform.co.uk\/wp-content\/uploads\/2019\/02\/79-precision-plate-768x998.jpg\" class=\"attachment-medium_large size-medium_large wp-image-1445\" alt=\"FTT\" srcset=\"https:\/\/fire-testing-com-fcqy.stagingplatform.co.uk\/wp-content\/uploads\/2019\/02\/79-precision-plate-768x998.jpg 768w, https:\/\/fire-testing-com-fcqy.stagingplatform.co.uk\/wp-content\/uploads\/2019\/02\/79-precision-plate-600x780.jpg 600w, https:\/\/fire-testing-com-fcqy.stagingplatform.co.uk\/wp-content\/uploads\/2019\/02\/79-precision-plate-231x300.jpg 231w, https:\/\/fire-testing-com-fcqy.stagingplatform.co.uk\/wp-content\/uploads\/2019\/02\/79-precision-plate-788x1024.jpg 788w, https:\/\/fire-testing-com-fcqy.stagingplatform.co.uk\/wp-content\/uploads\/2019\/02\/79-precision-plate.jpg 1390w\" sizes=\"(max-width: 768px) 100vw, 768px\" \/>\t\t\t\t\t\t\t\t\t\t\t\t\t\t\t<\/div>\n\t\t\t\t<\/div>\n\t\t\t\t<div class=\"elementor-element elementor-element-e7bb0a4 elementor-widget elementor-widget-heading\" data-id=\"e7bb0a4\" data-element_type=\"widget\" data-e-type=\"widget\" data-widget_type=\"heading.default\">\n\t\t\t\t<div class=\"elementor-widget-container\">\n\t\t\t\t\t<p class=\"elementor-heading-title elementor-size-default\">Einsetzen und Positionieren der Probe<\/p>\t\t\t\t<\/div>\n\t\t\t\t<\/div>\n\t\t\t\t\t<\/div>\n\t\t<\/div>\n\t\t\t\t\t<\/div>\n\t\t<\/section>\n\t\t\t\t<section data-particle_enable=\"false\" data-particle-mobile-disabled=\"false\" class=\"elementor-section elementor-top-section elementor-element elementor-element-120388f elementor-section-boxed elementor-section-height-default elementor-section-height-default\" data-id=\"120388f\" data-element_type=\"section\" data-e-type=\"section\">\n\t\t\t\t\t\t<div class=\"elementor-container elementor-column-gap-default\">\n\t\t\t\t\t<div class=\"elementor-column elementor-col-100 elementor-top-column elementor-element elementor-element-873b028\" data-id=\"873b028\" data-element_type=\"column\" data-e-type=\"column\">\n\t\t\t<div class=\"elementor-widget-wrap elementor-element-populated\">\n\t\t\t\t\t\t<div class=\"dce-visibility-event elementor-element elementor-element-f735017 elementor-widget elementor-widget-button\" data-id=\"f735017\" data-element_type=\"widget\" data-e-type=\"widget\" data-settings=\"{&quot;enabled_visibility&quot;:&quot;yes&quot;,&quot;dce_visibility_selected&quot;:&quot;yes&quot;}\" data-widget_type=\"button.default\">\n\t\t\t\t<div class=\"elementor-widget-container\">\n\t\t\t\t\t\t\t\t\t<div class=\"elementor-button-wrapper\">\n\t\t\t\t\t<a class=\"elementor-button elementor-button-link elementor-size-sm\" href=\"https:\/\/www.fire-testing.com\/de\/login\/\">\n\t\t\t\t\t\t<span class=\"elementor-button-content-wrapper\">\n\t\t\t\t\t\t\t\t\t<span class=\"elementor-button-text\">ANMELDEN\/REGISTRIEREN ZUM HERUNTERLADEN DIESER BROSCH\u00dcRE<\/span>\n\t\t\t\t\t<\/span>\n\t\t\t\t\t<\/a>\n\t\t\t\t<\/div>\n\t\t\t\t\t\t\t\t<\/div>\n\t\t\t\t<\/div>\n\t\t\t\t<div class=\"dce-visibility-event elementor-element elementor-element-180fa33 elementor-widget elementor-widget-button\" data-id=\"180fa33\" data-element_type=\"widget\" data-e-type=\"widget\" data-settings=\"{&quot;enabled_visibility&quot;:&quot;yes&quot;,&quot;dce_visibility_selected&quot;:&quot;yes&quot;}\" data-widget_type=\"button.default\">\n\t\t\t\t<div class=\"elementor-widget-container\">\n\t\t\t\t\t\t\t\t\t<div class=\"elementor-button-wrapper\">\n\t\t\t\t\t<a class=\"elementor-button elementor-button-link elementor-size-sm\" href=\"https:\/\/www.fire-testing.com\/de\/request-a-brochure\/\">\n\t\t\t\t\t\t<span class=\"elementor-button-content-wrapper\">\n\t\t\t\t\t\t\t\t\t<span class=\"elementor-button-text\">REQUEST TECHNICAL SPECIFICATION<\/span>\n\t\t\t\t\t<\/span>\n\t\t\t\t\t<\/a>\n\t\t\t\t<\/div>\n\t\t\t\t\t\t\t\t<\/div>\n\t\t\t\t<\/div>\n\t\t<!-- dce invisible element de25f3d -->\t\t\t<\/div>\n\t\t<\/div>\n\t\t\t\t\t<\/div>\n\t\t<\/section>\n\t\t\t\t<\/div>","protected":false},"excerpt":{"rendered":"<p>Ignitability Apparatus ISO 5657 Ignitability, defined as the capability of a material being ignited using a radiant heat source, is one of the first properties to be manifest and should contribute largely to any assessment of fire hazard. The Ignitability Test Apparatus is manufactured to conform to ISO 5657 and BS 476 Part 13. The [&hellip;]<\/p>\n","protected":false},"author":142,"featured_media":0,"parent":0,"menu_order":0,"comment_status":"closed","ping_status":"closed","template":"","meta":{"_acf_changed":false,"footnotes":""},"class_list":["post-1333","page","type-page","status-publish","hentry"],"acf":[],"_links":{"self":[{"href":"https:\/\/www.fire-testing.com\/de\/wp-json\/wp\/v2\/pages\/1333","targetHints":{"allow":["GET"]}}],"collection":[{"href":"https:\/\/www.fire-testing.com\/de\/wp-json\/wp\/v2\/pages"}],"about":[{"href":"https:\/\/www.fire-testing.com\/de\/wp-json\/wp\/v2\/types\/page"}],"author":[{"embeddable":true,"href":"https:\/\/www.fire-testing.com\/de\/wp-json\/wp\/v2\/users\/142"}],"replies":[{"embeddable":true,"href":"https:\/\/www.fire-testing.com\/de\/wp-json\/wp\/v2\/comments?post=1333"}],"version-history":[{"count":0,"href":"https:\/\/www.fire-testing.com\/de\/wp-json\/wp\/v2\/pages\/1333\/revisions"}],"wp:attachment":[{"href":"https:\/\/www.fire-testing.com\/de\/wp-json\/wp\/v2\/media?parent=1333"}],"curies":[{"name":"wp","href":"https:\/\/api.w.org\/{rel}","templated":true}]}}