{"id":1370,"date":"2019-02-18T10:43:53","date_gmt":"2019-02-18T10:43:53","guid":{"rendered":"https:\/\/www.fire-testing.com\/?page_id=1370"},"modified":"2022-08-08T08:41:40","modified_gmt":"2022-08-08T08:41:40","slug":"oxygen-index","status":"publish","type":"page","link":"https:\/\/www.fire-testing.com\/de\/oxygen-index\/","title":{"rendered":"Sauerstoffindex-Messger\u00e4t"},"content":{"rendered":"<div data-elementor-type=\"wp-page\" data-elementor-id=\"1370\" class=\"elementor elementor-1370\" data-elementor-post-type=\"page\">\n\t\t\t\t\t\t<section data-particle_enable=\"false\" data-particle-mobile-disabled=\"false\" class=\"elementor-section elementor-top-section elementor-element elementor-element-f7c295a elementor-section-boxed elementor-section-height-default elementor-section-height-default\" data-id=\"f7c295a\" data-element_type=\"section\" data-e-type=\"section\">\n\t\t\t\t\t\t<div class=\"elementor-container elementor-column-gap-default\">\n\t\t\t\t\t<div class=\"elementor-column elementor-col-50 elementor-top-column elementor-element elementor-element-b42056d\" data-id=\"b42056d\" data-element_type=\"column\" data-e-type=\"column\">\n\t\t\t<div class=\"elementor-widget-wrap elementor-element-populated\">\n\t\t\t\t\t\t<div class=\"elementor-element elementor-element-d0ba017 elementor-widget elementor-widget-heading\" data-id=\"d0ba017\" data-element_type=\"widget\" data-e-type=\"widget\" data-widget_type=\"heading.default\">\n\t\t\t\t<div class=\"elementor-widget-container\">\n\t\t\t\t\t<h1 class=\"elementor-heading-title elementor-size-default\">Sauerstoffindex-Messger\u00e4t<\/h1>\t\t\t\t<\/div>\n\t\t\t\t<\/div>\n\t\t\t\t<div class=\"elementor-element elementor-element-8f3c500 elementor-widget elementor-widget-heading\" data-id=\"8f3c500\" data-element_type=\"widget\" data-e-type=\"widget\" data-widget_type=\"heading.default\">\n\t\t\t\t<div class=\"elementor-widget-container\">\n\t\t\t\t\t<h2 class=\"elementor-heading-title elementor-size-default\">ASTM D2863; BS ISO 4589-2; NES 714<\/h2>\t\t\t\t<\/div>\n\t\t\t\t<\/div>\n\t\t\t\t<div class=\"elementor-element elementor-element-1a62cc80 elementor-widget elementor-widget-text-editor\" data-id=\"1a62cc80\" data-element_type=\"widget\" data-e-type=\"widget\" data-widget_type=\"text-editor.default\">\n\t\t\t\t<div class=\"elementor-widget-container\">\n\t\t\t\t\t\t\t\t\t<p>Der Sauerstoffindex ist m\u00f6glicherweise der wirtschaftlichste pr\u00e4ziseste Qualit\u00e4tskontrolltest f\u00fcr brennbare Materialien. Er ist einfach anzuwenden und zusammen mit einem hohen Genauigkeitsgrad wurde diese Technik zu einer wichtigen Untersuchung f\u00fcr Eigenschaften und Qualit\u00e4tskontrolle in den Kunststoff- und Elektrokabelbranchen. Er wird von vielen Verteidigungsministerien und Transportunternehmen gefordert. Die Technik misst den Mindestprozentsatz an Sauerstoff, der in der Testatmosph\u00e4re erforderlich ist, um die Verbrennung geringf\u00fcgig zu unterst\u00fctzen. Beachten Sie, dass BS ISO 4589 die BS 2782 Teil 141 ersetzt.<\/p>\n<p class=\"translation-block\">Die <span class=\"s1\"><span style=\"color: #f05e23\"><strong>FTT<\/strong><\/span><\/span>\n-Einheit wurde als kompakte Einheit f\u00fcr einen effizienten Einsatz in einem standardm\u00e4\u00dfigen Abzug entwickelt (oder unter einer einfachen Abzugshaube, die wir ebenfalls liefern k\u00f6nnen, sofern angefordert). Diese Einheit liefert einen kontinuierlichen digitalen Messwert der Sauerstoffkonzentrationen in der Untersuchungsatmosph\u00e4re, um eine schnelle Einstellung der Versuchskonzentration zu erm\u00f6glichen. Stabilisierte Sauerstoff-Prozentwerte werden von der digitalen Ausgabe gelesen, wodurch keine weiteren Str\u00f6mungseinstellungen erforderlich werden. Dies ist eine bedeutende Verbesserung gegen\u00fcber Systemen mit analogen Messger\u00e4ten oder erforderlichen Str\u00f6mungsanpassungen und der Verwendung von Diagrammen oder Tabellen zur Berechnung des Sauerstoffgehalts. Dadurch kann die Einheit soweit als m\u00f6glich automatisch arbeiten.<\/p>\n<p class=\"translation-block\">Das Sauerstoffindex-Messger\u00e4t kann in Verbindung mit dem Sauerstoffindex-Messger\u00e4t f\u00fcr h\u00f6here Temperaturen (<a href=\"https:\/\/www.fire-testing.com\/de\/temperature-oxygen-index-apparatus\/?lang=de\" target=\"_self\">TOI<\/a>)  verwendet werden, um den Sauerstoffindex bei Temperaturen von bis zu 125\u00b0C zu messen.<\/p>\n<p><strong>Merkmale:<\/strong><\/p>\n<ul>\n<li>Neue paramagnetische Sauerstoffzelle zur genauen Untersuchung von Sauerstoffkonzentrationen (&lt; 0,1%).<\/li>\n<li>Kompakte Einheit f\u00fcr die effiziente Nutzung innerhalb einer Laborabzugshaube mit L\u00fcftung.<\/li>\n<li>Automatische Flusskontrolle erm\u00f6glicht die Einstellung der Sauerstoffkonzentration durch Bet\u00e4tigung von nur einem Ventil.<\/li>\n<li>Schnelle Beladung von Pr\u00fcfmustern in den Testkamin mit den Ma\u00dfen 450 mm \u00d7 75 mm.<\/li>\n<li>W\u00e4hrend der Untersuchung wird der Sauerstoffgehalt in der Atmosph\u00e4re digital in Prozentwerten (keine Berechnungen erforderlich) angezeigt.<\/li>\n<li>Digitale Anzeige der Temperatur des in den Kamin eintretenden Gasgemisches.<\/li>\n<li>Pr\u00fcfmusterhalter f\u00fcr sowohl feste als aus flexible Pr\u00fcfmuster.<\/li>\n<li>Verk\u00fcrzter Gasweg f\u00fcr schnelle Reaktion<\/li>\n<\/ul>\n<p><strong>Technische Daten:<\/strong><\/p>\n<ul>\n<li>Digitale Ausgabe des Sauerstoffgehalts: +\/- 0.1%<\/li>\n<li>Abmessungen (mm): 350 (B) \u00d7 370 (T) \u00d7 280 (H)<\/li>\n<li>S\u00e4ulenabmessungen (mm): 75 und 100 (Durchm.) \u00d7 450 (H)<\/li>\n<li>Gewicht (kg): 14<\/li>\n<li>Stromversorgung: 230 V 50 Hz 1A oder 110 V 60 Hz 2A<\/li>\n<li>Bedienungshandbuch: Beiliegend<\/li>\n<li>Sonstige Betriebsanforderungen: O2\/N2 in Flaschen, Propan<sub>2<\/sub>\/N<sub>2<\/sub>, Propane<\/li>\n<\/ul>\t\t\t\t\t\t\t\t<\/div>\n\t\t\t\t<\/div>\n\t\t\t\t\t<\/div>\n\t\t<\/div>\n\t\t\t\t<div class=\"elementor-column elementor-col-50 elementor-top-column elementor-element elementor-element-6abb933\" data-id=\"6abb933\" data-element_type=\"column\" data-e-type=\"column\">\n\t\t\t<div class=\"elementor-widget-wrap elementor-element-populated\">\n\t\t\t\t\t\t<div class=\"elementor-element elementor-element-0ef6f94 elementor-widget elementor-widget-image\" data-id=\"0ef6f94\" data-element_type=\"widget\" data-e-type=\"widget\" data-widget_type=\"image.default\">\n\t\t\t\t<div class=\"elementor-widget-container\">\n\t\t\t\t\t\t\t\t\t\t\t\t\t\t\t<img fetchpriority=\"high\" decoding=\"async\" width=\"768\" height=\"768\" src=\"https:\/\/www.fire-testing.com\/wp-content\/uploads\/2019\/06\/20-oxygen-index_PIXEL-768x768.jpg\" class=\"attachment-medium_large size-medium_large wp-image-4255\" alt=\"Sauerstoffindex-Messger\u00e4t\" srcset=\"https:\/\/www.fire-testing.com\/wp-content\/uploads\/2019\/06\/20-oxygen-index_PIXEL-768x768.jpg 768w, https:\/\/www.fire-testing.com\/wp-content\/uploads\/2019\/06\/20-oxygen-index_PIXEL-150x150.jpg 150w, https:\/\/www.fire-testing.com\/wp-content\/uploads\/2019\/06\/20-oxygen-index_PIXEL-300x300.jpg 300w, https:\/\/www.fire-testing.com\/wp-content\/uploads\/2019\/06\/20-oxygen-index_PIXEL.jpg 800w\" sizes=\"(max-width: 768px) 100vw, 768px\" \/>\t\t\t\t\t\t\t\t\t\t\t\t\t\t\t<\/div>\n\t\t\t\t<\/div>\n\t\t\t\t<div class=\"elementor-element elementor-element-0826f31 elementor-widget elementor-widget-heading\" data-id=\"0826f31\" data-element_type=\"widget\" data-e-type=\"widget\" data-widget_type=\"heading.default\">\n\t\t\t\t<div class=\"elementor-widget-container\">\n\t\t\t\t\t<p class=\"elementor-heading-title elementor-size-default\">Sauerstoffindex-Messger\u00e4t<\/p>\t\t\t\t<\/div>\n\t\t\t\t<\/div>\n\t\t\t\t\t<\/div>\n\t\t<\/div>\n\t\t\t\t\t<\/div>\n\t\t<\/section>\n\t\t\t\t<section data-particle_enable=\"false\" data-particle-mobile-disabled=\"false\" class=\"elementor-section elementor-top-section elementor-element elementor-element-86c9940 elementor-section-boxed elementor-section-height-default elementor-section-height-default\" data-id=\"86c9940\" data-element_type=\"section\" data-e-type=\"section\">\n\t\t\t\t\t\t<div class=\"elementor-container elementor-column-gap-default\">\n\t\t\t\t\t<div class=\"elementor-column elementor-col-100 elementor-top-column elementor-element elementor-element-16ee489\" data-id=\"16ee489\" data-element_type=\"column\" data-e-type=\"column\">\n\t\t\t<div class=\"elementor-widget-wrap elementor-element-populated\">\n\t\t\t\t\t\t<div class=\"dce-visibility-event elementor-element elementor-element-9bae8b7 elementor-widget elementor-widget-button\" data-id=\"9bae8b7\" data-element_type=\"widget\" data-e-type=\"widget\" data-settings=\"{&quot;enabled_visibility&quot;:&quot;yes&quot;,&quot;dce_visibility_selected&quot;:&quot;yes&quot;}\" data-widget_type=\"button.default\">\n\t\t\t\t<div class=\"elementor-widget-container\">\n\t\t\t\t\t\t\t\t\t<div class=\"elementor-button-wrapper\">\n\t\t\t\t\t<a class=\"elementor-button elementor-button-link elementor-size-sm\" href=\"https:\/\/www.fire-testing.com\/de\/login\/\">\n\t\t\t\t\t\t<span class=\"elementor-button-content-wrapper\">\n\t\t\t\t\t\t\t\t\t<span class=\"elementor-button-text\">ANMELDEN\/REGISTRIEREN ZUM HERUNTERLADEN DIESER BROSCH\u00dcRE<\/span>\n\t\t\t\t\t<\/span>\n\t\t\t\t\t<\/a>\n\t\t\t\t<\/div>\n\t\t\t\t\t\t\t\t<\/div>\n\t\t\t\t<\/div>\n\t\t\t\t<div class=\"dce-visibility-event elementor-element elementor-element-cec112f elementor-widget elementor-widget-button\" data-id=\"cec112f\" data-element_type=\"widget\" data-e-type=\"widget\" data-settings=\"{&quot;enabled_visibility&quot;:&quot;yes&quot;,&quot;dce_visibility_selected&quot;:&quot;yes&quot;}\" data-widget_type=\"button.default\">\n\t\t\t\t<div class=\"elementor-widget-container\">\n\t\t\t\t\t\t\t\t\t<div class=\"elementor-button-wrapper\">\n\t\t\t\t\t<a class=\"elementor-button elementor-button-link elementor-size-sm\" href=\"https:\/\/www.fire-testing.com\/de\/request-a-brochure\/\">\n\t\t\t\t\t\t<span class=\"elementor-button-content-wrapper\">\n\t\t\t\t\t\t\t\t\t<span class=\"elementor-button-text\">REQUEST TECHNICAL SPECIFICATION<\/span>\n\t\t\t\t\t<\/span>\n\t\t\t\t\t<\/a>\n\t\t\t\t<\/div>\n\t\t\t\t\t\t\t\t<\/div>\n\t\t\t\t<\/div>\n\t\t<!-- dce invisible element 7b98b2a -->\t\t\t<\/div>\n\t\t<\/div>\n\t\t\t\t\t<\/div>\n\t\t<\/section>\n\t\t\t\t<\/div>","protected":false},"excerpt":{"rendered":"<p>Oxygen Index ASTM D2863; BS ISO 4589-2; NES 714 The Oxygen Index is, perhaps, the most economical and precise quality control test of combustible materials. Its ease of use together with high levels of precision has made this technique a primary characterising and quality control tool to the plastic and electric cable industries and it [&hellip;]<\/p>\n","protected":false},"author":142,"featured_media":0,"parent":0,"menu_order":0,"comment_status":"closed","ping_status":"closed","template":"","meta":{"_acf_changed":false,"footnotes":""},"class_list":["post-1370","page","type-page","status-publish","hentry"],"acf":[],"_links":{"self":[{"href":"https:\/\/www.fire-testing.com\/de\/wp-json\/wp\/v2\/pages\/1370","targetHints":{"allow":["GET"]}}],"collection":[{"href":"https:\/\/www.fire-testing.com\/de\/wp-json\/wp\/v2\/pages"}],"about":[{"href":"https:\/\/www.fire-testing.com\/de\/wp-json\/wp\/v2\/types\/page"}],"author":[{"embeddable":true,"href":"https:\/\/www.fire-testing.com\/de\/wp-json\/wp\/v2\/users\/142"}],"replies":[{"embeddable":true,"href":"https:\/\/www.fire-testing.com\/de\/wp-json\/wp\/v2\/comments?post=1370"}],"version-history":[{"count":0,"href":"https:\/\/www.fire-testing.com\/de\/wp-json\/wp\/v2\/pages\/1370\/revisions"}],"wp:attachment":[{"href":"https:\/\/www.fire-testing.com\/de\/wp-json\/wp\/v2\/media?parent=1370"}],"curies":[{"name":"wp","href":"https:\/\/api.w.org\/{rel}","templated":true}]}}