{"id":1417,"date":"2019-02-18T15:28:41","date_gmt":"2019-02-18T15:28:41","guid":{"rendered":"https:\/\/www.fire-testing.com\/?page_id=1417"},"modified":"2024-05-07T16:14:13","modified_gmt":"2024-05-07T15:14:13","slug":"vertical-horizontal-wire-flame-test-apparatus","status":"publish","type":"page","link":"https:\/\/www.fire-testing.com\/de\/vertical-horizontal-wire-flame-test-apparatus\/","title":{"rendered":"Testapparat f\u00fcr vertikale\/horizontale Drahtflammen"},"content":{"rendered":"<div data-elementor-type=\"wp-page\" data-elementor-id=\"1417\" class=\"elementor elementor-1417\" data-elementor-post-type=\"page\">\n\t\t\t\t\t\t<section data-particle_enable=\"false\" data-particle-mobile-disabled=\"false\" class=\"elementor-section elementor-top-section elementor-element elementor-element-6a7c76e elementor-section-boxed elementor-section-height-default elementor-section-height-default\" data-id=\"6a7c76e\" data-element_type=\"section\" data-e-type=\"section\">\n\t\t\t\t\t\t<div class=\"elementor-container elementor-column-gap-default\">\n\t\t\t\t\t<div class=\"elementor-column elementor-col-50 elementor-top-column elementor-element elementor-element-db6b04b\" data-id=\"db6b04b\" data-element_type=\"column\" data-e-type=\"column\">\n\t\t\t<div class=\"elementor-widget-wrap elementor-element-populated\">\n\t\t\t\t\t\t<div class=\"elementor-element elementor-element-f794e71 elementor-widget elementor-widget-heading\" data-id=\"f794e71\" data-element_type=\"widget\" data-e-type=\"widget\" data-widget_type=\"heading.default\">\n\t\t\t\t<div class=\"elementor-widget-container\">\n\t\t\t\t\t<h1 class=\"elementor-heading-title elementor-size-default\">Testapparat f\u00fcr vertikale\/horizontale Drahtflammen<\/h1>\t\t\t\t<\/div>\n\t\t\t\t<\/div>\n\t\t\t\t<div class=\"elementor-element elementor-element-71c6a4b elementor-widget elementor-widget-heading\" data-id=\"71c6a4b\" data-element_type=\"widget\" data-e-type=\"widget\" data-widget_type=\"heading.default\">\n\t\t\t\t<div class=\"elementor-widget-container\">\n\t\t\t\t\t<h2 class=\"elementor-heading-title elementor-size-default\">UL 1581<\/h2>\t\t\t\t<\/div>\n\t\t\t\t<\/div>\n\t\t\t\t<div class=\"elementor-element elementor-element-22e8ba77 elementor-widget elementor-widget-text-editor\" data-id=\"22e8ba77\" data-element_type=\"widget\" data-e-type=\"widget\" data-widget_type=\"text-editor.default\">\n\t\t\t\t<div class=\"elementor-widget-container\">\n\t\t\t\t\t\t\t\t\t<p class=\"translation-block\">Die UL 1581 ist ein international anerkannter Standardtest zur Bewertung der Brandsicherheit von elektrischen Kabeln. Der Test nach UL 1581 von <span class=\"s1\"><span style=\"color: #f05e23\"><strong>FTT<\/strong><\/span><\/span>  f\u00fcr die Entflammbarkeit von Kabelmaterialien gibt einen vorl\u00e4ufigen Hinweis auf deren Eignung f\u00fcr eine bestimmte Anwendung. Das Ger\u00e4t wird als Komplettsystem geliefert, das alle f\u00fcr Benutzerfreundlichkeit und Sicherheit erforderlichen Merkmale aufweist. Er entspricht den Bunsenbrennertests nach UL 1581 f\u00fcr vertikale Proben und den damit verbundenen internationalen Normen. Diese sind:<\/p>\n<ol>\n<li>1060. Vertikale Flammen- und FT1-Tests<\/li>\n<li>1061. Kabelflammtest<\/li>\n<li>1080. (Vertikale Probe) Flammpr\u00fcfung<\/li>\n<li>1090. Horizontal-Probenger\u00e4te-Drahtflammpr\u00fcfung<\/li>\n<li>1100. Horizontal-Proben-FT2-Flammpr\u00fcfung<\/li>\n<\/ol>\t\t\t\t\t\t\t\t<\/div>\n\t\t\t\t<\/div>\n\t\t\t\t\t<\/div>\n\t\t<\/div>\n\t\t\t\t<div class=\"elementor-column elementor-col-50 elementor-top-column elementor-element elementor-element-47b3803\" data-id=\"47b3803\" data-element_type=\"column\" data-e-type=\"column\">\n\t\t\t<div class=\"elementor-widget-wrap elementor-element-populated\">\n\t\t\t\t\t\t<div class=\"elementor-element elementor-element-ebd9365 elementor-widget elementor-widget-image\" data-id=\"ebd9365\" data-element_type=\"widget\" data-e-type=\"widget\" data-widget_type=\"image.default\">\n\t\t\t\t<div class=\"elementor-widget-container\">\n\t\t\t\t\t\t\t\t\t\t\t\t\t\t\t<img fetchpriority=\"high\" decoding=\"async\" width=\"800\" height=\"762\" src=\"https:\/\/fire-testing.com\/wp-content\/uploads\/2024\/05\/Picture1-1024x975.jpg\" class=\"attachment-large size-large wp-image-10400\" alt=\"\" srcset=\"https:\/\/fire-testing.com\/wp-content\/uploads\/2024\/05\/Picture1-1024x975.jpg 1024w, https:\/\/fire-testing.com\/wp-content\/uploads\/2024\/05\/Picture1-300x286.jpg 300w, https:\/\/fire-testing.com\/wp-content\/uploads\/2024\/05\/Picture1-768x731.jpg 768w, https:\/\/fire-testing.com\/wp-content\/uploads\/2024\/05\/Picture1-1536x1462.jpg 1536w, https:\/\/fire-testing.com\/wp-content\/uploads\/2024\/05\/Picture1-13x12.jpg 13w, https:\/\/fire-testing.com\/wp-content\/uploads\/2024\/05\/Picture1-600x571.jpg 600w, https:\/\/fire-testing.com\/wp-content\/uploads\/2024\/05\/Picture1.jpg 1957w\" sizes=\"(max-width: 800px) 100vw, 800px\">\t\t\t\t\t\t\t\t\t\t\t\t\t\t\t<\/div>\n\t\t\t\t<\/div>\n\t\t\t\t<div class=\"elementor-element elementor-element-89aa500 elementor-widget elementor-widget-heading\" data-id=\"89aa500\" data-element_type=\"widget\" data-e-type=\"widget\" data-widget_type=\"heading.default\">\n\t\t\t\t<div class=\"elementor-widget-container\">\n\t\t\t\t\t<p class=\"elementor-heading-title elementor-size-default\">Testapparat f\u00fcr vertikale\/horizontale Drahtflammen<\/p>\t\t\t\t<\/div>\n\t\t\t\t<\/div>\n\t\t\t\t\t<\/div>\n\t\t<\/div>\n\t\t\t\t\t<\/div>\n\t\t<\/section>\n\t\t\t\t<section data-particle_enable=\"false\" data-particle-mobile-disabled=\"false\" class=\"elementor-section elementor-top-section elementor-element elementor-element-00b645b elementor-section-boxed elementor-section-height-default elementor-section-height-default\" data-id=\"00b645b\" data-element_type=\"section\" data-e-type=\"section\">\n\t\t\t\t\t\t<div class=\"elementor-container elementor-column-gap-default\">\n\t\t\t\t\t<div class=\"elementor-column elementor-col-100 elementor-top-column elementor-element elementor-element-45724c8\" data-id=\"45724c8\" data-element_type=\"column\" data-e-type=\"column\">\n\t\t\t<div class=\"elementor-widget-wrap elementor-element-populated\">\n\t\t\t\t\t\t<div class=\"dce-visibility-event elementor-element elementor-element-e2e14c5 elementor-widget elementor-widget-button\" data-id=\"e2e14c5\" data-element_type=\"widget\" data-e-type=\"widget\" data-settings=\"{&quot;enabled_visibility&quot;:&quot;yes&quot;,&quot;dce_visibility_selected&quot;:&quot;yes&quot;}\" data-widget_type=\"button.default\">\n\t\t\t\t<div class=\"elementor-widget-container\">\n\t\t\t\t\t\t\t\t\t<div class=\"elementor-button-wrapper\">\n\t\t\t\t\t<a class=\"elementor-button elementor-button-link elementor-size-sm\" href=\"https:\/\/www.fire-testing.com\/de\/login\/\">\n\t\t\t\t\t\t<span class=\"elementor-button-content-wrapper\">\n\t\t\t\t\t\t\t\t\t<span class=\"elementor-button-text\">ANMELDEN\/REGISTRIEREN ZUM HERUNTERLADEN DIESER BROSCH\u00dcRE<\/span>\n\t\t\t\t\t<\/span>\n\t\t\t\t\t<\/a>\n\t\t\t\t<\/div>\n\t\t\t\t\t\t\t\t<\/div>\n\t\t\t\t<\/div>\n\t\t\t\t<div class=\"dce-visibility-event elementor-element elementor-element-5a4537e elementor-widget elementor-widget-button\" data-id=\"5a4537e\" data-element_type=\"widget\" data-e-type=\"widget\" data-settings=\"{&quot;enabled_visibility&quot;:&quot;yes&quot;,&quot;dce_visibility_selected&quot;:&quot;yes&quot;}\" data-widget_type=\"button.default\">\n\t\t\t\t<div class=\"elementor-widget-container\">\n\t\t\t\t\t\t\t\t\t<div class=\"elementor-button-wrapper\">\n\t\t\t\t\t<a class=\"elementor-button elementor-button-link elementor-size-sm\" href=\"https:\/\/www.fire-testing.com\/de\/request-a-brochure\/\">\n\t\t\t\t\t\t<span class=\"elementor-button-content-wrapper\">\n\t\t\t\t\t\t\t\t\t<span class=\"elementor-button-text\">REQUEST TECHNICAL SPECIFICATION<\/span>\n\t\t\t\t\t<\/span>\n\t\t\t\t\t<\/a>\n\t\t\t\t<\/div>\n\t\t\t\t\t\t\t\t<\/div>\n\t\t\t\t<\/div>\n\t\t<!-- dce invisible element 4e7c8fc -->\t\t\t<\/div>\n\t\t<\/div>\n\t\t\t\t\t<\/div>\n\t\t<\/section>\n\t\t\t\t<\/div>","protected":false},"excerpt":{"rendered":"<p>Vertical\/Horizontal Wire Flame Test Apparatus UL 1581 The UL 1581 is an internationally recognised standard test for evaluating fire safety for electric cables. The FTT UL 1581 test for flammability of cable materials gives a preliminary indication of their suitability for a particular application. The apparatus is supplied as a complete system incorporating all the [&hellip;]<\/p>\n","protected":false},"author":142,"featured_media":0,"parent":0,"menu_order":0,"comment_status":"closed","ping_status":"closed","template":"","meta":{"_acf_changed":false,"footnotes":""},"class_list":["post-1417","page","type-page","status-publish","hentry"],"acf":[],"_links":{"self":[{"href":"https:\/\/www.fire-testing.com\/de\/wp-json\/wp\/v2\/pages\/1417","targetHints":{"allow":["GET"]}}],"collection":[{"href":"https:\/\/www.fire-testing.com\/de\/wp-json\/wp\/v2\/pages"}],"about":[{"href":"https:\/\/www.fire-testing.com\/de\/wp-json\/wp\/v2\/types\/page"}],"author":[{"embeddable":true,"href":"https:\/\/www.fire-testing.com\/de\/wp-json\/wp\/v2\/users\/142"}],"replies":[{"embeddable":true,"href":"https:\/\/www.fire-testing.com\/de\/wp-json\/wp\/v2\/comments?post=1417"}],"version-history":[{"count":0,"href":"https:\/\/www.fire-testing.com\/de\/wp-json\/wp\/v2\/pages\/1417\/revisions"}],"wp:attachment":[{"href":"https:\/\/www.fire-testing.com\/de\/wp-json\/wp\/v2\/media?parent=1417"}],"curies":[{"name":"wp","href":"https:\/\/api.w.org\/{rel}","templated":true}]}}