{"id":20,"date":"2018-02-12T14:47:11","date_gmt":"2018-02-12T14:47:11","guid":{"rendered":"https:\/\/websitedemos.net\/coach02\/?page_id=20"},"modified":"2026-01-08T17:20:12","modified_gmt":"2026-01-08T17:20:12","slug":"about-fire-testing-technology","status":"publish","type":"page","link":"https:\/\/www.fire-testing.com\/de\/about-fire-testing-technology\/","title":{"rendered":"About"},"content":{"rendered":"<div data-elementor-type=\"wp-post\" data-elementor-id=\"20\" class=\"elementor elementor-20\" data-elementor-post-type=\"page\">\n\t\t\t\t\t\t<section data-particle_enable=\"false\" data-particle-mobile-disabled=\"false\" class=\"elementor-section elementor-top-section elementor-element elementor-element-23e8e59 elementor-section-boxed elementor-section-height-default elementor-section-height-default\" data-id=\"23e8e59\" data-element_type=\"section\" data-e-type=\"section\">\n\t\t\t\t\t\t<div class=\"elementor-container elementor-column-gap-default\">\n\t\t\t\t\t<div class=\"elementor-column elementor-col-100 elementor-top-column elementor-element elementor-element-223c9a7\" data-id=\"223c9a7\" data-element_type=\"column\" data-e-type=\"column\">\n\t\t\t<div class=\"elementor-widget-wrap elementor-element-populated\">\n\t\t\t\t\t\t<div class=\"elementor-element elementor-element-aa5171f elementor-widget elementor-widget-heading\" data-id=\"aa5171f\" data-element_type=\"widget\" data-e-type=\"widget\" data-widget_type=\"heading.default\">\n\t\t\t\t<div class=\"elementor-widget-container\">\n\t\t\t\t\t<h1 class=\"elementor-heading-title elementor-size-default\">\u00dcber Uns Fire Testing Technology<\/h1>\t\t\t\t<\/div>\n\t\t\t\t<\/div>\n\t\t\t\t\t<\/div>\n\t\t<\/div>\n\t\t\t\t\t<\/div>\n\t\t<\/section>\n\t\t\t\t<section data-particle_enable=\"false\" data-particle-mobile-disabled=\"false\" class=\"elementor-section elementor-top-section elementor-element elementor-element-7fd9058 elementor-section-boxed elementor-section-height-default elementor-section-height-default\" data-id=\"7fd9058\" data-element_type=\"section\" data-e-type=\"section\">\n\t\t\t\t\t\t<div class=\"elementor-container elementor-column-gap-default\">\n\t\t\t\t\t<div class=\"elementor-column elementor-col-100 elementor-top-column elementor-element elementor-element-6862439\" data-id=\"6862439\" data-element_type=\"column\" data-e-type=\"column\">\n\t\t\t<div class=\"elementor-widget-wrap elementor-element-populated\">\n\t\t\t\t\t\t<div class=\"elementor-element elementor-element-7560471 elementor-widget elementor-widget-heading\" data-id=\"7560471\" data-element_type=\"widget\" data-e-type=\"widget\" data-widget_type=\"heading.default\">\n\t\t\t\t<div class=\"elementor-widget-container\">\n\t\t\t\t\t<h2 class=\"elementor-heading-title elementor-size-default\">Vision und Mission<\/h2>\t\t\t\t<\/div>\n\t\t\t\t<\/div>\n\t\t\t\t<div class=\"elementor-element elementor-element-5df8b9d elementor-widget elementor-widget-heading\" data-id=\"5df8b9d\" data-element_type=\"widget\" data-e-type=\"widget\" data-widget_type=\"heading.default\">\n\t\t\t\t<div class=\"elementor-widget-container\">\n\t\t\t\t\t<h3 class=\"elementor-heading-title elementor-size-default\">Vision<\/h3>\t\t\t\t<\/div>\n\t\t\t\t<\/div>\n\t\t\t\t<div class=\"elementor-element elementor-element-df519b4 elementor-widget elementor-widget-text-editor\" data-id=\"df519b4\" data-element_type=\"widget\" data-e-type=\"widget\" data-widget_type=\"text-editor.default\">\n\t\t\t\t<div class=\"elementor-widget-container\">\n\t\t\t\t\t\t\t\t\t<p>Fire Testing Technology&#8217;s vision is to be the global leader in fire testing instrumentation.<\/p>\t\t\t\t\t\t\t\t<\/div>\n\t\t\t\t<\/div>\n\t\t\t\t<div class=\"elementor-element elementor-element-0f53fa0 elementor-widget elementor-widget-heading\" data-id=\"0f53fa0\" data-element_type=\"widget\" data-e-type=\"widget\" data-widget_type=\"heading.default\">\n\t\t\t\t<div class=\"elementor-widget-container\">\n\t\t\t\t\t<h3 class=\"elementor-heading-title elementor-size-default\">Mission<\/h3>\t\t\t\t<\/div>\n\t\t\t\t<\/div>\n\t\t\t\t<div class=\"elementor-element elementor-element-76e1ebd elementor-widget elementor-widget-text-editor\" data-id=\"76e1ebd\" data-element_type=\"widget\" data-e-type=\"widget\" data-widget_type=\"text-editor.default\">\n\t\t\t\t<div class=\"elementor-widget-container\">\n\t\t\t\t\t\t\t\t\t<p>Fire Testing Technology&#8217;s mission is to prevent loss of life and damage to property caused by fire.\u00a0<\/p>\t\t\t\t\t\t\t\t<\/div>\n\t\t\t\t<\/div>\n\t\t\t\t<div class=\"elementor-element elementor-element-ccef2fc elementor-widget elementor-widget-heading\" data-id=\"ccef2fc\" data-element_type=\"widget\" data-e-type=\"widget\" data-widget_type=\"heading.default\">\n\t\t\t\t<div class=\"elementor-widget-container\">\n\t\t\t\t\t<h2 class=\"elementor-heading-title elementor-size-default\">Werte<\/h2>\t\t\t\t<\/div>\n\t\t\t\t<\/div>\n\t\t\t\t<div class=\"elementor-element elementor-element-2aef8cf elementor-widget elementor-widget-text-editor\" data-id=\"2aef8cf\" data-element_type=\"widget\" data-e-type=\"widget\" data-widget_type=\"text-editor.default\">\n\t\t\t\t<div class=\"elementor-widget-container\">\n\t\t\t\t\t\t\t\t\t<p>At Fire Testing Technology, our values guide every decision we make, every product we build and every partnership we form.<\/p>\t\t\t\t\t\t\t\t<\/div>\n\t\t\t\t<\/div>\n\t\t\t\t<div class=\"elementor-element elementor-element-60a9d69 elementor-widget elementor-widget-heading\" data-id=\"60a9d69\" data-element_type=\"widget\" data-e-type=\"widget\" data-widget_type=\"heading.default\">\n\t\t\t\t<div class=\"elementor-widget-container\">\n\t\t\t\t\t<h3 class=\"elementor-heading-title elementor-size-default\">Innovation<\/h3>\t\t\t\t<\/div>\n\t\t\t\t<\/div>\n\t\t\t\t<div class=\"elementor-element elementor-element-b29b061 elementor-widget elementor-widget-text-editor\" data-id=\"b29b061\" data-element_type=\"widget\" data-e-type=\"widget\" data-widget_type=\"text-editor.default\">\n\t\t\t\t<div class=\"elementor-widget-container\">\n\t\t\t\t\t\t\t\t\t<p>We develop cutting edge fire testing instruments that enhance safety, precision and efficiency.<\/p>\t\t\t\t\t\t\t\t<\/div>\n\t\t\t\t<\/div>\n\t\t\t\t<div class=\"elementor-element elementor-element-0178367 elementor-widget elementor-widget-heading\" data-id=\"0178367\" data-element_type=\"widget\" data-e-type=\"widget\" data-widget_type=\"heading.default\">\n\t\t\t\t<div class=\"elementor-widget-container\">\n\t\t\t\t\t<h3 class=\"elementor-heading-title elementor-size-default\">Collaboration<\/h3>\t\t\t\t<\/div>\n\t\t\t\t<\/div>\n\t\t\t\t<div class=\"elementor-element elementor-element-56cf8ad elementor-widget elementor-widget-text-editor\" data-id=\"56cf8ad\" data-element_type=\"widget\" data-e-type=\"widget\" data-widget_type=\"text-editor.default\">\n\t\t\t\t<div class=\"elementor-widget-container\">\n\t\t\t\t\t\t\t\t\t<p>We work closely with our customers and teams to deliver reliable, high-performance solutions.<\/p>\t\t\t\t\t\t\t\t<\/div>\n\t\t\t\t<\/div>\n\t\t\t\t<div class=\"elementor-element elementor-element-5de4dfb elementor-widget elementor-widget-heading\" data-id=\"5de4dfb\" data-element_type=\"widget\" data-e-type=\"widget\" data-widget_type=\"heading.default\">\n\t\t\t\t<div class=\"elementor-widget-container\">\n\t\t\t\t\t<h3 class=\"elementor-heading-title elementor-size-default\">Responsibility<\/h3>\t\t\t\t<\/div>\n\t\t\t\t<\/div>\n\t\t\t\t<div class=\"elementor-element elementor-element-bc0df0d elementor-widget elementor-widget-text-editor\" data-id=\"bc0df0d\" data-element_type=\"widget\" data-e-type=\"widget\" data-widget_type=\"text-editor.default\">\n\t\t\t\t<div class=\"elementor-widget-container\">\n\t\t\t\t\t\t\t\t\t<p>We ensure our products meet the highest safety, ethical and regulatory standards.<\/p>\t\t\t\t\t\t\t\t<\/div>\n\t\t\t\t<\/div>\n\t\t\t\t<div class=\"elementor-element elementor-element-4849d21 elementor-widget elementor-widget-heading\" data-id=\"4849d21\" data-element_type=\"widget\" data-e-type=\"widget\" data-widget_type=\"heading.default\">\n\t\t\t\t<div class=\"elementor-widget-container\">\n\t\t\t\t\t<h3 class=\"elementor-heading-title elementor-size-default\">Quality<\/h3>\t\t\t\t<\/div>\n\t\t\t\t<\/div>\n\t\t\t\t<div class=\"elementor-element elementor-element-9181bef elementor-widget elementor-widget-text-editor\" data-id=\"9181bef\" data-element_type=\"widget\" data-e-type=\"widget\" data-widget_type=\"text-editor.default\">\n\t\t\t\t<div class=\"elementor-widget-container\">\n\t\t\t\t\t\t\t\t\t<p>We deliver excellence through precision engineering and the highest manufacturing standards.<\/p>\t\t\t\t\t\t\t\t<\/div>\n\t\t\t\t<\/div>\n\t\t\t\t<div class=\"elementor-element elementor-element-e194b05 elementor-widget elementor-widget-heading\" data-id=\"e194b05\" data-element_type=\"widget\" data-e-type=\"widget\" data-widget_type=\"heading.default\">\n\t\t\t\t<div class=\"elementor-widget-container\">\n\t\t\t\t\t<h3 class=\"elementor-heading-title elementor-size-default\">Diversity<\/h3>\t\t\t\t<\/div>\n\t\t\t\t<\/div>\n\t\t\t\t<div class=\"elementor-element elementor-element-72d86e1 elementor-widget elementor-widget-text-editor\" data-id=\"72d86e1\" data-element_type=\"widget\" data-e-type=\"widget\" data-widget_type=\"text-editor.default\">\n\t\t\t\t<div class=\"elementor-widget-container\">\n\t\t\t\t\t\t\t\t\t<p>We value diverse perspectives and skills, fostering an inclusive culture that drives innovation.<\/p>\t\t\t\t\t\t\t\t<\/div>\n\t\t\t\t<\/div>\n\t\t\t\t<div class=\"elementor-element elementor-element-0a007ec elementor-widget elementor-widget-eael-content-timeline\" data-id=\"0a007ec\" data-element_type=\"widget\" data-e-type=\"widget\" data-widget_type=\"eael-content-timeline.default\">\n\t\t\t\t<div class=\"elementor-widget-container\">\n\t\t\t\t\t\t\t<div id=\"eael-content-timeline-0a007ec\" class=\"content-timeline-layout-center date-position- horizontal-timeline-wrapper\" data-slide_to_scroll=\"{&quot;desktop&quot;:1,&quot;mobile&quot;:1,&quot;tablet&quot;:1}\">\n\t\t\t<div class=\"eael-content-timeline-container\">\n\t\t\t\t<div class=\"eael-content-timeline-container\">\n\t\t\t\t\t\t\t\t\t\t\t\t\t\t\t\t\t\t\t\t\t\t\t<div class=\"eael-content-timeline-block\">\n    <div class=\"eael-content-timeline-line\">\n        <div class=\"eael-content-timeline-inner\"><\/div>\n    <\/div>\n    <div class=\"eael-content-timeline-img eael-picture\"><\/div><div class=\"eael-content-timeline-content\"><span class=\"eael-date\"><\/span><h2 class=\"eael-timeline-title\">1989<\/h2><div class=\"eael-timeline-excerpt\"><p><span class=\"ftt-600\">FTT<\/span> wurde von Messtechnik-Ingenieur Stephen Upton und Brandwissenschaftler Stephen Grayson gegr\u00fcndet.<\/p><\/div><\/div><\/div>\t\t\t\t\t\t\t\t\t\t\t\t\t\t\t\t\t\t<div class=\"eael-content-timeline-block\">\n    <div class=\"eael-content-timeline-line\">\n        <div class=\"eael-content-timeline-inner\"><\/div>\n    <\/div>\n    <div class=\"eael-content-timeline-img eael-picture\"><\/div><div class=\"eael-content-timeline-content\"><span class=\"eael-date\"><\/span><h2 class=\"eael-timeline-title\">1993<\/h2><div class=\"eael-timeline-excerpt\"><p><span class=\"ftt-600\">FTT<\/span> stellte ihr Kegelkalorimeter der ersten Generation vor. Dieses Kegelkalorimeter war eine erschwingliche Option im Vergleich zu dem, was zu der Zeit in der Branche zu finden war. Dieser Zusatz \u00f6ffnete den Markt und erm\u00f6glichte einer breiteren Gruppe von Forschern den Zugang zu dieser Technologie.<\/p><\/div><\/div><\/div>\t\t\t\t\t\t\t\t\t\t\t\t\t\t\t\t\t\t<div class=\"eael-content-timeline-block\">\n    <div class=\"eael-content-timeline-line\">\n        <div class=\"eael-content-timeline-inner\"><\/div>\n    <\/div>\n    <div class=\"eael-content-timeline-img eael-picture\"><\/div><div class=\"eael-content-timeline-content\"><span class=\"eael-date\"><\/span><h2 class=\"eael-timeline-title\">1998<\/h2><div class=\"eael-timeline-excerpt\"><p class=\"translation-block\"><span class=\"s1\"><span style=\"color: #f05e23\"><strong>FTT <\/strong><\/span><\/span><span class=\"s1\"> erwarb die Brandmesstechniksparte mit dem Handelsnamen Stanton Redcroft. 1998 galt <span class=\"s1\"><span style=\"color: #f05e23\"><strong>FTT <\/strong><\/span><\/span><span class=\"s1\"> als weltweiter Lieferant von Kalorimetern, NBS-Rauchkammern und Sauerstoffindexen und produzierte mehr als 40 verschiedene Brandpr\u00fcfinstrumente.<\/p><p class=\"translation-block\">Die Produkte von <span class=\"s1\"><span style=\"color: #f05e23\"><strong>FTT<\/strong><\/span><\/span> boten die gesamte Palette der Ausr\u00fcstung, die f\u00fcr die Pr\u00fcfarbeiten f\u00fcr die europ\u00e4ische Bauprodukte-Verordnung erforderlich war.<\/p><\/div><\/div><\/div>\t\t\t\t\t\t\t\t\t\t\t\t\t\t\t\t\t\t<div class=\"eael-content-timeline-block\">\n    <div class=\"eael-content-timeline-line\">\n        <div class=\"eael-content-timeline-inner\"><\/div>\n    <\/div>\n    <div class=\"eael-content-timeline-img eael-picture\"><\/div><div class=\"eael-content-timeline-content\"><span class=\"eael-date\"><\/span><h2 class=\"eael-timeline-title\">2005<\/h2><div class=\"eael-timeline-excerpt\"><p><a href=\"https:\/\/www.judges.uk.com\/\" target=\"_blank\" rel=\"noopener\"><strong><span class=\"ftt-600\">Judges Scientific plc<\/span><\/strong><\/a>, gelistet im Alternative Investment Market der London Stock Exchange (\u201eAIM\u201c), leitet eine Gruppe, die sich dem Wachstum im Bereich wissenschaftlicher Instrumente sowohl durch eine \u201eBuy-and-Build\u201c-Strategie als auch durch organisches Wachstum widmet.\nGegr\u00fcndet gegen Ende 2002 mit dem Plan f\u00fcr ein anderes Gesch\u00e4ftsmodell, unternahm das Unternehmen im Mai 2005 mit der \u00dcbernahme von Fire Testing Technology seinen ersten Streifzug in die Welt wissenschaftlicher Instrumente. Die Gesch\u00e4ftsf\u00fchrung identifizierte wissenschaftliche Instrumente als einen Sektor, in dem Gro\u00dfbritannien sich zu Recht r\u00fchmen kann, ein globales Kompetenzzentrum zu sein. Mit einer gro\u00dfen Zahl von Privatunternehmen, die von unternehmerisch denkenden Wissenschaftlern und Ingenieuren gegr\u00fcndet wurden, erkannte das F\u00fchrungsteam von Judges, dass der Sektor reif f\u00fcr eine Konsolidierung ist. Seit der \u00dcbernahme von <span class=\"ftt-600\">FTT<\/span> acquisition, a further 14 businesses have been brought into the Judges family of companies in furtherance of its strategic aims.<\/p><\/div><\/div><\/div>\t\t\t\t\t\t\t\t\t\t\t\t\t\t\t\t\t\t<div class=\"eael-content-timeline-block\">\n    <div class=\"eael-content-timeline-line\">\n        <div class=\"eael-content-timeline-inner\"><\/div>\n    <\/div>\n    <div class=\"eael-content-timeline-img eael-picture\"><\/div><div class=\"eael-content-timeline-content\"><span class=\"eael-date\"><\/span><h2 class=\"eael-timeline-title\">2011<\/h2><div class=\"eael-timeline-excerpt\"><p><span class=\"ftt-600\">FTT<\/span> erreichte die ISO-Zertifizierungen vom British Standards Institute (BSI), f\u00fcr Qualit\u00e4tsmanagementsysteme (ISO 9001) und Umweltmanagementsysteme (ISO 14001).<\/p><\/div><\/div><\/div>\t\t\t\t\t\t\t\t\t\t\t\t\t\t\t\t\t\t<div class=\"eael-content-timeline-block\">\n    <div class=\"eael-content-timeline-line\">\n        <div class=\"eael-content-timeline-inner\"><\/div>\n    <\/div>\n    <div class=\"eael-content-timeline-img eael-picture\"><\/div><div class=\"eael-content-timeline-content\"><span class=\"eael-date\"><\/span><h2 class=\"eael-timeline-title\">2013<\/h2><div class=\"eael-timeline-excerpt\"><p class=\"translation-block\">Mit dem fortgesetzten Engagement von <span style=\"color: #f05e23\"><strong>FTT<\/strong><\/span> f\u00fcr technologisch fortschrittliche Ger\u00e4te, nahm <span style=\"color: #f05e23\"><strong>FTT<\/strong><\/span> das <span class=\"s1\"><span style=\"color: #f05e23\"><em><strong><span style=\"font-family: Times\">i<\/span><\/strong><\/em><\/span>Cone<em><span style=\"color: #f05e23\"> plus<\/span><\/em><span class=\"s1\">  in die Palette der Instrumente ihres Produktportfolios auf.<\/p><\/div><\/div><\/div>\t\t\t\t\t\t\t\t\t\t\t\t\t\t\t\t\t\t<div class=\"eael-content-timeline-block\">\n    <div class=\"eael-content-timeline-line\">\n        <div class=\"eael-content-timeline-inner\"><\/div>\n    <\/div>\n    <div class=\"eael-content-timeline-img eael-picture\"><\/div><div class=\"eael-content-timeline-content\"><span class=\"eael-date\"><\/span><h2 class=\"eael-timeline-title\">2016<\/h2><div class=\"eael-timeline-excerpt\"><p class=\"translation-block\"><span class=\"s1\"><span style=\"color: #f05e23\"><strong>FTT<\/strong><\/span>  nahm das <span class=\"s1\"><span style=\"color: #f05e23\"><em><strong><span style=\"font-family: Times\">i<\/span><\/strong><\/em><\/span>Cone<em><span style=\"color: #f05e23\"> mini<\/span><\/em><span class=\"s1\">  und das <span class=\"s1\"><span style=\"color: #f05e23\"><em><strong><span style=\"font-family: Times\">i<\/span><\/strong><\/em><\/span>Cone<em><span style=\"color: #f05e23\"> classic<\/span><\/em><span class=\"s1\">  in ihr Produktportfolio auf.<\/p><\/div><\/div><\/div>\t\t\t\t\t\t\t\t\t\t\t\t\t\t\t\t\t\t<div class=\"eael-content-timeline-block\">\n    <div class=\"eael-content-timeline-line\">\n        <div class=\"eael-content-timeline-inner\"><\/div>\n    <\/div>\n    <div class=\"eael-content-timeline-img eael-picture\"><\/div><div class=\"eael-content-timeline-content\"><span class=\"eael-date\"><\/span><h2 class=\"eael-timeline-title\">2019<\/h2><div class=\"eael-timeline-excerpt\"><span class=\"ftt-600\">FTT<\/span> launch new branding and the next generation <em class=\"ftt-600\">i<\/em>Cone<sup class=\"ftt\">2+<\/sup>, as part of our commitment to deliver on technology and improved customer experience.<\/div><\/div><\/div>\t\t\t\t<\/div>\n\t\t\t<\/div>\n\t\t<\/div>\n\t\t\t\t\t<\/div>\n\t\t\t\t<\/div>\n\t\t\t\t\t<\/div>\n\t\t<\/div>\n\t\t\t\t\t<\/div>\n\t\t<\/section>\n\t\t\t\t<\/div>","protected":false},"excerpt":{"rendered":"<p>About Fire Testing Technology Vision and Mission Vision Fire Testing Technology&#8217;s vision is to be the global leader in fire testing instrumentation. Mission Fire Testing Technology&#8217;s mission is to prevent loss of life and damage to property caused by fire.\u00a0 Values At Fire Testing Technology, our values guide every decision we make, every product we [&hellip;]<\/p>\n","protected":false},"author":142,"featured_media":0,"parent":0,"menu_order":0,"comment_status":"closed","ping_status":"closed","template":"","meta":{"_acf_changed":false,"footnotes":""},"class_list":["post-20","page","type-page","status-publish","hentry"],"acf":[],"_links":{"self":[{"href":"https:\/\/www.fire-testing.com\/de\/wp-json\/wp\/v2\/pages\/20","targetHints":{"allow":["GET"]}}],"collection":[{"href":"https:\/\/www.fire-testing.com\/de\/wp-json\/wp\/v2\/pages"}],"about":[{"href":"https:\/\/www.fire-testing.com\/de\/wp-json\/wp\/v2\/types\/page"}],"author":[{"embeddable":true,"href":"https:\/\/www.fire-testing.com\/de\/wp-json\/wp\/v2\/users\/142"}],"replies":[{"embeddable":true,"href":"https:\/\/www.fire-testing.com\/de\/wp-json\/wp\/v2\/comments?post=20"}],"version-history":[{"count":0,"href":"https:\/\/www.fire-testing.com\/de\/wp-json\/wp\/v2\/pages\/20\/revisions"}],"wp:attachment":[{"href":"https:\/\/www.fire-testing.com\/de\/wp-json\/wp\/v2\/media?parent=20"}],"curies":[{"name":"wp","href":"https:\/\/api.w.org\/{rel}","templated":true}]}}