{"id":2321,"date":"2019-05-03T14:55:51","date_gmt":"2019-05-03T14:55:51","guid":{"rendered":"https:\/\/www.fire-testing.com\/?page_id=2321"},"modified":"2020-01-04T15:48:20","modified_gmt":"2020-01-04T15:48:20","slug":"en","status":"publish","type":"page","link":"https:\/\/www.fire-testing.com\/de\/en\/","title":{"rendered":"EN"},"content":{"rendered":"<h2>\n\t\t\tNach Industriestandard ausw\u00e4hlen\n\t\t<\/h2>\n\t   \t<ul id=\"menu-industry-standard\"><li id=\"menu-item-2312\"><a href=\"https:\/\/www.fire-testing.com\/de\/astm-fire-standards\/\" tabindex=\"0\" role=\"link\">ASTM<\/a><\/li>\n<li id=\"menu-item-2318\"><a href=\"https:\/\/www.fire-testing.com\/de\/bs\/\" tabindex=\"0\" role=\"link\">BS<\/a><\/li>\n<li id=\"menu-item-2324\"><a href=\"https:\/\/www.fire-testing.com\/en\/\" aria-current=\"page\" tabindex=\"0\" role=\"link\">EN<\/a><\/li>\n<li id=\"menu-item-2328\"><a href=\"https:\/\/www.fire-testing.com\/de\/iec\/\" tabindex=\"0\" role=\"link\">IEC<\/a><\/li>\n<li id=\"menu-item-2332\"><a href=\"https:\/\/www.fire-testing.com\/de\/iso\/\" tabindex=\"0\" role=\"link\">ISO<\/a><\/li>\n<li id=\"menu-item-2336\"><a href=\"https:\/\/www.fire-testing.com\/de\/ul\/\" tabindex=\"0\" role=\"link\">UL<\/a><\/li>\n<li id=\"menu-item-2340\"><a href=\"https:\/\/www.fire-testing.com\/de\/other\/\" tabindex=\"0\" role=\"link\">Other<\/a><\/li>\n<\/ul>\n\t\t\t\t\t\t\t\t\t<a href=\"https:\/\/www.fire-testing.com\/de\/oxygen-bomb-calorimeter\/\" target=\"_self\" itemprop=\"url\" rel=\"noopener noreferrer\">\n\t\t\t\t\t\t\t\t\t\t<img decoding=\"async\" src=\"https:\/\/www.fire-testing.com\/wp-content\/uploads\/2019\/06\/05-Bomb-Calorimeter_PIXEL.jpg\" alt=\"Bombenkalorimeter\" itemprop=\"image\"  \/>\n\t\t\t\t\t\t\t\t\t\t\t\t\t\t\t<\/a>\n\t\t\t\t\t\t\t\t\t\t\t\t\t\t\t\t\t\t\t\t\t\t\t<a href=\"https:\/\/www.fire-testing.com\/de\/oxygen-bomb-calorimeter\/\" target=\"_self\" itemprop=\"url\" rel=\"noopener noreferrer\">\n\t\t\t\t\t\t\t\t\t\tBombenkalorimeter\n\t\t\t\t\t\t\t\t\t\t\t<\/a>\n\t\t\t\t\t\t\t\t\t<a href=\"https:\/\/www.fire-testing.com\/de\/non-combustibility-apparatus\/\" target=\"_self\" itemprop=\"url\" rel=\"noopener noreferrer\">\n\t\t\t\t\t\t\t\t\t\t<img decoding=\"async\" src=\"https:\/\/www.fire-testing.com\/wp-content\/uploads\/2019\/04\/02-lEN-ISO-1182-Non-combustibility-Test.jpg\" alt=\"Non-combustibility Test EN ISO 1182 reaction to fire tests for building products\" itemprop=\"image\"  \/>\n\t\t\t\t\t\t\t\t\t\t\t\t\t\t\t<\/a>\n\t\t\t\t\t\t\t\t\t\t\t\t\t\t\t\t\t\t\t\t\t\t\t<a href=\"https:\/\/www.fire-testing.com\/de\/non-combustibility-apparatus\/\" target=\"_self\" itemprop=\"url\" rel=\"noopener noreferrer\">\n\t\t\t\t\t\t\t\t\t\tNichtbrennbarkeitspr\u00fcfger\u00e4t\n\t\t\t\t\t\t\t\t\t\t\t<\/a>\n\t\t\t\t\t\t\t\t\t<a href=\"https:\/\/www.fire-testing.com\/de\/single-burning-item-sbi\/\" target=\"_self\" itemprop=\"url\" rel=\"noopener noreferrer\">\n\t\t\t\t\t\t\t\t\t\t<img decoding=\"async\" src=\"https:\/\/www.fire-testing.com\/wp-content\/uploads\/2019\/06\/01-Single-Burning-Item_PIXEL_LINK.jpg\" alt=\"Single Burning Item (SBI)\" itemprop=\"image\"  \/>\n\t\t\t\t\t\t\t\t\t\t\t\t\t\t\t<\/a>\n\t\t\t\t\t\t\t\t\t\t\t\t\t\t\t\t\t\t\t\t\t\t\t<a href=\"https:\/\/www.fire-testing.com\/de\/single-burning-item-sbi\/\" target=\"_self\" itemprop=\"url\" rel=\"noopener noreferrer\">\n\t\t\t\t\t\t\t\t\t\tSingle Burning Item (SBI)\n\t\t\t\t\t\t\t\t\t\t\t<\/a>\n\t\t\t\t\t\t\t\t\t<a href=\"https:\/\/www.fire-testing.com\/de\/burning-behaviour-of-bunched-cables\/\" target=\"_self\" itemprop=\"url\" rel=\"noopener noreferrer\">\n\t\t\t\t\t\t\t\t\t\t<img decoding=\"async\" src=\"https:\/\/www.fire-testing.com\/wp-content\/uploads\/2019\/06\/08-Commen-test-methods-for-cables_PIXEL_LINK.jpg\" alt=\"Brandverhalten von Kabelb\u00fcndeln\" itemprop=\"image\"  \/>\n\t\t\t\t\t\t\t\t\t\t\t\t\t\t\t<\/a>\n\t\t\t\t\t\t\t\t\t\t\t\t\t\t\t\t\t\t\t\t\t\t\t<a href=\"https:\/\/www.fire-testing.com\/de\/burning-behaviour-of-bunched-cables\/\" target=\"_self\" itemprop=\"url\" rel=\"noopener noreferrer\">\n\t\t\t\t\t\t\t\t\t\tBrandverhalten von Kabelb\u00fcndeln\n\t\t\t\t\t\t\t\t\t\t\t<\/a>\n\t\t\t\t\t\t\t\t\t<a href=\"https:\/\/www.fire-testing.com\/de\/room-corner-test\/\" target=\"_self\" itemprop=\"url\" rel=\"noopener noreferrer\">\n\t\t\t\t\t\t\t\t\t\t<img decoding=\"async\" src=\"https:\/\/www.fire-testing.com\/wp-content\/uploads\/2019\/06\/22-room-corner-test_link_PIXEL_LINK.jpg\" alt=\"Gro\u00dfkalium Sauerstoffverbrauch Kalorimetrie\" itemprop=\"image\"  \/>\n\t\t\t\t\t\t\t\t\t\t\t\t\t\t\t<\/a>\n\t\t\t\t\t\t\t\t\t\t\t\t\t\t\t\t\t\t\t\t\t\t\t<a href=\"https:\/\/www.fire-testing.com\/de\/room-corner-test\/\" target=\"_self\" itemprop=\"url\" rel=\"noopener noreferrer\">\n\t\t\t\t\t\t\t\t\t\tGro\u00dfkalium Sauerstoffverbrauch Kalorimetrie\n\t\t\t\t\t\t\t\t\t\t\t<\/a>\n\t\t\t\t\t\t\t\t\t<a href=\"https:\/\/www.fire-testing.com\/de\/burning-behaviour-of-bunched-cables\/\" target=\"_self\" itemprop=\"url\" rel=\"noopener noreferrer\">\n\t\t\t\t\t\t\t\t\t\t<img decoding=\"async\" src=\"https:\/\/www.fire-testing.com\/wp-content\/uploads\/2019\/06\/07-EN-60332-3_PIXEL_LINK.jpg\" alt=\"Brandverhalten von Kabelb\u00fcndeln\" itemprop=\"image\"  \/>\n\t\t\t\t\t\t\t\t\t\t\t\t\t\t\t<\/a>\n\t\t\t\t\t\t\t\t\t\t\t\t\t\t\t\t\t\t\t\t\t\t\t<a href=\"https:\/\/www.fire-testing.com\/de\/burning-behaviour-of-bunched-cables\/\" target=\"_self\" itemprop=\"url\" rel=\"noopener noreferrer\">\n\t\t\t\t\t\t\t\t\t\tBrandverhalten von Kabelb\u00fcndeln\n\t\t\t\t\t\t\t\t\t\t\t<\/a>\n\t\t\t\t\t\t\t\t\t<a href=\"https:\/\/www.fire-testing.com\/de\/04-single-flame-source-test-ignitability-apparatus\/\" target=\"_self\" itemprop=\"url\" rel=\"noopener noreferrer\">\n\t\t\t\t\t\t\t\t\t\t<img decoding=\"async\" src=\"https:\/\/www.fire-testing.com\/wp-content\/uploads\/2019\/06\/04-EN-ISO-11925-2-Single-Flame-Source-Test_LOWER.jpg\" alt=\"Single-Flame Source Test en iso 11925-2\" itemprop=\"image\"  \/>\n\t\t\t\t\t\t\t\t\t\t\t\t\t\t\t<\/a>\n\t\t\t\t\t\t\t\t\t\t\t\t\t\t\t\t\t\t\t\t\t\t\t<a href=\"https:\/\/www.fire-testing.com\/de\/04-single-flame-source-test-ignitability-apparatus\/\" target=\"_self\" itemprop=\"url\" rel=\"noopener noreferrer\">\n\t\t\t\t\t\t\t\t\t\tEinzelflammentest (Brennkasten)\n\t\t\t\t\t\t\t\t\t\t\t<\/a>\n\t\t\t\t\t\t\t\t\t<a href=\"https:\/\/www.fire-testing.com\/de\/flooring-radiant-panel-test-apparatus\/\" target=\"_self\" itemprop=\"url\" rel=\"noopener noreferrer\">\n\t\t\t\t\t\t\t\t\t\t<img decoding=\"async\" src=\"https:\/\/www.fire-testing.com\/wp-content\/uploads\/2019\/06\/03-EN-ISO-9239-1-Flooring-Radiant-Panel_LARGER.jpg\" alt=\"Flooring Radiant Panel en iso 9239-1\" itemprop=\"image\"  \/>\n\t\t\t\t\t\t\t\t\t\t\t\t\t\t\t<\/a>\n\t\t\t\t\t\t\t\t\t\t\t\t\t\t\t\t\t\t\t\t\t\t\t<a href=\"https:\/\/www.fire-testing.com\/de\/flooring-radiant-panel-test-apparatus\/\" target=\"_self\" itemprop=\"url\" rel=\"noopener noreferrer\">\n\t\t\t\t\t\t\t\t\t\tW\u00e4rmestrahlplatte f\u00fcr Fussbodenbelagspr\u00fcfung\n\t\t\t\t\t\t\t\t\t\t\t<\/a>\n\t\t\t\t\t\t\t\t\t<a href=\"https:\/\/www.fire-testing.com\/de\/roofing-test-with-burning-brands-en-1187-test-1\/\" target=\"_self\" itemprop=\"url\" rel=\"noopener noreferrer\">\n\t\t\t\t\t\t\t\t\t\t<img decoding=\"async\" src=\"https:\/\/www.fire-testing.com\/wp-content\/uploads\/2019\/06\/15-ENV-1187-roof-test-1_PIXEL_170-1.jpg\" alt=\"Roofing Test with Burning Brands \u2013 EN 1187 Test 1\" itemprop=\"image\"  \/>\n\t\t\t\t\t\t\t\t\t\t\t\t\t\t\t<\/a>\n\t\t\t\t\t\t\t\t\t\t\t\t\t\t\t\t\t\t\t\t\t\t\t<a href=\"https:\/\/www.fire-testing.com\/de\/roofing-test-with-burning-brands-en-1187-test-1\/\" target=\"_self\" itemprop=\"url\" rel=\"noopener noreferrer\">\n\t\t\t\t\t\t\t\t\t\tPr\u00fcfung von Dacheindeckungen mit Brands\u00e4tzen - ENV 11872 Test 3\n\t\t\t\t\t\t\t\t\t\t\t<\/a>\n\t\t\t\t\t\t\t\t\t<a href=\"https:\/\/www.fire-testing.com\/de\/roofing-test-with-burning-brands-and-wind-en-1187-test-2\/\" target=\"_self\" itemprop=\"url\" rel=\"noopener noreferrer\">\n\t\t\t\t\t\t\t\t\t\t<img decoding=\"async\" src=\"https:\/\/www.fire-testing.com\/wp-content\/uploads\/2019\/06\/15-ENV-1187-roof-test-2_PIXEL_170-1.jpg\" alt=\"Roofing Test with Burning Brands \u2013 EN 1187 Test 2\" itemprop=\"image\"  \/>\n\t\t\t\t\t\t\t\t\t\t\t\t\t\t\t<\/a>\n\t\t\t\t\t\t\t\t\t\t\t\t\t\t\t\t\t\t\t\t\t\t\t<a href=\"https:\/\/www.fire-testing.com\/de\/roofing-test-with-burning-brands-and-wind-en-1187-test-2\/\" target=\"_self\" itemprop=\"url\" rel=\"noopener noreferrer\">\n\t\t\t\t\t\t\t\t\t\tPr\u00fcfung von Dacheindeckungen mit Brands\u00e4tzen<br>ENV 11872 Test 2\n\t\t\t\t\t\t\t\t\t\t\t<\/a>\n\t\t\t\t\t\t\t\t\t<a href=\"https:\/\/www.fire-testing.com\/de\/roofing-test-with-burning-brands-wind-and-supplementary-radiant-heat-en-1187-test-3\/\" target=\"_self\" itemprop=\"url\" rel=\"noopener noreferrer\">\n\t\t\t\t\t\t\t\t\t\t<img decoding=\"async\" src=\"https:\/\/www.fire-testing.com\/wp-content\/uploads\/2019\/06\/15-ENV-1187-roof-test-3_PIXEL_170-1.jpg\" alt=\"Roofing Test with Burning Brands, Wind and Supplementary Radiant Heat \u2013 EN 1187 Test 3\" itemprop=\"image\"  \/>\n\t\t\t\t\t\t\t\t\t\t\t\t\t\t\t<\/a>\n\t\t\t\t\t\t\t\t\t\t\t\t\t\t\t\t\t\t\t\t\t\t\t<a href=\"https:\/\/www.fire-testing.com\/de\/roofing-test-with-burning-brands-wind-and-supplementary-radiant-heat-en-1187-test-3\/\" target=\"_self\" itemprop=\"url\" rel=\"noopener noreferrer\">\n\t\t\t\t\t\t\t\t\t\tPr\u00fcfung von Dacheindeckungen mit Brands\u00e4tzen, Wind und zus\u00e4tzlicher Strahlungsw\u00e4rme\n\t\t\t\t\t\t\t\t\t\t\t<\/a>\n\t\t\t\t\t\t\t\t\t<a href=\"https:\/\/www.fire-testing.com\/de\/roofing-test-with-two-stages-incorporating-burning-brands-wind-and-supplementary-radiant-heat-en-1187-test-4\/\" target=\"_self\" itemprop=\"url\" rel=\"noopener noreferrer\">\n\t\t\t\t\t\t\t\t\t\t<img decoding=\"async\" src=\"https:\/\/www.fire-testing.com\/wp-content\/uploads\/2019\/06\/16-ENV-1187-roof-test-4_PIXEL_170-1.jpg\" alt=\"Zweistufiges Pr\u00fcfverfahren von Dacheindeckungen mit Brands\u00e4tzen, Wind und zus\u00e4tzlicher Strahlungsw\u00e4rme\" itemprop=\"image\"  \/>\n\t\t\t\t\t\t\t\t\t\t\t\t\t\t\t<\/a>\n\t\t\t\t\t\t\t\t\t\t\t\t\t\t\t\t\t\t\t\t\t\t\t<a href=\"https:\/\/www.fire-testing.com\/de\/roofing-test-with-two-stages-incorporating-burning-brands-wind-and-supplementary-radiant-heat-en-1187-test-4\/\" target=\"_self\" itemprop=\"url\" rel=\"noopener noreferrer\">\n\t\t\t\t\t\t\t\t\t\tZweistufiges Pr\u00fcfverfahren von Dacheindeckungen mit Brands\u00e4tzen, Wind und zus\u00e4tzlicher Strahlungsw\u00e4rme - ENV 1187 Test 4\n\t\t\t\t\t\t\t\t\t\t\t<\/a>\n\t\t\t\t\t\t\t\t\t<a href=\"https:\/\/www.fire-testing.com\/de\/3-metre-cube-smoke-density-apparatus\/\" target=\"_self\" itemprop=\"url\" rel=\"noopener noreferrer\">\n\t\t\t\t\t\t\t\t\t\t<img decoding=\"async\" src=\"https:\/\/www.fire-testing.com\/wp-content\/uploads\/2019\/06\/10-3-metre-cube_PIXEL.jpg\" alt=\"3 Meter Cube-Rauchpr\u00fcfger\u00e4t\" itemprop=\"image\"  \/>\n\t\t\t\t\t\t\t\t\t\t\t\t\t\t\t<\/a>\n\t\t\t\t\t\t\t\t\t\t\t\t\t\t\t\t\t\t\t\t\t\t\t<a href=\"https:\/\/www.fire-testing.com\/de\/3-metre-cube-smoke-density-apparatus\/\" target=\"_self\" itemprop=\"url\" rel=\"noopener noreferrer\">\n\t\t\t\t\t\t\t\t\t\t3 Meter Cube-Rauchpr\u00fcfger\u00e4t\n\t\t\t\t\t\t\t\t\t\t\t<\/a>\n\t\t\t\t\t\t\t\t\t<a href=\"https:\/\/www.fire-testing.com\/de\/92-smoke-density-chamber-horizontal-test\/\" target=\"_self\" itemprop=\"url\" rel=\"noopener noreferrer\">\n\t\t\t\t\t\t\t\t\t\t<img decoding=\"async\" src=\"https:\/\/www.fire-testing.com\/wp-content\/uploads\/2019\/05\/92-ISO-5659_product.jpg\" alt=\"Rauchdichtekammer (Horizontaler Test) \u2013 Konischer Heizofen\" itemprop=\"image\"  \/>\n\t\t\t\t\t\t\t\t\t\t\t\t\t\t\t<\/a>\n\t\t\t\t\t\t\t\t\t\t\t\t\t\t\t\t\t\t\t\t\t\t\t<a href=\"https:\/\/www.fire-testing.com\/de\/92-smoke-density-chamber-horizontal-test\/\" target=\"_self\" itemprop=\"url\" rel=\"noopener noreferrer\">\n\t\t\t\t\t\t\t\t\t\tRauchdichtekammer (Horizontaler Test) \u2013 Konischer Heizofen\n\t\t\t\t\t\t\t\t\t\t\t<\/a>","protected":false},"excerpt":{"rendered":"","protected":false},"author":142,"featured_media":0,"parent":0,"menu_order":0,"comment_status":"closed","ping_status":"closed","template":"","meta":{"_acf_changed":false,"footnotes":""},"class_list":["post-2321","page","type-page","status-publish","hentry"],"acf":[],"_links":{"self":[{"href":"https:\/\/www.fire-testing.com\/de\/wp-json\/wp\/v2\/pages\/2321","targetHints":{"allow":["GET"]}}],"collection":[{"href":"https:\/\/www.fire-testing.com\/de\/wp-json\/wp\/v2\/pages"}],"about":[{"href":"https:\/\/www.fire-testing.com\/de\/wp-json\/wp\/v2\/types\/page"}],"author":[{"embeddable":true,"href":"https:\/\/www.fire-testing.com\/de\/wp-json\/wp\/v2\/users\/142"}],"replies":[{"embeddable":true,"href":"https:\/\/www.fire-testing.com\/de\/wp-json\/wp\/v2\/comments?post=2321"}],"version-history":[{"count":0,"href":"https:\/\/www.fire-testing.com\/de\/wp-json\/wp\/v2\/pages\/2321\/revisions"}],"wp:attachment":[{"href":"https:\/\/www.fire-testing.com\/de\/wp-json\/wp\/v2\/media?parent=2321"}],"curies":[{"name":"wp","href":"https:\/\/api.w.org\/{rel}","templated":true}]}}