{"id":7438,"date":"2022-05-03T15:12:49","date_gmt":"2022-05-03T15:12:49","guid":{"rendered":"https:\/\/www.fire-testing.com\/?page_id=7438"},"modified":"2022-08-04T11:28:04","modified_gmt":"2022-08-04T11:28:04","slug":"furniture-calorimeter","status":"publish","type":"page","link":"https:\/\/www.fire-testing.com\/de\/furniture-calorimeter\/","title":{"rendered":"M\u00f6belkalorimeter"},"content":{"rendered":"<div data-elementor-type=\"wp-page\" data-elementor-id=\"7438\" class=\"elementor elementor-7438\" data-elementor-post-type=\"page\">\n\t\t\t\t\t\t<section data-particle_enable=\"false\" data-particle-mobile-disabled=\"false\" class=\"elementor-section elementor-top-section elementor-element elementor-element-5b87c59 elementor-section-boxed elementor-section-height-default elementor-section-height-default\" data-id=\"5b87c59\" data-element_type=\"section\" data-e-type=\"section\">\n\t\t\t\t\t\t<div class=\"elementor-container elementor-column-gap-default\">\n\t\t\t\t\t<div class=\"elementor-column elementor-col-50 elementor-top-column elementor-element elementor-element-e513fa8\" data-id=\"e513fa8\" data-element_type=\"column\" data-e-type=\"column\">\n\t\t\t<div class=\"elementor-widget-wrap elementor-element-populated\">\n\t\t\t\t\t\t<div class=\"elementor-element elementor-element-d10f1df elementor-widget elementor-widget-heading\" data-id=\"d10f1df\" data-element_type=\"widget\" data-e-type=\"widget\" data-widget_type=\"heading.default\">\n\t\t\t\t<div class=\"elementor-widget-container\">\n\t\t\t\t\t<h1 class=\"elementor-heading-title elementor-size-default\">Furniture &amp; Open Calorimeters<\/h1>\t\t\t\t<\/div>\n\t\t\t\t<\/div>\n\t\t\t\t<div class=\"elementor-element elementor-element-a79dd8d elementor-widget elementor-widget-heading\" data-id=\"a79dd8d\" data-element_type=\"widget\" data-e-type=\"widget\" data-widget_type=\"heading.default\">\n\t\t\t\t<div class=\"elementor-widget-container\">\n\t\t\t\t\t<h2 class=\"elementor-heading-title elementor-size-default\">ISO 9705; ASTM D5424; ASTM D5537; ASTM E603; ASTM E1537; ASTM E1590; ASTM E1822; NFPA 265; UL 1685; UL 9540a; NT FIRE 25; NT FIRE 32; EN 16989<\/h2>\t\t\t\t<\/div>\n\t\t\t\t<\/div>\n\t\t\t\t<div class=\"elementor-element elementor-element-b043ac4 elementor-widget elementor-widget-heading\" data-id=\"b043ac4\" data-element_type=\"widget\" data-e-type=\"widget\" data-widget_type=\"heading.default\">\n\t\t\t\t<div class=\"elementor-widget-container\">\n\t\t\t\t\t<h3 class=\"elementor-heading-title elementor-size-default\">Gro\u00dfvolumige Sauerstoffabbau-Kalorimetrie<\/h3>\t\t\t\t<\/div>\n\t\t\t\t<\/div>\n\t\t\t\t<div class=\"elementor-element elementor-element-cd2c228 elementor-widget elementor-widget-text-editor\" data-id=\"cd2c228\" data-element_type=\"widget\" data-e-type=\"widget\" data-widget_type=\"text-editor.default\">\n\t\t\t\t<div class=\"elementor-widget-container\">\n\t\t\t\t\t\t\t\t\t<p class=\"p1\"><span class=\"s1\"><span style=\"color: #ee5e27;\"><strong>FTT<\/strong><\/span> baut und liefert den Room Corner Test komplett mit der entsprechenden Messausr\u00fcstung und liefert diese auf Kundenwunsch auch f\u00fcr die Erweiterung von vorhandenen Einrichtungen oder baut auf Wunsch eigene Messger\u00e4te.<\/span><\/p>\n<p class=\"p1 translation-block\">In den letzten F\u00e4llen liefert <span class=\"s1\"><span style=\"color: #f05e23\"><strong>FTT<\/strong><\/span><\/span> eine Gasanalyse-Instrumentenkonsole und einen Luftkanalabschnitt. Die Konsole enth\u00e4lt alle erforderlichen Instrumente zur Messung der W\u00e4rmeabgabekoeffizienten und andere damit in Beziehung stehende Parameter. Dies schlie\u00dft ein Analyseger\u00e4t, speziell f\u00fcr <span class=\"s1\"><span style=\"color: #f05e23\"><strong>FTT<\/strong><\/span><\/span> Kalorimeter entwickelt, mit einem verbesserten Servomex 4100 mit einem hochstabilen temperaturgesteuerten paramagnetischen Sauerstoffsensor (und optional CO<sub>2<\/sub>\/CO) mit Str\u00f6mungskontrolle und Bypass f\u00fcr eine schnelle Reaktion ein. Die technischen Daten dieser Instrumente sind sowohl f\u00fcr gro\u00dfe und kleine Kalorimeter die gleichen. Sie k\u00f6nnen\ndaher auch mit dem dualem Cone-Calorimeter von <span class=\"s1\"><span style=\"color: #f05e23\"><strong>FTT<\/strong><\/span><\/span> verwendet werden. Bei der Benutzung mit dem Cone-Calorimeter wird die Konsole in eleganter Weise in der Cone-Calorimeter-Einheit integriert.<\/p>\n<p class=\"p1\"><span class=\"s1\">Der L\u00fcftungskanaleinsatz enth\u00e4lt Pr\u00fcfspitzen f\u00fcr Gasproben und Luftgeschwindigkeitsmessung, sowie die Rauchmessausr\u00fcstung (wei\u00dfes Licht oder Laser). Die meisten dynamischen Branduntersuchungsger\u00e4te k\u00f6nnen mit dieser Ausr\u00fcstung f\u00fcr die Messung der W\u00e4rmeabgabe und Rauchentwicklung ausgestattet werden.<\/span><\/p>\n<p class=\"p1\"><span class=\"s1\">Ein Windows-basiertes Softwarepaket erm\u00f6glicht die automatische Datenerfassung und Auswertung von dem mit der Gasanalyse-Instrumentenkonsole gelieferten fortschrittlichen Datenlogger. Die Software (LSHRCalc) berechnet automatisch den W\u00e4rmeabgabekoeffizienten und damit in Beziehung stehende Parameter und erstellt einen detaillierten Bericht \u00fcber das\/die untersuchte(n) Produkt(e).<\/span><\/p>\n<p class=\"p1 translation-block\">Neben weiteren Optionen bietet <span class=\"s1\"><span style=\"color: #f05e23\"><strong>FTT<\/strong><\/span><\/span>\n ebenfalls gem\u00e4\u00df ISO 9705 Anhang A1 und A2 gebaute Brenner komplett mit Gasstrecke an. Der Gasfluss wird von einem Massenfluss-Controller mit Digitalanzeige gesteuert. Die Gassteuerung umfasst eine automatische Z\u00fcndeinheit mit verschiedenen Sicherheitseinrichtungen.<\/p>\t\t\t\t\t\t\t\t<\/div>\n\t\t\t\t<\/div>\n\t\t\t\t<div class=\"elementor-element elementor-element-e731b9c elementor-widget elementor-widget-heading\" data-id=\"e731b9c\" data-element_type=\"widget\" data-e-type=\"widget\" data-widget_type=\"heading.default\">\n\t\t\t\t<div class=\"elementor-widget-container\">\n\t\t\t\t\t<h3 class=\"elementor-heading-title elementor-size-default\">Gro\u00dfkalorimeter bis 40 MW<\/h3>\t\t\t\t<\/div>\n\t\t\t\t<\/div>\n\t\t\t\t<div class=\"elementor-element elementor-element-6896e7f elementor-widget elementor-widget-text-editor\" data-id=\"6896e7f\" data-element_type=\"widget\" data-e-type=\"widget\" data-widget_type=\"text-editor.default\">\n\t\t\t\t<div class=\"elementor-widget-container\">\n\t\t\t\t\t\t\t\t\t<p class=\"translation-block\">Testprinzipien von gro\u00dfen Kalorimetern k\u00f6nnen auf \u201eMega-Kalorimeter\u201c angewendet werden, um Br\u00e4nde bis zu 10, 20 oder sogar 40 MW zu messen, indem die Haubengr\u00f6\u00dfe, der Abgasdurchmesser und die Abgasdurchflussrate erh\u00f6ht werden. F\u00fcr die Testreihe des Batterie-Energiespeichersystems UL 9540a: 2019 m\u00fcssen Tests der W\u00e4rmefreisetzungsrate in verschiedenen gro\u00dfen Ma\u00dfst\u00e4ben mit Systemen bis zu 20 MW durchgef\u00fchrt werden. <span style=\"color: #f05e23\"><strong>FTT<\/strong><\/span> kann alle diese Testskalen bereitstellen.<\/p>\t\t\t\t\t\t\t\t<\/div>\n\t\t\t\t<\/div>\n\t\t\t\t<div class=\"elementor-element elementor-element-c49fb28 elementor-widget elementor-widget-heading\" data-id=\"c49fb28\" data-element_type=\"widget\" data-e-type=\"widget\" data-widget_type=\"heading.default\">\n\t\t\t\t<div class=\"elementor-widget-container\">\n\t\t\t\t\t<h4 class=\"elementor-heading-title elementor-size-default\">Software:<\/h4>\t\t\t\t<\/div>\n\t\t\t\t<\/div>\n\t\t\t\t<div class=\"elementor-element elementor-element-f7dd751 elementor-widget elementor-widget-text-editor\" data-id=\"f7dd751\" data-element_type=\"widget\" data-e-type=\"widget\" data-widget_type=\"text-editor.default\">\n\t\t\t\t<div class=\"elementor-widget-container\">\n\t\t\t\t\t\t\t\t\t<p><span class=\"\">Ger\u00e4t wird ohne Aufpreis mit Software geliefert. Kostenlose Software-Updates.<\/span><\/p>\n<p><span class=\"s1\">\u00a0<\/span><\/p>\t\t\t\t\t\t\t\t<\/div>\n\t\t\t\t<\/div>\n\t\t\t\t<div class=\"elementor-element elementor-element-801f5b4 elementor-widget elementor-widget-heading\" data-id=\"801f5b4\" data-element_type=\"widget\" data-e-type=\"widget\" data-widget_type=\"heading.default\">\n\t\t\t\t<div class=\"elementor-widget-container\">\n\t\t\t\t\t<h2 class=\"elementor-heading-title elementor-size-default\">Related Products<\/h2>\t\t\t\t<\/div>\n\t\t\t\t<\/div>\n\t\t\t\t<section data-particle_enable=\"false\" data-particle-mobile-disabled=\"false\" class=\"elementor-section elementor-inner-section elementor-element elementor-element-3d2f3a8 elementor-section-boxed elementor-section-height-default elementor-section-height-default\" data-id=\"3d2f3a8\" data-element_type=\"section\" data-e-type=\"section\">\n\t\t\t\t\t\t<div class=\"elementor-container elementor-column-gap-default\">\n\t\t\t\t\t<div class=\"elementor-column elementor-col-33 elementor-inner-column elementor-element elementor-element-ac135d3\" data-id=\"ac135d3\" data-element_type=\"column\" data-e-type=\"column\">\n\t\t\t<div class=\"elementor-widget-wrap elementor-element-populated\">\n\t\t\t\t\t\t<div class=\"elementor-element elementor-element-e46481b elementor-widget elementor-widget-image\" data-id=\"e46481b\" data-element_type=\"widget\" data-e-type=\"widget\" data-widget_type=\"image.default\">\n\t\t\t\t<div class=\"elementor-widget-container\">\n\t\t\t\t\t\t\t\t\t\t\t\t\t\t\t\t<a href=\"https:\/\/www.fire-testing.com\/de\/room-corner-test\/\">\n\t\t\t\t\t\t\t<img decoding=\"async\" width=\"170\" height=\"170\" src=\"https:\/\/www.fire-testing.com\/wp-content\/uploads\/2020\/10\/22-room-corner-test_link_PIXEL_LINK.jpg\" class=\"attachment-medium size-medium wp-image-6509\" alt=\"\" srcset=\"https:\/\/www.fire-testing.com\/wp-content\/uploads\/2020\/10\/22-room-corner-test_link_PIXEL_LINK.jpg 170w, https:\/\/www.fire-testing.com\/wp-content\/uploads\/2020\/10\/22-room-corner-test_link_PIXEL_LINK-150x150.jpg 150w, https:\/\/www.fire-testing.com\/wp-content\/uploads\/2020\/10\/22-room-corner-test_link_PIXEL_LINK-12x12.jpg 12w\" sizes=\"(max-width: 170px) 100vw, 170px\">\t\t\t\t\t\t\t\t<\/a>\n\t\t\t\t\t\t\t\t\t\t\t\t\t\t\t<\/div>\n\t\t\t\t<\/div>\n\t\t\t\t<div class=\"elementor-element elementor-element-da88809 elementor-widget elementor-widget-text-editor\" data-id=\"da88809\" data-element_type=\"widget\" data-e-type=\"widget\" data-widget_type=\"text-editor.default\">\n\t\t\t\t<div class=\"elementor-widget-container\">\n\t\t\t\t\t\t\t\t\t<p><a href=\"https:\/\/www.fire-testing.com\/de\/room-corner-test\/\"><span style=\"color: #000000;\">Gro\u00dfkalium Sauerstoffverbrauch Kalorimetrie<\/span><\/a><\/p>\t\t\t\t\t\t\t\t<\/div>\n\t\t\t\t<\/div>\n\t\t\t\t\t<\/div>\n\t\t<\/div>\n\t\t\t\t<div class=\"elementor-column elementor-col-33 elementor-inner-column elementor-element elementor-element-5e3c973\" data-id=\"5e3c973\" data-element_type=\"column\" data-e-type=\"column\">\n\t\t\t<div class=\"elementor-widget-wrap\">\n\t\t\t\t\t\t\t<\/div>\n\t\t<\/div>\n\t\t\t\t<div class=\"elementor-column elementor-col-33 elementor-inner-column elementor-element elementor-element-0a7af2a\" data-id=\"0a7af2a\" data-element_type=\"column\" data-e-type=\"column\">\n\t\t\t<div class=\"elementor-widget-wrap\">\n\t\t\t\t\t\t\t<\/div>\n\t\t<\/div>\n\t\t\t\t\t<\/div>\n\t\t<\/section>\n\t\t\t\t\t<\/div>\n\t\t<\/div>\n\t\t\t\t<div class=\"elementor-column elementor-col-50 elementor-top-column elementor-element elementor-element-3cf7f36\" data-id=\"3cf7f36\" data-element_type=\"column\" data-e-type=\"column\">\n\t\t\t<div class=\"elementor-widget-wrap elementor-element-populated\">\n\t\t\t\t\t\t<div class=\"elementor-element elementor-element-b675c2e elementor-widget elementor-widget-image\" data-id=\"b675c2e\" data-element_type=\"widget\" data-e-type=\"widget\" data-widget_type=\"image.default\">\n\t\t\t\t<div class=\"elementor-widget-container\">\n\t\t\t\t\t\t\t\t\t\t\t\t\t\t\t<img fetchpriority=\"high\" decoding=\"async\" width=\"800\" height=\"800\" src=\"https:\/\/www.fire-testing.com\/wp-content\/uploads\/2019\/06\/22-furniture-calirometer_PIXEL.jpg\" class=\"attachment-full size-full wp-image-4271\" alt=\"Gasanalyseger\u00e4t\" srcset=\"https:\/\/www.fire-testing.com\/wp-content\/uploads\/2019\/06\/22-furniture-calirometer_PIXEL.jpg 800w, https:\/\/www.fire-testing.com\/wp-content\/uploads\/2019\/06\/22-furniture-calirometer_PIXEL-150x150.jpg 150w, https:\/\/www.fire-testing.com\/wp-content\/uploads\/2019\/06\/22-furniture-calirometer_PIXEL-300x300.jpg 300w, https:\/\/www.fire-testing.com\/wp-content\/uploads\/2019\/06\/22-furniture-calirometer_PIXEL-768x768.jpg 768w\" sizes=\"(max-width: 800px) 100vw, 800px\" \/>\t\t\t\t\t\t\t\t\t\t\t\t\t\t\t<\/div>\n\t\t\t\t<\/div>\n\t\t\t\t<div class=\"elementor-element elementor-element-25d39a8 elementor-widget elementor-widget-text-editor\" data-id=\"25d39a8\" data-element_type=\"widget\" data-e-type=\"widget\" data-widget_type=\"text-editor.default\">\n\t\t\t\t<div class=\"elementor-widget-container\">\n\t\t\t\t\t\t\t\t\t<p><a href=\"https:\/\/www.fire-testing.com\/wp-content\/uploads\/2019\/06\/22-furniture-calirometer_PIXEL.jpg\" target=\"_self\" rel=\"noopener\"><span style=\"color: #000000;\"> Gasanalyseger\u00e4t<\/span> <\/a><\/p>\t\t\t\t\t\t\t\t<\/div>\n\t\t\t\t<\/div>\n\t\t\t\t<div class=\"elementor-element elementor-element-ce90bf4 elementor-widget elementor-widget-image\" data-id=\"ce90bf4\" data-element_type=\"widget\" data-e-type=\"widget\" data-widget_type=\"image.default\">\n\t\t\t\t<div class=\"elementor-widget-container\">\n\t\t\t\t\t\t\t\t\t\t\t\t\t\t\t<img decoding=\"async\" width=\"800\" height=\"800\" src=\"https:\/\/www.fire-testing.com\/wp-content\/uploads\/2019\/02\/22-FIPEC-Heat-Release_recoloured.jpg\" class=\"attachment-full size-full wp-image-1217\" alt=\"FIPEC Duct insert\" srcset=\"https:\/\/www.fire-testing.com\/wp-content\/uploads\/2019\/02\/22-FIPEC-Heat-Release_recoloured.jpg 800w, https:\/\/www.fire-testing.com\/wp-content\/uploads\/2019\/02\/22-FIPEC-Heat-Release_recoloured-300x300.jpg 300w, https:\/\/www.fire-testing.com\/wp-content\/uploads\/2019\/02\/22-FIPEC-Heat-Release_recoloured-100x100.jpg 100w, https:\/\/www.fire-testing.com\/wp-content\/uploads\/2019\/02\/22-FIPEC-Heat-Release_recoloured-600x600.jpg 600w, https:\/\/www.fire-testing.com\/wp-content\/uploads\/2019\/02\/22-FIPEC-Heat-Release_recoloured-150x150.jpg 150w, https:\/\/www.fire-testing.com\/wp-content\/uploads\/2019\/02\/22-FIPEC-Heat-Release_recoloured-768x768.jpg 768w\" sizes=\"(max-width: 800px) 100vw, 800px\" \/>\t\t\t\t\t\t\t\t\t\t\t\t\t\t\t<\/div>\n\t\t\t\t<\/div>\n\t\t\t\t<div class=\"elementor-element elementor-element-7315518 elementor-widget elementor-widget-text-editor\" data-id=\"7315518\" data-element_type=\"widget\" data-e-type=\"widget\" data-widget_type=\"text-editor.default\">\n\t\t\t\t<div class=\"elementor-widget-container\">\n\t\t\t\t\t\t\t\t\t<p><a href=\"https:\/\/www.fire-testing.com\/wp-content\/uploads\/2019\/02\/22-FIPEC-Heat-Release_recoloured.jpg\" target=\"_self\" rel=\"noopener\"><span style=\"color: #000000;\"> Duct insert<\/span> <\/a><\/p>\t\t\t\t\t\t\t\t<\/div>\n\t\t\t\t<\/div>\n\t\t\t\t<div class=\"elementor-element elementor-element-09de579 elementor-widget elementor-widget-image\" data-id=\"09de579\" data-element_type=\"widget\" data-e-type=\"widget\" data-widget_type=\"image.default\">\n\t\t\t\t<div class=\"elementor-widget-container\">\n\t\t\t\t\t\t\t\t\t\t\t\t\t\t\t<img loading=\"lazy\" decoding=\"async\" width=\"720\" height=\"576\" src=\"https:\/\/www.fire-testing.com\/wp-content\/uploads\/2019\/04\/89-DIN-50055-White-Light-System-With-Controller.jpg\" class=\"attachment-full size-full wp-image-1606\" alt=\"FTT smoke measurement system\" srcset=\"https:\/\/www.fire-testing.com\/wp-content\/uploads\/2019\/04\/89-DIN-50055-White-Light-System-With-Controller.jpg 720w, https:\/\/www.fire-testing.com\/wp-content\/uploads\/2019\/04\/89-DIN-50055-White-Light-System-With-Controller-600x480.jpg 600w, https:\/\/www.fire-testing.com\/wp-content\/uploads\/2019\/04\/89-DIN-50055-White-Light-System-With-Controller-300x240.jpg 300w\" sizes=\"(max-width: 720px) 100vw, 720px\" \/>\t\t\t\t\t\t\t\t\t\t\t\t\t\t\t<\/div>\n\t\t\t\t<\/div>\n\t\t\t\t<div class=\"elementor-element elementor-element-a7f69c6 elementor-widget elementor-widget-text-editor\" data-id=\"a7f69c6\" data-element_type=\"widget\" data-e-type=\"widget\" data-widget_type=\"text-editor.default\">\n\t\t\t\t<div class=\"elementor-widget-container\">\n\t\t\t\t\t\t\t\t\t<p><a href=\"https:\/\/www.fire-testing.com\/wp-content\/uploads\/2019\/04\/89-DIN-50055-White-Light-System-With-Controller.jpg\" target=\"_self\" rel=\"noopener\"><span style=\"color: #000000;\">DIN 50055<\/span><br \/><span style=\"color: #000000;\">Wei\u00dflichtsystem mit Steuerger\u00e4t<\/span> <\/a><\/p>\t\t\t\t\t\t\t\t<\/div>\n\t\t\t\t<\/div>\n\t\t\t\t\t<\/div>\n\t\t<\/div>\n\t\t\t\t\t<\/div>\n\t\t<\/section>\n\t\t\t\t<section data-particle_enable=\"false\" data-particle-mobile-disabled=\"false\" class=\"elementor-section elementor-top-section elementor-element elementor-element-a410e60 elementor-section-boxed elementor-section-height-default elementor-section-height-default\" data-id=\"a410e60\" data-element_type=\"section\" data-e-type=\"section\">\n\t\t\t\t\t\t<div class=\"elementor-container elementor-column-gap-default\">\n\t\t\t\t\t<div class=\"elementor-column elementor-col-100 elementor-top-column elementor-element elementor-element-bd5e2df\" data-id=\"bd5e2df\" data-element_type=\"column\" data-e-type=\"column\">\n\t\t\t<div class=\"elementor-widget-wrap elementor-element-populated\">\n\t\t\t\t\t\t<div class=\"dce-visibility-event elementor-element elementor-element-2191259 elementor-widget elementor-widget-button\" data-id=\"2191259\" data-element_type=\"widget\" data-e-type=\"widget\" data-settings=\"{&quot;enabled_visibility&quot;:&quot;yes&quot;,&quot;dce_visibility_selected&quot;:&quot;yes&quot;}\" data-widget_type=\"button.default\">\n\t\t\t\t<div class=\"elementor-widget-container\">\n\t\t\t\t\t\t\t\t\t<div class=\"elementor-button-wrapper\">\n\t\t\t\t\t<a class=\"elementor-button elementor-button-link elementor-size-sm\" href=\"https:\/\/www.fire-testing.com\/de\/login\/\">\n\t\t\t\t\t\t<span class=\"elementor-button-content-wrapper\">\n\t\t\t\t\t\t\t\t\t<span class=\"elementor-button-text\">ANMELDEN\/REGISTRIEREN ZUM HERUNTERLADEN DIESER BROSCH\u00dcRE<\/span>\n\t\t\t\t\t<\/span>\n\t\t\t\t\t<\/a>\n\t\t\t\t<\/div>\n\t\t\t\t\t\t\t\t<\/div>\n\t\t\t\t<\/div>\n\t\t\t\t<div class=\"dce-visibility-event elementor-element elementor-element-63e9145 elementor-widget elementor-widget-button\" data-id=\"63e9145\" data-element_type=\"widget\" data-e-type=\"widget\" data-settings=\"{&quot;enabled_visibility&quot;:&quot;yes&quot;,&quot;dce_visibility_selected&quot;:&quot;yes&quot;}\" data-widget_type=\"button.default\">\n\t\t\t\t<div class=\"elementor-widget-container\">\n\t\t\t\t\t\t\t\t\t<div class=\"elementor-button-wrapper\">\n\t\t\t\t\t<a class=\"elementor-button elementor-button-link elementor-size-sm\" href=\"https:\/\/www.fire-testing.com\/de\/request-a-brochure\/\">\n\t\t\t\t\t\t<span class=\"elementor-button-content-wrapper\">\n\t\t\t\t\t\t\t\t\t<span class=\"elementor-button-text\">REQUEST TECHNICAL SPECIFICATION<\/span>\n\t\t\t\t\t<\/span>\n\t\t\t\t\t<\/a>\n\t\t\t\t<\/div>\n\t\t\t\t\t\t\t\t<\/div>\n\t\t\t\t<\/div>\n\t\t<!-- dce invisible element 315ef0a -->\t\t\t<\/div>\n\t\t<\/div>\n\t\t\t\t\t<\/div>\n\t\t<\/section>\n\t\t\t\t<\/div>","protected":false},"excerpt":{"rendered":"<p>Furniture &#038; Open Calorimeters ISO 9705; ASTM D5424; ASTM D5537; ASTM E603; ASTM E1537; ASTM E1590; ASTM E1822; NFPA 265; UL 1685; UL 9540a; NT FIRE 25; NT FIRE 32; EN 16989 Large Scale Oxygen Consumption Calorimetry FTT build and supply the Furniture Calorimeter complete with the appropriate instrumentation package or supply instrumentation to clients [&hellip;]<\/p>\n","protected":false},"author":142,"featured_media":0,"parent":0,"menu_order":0,"comment_status":"closed","ping_status":"closed","template":"","meta":{"_acf_changed":false,"footnotes":""},"class_list":["post-7438","page","type-page","status-publish","hentry"],"acf":[],"_links":{"self":[{"href":"https:\/\/www.fire-testing.com\/de\/wp-json\/wp\/v2\/pages\/7438","targetHints":{"allow":["GET"]}}],"collection":[{"href":"https:\/\/www.fire-testing.com\/de\/wp-json\/wp\/v2\/pages"}],"about":[{"href":"https:\/\/www.fire-testing.com\/de\/wp-json\/wp\/v2\/types\/page"}],"author":[{"embeddable":true,"href":"https:\/\/www.fire-testing.com\/de\/wp-json\/wp\/v2\/users\/142"}],"replies":[{"embeddable":true,"href":"https:\/\/www.fire-testing.com\/de\/wp-json\/wp\/v2\/comments?post=7438"}],"version-history":[{"count":0,"href":"https:\/\/www.fire-testing.com\/de\/wp-json\/wp\/v2\/pages\/7438\/revisions"}],"wp:attachment":[{"href":"https:\/\/www.fire-testing.com\/de\/wp-json\/wp\/v2\/media?parent=7438"}],"curies":[{"name":"wp","href":"https:\/\/api.w.org\/{rel}","templated":true}]}}