{"id":756,"date":"2019-02-08T13:37:28","date_gmt":"2019-02-08T13:37:28","guid":{"rendered":"https:\/\/www.fire-testing.com\/?page_id=756"},"modified":"2022-08-08T09:44:45","modified_gmt":"2022-08-08T09:44:45","slug":"circuit-integrity-under-fire-conditions-apparatus","status":"publish","type":"page","link":"https:\/\/www.fire-testing.com\/de\/circuit-integrity-under-fire-conditions-apparatus\/","title":{"rendered":"Apparat f\u00fcr Integrit\u00e4t von Schaltkreisen unter Brandbedingungen"},"content":{"rendered":"<div data-elementor-type=\"wp-page\" data-elementor-id=\"756\" class=\"elementor elementor-756\" data-elementor-post-type=\"page\">\n\t\t\t\t\t\t<section data-particle_enable=\"false\" data-particle-mobile-disabled=\"false\" class=\"elementor-section elementor-top-section elementor-element elementor-element-9233b7c elementor-section-boxed elementor-section-height-default elementor-section-height-default\" data-id=\"9233b7c\" data-element_type=\"section\" data-e-type=\"section\">\n\t\t\t\t\t\t<div class=\"elementor-container elementor-column-gap-default\">\n\t\t\t\t\t<div class=\"elementor-column elementor-col-50 elementor-top-column elementor-element elementor-element-1efc603\" data-id=\"1efc603\" data-element_type=\"column\" data-e-type=\"column\">\n\t\t\t<div class=\"elementor-widget-wrap elementor-element-populated\">\n\t\t\t\t\t\t<div class=\"elementor-element elementor-element-a590641 elementor-widget elementor-widget-heading\" data-id=\"a590641\" data-element_type=\"widget\" data-e-type=\"widget\" data-widget_type=\"heading.default\">\n\t\t\t\t<div class=\"elementor-widget-container\">\n\t\t\t\t\t<h1 class=\"elementor-heading-title elementor-size-default\">Apparat f\u00fcr Integrit\u00e4t von Schaltkreisen unter Brandbedingungen<\/h1>\t\t\t\t<\/div>\n\t\t\t\t<\/div>\n\t\t\t\t<div class=\"elementor-element elementor-element-a3c1b01 elementor-widget elementor-widget-heading\" data-id=\"a3c1b01\" data-element_type=\"widget\" data-e-type=\"widget\" data-widget_type=\"heading.default\">\n\t\t\t\t<div class=\"elementor-widget-container\">\n\t\t\t\t\t<h2 class=\"elementor-heading-title elementor-size-default\">BS 6387<\/h2>\t\t\t\t<\/div>\n\t\t\t\t<\/div>\n\t\t\t\t<div class=\"elementor-element elementor-element-4a5d6e69 elementor-widget elementor-widget-text-editor\" data-id=\"4a5d6e69\" data-element_type=\"widget\" data-e-type=\"widget\" data-widget_type=\"text-editor.default\">\n\t\t\t\t<div class=\"elementor-widget-container\">\n\t\t\t\t\t\t\t\t\t<p class=\"translation-block\"><span class=\"s1\"><span style=\"color: #f05e23\"><strong>FTT<\/strong><\/span><\/span> produziert den Testapparat nach BS 6387, der f\u00fcr die Pr\u00fcfung der Kabelschaltkreis-Integrit\u00e4t unter Brandbedingungen erforderlich ist.<\/p>\n<p>Der Apparat ist mit der F\u00e4higkeit zur Beurteilung gem\u00e4\u00df folgenden Normen ausgestattet:<\/p>\n<ul>\n<li>Widerstand gegen Brand allein (IEC 60331\u00ad11\/BS6387 Protokoll C)<\/li>\n<li>Widerstand gegen Brand mit Wasser (BS 6387 Protokoll W)<\/li>\n<li>Widerstand gegen Brand mit mechanischem Schock (BS 6387 Protokoll Z)<\/li>\n<\/ul>\n<p><strong>1. Test auf Widerstand gegen Brand allein (wie in X vorgeschrieben)<\/strong><strong><br \/><\/strong>Das betreffende Kabel wird horizontal in einer aus Zintec gefertigten Kammer mit bis zu 5 Ringschellen montiert. Anschlie\u00dfend wird es einem 610 mm langen R\u00f6hrengasbrenner ausgesetzt. Die elektrische Leitf\u00e4higkeit wird w\u00e4hrend einer 3-st\u00fcndigen Einwirkung auf den auf eine geeignete Temperatur eingestellten Gasbrenner gepr\u00fcft.<\/p>\n<p><strong>2. Widerstand gegen Brand mit Wasser<\/strong><strong><br \/><\/strong>Das Kabel wird von einer Metallhalterung gehalten, und die Baugruppe ist in einem elektrisch geerdeten Testrahmen untergebracht, der sich einer gro\u00dfen, wasserdichten Edelstahlwanne befindet. Der Rahmen ist ebenfalls mit einem Gasbrenner, einem Wassersprinklerkopf sowie Stromversorgung zum Testen der Leitf\u00e4higkeit der Kabel ausgestattet. Ein Abschnitt von 500 mm des betreffenden Kabels wird \u00fcber einen Zeitraum von 15 Minuten Flammen mit 650 \u00b0C ausgesetzt. Um dem Standard BS 6387 (Protokoll W) zu entsprechen, muss das Kabel seine elektrische Integrit\u00e4t beibehalten, w\u00e4hrend das Kabel Wasser und Flammen f\u00fcr weitere 15 Minuten ausgesetzt ist.<\/p>\n<p><strong>3.\tWiderstand gegen Brand mit mechanischem Schock<\/strong><strong><br \/><\/strong>Das Kabel ist auf einer vertikalen Platte aus nicht brennbarem Material (900 mm \u00d7 300 mm \u00d7 9 mm) montiert. Diese vertikale Platte ist auf Gummibuchsen montiert, so dass es den St\u00f6\u00dfen einer Stange widersteht, die alle 30 Sekunden auf die Oberkante der Platte trifft. Das Stromkabel muss seine elektrische Leitf\u00e4higkeit w\u00e4hrend einer 15-min\u00fctigen Exposition gegen\u00fcber Flammen durch einen Brenner und den Aufprall der herabfallenden Stange beibehalten.<\/p>\t\t\t\t\t\t\t\t<\/div>\n\t\t\t\t<\/div>\n\t\t\t\t\t<\/div>\n\t\t<\/div>\n\t\t\t\t<div class=\"elementor-column elementor-col-50 elementor-top-column elementor-element elementor-element-632ae99\" data-id=\"632ae99\" data-element_type=\"column\" data-e-type=\"column\">\n\t\t\t<div class=\"elementor-widget-wrap elementor-element-populated\">\n\t\t\t\t\t\t<div class=\"elementor-element elementor-element-6d15156 elementor-widget elementor-widget-image\" data-id=\"6d15156\" data-element_type=\"widget\" data-e-type=\"widget\" data-widget_type=\"image.default\">\n\t\t\t\t<div class=\"elementor-widget-container\">\n\t\t\t\t\t\t\t\t\t\t\t\t\t\t\t<img fetchpriority=\"high\" decoding=\"async\" width=\"768\" height=\"353\" src=\"https:\/\/www.fire-testing.com\/wp-content\/uploads\/2019\/06\/12B-Fire-Resisting-Characteristics-of-Electrical-Cables-Apparatus-IEC-60331_PIXEL_LANDSCAPE-768x353.jpg\" class=\"attachment-medium_large size-medium_large wp-image-4300\" alt=\"Apparat f\u00fcr Integrit\u00e4t von Schaltkreisen unter Brandbedingungen\" srcset=\"https:\/\/www.fire-testing.com\/wp-content\/uploads\/2019\/06\/12B-Fire-Resisting-Characteristics-of-Electrical-Cables-Apparatus-IEC-60331_PIXEL_LANDSCAPE-768x353.jpg 768w, https:\/\/www.fire-testing.com\/wp-content\/uploads\/2019\/06\/12B-Fire-Resisting-Characteristics-of-Electrical-Cables-Apparatus-IEC-60331_PIXEL_LANDSCAPE-300x138.jpg 300w, https:\/\/www.fire-testing.com\/wp-content\/uploads\/2019\/06\/12B-Fire-Resisting-Characteristics-of-Electrical-Cables-Apparatus-IEC-60331_PIXEL_LANDSCAPE-1024x471.jpg 1024w, https:\/\/www.fire-testing.com\/wp-content\/uploads\/2019\/06\/12B-Fire-Resisting-Characteristics-of-Electrical-Cables-Apparatus-IEC-60331_PIXEL_LANDSCAPE.jpg 1364w\" sizes=\"(max-width: 768px) 100vw, 768px\" \/>\t\t\t\t\t\t\t\t\t\t\t\t\t\t\t<\/div>\n\t\t\t\t<\/div>\n\t\t\t\t<div class=\"elementor-element elementor-element-b5b7f0d elementor-widget elementor-widget-heading\" data-id=\"b5b7f0d\" data-element_type=\"widget\" data-e-type=\"widget\" data-widget_type=\"heading.default\">\n\t\t\t\t<div class=\"elementor-widget-container\">\n\t\t\t\t\t<p class=\"elementor-heading-title elementor-size-default\">Apparat f\u00fcr Integrit\u00e4t von Schaltkreisen unter Brandbedingungen<\/p>\t\t\t\t<\/div>\n\t\t\t\t<\/div>\n\t\t\t\t<div class=\"elementor-element elementor-element-0097a59 elementor-widget elementor-widget-image\" data-id=\"0097a59\" data-element_type=\"widget\" data-e-type=\"widget\" data-widget_type=\"image.default\">\n\t\t\t\t<div class=\"elementor-widget-container\">\n\t\t\t\t\t\t\t\t\t\t\t\t\t\t\t<img decoding=\"async\" width=\"444\" height=\"274\" src=\"https:\/\/www.fire-testing.com\/wp-content\/uploads\/2019\/02\/83-Ring-Clamps-for-Resistance-to-Fire-Alone-Testing-Clause-D2-with-IEC-60331-11-Burner.jpg\" class=\"attachment-medium_large size-medium_large wp-image-764\" alt=\"BS 6387 protocol C\" srcset=\"https:\/\/www.fire-testing.com\/wp-content\/uploads\/2019\/02\/83-Ring-Clamps-for-Resistance-to-Fire-Alone-Testing-Clause-D2-with-IEC-60331-11-Burner.jpg 444w, https:\/\/www.fire-testing.com\/wp-content\/uploads\/2019\/02\/83-Ring-Clamps-for-Resistance-to-Fire-Alone-Testing-Clause-D2-with-IEC-60331-11-Burner-300x185.jpg 300w\" sizes=\"(max-width: 444px) 100vw, 444px\" \/>\t\t\t\t\t\t\t\t\t\t\t\t\t\t\t<\/div>\n\t\t\t\t<\/div>\n\t\t\t\t<div class=\"elementor-element elementor-element-2409cec elementor-widget elementor-widget-heading\" data-id=\"2409cec\" data-element_type=\"widget\" data-e-type=\"widget\" data-widget_type=\"heading.default\">\n\t\t\t\t<div class=\"elementor-widget-container\">\n\t\t\t\t\t<p class=\"elementor-heading-title elementor-size-default\">Ringschellen f\u00fcr Widerstandspr\u00fcfung gegen Brand allein (Protokoll C) mit Brenner nach IEC 60331-11<\/p>\t\t\t\t<\/div>\n\t\t\t\t<\/div>\n\t\t\t\t<div class=\"elementor-element elementor-element-695fe28 elementor-widget elementor-widget-image\" data-id=\"695fe28\" data-element_type=\"widget\" data-e-type=\"widget\" data-widget_type=\"image.default\">\n\t\t\t\t<div class=\"elementor-widget-container\">\n\t\t\t\t\t\t\t\t\t\t\t\t\t\t\t<img decoding=\"async\" width=\"768\" height=\"741\" src=\"https:\/\/www.fire-testing.com\/wp-content\/uploads\/2019\/02\/83-resistance-to-fire-with-water_clause-D3-768x741.jpg\" class=\"attachment-medium_large size-medium_large wp-image-762\" alt=\"Resistance to fire with water BS 6387 Protocol W\" srcset=\"https:\/\/www.fire-testing.com\/wp-content\/uploads\/2019\/02\/83-resistance-to-fire-with-water_clause-D3-768x741.jpg 768w, https:\/\/www.fire-testing.com\/wp-content\/uploads\/2019\/02\/83-resistance-to-fire-with-water_clause-D3-600x579.jpg 600w, https:\/\/www.fire-testing.com\/wp-content\/uploads\/2019\/02\/83-resistance-to-fire-with-water_clause-D3-300x289.jpg 300w, https:\/\/www.fire-testing.com\/wp-content\/uploads\/2019\/02\/83-resistance-to-fire-with-water_clause-D3.jpg 911w\" sizes=\"(max-width: 768px) 100vw, 768px\" \/>\t\t\t\t\t\t\t\t\t\t\t\t\t\t\t<\/div>\n\t\t\t\t<\/div>\n\t\t\t\t<div class=\"elementor-element elementor-element-0a70087 elementor-widget elementor-widget-heading\" data-id=\"0a70087\" data-element_type=\"widget\" data-e-type=\"widget\" data-widget_type=\"heading.default\">\n\t\t\t\t<div class=\"elementor-widget-container\">\n\t\t\t\t\t<p class=\"elementor-heading-title elementor-size-default\">Widerstand gegen Brand mit Wasser (BS 6387<\/p>\t\t\t\t<\/div>\n\t\t\t\t<\/div>\n\t\t\t\t\t<\/div>\n\t\t<\/div>\n\t\t\t\t\t<\/div>\n\t\t<\/section>\n\t\t\t\t<section data-particle_enable=\"false\" data-particle-mobile-disabled=\"false\" class=\"elementor-section elementor-top-section elementor-element elementor-element-7e801b4 elementor-section-boxed elementor-section-height-default elementor-section-height-default\" data-id=\"7e801b4\" data-element_type=\"section\" data-e-type=\"section\">\n\t\t\t\t\t\t<div class=\"elementor-container elementor-column-gap-default\">\n\t\t\t\t\t<div class=\"elementor-column elementor-col-100 elementor-top-column elementor-element elementor-element-00546a1\" data-id=\"00546a1\" data-element_type=\"column\" data-e-type=\"column\">\n\t\t\t<div class=\"elementor-widget-wrap elementor-element-populated\">\n\t\t\t\t\t\t<div class=\"dce-visibility-event elementor-element elementor-element-d48b031 elementor-widget elementor-widget-button\" data-id=\"d48b031\" data-element_type=\"widget\" data-e-type=\"widget\" data-settings=\"{&quot;enabled_visibility&quot;:&quot;yes&quot;,&quot;dce_visibility_selected&quot;:&quot;yes&quot;}\" data-widget_type=\"button.default\">\n\t\t\t\t<div class=\"elementor-widget-container\">\n\t\t\t\t\t\t\t\t\t<div class=\"elementor-button-wrapper\">\n\t\t\t\t\t<a class=\"elementor-button elementor-button-link elementor-size-sm\" href=\"https:\/\/www.fire-testing.com\/de\/login\/\">\n\t\t\t\t\t\t<span class=\"elementor-button-content-wrapper\">\n\t\t\t\t\t\t\t\t\t<span class=\"elementor-button-text\">ANMELDEN\/REGISTRIEREN ZUM HERUNTERLADEN DIESER BROSCH\u00dcRE<\/span>\n\t\t\t\t\t<\/span>\n\t\t\t\t\t<\/a>\n\t\t\t\t<\/div>\n\t\t\t\t\t\t\t\t<\/div>\n\t\t\t\t<\/div>\n\t\t\t\t<div class=\"dce-visibility-event elementor-element elementor-element-07f3123 elementor-widget elementor-widget-button\" data-id=\"07f3123\" data-element_type=\"widget\" data-e-type=\"widget\" data-settings=\"{&quot;enabled_visibility&quot;:&quot;yes&quot;,&quot;dce_visibility_selected&quot;:&quot;yes&quot;}\" data-widget_type=\"button.default\">\n\t\t\t\t<div class=\"elementor-widget-container\">\n\t\t\t\t\t\t\t\t\t<div class=\"elementor-button-wrapper\">\n\t\t\t\t\t<a class=\"elementor-button elementor-button-link elementor-size-sm\" href=\"https:\/\/www.fire-testing.com\/de\/request-a-brochure\/\">\n\t\t\t\t\t\t<span class=\"elementor-button-content-wrapper\">\n\t\t\t\t\t\t\t\t\t<span class=\"elementor-button-text\">REQUEST TECHNICAL SPECIFICATION<\/span>\n\t\t\t\t\t<\/span>\n\t\t\t\t\t<\/a>\n\t\t\t\t<\/div>\n\t\t\t\t\t\t\t\t<\/div>\n\t\t\t\t<\/div>\n\t\t<!-- dce invisible element 7a8b1a6 -->\t\t\t<\/div>\n\t\t<\/div>\n\t\t\t\t\t<\/div>\n\t\t<\/section>\n\t\t\t\t<\/div>","protected":false},"excerpt":{"rendered":"<p>Circuit Integrity Under Fire Conditions Apparatus BS 6387 FTT produce the BS 6387 test apparatus required for testing cable circuit integrity under fire conditions. The apparatus is supplied with ability to assess: Resistance to Fire Alone (IEC 60331-11 \/ BS 6387 Protocol C) Resistance to Fire with Water (BS 6387 Protocol W) Resistance to Fire [&hellip;]<\/p>\n","protected":false},"author":142,"featured_media":0,"parent":0,"menu_order":0,"comment_status":"closed","ping_status":"closed","template":"","meta":{"_acf_changed":false,"footnotes":""},"class_list":["post-756","page","type-page","status-publish","hentry"],"acf":[],"_links":{"self":[{"href":"https:\/\/www.fire-testing.com\/de\/wp-json\/wp\/v2\/pages\/756","targetHints":{"allow":["GET"]}}],"collection":[{"href":"https:\/\/www.fire-testing.com\/de\/wp-json\/wp\/v2\/pages"}],"about":[{"href":"https:\/\/www.fire-testing.com\/de\/wp-json\/wp\/v2\/types\/page"}],"author":[{"embeddable":true,"href":"https:\/\/www.fire-testing.com\/de\/wp-json\/wp\/v2\/users\/142"}],"replies":[{"embeddable":true,"href":"https:\/\/www.fire-testing.com\/de\/wp-json\/wp\/v2\/comments?post=756"}],"version-history":[{"count":0,"href":"https:\/\/www.fire-testing.com\/de\/wp-json\/wp\/v2\/pages\/756\/revisions"}],"wp:attachment":[{"href":"https:\/\/www.fire-testing.com\/de\/wp-json\/wp\/v2\/media?parent=756"}],"curies":[{"name":"wp","href":"https:\/\/api.w.org\/{rel}","templated":true}]}}