{"id":779,"date":"2019-02-08T15:04:50","date_gmt":"2019-02-08T15:04:50","guid":{"rendered":"https:\/\/www.fire-testing.com\/?page_id=779"},"modified":"2022-11-08T09:20:39","modified_gmt":"2022-11-08T09:20:39","slug":"icone-mini-and-icone-classic-calorimeters","status":"publish","type":"page","link":"https:\/\/www.fire-testing.com\/de\/icone-mini-and-icone-classic-calorimeters\/","title":{"rendered":"iCone Mini and iCone Classic Calorimeters"},"content":{"rendered":"<div data-elementor-type=\"wp-page\" data-elementor-id=\"779\" class=\"elementor elementor-779\" data-elementor-post-type=\"page\">\n\t\t\t\t\t\t<section data-particle_enable=\"false\" data-particle-mobile-disabled=\"false\" class=\"elementor-section elementor-top-section elementor-element elementor-element-eedbfe5 elementor-section-boxed elementor-section-height-default elementor-section-height-default\" data-id=\"eedbfe5\" data-element_type=\"section\" data-e-type=\"section\">\n\t\t\t\t\t\t<div class=\"elementor-container elementor-column-gap-default\">\n\t\t\t\t\t<div class=\"elementor-column elementor-col-50 elementor-top-column elementor-element elementor-element-115ae6c\" data-id=\"115ae6c\" data-element_type=\"column\" data-e-type=\"column\">\n\t\t\t<div class=\"elementor-widget-wrap elementor-element-populated\">\n\t\t\t\t\t\t<div class=\"elementor-element elementor-element-f76e1fa elementor-widget elementor-widget-heading\" data-id=\"f76e1fa\" data-element_type=\"widget\" data-e-type=\"widget\" data-widget_type=\"heading.default\">\n\t\t\t\t<div class=\"elementor-widget-container\">\n\t\t\t\t\t<h1 class=\"elementor-heading-title elementor-size-default\"><em class=\"ftt-600 time-font\">i<\/em>Cone <em class=\"ftt\">mini<\/em> and <em class=\"ftt-600 time-font\">i<\/em>Cone <em class=\"ftt\">classic<\/em> Kalorimeter<\/h1>\t\t\t\t<\/div>\n\t\t\t\t<\/div>\n\t\t\t\t<div class=\"elementor-element elementor-element-937069e elementor-widget elementor-widget-heading\" data-id=\"937069e\" data-element_type=\"widget\" data-e-type=\"widget\" data-widget_type=\"heading.default\">\n\t\t\t\t<div class=\"elementor-widget-container\">\n\t\t\t\t\t<p class=\"elementor-heading-title elementor-size-default\">ISO 5660; ASTM E1354; ASTM E1474; ASTM E1740; ASTM F1550; ASTM D6113; CAN ULC 135; BS 476 Part 15<\/p>\t\t\t\t<\/div>\n\t\t\t\t<\/div>\n\t\t\t\t<div class=\"elementor-element elementor-element-6a0e1558 elementor-widget elementor-widget-text-editor\" data-id=\"6a0e1558\" data-element_type=\"widget\" data-e-type=\"widget\" data-widget_type=\"text-editor.default\">\n\t\t\t\t<div class=\"elementor-widget-container\">\n\t\t\t\t\t\t\t\t\t<p>Cone Calorimetry (<a href=\"https:\/\/www.iso.org\/standard\/57957.html\" target=\"_blank\" rel=\"noopener\">ISO 5660<\/a>; <a href=\"https:\/\/www.astm.org\/Standards\/E1354.htm\" target=\"_blank\" rel=\"noopener\">ASTM E1354<\/a>) is the most significant bench scale instrumentation in the field of fire testing.<\/p><p class=\"translation-block\">Die <span class=\"s1\"><span style=\"color: #f05e23\"><strong>FTT<\/strong><\/span><\/span>-Kalorimeter des Typs <span style=\"color: #f05e23\"><em><strong><span style=\"font-family: times\">i<\/span><\/strong><\/em><\/span>Cone<span class=\"s1\">\n sind so knstruiert, dass sie alle bestehenden Standards (einschlie\u00dflich ISO 5660, ASTM E1354, ASTM E1474, ASTM E1740, ASTM F1550, ASTM D6113, CAN ULC 135 and BS 476 Part 15) erf\u00fcllen.<\/p><p>The <em><strong class=\"ftt time-font\">i<\/strong><\/em>Cone Calorimeter was the first in <strong class=\"ftt-600\">FTT<\/strong>\u2019s new interactive range of calorimeters, called the <strong><em class=\"ftt time-font\">i<\/em><\/strong>-series. It features the latest technology in control and automation making it the most advanced, reliable and user\u00ad friendly Cone Calorimeter in the world. The <em><strong class=\"ftt time-font\">i<\/strong><\/em>Cone was launched in 2013.\u00a0<\/p><p>The <em><strong class=\"ftt time-font\">i<\/strong><\/em>Cone series is now completed by two semi\u00ad-automatic models \u2013 the <em><strong class=\"ftt time-font\">i<\/strong><\/em>Cone<em class=\"ftt\"> mini<\/em> which features a separate gas analysis rack and the <em><strong class=\"ftt time-font\">i<\/strong><\/em>Cone<em class=\"ftt\"> classic<\/em> which has a fixed gas analysis console mounted on the instrument main frame. These have replaced the <strong class=\"ftt-600\">FTT<\/strong> Dual Cone and Standard Cone respectively.\u00a0<\/p><p>The <em><strong class=\"ftt time-font\">i<\/strong><\/em>Cone has undergone further modification on its fire model and glass protective screen. This upgrade version is now named as the <em><strong class=\"ftt time-font\">i<\/strong><\/em>Cone<em>\u00b2\u207a<\/em>\u00a0, also for being the most advanced model in the range. The <em><strong class=\"ftt time-font\">i<\/strong><\/em>Cone series brings calorimetry to a new level of automation and make it available at different budget levels.<\/p><p>All <span class=\"ftt-600\">FTT<\/span> calorimeters use a Peltier cooling device and drying agent to ensure that all moisture is removed from the sample gas stream to prevent drift in the Oxygen base-line concentration.\u00a0<\/p><p>Tests have shown that just using a Peltier cooling device leads to base line oxygen drift beyond the limits of the standard and resulting in incorrect Heat Release measurement.<\/p><p><strong>A full system on the <em>i<\/em><\/strong>Cone<em class=\"ftt\"> mini<\/em><strong>\u00a0 and <em>i<\/em><\/strong>Cone<em class=\"ftt\"> classic<\/em><strong>\u00a0consists of:<\/strong><\/p><ul><li>Temperaturregler<\/li><li>Motorisiertes Hitzeschild<\/li><li>Funkenz\u00fcndung<\/li><li>Probenhalter<\/li><li>Probenabstandhalter<\/li><li>Schutzschirm aus hitzebest\u00e4ndigem Glas<\/li><li>W\u00e4gezelle<\/li><li>Gasprobenahme<\/li><li>Analyse von Verbrennungsgasen<\/li><li>Messung der Rauchverdunkelung<\/li><li>Abgassystem<\/li><li>W\u00e4rmefluss-Messger\u00e4t<\/li><li>Kalibrierungsbrenner<\/li><li>Datenerfassung<\/li><li>ConeCalc Software \u2013 Diese ist in mehreren Sprachen erh\u00e4ltlich, darunter Englisch, Franz\u00f6sisch, Deutsch, Spanisch und Japanisch. Die Benutzerschnittstelle ist ein Windows-basiertes System mit \u201ebenutzerfreundlichen\u201c Schaltfl\u00e4chen-Aktionen und Standard-Windows-Dateneingabefeldern, Drop-Down-Selektoren, Kontrollk\u00e4stchen und Schaltern, die Folgendes k\u00f6nnen:<br \/>\u2022Instrumentensteuerung und Anzeige des Status des Instruments<br \/>\u2022Kalibrierung von Gasanalyseger\u00e4ten und Speicherung der Kalibrierungsergebnisse<br \/>\u2022C-Faktor-Kalibrierung mit der Verwendung einer Massenflusssteuerung<br \/>\u2022C-Faktor-Kalibrierung \u00fcber Pool-Brand(Ethanol)-Routine<br \/>\u2022Sammeln von w\u00e4hrend eines Tests ermittelten Daten<br \/>\u2022Berechnen der erforderlichen Parameter<br \/>\u2022Pr\u00e4sentation der Ergebnisse gem\u00e4\u00df ISO 5660-1 und ASTM E1354<br \/>\u2022Exportieren berechneter Daten in CSV(comma separated values)-Dateien zur schnellen \u00dcbertragung in Tabellenkalkulationen.<\/li><\/ul><p class=\"translation-block\"><strong>Einzigartige Merkmale des <span style=\"color: #f05e23\"><em><strong><span style=\"font-family: Times\">i<\/span><\/strong><\/em><\/span><\/strong>Cone<em><span style=\"color: #f05e23\"> mini<\/span><\/em><strong><span class=\"s1\"> und <span style=\"color: #f05e23\"><em><strong><span style=\"font-family: Times\">i<\/span><\/strong><\/em><\/span><\/span><\/strong><span class=\"s1\">Cone<\/span><em><span class=\"s1\"><span style=\"color: #f05e23\"> classic<\/span><\/span><\/em><strong><span class=\"s1\"><span class=\"s1\"><\/span><\/span> von <span class=\"s1\"><span style=\"color: #f05e23\">FTT<\/span><\/span>:<\/strong><\/p><ul><li>Ferngesteuerte Positionssteuerung der Konusbaugruppe, so dass der Abstand zwischen Heizelement und Probenoberfl\u00e4che vor und w\u00e4hrend der Pr\u00fcfung eingestellt werden kann, um die Pr\u00fcfung von intumeszierenden oder sich thermisch verformenden Proben zu erleichtern<\/li><li>Programmierbare W\u00e4rmestromexposition. Es k\u00f6nnen bis zu 10 aufeinanderfolgende W\u00e4rmestromrampen oder Haltephasen programmiert werden<\/li><li>Motorisierter Hitzeschild zum Schutz der Probe vor W\u00e4rmeeinwirkung vor dem Test<\/li><li>Motorisierte Positionierung und Steuerung des Funkenz\u00fcnders zum Z\u00fcnden der Verbrennungsgase der Probe<\/li><li class=\"translation-block\">Automatische\/halbautomatische\/manuelle Kalibrierung durch ConeCalc-Software. \n<\/br>\nW\u00e4gezellenaufl\u00f6sung von 0,01 g und Lastkapazit\u00e4t bis zu 8,2 kg (Sartorius-Zelle)\n<\/br>\nW\u00e4gezelle ist auf einem unabh\u00e4ngigen Tisch montiert, um Vibrationen des Abluftventilators zu vermeiden<\/li><li>W\u00e4gezellenaufl\u00f6sung von 0,01 g und Lastkapazit\u00e4t bis zu 8,2 kg (Sartorius-Zelle)<\/li><li class=\"translation-block\">Online-Unterst\u00fctzung und Fernsteuerung von Instrumenten von <span class=\"s1\"><span style=\"color: #f05e23\"><strong>FTT<\/strong><\/span><\/span> f\u00fcr internetverbundene Systeme<\/li><li>Optionales gr\u00f6\u00dferes Kegelbrandmodell f\u00fcr die Pr\u00fcfung von Proben mit sehr niedrigen W\u00e4rmefreisetzungsraten. 150 mm \u00d7 150 mm gro\u00dfe Proben werden \u00fcber die gesamte Oberfl\u00e4che gleichm\u00e4\u00dfigem W\u00e4rmefluss ausgesetzt.<\/li><li>Optionales voll integriertes FTIR-Gasanalysesystem mit beheiztem Probenentnahmemodul, beheizten Leitungen\/Sonden und SPS-Steuerung<\/li><\/ul><p><strong>Optionen:<\/strong><\/p><ul><li>Kohlendioxid- und Kohlenmonoxid \u2013 NDIR-Gasanalysatoren optional erh\u00e4ltlich.<\/li><li>Chlorwasserstoff \u2013 Versorgungsleitungen und Gasanalysator beheizt<\/li><li>Anlage f\u00fcr kontrollierte Atmosph\u00e4re \u2013 f\u00fcr sauerstoffarme Probenanalyse<\/li><li>FTIR-Toxizit\u00e4tstestsystem<\/li><\/ul><p><strong>Software:<\/strong><\/p><p>Calorimetry instrument supplied with software at no extra charge. Software updates provided free of charge.<\/p><p>\u00a0<\/p>\t\t\t\t\t\t\t\t<\/div>\n\t\t\t\t<\/div>\n\t\t\t\t\t<\/div>\n\t\t<\/div>\n\t\t\t\t<div class=\"elementor-column elementor-col-50 elementor-top-column elementor-element elementor-element-1c7bb73\" data-id=\"1c7bb73\" data-element_type=\"column\" data-e-type=\"column\">\n\t\t\t<div class=\"elementor-widget-wrap elementor-element-populated\">\n\t\t\t\t\t\t<div class=\"elementor-element elementor-element-132a0f7 elementor-widget elementor-widget-image\" data-id=\"132a0f7\" data-element_type=\"widget\" data-e-type=\"widget\" data-widget_type=\"image.default\">\n\t\t\t\t<div class=\"elementor-widget-container\">\n\t\t\t\t\t\t\t\t\t\t\t\t\t\t\t<img fetchpriority=\"high\" decoding=\"async\" width=\"560\" height=\"800\" src=\"https:\/\/www.fire-testing.com\/wp-content\/uploads\/2020\/10\/18-iCone-Mini_rebrand_PIXEL-portrait.jpg\" class=\"attachment-full size-full wp-image-6484\" alt=\"\" srcset=\"https:\/\/www.fire-testing.com\/wp-content\/uploads\/2020\/10\/18-iCone-Mini_rebrand_PIXEL-portrait.jpg 560w, https:\/\/www.fire-testing.com\/wp-content\/uploads\/2020\/10\/18-iCone-Mini_rebrand_PIXEL-portrait-210x300.jpg 210w, https:\/\/www.fire-testing.com\/wp-content\/uploads\/2020\/10\/18-iCone-Mini_rebrand_PIXEL-portrait-8x12.jpg 8w\" sizes=\"(max-width: 560px) 100vw, 560px\">\t\t\t\t\t\t\t\t\t\t\t\t\t\t\t<\/div>\n\t\t\t\t<\/div>\n\t\t\t\t<div class=\"elementor-element elementor-element-91396f7 elementor-widget elementor-widget-heading\" data-id=\"91396f7\" data-element_type=\"widget\" data-e-type=\"widget\" data-widget_type=\"heading.default\">\n\t\t\t\t<div class=\"elementor-widget-container\">\n\t\t\t\t\t<p class=\"elementor-heading-title elementor-size-default\"><span style=\"color: #f05e23\"><em><strong><span style=\"font-family: Times\">i<\/span><\/strong><\/em><\/span>Cone <em style=\"color: #f05e23\">mini<\/em><\/p>\t\t\t\t<\/div>\n\t\t\t\t<\/div>\n\t\t\t\t<div class=\"elementor-element elementor-element-bebba20 elementor-widget elementor-widget-image\" data-id=\"bebba20\" data-element_type=\"widget\" data-e-type=\"widget\" data-widget_type=\"image.default\">\n\t\t\t\t<div class=\"elementor-widget-container\">\n\t\t\t\t\t\t\t\t\t\t\t\t\t\t\t<img decoding=\"async\" width=\"560\" height=\"800\" src=\"https:\/\/www.fire-testing.com\/wp-content\/uploads\/2020\/10\/18-iCone-Classic_rebrand_PIXEL-portrait.jpg\" class=\"attachment-full size-full wp-image-6485\" alt=\"\" srcset=\"https:\/\/www.fire-testing.com\/wp-content\/uploads\/2020\/10\/18-iCone-Classic_rebrand_PIXEL-portrait.jpg 560w, https:\/\/www.fire-testing.com\/wp-content\/uploads\/2020\/10\/18-iCone-Classic_rebrand_PIXEL-portrait-210x300.jpg 210w, https:\/\/www.fire-testing.com\/wp-content\/uploads\/2020\/10\/18-iCone-Classic_rebrand_PIXEL-portrait-8x12.jpg 8w\" sizes=\"(max-width: 560px) 100vw, 560px\">\t\t\t\t\t\t\t\t\t\t\t\t\t\t\t<\/div>\n\t\t\t\t<\/div>\n\t\t\t\t<div class=\"elementor-element elementor-element-ebe425f elementor-widget elementor-widget-heading\" data-id=\"ebe425f\" data-element_type=\"widget\" data-e-type=\"widget\" data-widget_type=\"heading.default\">\n\t\t\t\t<div class=\"elementor-widget-container\">\n\t\t\t\t\t<p class=\"elementor-heading-title elementor-size-default\"><span style=\"color: #f05e23\"><em><strong><span style=\"font-family: Times\">i<\/span><\/strong><\/em><\/span>Cone <em style=\"color: #f05e23\">classic<\/em><\/p>\t\t\t\t<\/div>\n\t\t\t\t<\/div>\n\t\t\t\t\t<\/div>\n\t\t<\/div>\n\t\t\t\t\t<\/div>\n\t\t<\/section>\n\t\t\t\t<section data-particle_enable=\"false\" data-particle-mobile-disabled=\"false\" class=\"elementor-section elementor-top-section elementor-element elementor-element-633a031 elementor-section-boxed elementor-section-height-default elementor-section-height-default\" data-id=\"633a031\" data-element_type=\"section\" data-e-type=\"section\">\n\t\t\t\t\t\t<div class=\"elementor-container elementor-column-gap-default\">\n\t\t\t\t\t<div class=\"elementor-column elementor-col-100 elementor-top-column elementor-element elementor-element-6e52402\" data-id=\"6e52402\" data-element_type=\"column\" data-e-type=\"column\">\n\t\t\t<div class=\"elementor-widget-wrap elementor-element-populated\">\n\t\t\t\t\t\t<div class=\"dce-visibility-event elementor-element elementor-element-ec88dd2 elementor-widget elementor-widget-button\" data-id=\"ec88dd2\" data-element_type=\"widget\" data-e-type=\"widget\" data-settings=\"{&quot;enabled_visibility&quot;:&quot;yes&quot;,&quot;dce_visibility_selected&quot;:&quot;yes&quot;}\" data-widget_type=\"button.default\">\n\t\t\t\t<div class=\"elementor-widget-container\">\n\t\t\t\t\t\t\t\t\t<div class=\"elementor-button-wrapper\">\n\t\t\t\t\t<a class=\"elementor-button elementor-button-link elementor-size-sm\" href=\"https:\/\/www.fire-testing.com\/de\/login\/\">\n\t\t\t\t\t\t<span class=\"elementor-button-content-wrapper\">\n\t\t\t\t\t\t\t\t\t<span class=\"elementor-button-text\">ANMELDEN\/REGISTRIEREN ZUM HERUNTERLADEN DIESER BROSCH\u00dcRE<\/span>\n\t\t\t\t\t<\/span>\n\t\t\t\t\t<\/a>\n\t\t\t\t<\/div>\n\t\t\t\t\t\t\t\t<\/div>\n\t\t\t\t<\/div>\n\t\t\t\t<div class=\"dce-visibility-event elementor-element elementor-element-da352b7 elementor-widget elementor-widget-button\" data-id=\"da352b7\" data-element_type=\"widget\" data-e-type=\"widget\" data-settings=\"{&quot;enabled_visibility&quot;:&quot;yes&quot;,&quot;dce_visibility_selected&quot;:&quot;yes&quot;}\" data-widget_type=\"button.default\">\n\t\t\t\t<div class=\"elementor-widget-container\">\n\t\t\t\t\t\t\t\t\t<div class=\"elementor-button-wrapper\">\n\t\t\t\t\t<a class=\"elementor-button elementor-button-link elementor-size-sm\" href=\"https:\/\/www.fire-testing.com\/de\/request-a-brochure\/\">\n\t\t\t\t\t\t<span class=\"elementor-button-content-wrapper\">\n\t\t\t\t\t\t\t\t\t<span class=\"elementor-button-text\">REQUEST TECHNICAL SPECIFICATION<\/span>\n\t\t\t\t\t<\/span>\n\t\t\t\t\t<\/a>\n\t\t\t\t<\/div>\n\t\t\t\t\t\t\t\t<\/div>\n\t\t\t\t<\/div>\n\t\t<!-- dce invisible element 5d67bc3 -->\t\t\t<\/div>\n\t\t<\/div>\n\t\t\t\t\t<\/div>\n\t\t<\/section>\n\t\t\t\t<\/div>","protected":false},"excerpt":{"rendered":"<p>iCone mini and iCone classic Calorimeter ISO 5660; ASTM E1354; ASTM E1474; ASTM E1740; ASTM F1550; ASTM D6113; CAN ULC 135; BS 476 Part 15 Cone Calorimetry (ISO 5660; ASTM E1354) is the most significant bench scale instrumentation in the field of fire testing. The FTT iCone Calorimeters have been produced to meet all existing [&hellip;]<\/p>\n","protected":false},"author":142,"featured_media":0,"parent":0,"menu_order":0,"comment_status":"closed","ping_status":"closed","template":"","meta":{"_acf_changed":false,"footnotes":""},"class_list":["post-779","page","type-page","status-publish","hentry"],"acf":[],"_links":{"self":[{"href":"https:\/\/www.fire-testing.com\/de\/wp-json\/wp\/v2\/pages\/779","targetHints":{"allow":["GET"]}}],"collection":[{"href":"https:\/\/www.fire-testing.com\/de\/wp-json\/wp\/v2\/pages"}],"about":[{"href":"https:\/\/www.fire-testing.com\/de\/wp-json\/wp\/v2\/types\/page"}],"author":[{"embeddable":true,"href":"https:\/\/www.fire-testing.com\/de\/wp-json\/wp\/v2\/users\/142"}],"replies":[{"embeddable":true,"href":"https:\/\/www.fire-testing.com\/de\/wp-json\/wp\/v2\/comments?post=779"}],"version-history":[{"count":0,"href":"https:\/\/www.fire-testing.com\/de\/wp-json\/wp\/v2\/pages\/779\/revisions"}],"wp:attachment":[{"href":"https:\/\/www.fire-testing.com\/de\/wp-json\/wp\/v2\/media?parent=779"}],"curies":[{"name":"wp","href":"https:\/\/api.w.org\/{rel}","templated":true}]}}