{"id":950,"date":"2019-02-15T09:24:39","date_gmt":"2019-02-15T09:24:39","guid":{"rendered":"https:\/\/www.fire-testing.com\/?page_id=950"},"modified":"2022-08-22T10:04:28","modified_gmt":"2022-08-22T10:04:28","slug":"european-wall-ceiling-flooring-and-linear-pipe-thermal-insulation-products","status":"publish","type":"page","link":"https:\/\/www.fire-testing.com\/de\/european-wall-ceiling-flooring-and-linear-pipe-thermal-insulation-products\/","title":{"rendered":"EU Produkte f\u00fcr Wand-, Decken-, Boden- und Linearrohr-W\u00e4rmed\u00e4mmung"},"content":{"rendered":"<div data-elementor-type=\"wp-page\" data-elementor-id=\"950\" class=\"elementor elementor-950\" data-elementor-post-type=\"page\">\n\t\t\t\t\t\t<section data-particle_enable=\"false\" data-particle-mobile-disabled=\"false\" class=\"elementor-section elementor-top-section elementor-element elementor-element-a97db66 elementor-section-boxed elementor-section-height-default elementor-section-height-default\" data-id=\"a97db66\" data-element_type=\"section\" data-e-type=\"section\">\n\t\t\t\t\t\t<div class=\"elementor-container elementor-column-gap-default\">\n\t\t\t\t\t<div class=\"elementor-column elementor-col-100 elementor-top-column elementor-element elementor-element-dfe9ad1\" data-id=\"dfe9ad1\" data-element_type=\"column\" data-e-type=\"column\">\n\t\t\t<div class=\"elementor-widget-wrap elementor-element-populated\">\n\t\t\t\t\t\t<div class=\"elementor-element elementor-element-7fe59d1 elementor-widget elementor-widget-heading\" data-id=\"7fe59d1\" data-element_type=\"widget\" data-e-type=\"widget\" data-widget_type=\"heading.default\">\n\t\t\t\t<div class=\"elementor-widget-container\">\n\t\t\t\t\t<h1 class=\"elementor-heading-title elementor-size-default\">Nach Branchen Ausw\u00e4hlen<\/h1>\t\t\t\t<\/div>\n\t\t\t\t<\/div>\n\t\t\t\t\t<\/div>\n\t\t<\/div>\n\t\t\t\t\t<\/div>\n\t\t<\/section>\n\t\t\t\t<section data-particle_enable=\"false\" data-particle-mobile-disabled=\"false\" class=\"elementor-section elementor-top-section elementor-element elementor-element-e0a9c8d elementor-section-boxed elementor-section-height-default elementor-section-height-default\" data-id=\"e0a9c8d\" data-element_type=\"section\" data-e-type=\"section\">\n\t\t\t\t\t\t<div class=\"elementor-container elementor-column-gap-default\">\n\t\t\t\t\t<div class=\"elementor-column elementor-col-100 elementor-top-column elementor-element elementor-element-2cd8630\" data-id=\"2cd8630\" data-element_type=\"column\" data-e-type=\"column\">\n\t\t\t<div class=\"elementor-widget-wrap elementor-element-populated\">\n\t\t\t\t\t\t<div class=\"elementor-element elementor-element-eb0317a e--pointer-none elementor-nav-menu--dropdown-none ecs-nav-layout-horizontal elementor-nav-menu--toggle elementor-nav-menu--burger ecs-toggle-align-center elementor-widget elementor-widget-nav-menu\" data-id=\"eb0317a\" data-element_type=\"widget\" data-e-type=\"widget\" data-settings=\"{&quot;layout&quot;:&quot;horizontal&quot;,&quot;submenu_icon&quot;:{&quot;value&quot;:&quot;&lt;svg aria-hidden=\\&quot;true\\&quot; class=\\&quot;e-font-icon-svg e-fas-caret-down\\&quot; viewBox=\\&quot;0 0 320 512\\&quot; xmlns=\\&quot;http:\\\/\\\/www.w3.org\\\/2000\\\/svg\\&quot;&gt;&lt;path d=\\&quot;M31.3 192h257.3c17.8 0 26.7 21.5 14.1 34.1L174.1 354.8c-7.8 7.8-20.5 7.8-28.3 0L17.2 226.1C4.6 213.5 13.5 192 31.3 192z\\&quot;&gt;&lt;\\\/path&gt;&lt;\\\/svg&gt;&quot;,&quot;library&quot;:&quot;fa-solid&quot;},&quot;toggle&quot;:&quot;burger&quot;}\" data-widget_type=\"nav-menu.default\">\n\t\t\t\t<div class=\"elementor-widget-container\">\n\t\t\t\t\t\t\t\t<nav aria-label=\"Men\u00fc\" class=\"elementor-nav-menu--main elementor-nav-menu__container elementor-nav-menu--layout-horizontal e--pointer-none\">\n\t\t\t\t<ul id=\"menu-1-eb0317a\" class=\"elementor-nav-menu\"><li class=\"menu-item menu-item-type-custom menu-item-object-custom menu-item-1800\"><a href=\"https:\/\/www.fire-testing.com\/de\/european-wall-ceiling-flooring-and-linear-pipe-thermal-insulation-products\/\" class=\"elementor-item\">EU Wand, Decke, Bodenbelag<\/a><\/li>\n<li class=\"menu-item menu-item-type-custom menu-item-object-custom menu-item-1801\"><a href=\"https:\/\/www.fire-testing.com\/de\/european-electric-cables\/\" class=\"elementor-item\">Stromkabel<\/a><\/li>\n<li class=\"menu-item menu-item-type-custom menu-item-object-custom menu-item-1802\"><a href=\"https:\/\/www.fire-testing.com\/de\/european-roofing-products\/\" class=\"elementor-item\">EU \u00dcberdachung<\/a><\/li>\n<li class=\"menu-item menu-item-type-custom menu-item-object-custom menu-item-1803\"><a href=\"https:\/\/www.fire-testing.com\/de\/european-railway\/\" class=\"elementor-item\">EU Eisenbahn<\/a><\/li>\n<li class=\"menu-item menu-item-type-custom menu-item-object-custom menu-item-1804\"><a href=\"https:\/\/www.fire-testing.com\/de\/aviation-fire-testing-equipment\/\" class=\"elementor-item\">Luftfahrt<\/a><\/li>\n<li class=\"menu-item menu-item-type-post_type menu-item-object-page menu-item-3369\"><a href=\"https:\/\/www.fire-testing.com\/de\/plastics\/\" class=\"elementor-item\">Kunststoffe<\/a><\/li>\n<li class=\"menu-item menu-item-type-post_type menu-item-object-page menu-item-9639\"><a href=\"https:\/\/www.fire-testing.com\/de\/batteries\/\" class=\"elementor-item\">Batteries<\/a><\/li>\n<\/ul>\t\t\t<\/nav>\n\t\t\t\t\t<div class=\"elementor-menu-toggle\" role=\"button\" tabindex=\"0\" aria-label=\"Men\u00fc Umschalter\" aria-expanded=\"false\">\n\t\t\t<svg aria-hidden=\"true\" role=\"presentation\" class=\"elementor-menu-toggle__icon--open e-font-icon-svg e-eicon-menu-bar\" viewbox=\"0 0 1000 1000\" xmlns=\"http:\/\/www.w3.org\/2000\/svg\"><path d=\"M104 333H896C929 333 958 304 958 271S929 208 896 208H104C71 208 42 237 42 271S71 333 104 333ZM104 583H896C929 583 958 554 958 521S929 458 896 458H104C71 458 42 487 42 521S71 583 104 583ZM104 833H896C929 833 958 804 958 771S929 708 896 708H104C71 708 42 737 42 771S71 833 104 833Z\"><\/path><\/svg><svg aria-hidden=\"true\" role=\"presentation\" class=\"elementor-menu-toggle__icon--close e-font-icon-svg e-eicon-close\" viewbox=\"0 0 1000 1000\" xmlns=\"http:\/\/www.w3.org\/2000\/svg\"><path d=\"M742 167L500 408 258 167C246 154 233 150 217 150 196 150 179 158 167 167 154 179 150 196 150 212 150 229 154 242 171 254L408 500 167 742C138 771 138 800 167 829 196 858 225 858 254 829L496 587 738 829C750 842 767 846 783 846 800 846 817 842 829 829 842 817 846 804 846 783 846 767 842 750 829 737L588 500 833 258C863 229 863 200 833 171 804 137 775 137 742 167Z\"><\/path><\/svg>\t\t<\/div>\n\t\t\t\t\t<nav class=\"elementor-nav-menu--dropdown elementor-nav-menu__container\" aria-hidden=\"true\">\n\t\t\t\t<ul id=\"menu-2-eb0317a\" class=\"elementor-nav-menu\"><li class=\"menu-item menu-item-type-custom menu-item-object-custom menu-item-1800\"><a href=\"https:\/\/www.fire-testing.com\/de\/european-wall-ceiling-flooring-and-linear-pipe-thermal-insulation-products\/\" class=\"elementor-item\" tabindex=\"-1\">EU Wand, Decke, Bodenbelag<\/a><\/li>\n<li class=\"menu-item menu-item-type-custom menu-item-object-custom menu-item-1801\"><a href=\"https:\/\/www.fire-testing.com\/de\/european-electric-cables\/\" class=\"elementor-item\" tabindex=\"-1\">Stromkabel<\/a><\/li>\n<li class=\"menu-item menu-item-type-custom menu-item-object-custom menu-item-1802\"><a href=\"https:\/\/www.fire-testing.com\/de\/european-roofing-products\/\" class=\"elementor-item\" tabindex=\"-1\">EU \u00dcberdachung<\/a><\/li>\n<li class=\"menu-item menu-item-type-custom menu-item-object-custom menu-item-1803\"><a href=\"https:\/\/www.fire-testing.com\/de\/european-railway\/\" class=\"elementor-item\" tabindex=\"-1\">EU Eisenbahn<\/a><\/li>\n<li class=\"menu-item menu-item-type-custom menu-item-object-custom menu-item-1804\"><a href=\"https:\/\/www.fire-testing.com\/de\/aviation-fire-testing-equipment\/\" class=\"elementor-item\" tabindex=\"-1\">Luftfahrt<\/a><\/li>\n<li class=\"menu-item menu-item-type-post_type menu-item-object-page menu-item-3369\"><a href=\"https:\/\/www.fire-testing.com\/de\/plastics\/\" class=\"elementor-item\" tabindex=\"-1\">Kunststoffe<\/a><\/li>\n<li class=\"menu-item menu-item-type-post_type menu-item-object-page menu-item-9639\"><a href=\"https:\/\/www.fire-testing.com\/de\/batteries\/\" class=\"elementor-item\" tabindex=\"-1\">Batteries<\/a><\/li>\n<\/ul>\t\t\t<\/nav>\n\t\t\t\t\t\t<\/div>\n\t\t\t\t<\/div>\n\t\t\t\t\t<\/div>\n\t\t<\/div>\n\t\t\t\t\t<\/div>\n\t\t<\/section>\n\t\t\t\t<section data-particle_enable=\"false\" data-particle-mobile-disabled=\"false\" class=\"elementor-section elementor-top-section elementor-element elementor-element-8474252 elementor-section-boxed elementor-section-height-default elementor-section-height-default\" data-id=\"8474252\" data-element_type=\"section\" data-e-type=\"section\">\n\t\t\t\t\t\t<div class=\"elementor-container elementor-column-gap-default\">\n\t\t\t\t\t<div class=\"elementor-column elementor-col-100 elementor-top-column elementor-element elementor-element-5cae38f\" data-id=\"5cae38f\" data-element_type=\"column\" data-e-type=\"column\">\n\t\t\t<div class=\"elementor-widget-wrap elementor-element-populated\">\n\t\t\t\t\t\t<div class=\"elementor-element elementor-element-561ecfc elementor-widget__width-auto elementor-widget-divider--view-line elementor-widget elementor-widget-divider\" data-id=\"561ecfc\" data-element_type=\"widget\" data-e-type=\"widget\" data-widget_type=\"divider.default\">\n\t\t\t\t<div class=\"elementor-widget-container\">\n\t\t\t\t\t\t\t<div class=\"elementor-divider\">\n\t\t\t<span class=\"elementor-divider-separator\">\n\t\t\t\t\t\t<\/span>\n\t\t<\/div>\n\t\t\t\t\t\t<\/div>\n\t\t\t\t<\/div>\n\t\t\t\t<div class=\"elementor-element elementor-element-0be9fd1 elementor-widget__width-auto elementor-widget elementor-widget-heading\" data-id=\"0be9fd1\" data-element_type=\"widget\" data-e-type=\"widget\" data-widget_type=\"heading.default\">\n\t\t\t\t<div class=\"elementor-widget-container\">\n\t\t\t\t\t<h2 class=\"elementor-heading-title elementor-size-default\">EU Produkte f\u00fcr Wand-, Decken-, Boden- und Linearrohr-W\u00e4rmed\u00e4mmung<\/h2>\t\t\t\t<\/div>\n\t\t\t\t<\/div>\n\t\t\t\t\t<\/div>\n\t\t<\/div>\n\t\t\t\t\t<\/div>\n\t\t<\/section>\n\t\t\t\t<section data-particle_enable=\"false\" data-particle-mobile-disabled=\"false\" class=\"elementor-section elementor-top-section elementor-element elementor-element-5e4a377 elementor-section-boxed elementor-section-height-default elementor-section-height-default\" data-id=\"5e4a377\" data-element_type=\"section\" data-e-type=\"section\">\n\t\t\t\t\t\t<div class=\"elementor-container elementor-column-gap-default\">\n\t\t\t\t\t<div class=\"elementor-column elementor-col-20 elementor-top-column elementor-element elementor-element-712ca35\" data-id=\"712ca35\" data-element_type=\"column\" data-e-type=\"column\">\n\t\t\t<div class=\"elementor-widget-wrap elementor-element-populated\">\n\t\t\t\t\t\t<div class=\"elementor-element elementor-element-a88ef31 elementor-widget elementor-widget-image\" data-id=\"a88ef31\" data-element_type=\"widget\" data-e-type=\"widget\" data-widget_type=\"image.default\">\n\t\t\t\t<div class=\"elementor-widget-container\">\n\t\t\t\t\t\t\t\t\t\t\t\t\t\t\t\t<a href=\"https:\/\/www.fire-testing.com\/de\/single-burning-item-sbi\/\">\n\t\t\t\t\t\t\t<img fetchpriority=\"high\" decoding=\"async\" width=\"300\" height=\"300\" src=\"https:\/\/www.fire-testing.com\/wp-content\/uploads\/2019\/06\/01-Single-Burning-Item_PIXEL-300x300.jpg\" class=\"attachment-medium size-medium wp-image-4172\" alt=\"Single Burning Item (SBI)\" srcset=\"https:\/\/www.fire-testing.com\/wp-content\/uploads\/2019\/06\/01-Single-Burning-Item_PIXEL-300x300.jpg 300w, https:\/\/www.fire-testing.com\/wp-content\/uploads\/2019\/06\/01-Single-Burning-Item_PIXEL-150x150.jpg 150w, https:\/\/www.fire-testing.com\/wp-content\/uploads\/2019\/06\/01-Single-Burning-Item_PIXEL-768x768.jpg 768w, https:\/\/www.fire-testing.com\/wp-content\/uploads\/2019\/06\/01-Single-Burning-Item_PIXEL.jpg 800w\" sizes=\"(max-width: 300px) 100vw, 300px\" \/>\t\t\t\t\t\t\t\t<\/a>\n\t\t\t\t\t\t\t\t\t\t\t\t\t\t\t<\/div>\n\t\t\t\t<\/div>\n\t\t\t\t<div class=\"elementor-element elementor-element-3d35f11 elementor-widget elementor-widget-heading\" data-id=\"3d35f11\" data-element_type=\"widget\" data-e-type=\"widget\" data-widget_type=\"heading.default\">\n\t\t\t\t<div class=\"elementor-widget-container\">\n\t\t\t\t\t<div class=\"elementor-heading-title elementor-size-default\">Single Burning Item (SBI)<\/div>\t\t\t\t<\/div>\n\t\t\t\t<\/div>\n\t\t\t\t\t<\/div>\n\t\t<\/div>\n\t\t\t\t<div class=\"elementor-column elementor-col-20 elementor-top-column elementor-element elementor-element-4c0cff3\" data-id=\"4c0cff3\" data-element_type=\"column\" data-e-type=\"column\">\n\t\t\t<div class=\"elementor-widget-wrap elementor-element-populated\">\n\t\t\t\t\t\t<div class=\"elementor-element elementor-element-beafae5 elementor-widget elementor-widget-image\" data-id=\"beafae5\" data-element_type=\"widget\" data-e-type=\"widget\" data-widget_type=\"image.default\">\n\t\t\t\t<div class=\"elementor-widget-container\">\n\t\t\t\t\t\t\t\t\t\t\t\t\t\t\t\t<a href=\"https:\/\/www.fire-testing.com\/de\/flooring-radiant-panel-test-apparatus\/\">\n\t\t\t\t\t\t\t<img decoding=\"async\" width=\"300\" height=\"300\" src=\"https:\/\/www.fire-testing.com\/wp-content\/uploads\/2020\/10\/03-EN-ISO-9239-1-Flooring-Radiant-Panel_LARGER-300x300.jpg\" class=\"attachment-medium size-medium wp-image-6519\" alt=\"03-EN-ISO-9239-1-Flooring-Radiant-Panel\" srcset=\"https:\/\/www.fire-testing.com\/wp-content\/uploads\/2020\/10\/03-EN-ISO-9239-1-Flooring-Radiant-Panel_LARGER-300x300.jpg 300w, https:\/\/www.fire-testing.com\/wp-content\/uploads\/2020\/10\/03-EN-ISO-9239-1-Flooring-Radiant-Panel_LARGER-150x150.jpg 150w, https:\/\/www.fire-testing.com\/wp-content\/uploads\/2020\/10\/03-EN-ISO-9239-1-Flooring-Radiant-Panel_LARGER-768x768.jpg 768w, https:\/\/www.fire-testing.com\/wp-content\/uploads\/2020\/10\/03-EN-ISO-9239-1-Flooring-Radiant-Panel_LARGER-12x12.jpg 12w, https:\/\/www.fire-testing.com\/wp-content\/uploads\/2020\/10\/03-EN-ISO-9239-1-Flooring-Radiant-Panel_LARGER.jpg 800w\" sizes=\"(max-width: 300px) 100vw, 300px\" \/>\t\t\t\t\t\t\t\t<\/a>\n\t\t\t\t\t\t\t\t\t\t\t\t\t\t\t<\/div>\n\t\t\t\t<\/div>\n\t\t\t\t<div class=\"elementor-element elementor-element-d78deab elementor-widget elementor-widget-heading\" data-id=\"d78deab\" data-element_type=\"widget\" data-e-type=\"widget\" data-widget_type=\"heading.default\">\n\t\t\t\t<div class=\"elementor-widget-container\">\n\t\t\t\t\t<div class=\"elementor-heading-title elementor-size-default\">W\u00e4rmestrahlplatte f\u00fcr Fussbodenbelagspr\u00fcfung<\/div>\t\t\t\t<\/div>\n\t\t\t\t<\/div>\n\t\t\t\t\t<\/div>\n\t\t<\/div>\n\t\t\t\t<div class=\"elementor-column elementor-col-20 elementor-top-column elementor-element elementor-element-a34c730\" data-id=\"a34c730\" data-element_type=\"column\" data-e-type=\"column\">\n\t\t\t<div class=\"elementor-widget-wrap elementor-element-populated\">\n\t\t\t\t\t\t<div class=\"elementor-element elementor-element-b05610c elementor-widget elementor-widget-image\" data-id=\"b05610c\" data-element_type=\"widget\" data-e-type=\"widget\" data-widget_type=\"image.default\">\n\t\t\t\t<div class=\"elementor-widget-container\">\n\t\t\t\t\t\t\t\t\t\t\t\t\t\t\t\t<a href=\"https:\/\/www.fire-testing.com\/de\/oxygen-bomb-calorimeter\/\">\n\t\t\t\t\t\t\t<img decoding=\"async\" width=\"300\" height=\"300\" src=\"https:\/\/www.fire-testing.com\/wp-content\/uploads\/2019\/06\/05-Bomb-Calorimeter_PIXEL-300x300.jpg\" class=\"attachment-medium size-medium wp-image-4243\" alt=\"Bombenkalorimeter\" srcset=\"https:\/\/www.fire-testing.com\/wp-content\/uploads\/2019\/06\/05-Bomb-Calorimeter_PIXEL-300x300.jpg 300w, https:\/\/www.fire-testing.com\/wp-content\/uploads\/2019\/06\/05-Bomb-Calorimeter_PIXEL-150x150.jpg 150w, https:\/\/www.fire-testing.com\/wp-content\/uploads\/2019\/06\/05-Bomb-Calorimeter_PIXEL-768x768.jpg 768w, https:\/\/www.fire-testing.com\/wp-content\/uploads\/2019\/06\/05-Bomb-Calorimeter_PIXEL.jpg 800w\" sizes=\"(max-width: 300px) 100vw, 300px\" \/>\t\t\t\t\t\t\t\t<\/a>\n\t\t\t\t\t\t\t\t\t\t\t\t\t\t\t<\/div>\n\t\t\t\t<\/div>\n\t\t\t\t<div class=\"elementor-element elementor-element-752b8c2 elementor-widget elementor-widget-heading\" data-id=\"752b8c2\" data-element_type=\"widget\" data-e-type=\"widget\" data-widget_type=\"heading.default\">\n\t\t\t\t<div class=\"elementor-widget-container\">\n\t\t\t\t\t<div class=\"elementor-heading-title elementor-size-default\">Bombenkalorimeter<\/div>\t\t\t\t<\/div>\n\t\t\t\t<\/div>\n\t\t\t\t\t<\/div>\n\t\t<\/div>\n\t\t\t\t<div class=\"elementor-column elementor-col-20 elementor-top-column elementor-element elementor-element-ee556a0\" data-id=\"ee556a0\" data-element_type=\"column\" data-e-type=\"column\">\n\t\t\t<div class=\"elementor-widget-wrap elementor-element-populated\">\n\t\t\t\t\t\t<div class=\"elementor-element elementor-element-ab1159c elementor-widget elementor-widget-image\" data-id=\"ab1159c\" data-element_type=\"widget\" data-e-type=\"widget\" data-widget_type=\"image.default\">\n\t\t\t\t<div class=\"elementor-widget-container\">\n\t\t\t\t\t\t\t\t\t\t\t\t\t\t\t\t<a href=\"https:\/\/www.fire-testing.com\/de\/non-combustibility-apparatus\/\">\n\t\t\t\t\t\t\t<img loading=\"lazy\" decoding=\"async\" width=\"300\" height=\"300\" src=\"https:\/\/www.fire-testing.com\/wp-content\/uploads\/2020\/10\/02-lEN-ISO-1182-Non-combustibility-Test-300x300.jpg\" class=\"attachment-medium size-medium wp-image-6531\" alt=\"\" srcset=\"https:\/\/www.fire-testing.com\/wp-content\/uploads\/2020\/10\/02-lEN-ISO-1182-Non-combustibility-Test-300x300.jpg 300w, https:\/\/www.fire-testing.com\/wp-content\/uploads\/2020\/10\/02-lEN-ISO-1182-Non-combustibility-Test-150x150.jpg 150w, https:\/\/www.fire-testing.com\/wp-content\/uploads\/2020\/10\/02-lEN-ISO-1182-Non-combustibility-Test-768x768.jpg 768w, https:\/\/www.fire-testing.com\/wp-content\/uploads\/2020\/10\/02-lEN-ISO-1182-Non-combustibility-Test-12x12.jpg 12w, https:\/\/www.fire-testing.com\/wp-content\/uploads\/2020\/10\/02-lEN-ISO-1182-Non-combustibility-Test.jpg 800w\" sizes=\"(max-width: 300px) 100vw, 300px\">\t\t\t\t\t\t\t\t<\/a>\n\t\t\t\t\t\t\t\t\t\t\t\t\t\t\t<\/div>\n\t\t\t\t<\/div>\n\t\t\t\t<div class=\"elementor-element elementor-element-c7b5526 elementor-widget elementor-widget-heading\" data-id=\"c7b5526\" data-element_type=\"widget\" data-e-type=\"widget\" data-widget_type=\"heading.default\">\n\t\t\t\t<div class=\"elementor-widget-container\">\n\t\t\t\t\t<div class=\"elementor-heading-title elementor-size-default\">Non-Combustability Test<\/div>\t\t\t\t<\/div>\n\t\t\t\t<\/div>\n\t\t\t\t\t<\/div>\n\t\t<\/div>\n\t\t\t\t<div class=\"elementor-column elementor-col-20 elementor-top-column elementor-element elementor-element-fef5320\" data-id=\"fef5320\" data-element_type=\"column\" data-e-type=\"column\">\n\t\t\t<div class=\"elementor-widget-wrap elementor-element-populated\">\n\t\t\t\t\t\t<div class=\"elementor-element elementor-element-cdf9f34 elementor-widget elementor-widget-image\" data-id=\"cdf9f34\" data-element_type=\"widget\" data-e-type=\"widget\" data-widget_type=\"image.default\">\n\t\t\t\t<div class=\"elementor-widget-container\">\n\t\t\t\t\t\t\t\t\t\t\t\t\t\t\t\t<a href=\"https:\/\/www.fire-testing.com\/de\/single-flame-source-test-ignitability-apparatus\/\">\n\t\t\t\t\t\t\t<img loading=\"lazy\" decoding=\"async\" width=\"300\" height=\"300\" src=\"https:\/\/www.fire-testing.com\/wp-content\/uploads\/2020\/10\/04-EN-ISO-11925-2-Single-Flame-Source-Test_LOWER-300x300.jpg\" class=\"attachment-medium size-medium wp-image-6530\" alt=\"\" srcset=\"https:\/\/www.fire-testing.com\/wp-content\/uploads\/2020\/10\/04-EN-ISO-11925-2-Single-Flame-Source-Test_LOWER-300x300.jpg 300w, https:\/\/www.fire-testing.com\/wp-content\/uploads\/2020\/10\/04-EN-ISO-11925-2-Single-Flame-Source-Test_LOWER-150x150.jpg 150w, https:\/\/www.fire-testing.com\/wp-content\/uploads\/2020\/10\/04-EN-ISO-11925-2-Single-Flame-Source-Test_LOWER-768x768.jpg 768w, https:\/\/www.fire-testing.com\/wp-content\/uploads\/2020\/10\/04-EN-ISO-11925-2-Single-Flame-Source-Test_LOWER-12x12.jpg 12w, https:\/\/www.fire-testing.com\/wp-content\/uploads\/2020\/10\/04-EN-ISO-11925-2-Single-Flame-Source-Test_LOWER.jpg 800w\" sizes=\"(max-width: 300px) 100vw, 300px\">\t\t\t\t\t\t\t\t<\/a>\n\t\t\t\t\t\t\t\t\t\t\t\t\t\t\t<\/div>\n\t\t\t\t<\/div>\n\t\t\t\t<div class=\"elementor-element elementor-element-2707602 elementor-widget elementor-widget-heading\" data-id=\"2707602\" data-element_type=\"widget\" data-e-type=\"widget\" data-widget_type=\"heading.default\">\n\t\t\t\t<div class=\"elementor-widget-container\">\n\t\t\t\t\t<div class=\"elementor-heading-title elementor-size-default\">Single Flame Source Test<\/div>\t\t\t\t<\/div>\n\t\t\t\t<\/div>\n\t\t\t\t\t<\/div>\n\t\t<\/div>\n\t\t\t\t\t<\/div>\n\t\t<\/section>\n\t\t\t\t<\/div>","protected":false},"excerpt":{"rendered":"<p>Select by Industry Sector European Wall, Ceiling, Flooring and Linear Pipe Thermal Insulation Products Single Burning Item (SBI) Flooring Radiant Panel Oxygen Bomb Calorimeter Non-Combustability Test Single Flame Source Test<\/p>","protected":false},"author":142,"featured_media":0,"parent":0,"menu_order":0,"comment_status":"closed","ping_status":"closed","template":"","meta":{"_acf_changed":false,"footnotes":""},"class_list":["post-950","page","type-page","status-publish","hentry"],"acf":[],"_links":{"self":[{"href":"https:\/\/www.fire-testing.com\/de\/wp-json\/wp\/v2\/pages\/950","targetHints":{"allow":["GET"]}}],"collection":[{"href":"https:\/\/www.fire-testing.com\/de\/wp-json\/wp\/v2\/pages"}],"about":[{"href":"https:\/\/www.fire-testing.com\/de\/wp-json\/wp\/v2\/types\/page"}],"author":[{"embeddable":true,"href":"https:\/\/www.fire-testing.com\/de\/wp-json\/wp\/v2\/users\/142"}],"replies":[{"embeddable":true,"href":"https:\/\/www.fire-testing.com\/de\/wp-json\/wp\/v2\/comments?post=950"}],"version-history":[{"count":0,"href":"https:\/\/www.fire-testing.com\/de\/wp-json\/wp\/v2\/pages\/950\/revisions"}],"wp:attachment":[{"href":"https:\/\/www.fire-testing.com\/de\/wp-json\/wp\/v2\/media?parent=950"}],"curies":[{"name":"wp","href":"https:\/\/api.w.org\/{rel}","templated":true}]}}