{"id":1053,"date":"2019-02-15T13:36:24","date_gmt":"2019-02-15T13:36:24","guid":{"rendered":"https:\/\/www.fire-testing.com\/?page_id=1053"},"modified":"2022-08-08T08:38:43","modified_gmt":"2022-08-08T08:38:43","slug":"non-combustibility-apparatus","status":"publish","type":"page","link":"https:\/\/www.fire-testing.com\/es\/non-combustibility-apparatus\/","title":{"rendered":"Aparato de no combustibilidad"},"content":{"rendered":"<div data-elementor-type=\"wp-page\" data-elementor-id=\"1053\" class=\"elementor elementor-1053\" data-elementor-post-type=\"page\">\n\t\t\t\t\t\t<section data-particle_enable=\"false\" data-particle-mobile-disabled=\"false\" class=\"elementor-section elementor-top-section elementor-element elementor-element-50af9c2 elementor-section-boxed elementor-section-height-default elementor-section-height-default\" data-id=\"50af9c2\" data-element_type=\"section\" data-e-type=\"section\">\n\t\t\t\t\t\t<div class=\"elementor-container elementor-column-gap-default\">\n\t\t\t\t\t<div class=\"elementor-column elementor-col-50 elementor-top-column elementor-element elementor-element-8e2d30e\" data-id=\"8e2d30e\" data-element_type=\"column\" data-e-type=\"column\">\n\t\t\t<div class=\"elementor-widget-wrap elementor-element-populated\">\n\t\t\t\t\t\t<div class=\"elementor-element elementor-element-26b5c52 elementor-widget elementor-widget-heading\" data-id=\"26b5c52\" data-element_type=\"widget\" data-e-type=\"widget\" data-widget_type=\"heading.default\">\n\t\t\t\t<div class=\"elementor-widget-container\">\n\t\t\t\t\t<h1 class=\"elementor-heading-title elementor-size-default\">Aparato de no combustibilidad<\/h1>\t\t\t\t<\/div>\n\t\t\t\t<\/div>\n\t\t\t\t<div class=\"elementor-element elementor-element-1063e16 elementor-widget elementor-widget-heading\" data-id=\"1063e16\" data-element_type=\"widget\" data-e-type=\"widget\" data-widget_type=\"heading.default\">\n\t\t\t\t<div class=\"elementor-widget-container\">\n\t\t\t\t\t<h2 class=\"elementor-heading-title elementor-size-default\">EN ISO 1182; IMO FTP Code Part 1; ASTM E2652<\/h2>\t\t\t\t<\/div>\n\t\t\t\t<\/div>\n\t\t\t\t<div class=\"elementor-element elementor-element-54c64da9 elementor-widget elementor-widget-text-editor\" data-id=\"54c64da9\" data-element_type=\"widget\" data-e-type=\"widget\" data-widget_type=\"text-editor.default\">\n\t\t\t\t<div class=\"elementor-widget-container\">\n\t\t\t\t\t\t\t\t\t<p class=\"translation-block\">El sistema EN ISO 1182 de <span class=\"s1\"><span style=\"color: #f05e23\"><strong>FTT<\/strong><\/span><\/span> ha sido dise\u00f1ado con nuevas prestaciones de gran importancia. En lugar del tradicional control variac, con el que es posible suministrar una corriente demasiado elevada al elemento t\u00e9rmico durante el ciclo de calentamiento, <span class=\"s1\"><span style=\"color: #f05e23\"><strong>FTT<\/strong><\/span><\/span> ha automatizado este proceso mediante el uso de la electr\u00f3nica moderna. Los beneficios de este sistema (con respecto a los sistemas variac tradicionales) que permiten extender considerablemente la vida \u00fatil del horno son:<\/p>\n<ul>\n<li>encendido suave<\/li>\n<li>pendiente de rampa<\/li>\n<li>l\u00edmite de potencia<\/li>\n<li>dispositivo de control de sobretemperatura<\/li>\n<\/ul>\n<p class=\"translation-block\"><strong>El <span class=\"s1\"><span style=\"color: #f05e23\"><strong>FTT<\/strong><\/span><\/span> ISO 1182  \nincluye: <\/strong><\/p>\n<p><strong>Horno de tubo especial<\/strong><br \/>Fabricado en acero con acabado bru\u00f1ido. El horno de una sola zona tiene una temperatura m\u00e1xima de funcionamiento de 900 \u00b0C. El horno se puede volver a colocar f\u00e1cilmente durante los procedimientos de mantenimiento y reparaci\u00f3n. \nEl horno y el cono estabilizador se mantienen en un marco que tambi\u00e9n incluye el soporte del portamuestras y el espejo de observaci\u00f3n.\nHay dos hornos disponibles: uno que cumple con los requisitos de la norma ISO 1182:2020, donde hay dos termopares en el horno, uno de ellos cumpliendo con la anterior versi\u00f3n de la ISO 1182 y otras normas internacionales (con solo un termopar en el horno)<\/p>\n<p>Two furnaces are available &#8211; one which meets the requirements of ISO 1182:2020 where there are two furnace thermocouples and one which meets the previous version of ISO 1182 and other international standards (with only one furnace thermocouple).<\/p>\n<p><strong>Instrumentos<br \/><\/strong>A 19&#8243; instrument case houses all the instrumentation. This unit features a temperature controller, an over-temperature alarm and a power controller, which controls the furnace temperature at 750\u00b0C, compensating for supply voltage fluctuations and displaying the power (Watts) being supplied to the furnace.<\/p>\n<p><strong>Software (NonComb)<\/strong><br \/>El software es una aplicaci\u00f3n para Microsoft Windows con acciones que se realizan f\u00e1cilmente mediante botones, campos de entrada de datos, casillas de verificaci\u00f3n y otras operaciones est\u00e1ndares de Windows.<\/p>\n<p>El operador puede monitorear las temperaturas desde un panel de estado, antes de llevar a cabo la prueba, sin registrar ning\u00fan dato. Antes de la prueba, la informaci\u00f3n de la muestra (nombre del material, densidad, masa, nombre del laboratorio, etc.) se ingresa en el ordenador y se guarda en un archivo.<\/p>\n<p>Durante las pruebas, se registra la temperatura del horno, de la superficie de la muestra y de los termopares centrales de la muestra con una frecuencia de 2 Hz (es decir, cada 0,5 segundos) y se muestran las temperaturas en un gr\u00e1fico en tiempo real. El estado de estabilizaci\u00f3n del horno (deriva de temperatura y desviaci\u00f3n) se muestra en la pantalla del ensayo para que el usuario sepa cu\u00e1ndo es posible comenzar con un test v\u00e1lido.  Tambi\u00e9n se muestran durante el desarrollo de la prueba las temperaturas inicial, m\u00e1xima y final registradas por los tres termopares. Los criterios de finalizaci\u00f3n de la prueba est\u00e1n determinados por el software del ordenador bas\u00e1ndose en la deriva del termopar o termopares del horno, de manera que el usuario sabe cu\u00e1ndo puede detener el test de forma que sea v\u00e1lido.<\/p>\n<p>Despu\u00e9s de la prueba, se le pide al usuario que ingrese comentarios acerca del desempe\u00f1o del material, el tiempo total de llamas continuas y la masa final. Se calculan los aumentos de temperatura apropiados y luego se puede generar un informe de la muestra sometida a prueba.<\/p>\n<p>En el informe de la prueba se muestra la informaci\u00f3n del material, las temperaturas inicial, m\u00e1xima y final, los aumentos de temperatura requeridos, el tiempo total de presencia de llama, la p\u00e9rdida de masa (en total y como porcentaje de la masa inicial) y un gr\u00e1fico de las temperaturas registradas en funci\u00f3n del tiempo. En este informe tambi\u00e9n se incluye una referencia a los criterios de \u00e9xito\/fracaso establecidos en las normas correspondientes y se indica si la muestra satisface estos criterios.<\/p>\n<p>Todos los datos de la prueba se guardan en el disco r\u00edgido como archivo ASCII, que luego se puede importar desde hojas de c\u00e1lculo para realizar m\u00e1s an\u00e1lisis.<\/p>\n<p><strong>Software:<\/strong><\/p>\n<p>Instrument Supplied with Software at no extra charge. Software updates provided free of charge.<\/p>\t\t\t\t\t\t\t\t<\/div>\n\t\t\t\t<\/div>\n\t\t\t\t\t<\/div>\n\t\t<\/div>\n\t\t\t\t<div class=\"elementor-column elementor-col-50 elementor-top-column elementor-element elementor-element-4c215b8\" data-id=\"4c215b8\" data-element_type=\"column\" data-e-type=\"column\">\n\t\t\t<div class=\"elementor-widget-wrap elementor-element-populated\">\n\t\t\t\t\t\t<div class=\"elementor-element elementor-element-e32f6c7 elementor-widget elementor-widget-image\" data-id=\"e32f6c7\" data-element_type=\"widget\" data-e-type=\"widget\" data-widget_type=\"image.default\">\n\t\t\t\t<div class=\"elementor-widget-container\">\n\t\t\t\t\t\t\t\t\t\t\t\t\t\t\t<img fetchpriority=\"high\" decoding=\"async\" width=\"768\" height=\"768\" src=\"https:\/\/www.fire-testing.com\/wp-content\/uploads\/2019\/06\/02-lEN-ISO-1182-Non-combustibility-Test_PIXEL-768x768.jpg\" class=\"attachment-medium_large size-medium_large wp-image-4250\" alt=\"Aparato de no combustibilidad\" srcset=\"https:\/\/www.fire-testing.com\/wp-content\/uploads\/2019\/06\/02-lEN-ISO-1182-Non-combustibility-Test_PIXEL-768x768.jpg 768w, https:\/\/www.fire-testing.com\/wp-content\/uploads\/2019\/06\/02-lEN-ISO-1182-Non-combustibility-Test_PIXEL-150x150.jpg 150w, https:\/\/www.fire-testing.com\/wp-content\/uploads\/2019\/06\/02-lEN-ISO-1182-Non-combustibility-Test_PIXEL-300x300.jpg 300w, https:\/\/www.fire-testing.com\/wp-content\/uploads\/2019\/06\/02-lEN-ISO-1182-Non-combustibility-Test_PIXEL.jpg 800w\" sizes=\"(max-width: 768px) 100vw, 768px\" \/>\t\t\t\t\t\t\t\t\t\t\t\t\t\t\t<\/div>\n\t\t\t\t<\/div>\n\t\t\t\t<div class=\"elementor-element elementor-element-4daf57f elementor-widget elementor-widget-heading\" data-id=\"4daf57f\" data-element_type=\"widget\" data-e-type=\"widget\" data-widget_type=\"heading.default\">\n\t\t\t\t<div class=\"elementor-widget-container\">\n\t\t\t\t\t<p class=\"elementor-heading-title elementor-size-default\">Aparato de no combustibilidad<\/p>\t\t\t\t<\/div>\n\t\t\t\t<\/div>\n\t\t\t\t<div class=\"elementor-element elementor-element-c02249c elementor-widget elementor-widget-image\" data-id=\"c02249c\" data-element_type=\"widget\" data-e-type=\"widget\" data-widget_type=\"image.default\">\n\t\t\t\t<div class=\"elementor-widget-container\">\n\t\t\t\t\t\t\t\t\t\t\t\t\t\t\t<img decoding=\"async\" width=\"768\" height=\"1171\" src=\"https:\/\/www.fire-testing.com\/wp-content\/uploads\/2019\/02\/49-support-image-768x1171.jpg\" class=\"attachment-medium_large size-medium_large wp-image-1062\" alt=\"Reaction to fire tests for building products EN ISO 1182\" srcset=\"https:\/\/www.fire-testing.com\/wp-content\/uploads\/2019\/02\/49-support-image-768x1171.jpg 768w, https:\/\/www.fire-testing.com\/wp-content\/uploads\/2019\/02\/49-support-image-600x915.jpg 600w, https:\/\/www.fire-testing.com\/wp-content\/uploads\/2019\/02\/49-support-image-197x300.jpg 197w, https:\/\/www.fire-testing.com\/wp-content\/uploads\/2019\/02\/49-support-image-671x1024.jpg 671w, https:\/\/www.fire-testing.com\/wp-content\/uploads\/2019\/02\/49-support-image.jpg 800w\" sizes=\"(max-width: 768px) 100vw, 768px\" \/>\t\t\t\t\t\t\t\t\t\t\t\t\t\t\t<\/div>\n\t\t\t\t<\/div>\n\t\t\t\t<div class=\"elementor-element elementor-element-73d945a elementor-widget elementor-widget-heading\" data-id=\"73d945a\" data-element_type=\"widget\" data-e-type=\"widget\" data-widget_type=\"heading.default\">\n\t\t\t\t<div class=\"elementor-widget-container\">\n\t\t\t\t\t<p class=\"elementor-heading-title elementor-size-default\">Aparato de no combustibilidad<\/p>\t\t\t\t<\/div>\n\t\t\t\t<\/div>\n\t\t\t\t\t<\/div>\n\t\t<\/div>\n\t\t\t\t\t<\/div>\n\t\t<\/section>\n\t\t\t\t<section data-particle_enable=\"false\" data-particle-mobile-disabled=\"false\" class=\"elementor-section elementor-top-section elementor-element elementor-element-b554f99 elementor-section-boxed elementor-section-height-default elementor-section-height-default\" data-id=\"b554f99\" data-element_type=\"section\" data-e-type=\"section\">\n\t\t\t\t\t\t<div class=\"elementor-container elementor-column-gap-default\">\n\t\t\t\t\t<div class=\"elementor-column elementor-col-100 elementor-top-column elementor-element elementor-element-e15e8e2\" data-id=\"e15e8e2\" data-element_type=\"column\" data-e-type=\"column\">\n\t\t\t<div class=\"elementor-widget-wrap elementor-element-populated\">\n\t\t\t\t\t\t<div class=\"dce-visibility-event elementor-element elementor-element-64c0f8a elementor-widget elementor-widget-button\" data-id=\"64c0f8a\" data-element_type=\"widget\" data-e-type=\"widget\" data-settings=\"{&quot;enabled_visibility&quot;:&quot;yes&quot;,&quot;dce_visibility_selected&quot;:&quot;yes&quot;}\" data-widget_type=\"button.default\">\n\t\t\t\t<div class=\"elementor-widget-container\">\n\t\t\t\t\t\t\t\t\t<div class=\"elementor-button-wrapper\">\n\t\t\t\t\t<a class=\"elementor-button elementor-button-link elementor-size-sm\" href=\"https:\/\/www.fire-testing.com\/es\/login\/\">\n\t\t\t\t\t\t<span class=\"elementor-button-content-wrapper\">\n\t\t\t\t\t\t\t\t\t<span class=\"elementor-button-text\">INICIE SESI\u00d3N\/REG\u00cdSTRESE PARA DESCARGAR ESTE FOLLETO<\/span>\n\t\t\t\t\t<\/span>\n\t\t\t\t\t<\/a>\n\t\t\t\t<\/div>\n\t\t\t\t\t\t\t\t<\/div>\n\t\t\t\t<\/div>\n\t\t\t\t<div class=\"dce-visibility-event elementor-element elementor-element-931a905 elementor-widget elementor-widget-button\" data-id=\"931a905\" data-element_type=\"widget\" data-e-type=\"widget\" data-settings=\"{&quot;enabled_visibility&quot;:&quot;yes&quot;,&quot;dce_visibility_selected&quot;:&quot;yes&quot;}\" data-widget_type=\"button.default\">\n\t\t\t\t<div class=\"elementor-widget-container\">\n\t\t\t\t\t\t\t\t\t<div class=\"elementor-button-wrapper\">\n\t\t\t\t\t<a class=\"elementor-button elementor-button-link elementor-size-sm\" href=\"https:\/\/www.fire-testing.com\/es\/request-a-brochure\/\">\n\t\t\t\t\t\t<span class=\"elementor-button-content-wrapper\">\n\t\t\t\t\t\t\t\t\t<span class=\"elementor-button-text\">REQUEST TECHNICAL SPECIFICATION<\/span>\n\t\t\t\t\t<\/span>\n\t\t\t\t\t<\/a>\n\t\t\t\t<\/div>\n\t\t\t\t\t\t\t\t<\/div>\n\t\t\t\t<\/div>\n\t\t<!-- dce invisible element ddfadb9 -->\t\t\t<\/div>\n\t\t<\/div>\n\t\t\t\t\t<\/div>\n\t\t<\/section>\n\t\t\t\t<\/div>","protected":false},"excerpt":{"rendered":"<p>Non-Combustibility Apparatus EN ISO 1182; IMO FTP Code Part 1; ASTM E2652 The FTT EN ISO 1182 (IMO FTPC Part 1, ASTM E2652) system has been designed with significant new features. Rather than the traditional variac control, where it is possible to supply too high a current to the heater element during the heating cycle, [&hellip;]<\/p>\n","protected":false},"author":142,"featured_media":0,"parent":0,"menu_order":0,"comment_status":"closed","ping_status":"closed","template":"","meta":{"_acf_changed":false,"footnotes":""},"class_list":["post-1053","page","type-page","status-publish","hentry"],"acf":[],"_links":{"self":[{"href":"https:\/\/www.fire-testing.com\/es\/wp-json\/wp\/v2\/pages\/1053","targetHints":{"allow":["GET"]}}],"collection":[{"href":"https:\/\/www.fire-testing.com\/es\/wp-json\/wp\/v2\/pages"}],"about":[{"href":"https:\/\/www.fire-testing.com\/es\/wp-json\/wp\/v2\/types\/page"}],"author":[{"embeddable":true,"href":"https:\/\/www.fire-testing.com\/es\/wp-json\/wp\/v2\/users\/142"}],"replies":[{"embeddable":true,"href":"https:\/\/www.fire-testing.com\/es\/wp-json\/wp\/v2\/comments?post=1053"}],"version-history":[{"count":0,"href":"https:\/\/www.fire-testing.com\/es\/wp-json\/wp\/v2\/pages\/1053\/revisions"}],"wp:attachment":[{"href":"https:\/\/www.fire-testing.com\/es\/wp-json\/wp\/v2\/media?parent=1053"}],"curies":[{"name":"wp","href":"https:\/\/api.w.org\/{rel}","templated":true}]}}