{"id":1088,"date":"2019-02-15T15:37:27","date_gmt":"2019-02-15T15:37:27","guid":{"rendered":"https:\/\/www.fire-testing.com\/?page_id=1088"},"modified":"2022-08-05T12:28:49","modified_gmt":"2022-08-05T12:28:49","slug":"flooring-radiant-panel-test-apparatus","status":"publish","type":"page","link":"https:\/\/www.fire-testing.com\/es\/flooring-radiant-panel-test-apparatus\/","title":{"rendered":"Aparato para prueba de panel radiante de piso"},"content":{"rendered":"<div data-elementor-type=\"wp-page\" data-elementor-id=\"1088\" class=\"elementor elementor-1088\" data-elementor-post-type=\"page\">\n\t\t\t\t\t\t<section data-particle_enable=\"false\" data-particle-mobile-disabled=\"false\" class=\"elementor-section elementor-top-section elementor-element elementor-element-7c7989c elementor-section-boxed elementor-section-height-default elementor-section-height-default\" data-id=\"7c7989c\" data-element_type=\"section\" data-e-type=\"section\">\n\t\t\t\t\t\t<div class=\"elementor-container elementor-column-gap-default\">\n\t\t\t\t\t<div class=\"elementor-column elementor-col-50 elementor-top-column elementor-element elementor-element-aa76218\" data-id=\"aa76218\" data-element_type=\"column\" data-e-type=\"column\">\n\t\t\t<div class=\"elementor-widget-wrap elementor-element-populated\">\n\t\t\t\t\t\t<div class=\"elementor-element elementor-element-230cba9 elementor-widget elementor-widget-heading\" data-id=\"230cba9\" data-element_type=\"widget\" data-e-type=\"widget\" data-widget_type=\"heading.default\">\n\t\t\t\t<div class=\"elementor-widget-container\">\n\t\t\t\t\t<h1 class=\"elementor-heading-title elementor-size-default\">Aparato para prueba de panel radiante de piso<\/h1>\t\t\t\t<\/div>\n\t\t\t\t<\/div>\n\t\t\t\t<div class=\"elementor-element elementor-element-e210e82 elementor-widget elementor-widget-heading\" data-id=\"e210e82\" data-element_type=\"widget\" data-e-type=\"widget\" data-widget_type=\"heading.default\">\n\t\t\t\t<div class=\"elementor-widget-container\">\n\t\t\t\t\t<h2 class=\"elementor-heading-title elementor-size-default\">EN ISO 9239-1; ASTM E648<\/h2>\t\t\t\t<\/div>\n\t\t\t\t<\/div>\n\t\t\t\t<div class=\"elementor-element elementor-element-65f61aa7 elementor-widget elementor-widget-text-editor\" data-id=\"65f61aa7\" data-element_type=\"widget\" data-e-type=\"widget\" data-widget_type=\"text-editor.default\">\n\t\t\t\t<div class=\"elementor-widget-container\">\n\t\t\t\t\t\t\t\t\t<p>Este m\u00e9todo de prueba se usa para medir el flujo radiante cr\u00edtico de sistemas de cubrimiento de pisos montados horizontalmente y expuestos a una fuente de ignici\u00f3n con llama en un entorno de calor radiante graduado, dentro de una c\u00e1mara de pruebas. Tambi\u00e9n se puede usar para medir este mismo flujo radiante cr\u00edtico con aislantes de celulosa para pisos de \u00e1ticos expuestos.<\/p>\n<p>La Uni\u00f3n Europea est\u00e1 empleando este m\u00e9todo de prueba para la clasificaci\u00f3n ign\u00edfuga de productos para pisos en todos los estados miembros de la UE.<\/p>\n<p>El calor radiante se aplica mediante un panel alimentado a gas, inclinado a 30\u00ba y dirigido a la muestra de un sistema de cubrimiento de pisos montado horizontalmente. El panel radiante genera una distribuci\u00f3n de flujo de energ\u00eda radiante que var\u00eda entre un m\u00e1ximo nominal de 10,9 kW\/m\u00b2 y un m\u00ednimo de 1,1 kW\/m\u00b2.<\/p>\n<p>Un quemador piloto peque\u00f1o de acero inoxidable ayuda a encender la muestra.<\/p>\n<p>La distancia alcanzada hasta la extinci\u00f3n de la llama se convierte, mediante calibraci\u00f3n, en un flujo radiante cr\u00edtico equivalente, en kW\/m\u00b2.<\/p>\n<p>El aparato tiene un sistema de medici\u00f3n de humo, conforme a DIN 50055, montado en un marco separado del tubo de escape.\n\nGeneralmente estas pruebas se realizan de modo de proporcionar un flujo de calor radiante cr\u00edtico m\u00e1ximo de 10,9 kW\/m<sup>2<\/sup>, pero existe la opci\u00f3n de realizarlas con un flujo de calor radiante superior, de hasta 25,0 kW\/m<sup>2<\/sup>.\u00a0<\/p>\n<p><strong>Caracter\u00edsticas:<\/strong><\/p>\n<ul>\n<li>Bastidor de control en \u00e1ngulo para que sea m\u00e1s c\u00f3modo de usar; permite la observaci\u00f3n del aparato y los controles durante la configuraci\u00f3n y la calibraci\u00f3n del equipo.<\/li>\n<li>Encendido autom\u00e1tico del panel radiante y dispositivo de corte de seguridad.<\/li>\n<li>Para acceder a la zona de pruebas, hay dos puertas con bisagras que tienen una ventana de observaci\u00f3n y una plataforma deslizable.<\/li>\n<li>Campana de acero inoxidable con puertos de medici\u00f3n de humo.<\/li>\n<li>Software de adquisici\u00f3n y an\u00e1lisis de datos.<\/li>\n<\/ul>\n<p><strong>Software<\/strong><\/p>\n<p>Instrument Supplied with Software at no extra charge. Software updates provided free of charge.<\/p>\t\t\t\t\t\t\t\t<\/div>\n\t\t\t\t<\/div>\n\t\t\t\t\t<\/div>\n\t\t<\/div>\n\t\t\t\t<div class=\"elementor-column elementor-col-50 elementor-top-column elementor-element elementor-element-5d08740\" data-id=\"5d08740\" data-element_type=\"column\" data-e-type=\"column\">\n\t\t\t<div class=\"elementor-widget-wrap elementor-element-populated\">\n\t\t\t\t\t\t<div class=\"elementor-element elementor-element-b372c33 elementor-widget elementor-widget-image\" data-id=\"b372c33\" data-element_type=\"widget\" data-e-type=\"widget\" data-widget_type=\"image.default\">\n\t\t\t\t<div class=\"elementor-widget-container\">\n\t\t\t\t\t\t\t\t\t\t\t\t\t\t\t<img fetchpriority=\"high\" decoding=\"async\" width=\"768\" height=\"768\" src=\"https:\/\/www.fire-testing.com\/wp-content\/uploads\/2019\/06\/03-EN-ISO-9239-1-Flooring-Radiant-Panel_LARGER-768x768.jpg\" class=\"attachment-medium_large size-medium_large wp-image-4116\" alt=\"Flooring Radiant Panel en iso 9239-1\" srcset=\"https:\/\/www.fire-testing.com\/wp-content\/uploads\/2019\/06\/03-EN-ISO-9239-1-Flooring-Radiant-Panel_LARGER-768x768.jpg 768w, https:\/\/www.fire-testing.com\/wp-content\/uploads\/2019\/06\/03-EN-ISO-9239-1-Flooring-Radiant-Panel_LARGER-150x150.jpg 150w, https:\/\/www.fire-testing.com\/wp-content\/uploads\/2019\/06\/03-EN-ISO-9239-1-Flooring-Radiant-Panel_LARGER-300x300.jpg 300w, https:\/\/www.fire-testing.com\/wp-content\/uploads\/2019\/06\/03-EN-ISO-9239-1-Flooring-Radiant-Panel_LARGER.jpg 800w\" sizes=\"(max-width: 768px) 100vw, 768px\" \/>\t\t\t\t\t\t\t\t\t\t\t\t\t\t\t<\/div>\n\t\t\t\t<\/div>\n\t\t\t\t<div class=\"elementor-element elementor-element-534a4db elementor-widget elementor-widget-heading\" data-id=\"534a4db\" data-element_type=\"widget\" data-e-type=\"widget\" data-widget_type=\"heading.default\">\n\t\t\t\t<div class=\"elementor-widget-container\">\n\t\t\t\t\t<p class=\"elementor-heading-title elementor-size-default\">Panel radiante para suelo<\/p>\t\t\t\t<\/div>\n\t\t\t\t<\/div>\n\t\t\t\t<div class=\"elementor-element elementor-element-cefa597 elementor-widget elementor-widget-image\" data-id=\"cefa597\" data-element_type=\"widget\" data-e-type=\"widget\" data-widget_type=\"image.default\">\n\t\t\t\t<div class=\"elementor-widget-container\">\n\t\t\t\t\t\t\t\t\t\t\t\t\t\t\t<img decoding=\"async\" width=\"768\" height=\"554\" src=\"https:\/\/www.fire-testing.com\/wp-content\/uploads\/2019\/02\/03-support-image-768x554.jpg\" class=\"attachment-medium_large size-medium_large wp-image-1091\" alt=\"flooring radiant panel fire testing test\" srcset=\"https:\/\/www.fire-testing.com\/wp-content\/uploads\/2019\/02\/03-support-image-768x554.jpg 768w, https:\/\/www.fire-testing.com\/wp-content\/uploads\/2019\/02\/03-support-image-600x432.jpg 600w, https:\/\/www.fire-testing.com\/wp-content\/uploads\/2019\/02\/03-support-image-300x216.jpg 300w, https:\/\/www.fire-testing.com\/wp-content\/uploads\/2019\/02\/03-support-image-1024x738.jpg 1024w, https:\/\/www.fire-testing.com\/wp-content\/uploads\/2019\/02\/03-support-image.jpg 1289w\" sizes=\"(max-width: 768px) 100vw, 768px\" \/>\t\t\t\t\t\t\t\t\t\t\t\t\t\t\t<\/div>\n\t\t\t\t<\/div>\n\t\t\t\t<div class=\"elementor-element elementor-element-2dc1874 elementor-widget elementor-widget-heading\" data-id=\"2dc1874\" data-element_type=\"widget\" data-e-type=\"widget\" data-widget_type=\"heading.default\">\n\t\t\t\t<div class=\"elementor-widget-container\">\n\t\t\t\t\t<p class=\"elementor-heading-title elementor-size-default\">Acceso abatible a la zona de ensayo a trav\u00e9s de una puerta de 2 posiciones con ventana de observaci\u00f3n y plataforma deslizante<\/p>\t\t\t\t<\/div>\n\t\t\t\t<\/div>\n\t\t\t\t\t<\/div>\n\t\t<\/div>\n\t\t\t\t\t<\/div>\n\t\t<\/section>\n\t\t\t\t<section data-particle_enable=\"false\" data-particle-mobile-disabled=\"false\" class=\"elementor-section elementor-top-section elementor-element elementor-element-eef5f3e elementor-section-boxed elementor-section-height-default elementor-section-height-default\" data-id=\"eef5f3e\" data-element_type=\"section\" data-e-type=\"section\">\n\t\t\t\t\t\t<div class=\"elementor-container elementor-column-gap-default\">\n\t\t\t\t\t<div class=\"elementor-column elementor-col-100 elementor-top-column elementor-element elementor-element-eff1180\" data-id=\"eff1180\" data-element_type=\"column\" data-e-type=\"column\">\n\t\t\t<div class=\"elementor-widget-wrap elementor-element-populated\">\n\t\t\t\t\t\t<div class=\"dce-visibility-event elementor-element elementor-element-efb5b2d elementor-widget elementor-widget-button\" data-id=\"efb5b2d\" data-element_type=\"widget\" data-e-type=\"widget\" data-settings=\"{&quot;enabled_visibility&quot;:&quot;yes&quot;,&quot;dce_visibility_selected&quot;:&quot;yes&quot;}\" data-widget_type=\"button.default\">\n\t\t\t\t<div class=\"elementor-widget-container\">\n\t\t\t\t\t\t\t\t\t<div class=\"elementor-button-wrapper\">\n\t\t\t\t\t<a class=\"elementor-button elementor-button-link elementor-size-sm\" href=\"https:\/\/www.fire-testing.com\/es\/login\/\">\n\t\t\t\t\t\t<span class=\"elementor-button-content-wrapper\">\n\t\t\t\t\t\t\t\t\t<span class=\"elementor-button-text\">INICIE SESI\u00d3N\/REG\u00cdSTRESE PARA DESCARGAR ESTE FOLLETO<\/span>\n\t\t\t\t\t<\/span>\n\t\t\t\t\t<\/a>\n\t\t\t\t<\/div>\n\t\t\t\t\t\t\t\t<\/div>\n\t\t\t\t<\/div>\n\t\t\t\t<div class=\"dce-visibility-event elementor-element elementor-element-021e558 elementor-widget elementor-widget-button\" data-id=\"021e558\" data-element_type=\"widget\" data-e-type=\"widget\" data-settings=\"{&quot;enabled_visibility&quot;:&quot;yes&quot;,&quot;dce_visibility_selected&quot;:&quot;yes&quot;}\" data-widget_type=\"button.default\">\n\t\t\t\t<div class=\"elementor-widget-container\">\n\t\t\t\t\t\t\t\t\t<div class=\"elementor-button-wrapper\">\n\t\t\t\t\t<a class=\"elementor-button elementor-button-link elementor-size-sm\" href=\"https:\/\/www.fire-testing.com\/es\/request-a-brochure\/\">\n\t\t\t\t\t\t<span class=\"elementor-button-content-wrapper\">\n\t\t\t\t\t\t\t\t\t<span class=\"elementor-button-text\">REQUEST TECHNICAL SPECIFICATION<\/span>\n\t\t\t\t\t<\/span>\n\t\t\t\t\t<\/a>\n\t\t\t\t<\/div>\n\t\t\t\t\t\t\t\t<\/div>\n\t\t\t\t<\/div>\n\t\t<!-- dce invisible element a7ee6e4 -->\t\t\t<\/div>\n\t\t<\/div>\n\t\t\t\t\t<\/div>\n\t\t<\/section>\n\t\t\t\t<\/div>","protected":false},"excerpt":{"rendered":"<p>Flooring Radiant Panel Test Apparatus EN ISO 9239-1; ASTM E648 This test method is used to measure the critical radiant flux of horizontally-mounted floor covering systems exposed to a flaming ignition source in a graded radiant heat environment, within a test chamber. It can also be used to measure this same critical radiant flux for [&hellip;]<\/p>\n","protected":false},"author":142,"featured_media":0,"parent":0,"menu_order":0,"comment_status":"closed","ping_status":"closed","template":"","meta":{"_acf_changed":false,"footnotes":""},"class_list":["post-1088","page","type-page","status-publish","hentry"],"acf":[],"_links":{"self":[{"href":"https:\/\/www.fire-testing.com\/es\/wp-json\/wp\/v2\/pages\/1088","targetHints":{"allow":["GET"]}}],"collection":[{"href":"https:\/\/www.fire-testing.com\/es\/wp-json\/wp\/v2\/pages"}],"about":[{"href":"https:\/\/www.fire-testing.com\/es\/wp-json\/wp\/v2\/types\/page"}],"author":[{"embeddable":true,"href":"https:\/\/www.fire-testing.com\/es\/wp-json\/wp\/v2\/users\/142"}],"replies":[{"embeddable":true,"href":"https:\/\/www.fire-testing.com\/es\/wp-json\/wp\/v2\/comments?post=1088"}],"version-history":[{"count":0,"href":"https:\/\/www.fire-testing.com\/es\/wp-json\/wp\/v2\/pages\/1088\/revisions"}],"wp:attachment":[{"href":"https:\/\/www.fire-testing.com\/es\/wp-json\/wp\/v2\/media?parent=1088"}],"curies":[{"name":"wp","href":"https:\/\/api.w.org\/{rel}","templated":true}]}}