{"id":1097,"date":"2019-02-15T16:40:30","date_gmt":"2019-02-15T16:40:30","guid":{"rendered":"https:\/\/www.fire-testing.com\/?page_id=1097"},"modified":"2022-08-05T12:39:21","modified_gmt":"2022-08-05T12:39:21","slug":"roofing-test-with-burning-brands-env-1187-test-1","status":"publish","type":"page","link":"https:\/\/www.fire-testing.com\/es\/roofing-test-with-burning-brands-env-1187-test-1\/","title":{"rendered":"Roofing Test with Burning Brands ENV 1187 Test 1"},"content":{"rendered":"<div data-elementor-type=\"wp-page\" data-elementor-id=\"1097\" class=\"elementor elementor-1097\" data-elementor-post-type=\"page\">\n\t\t\t\t\t\t<section data-particle_enable=\"false\" data-particle-mobile-disabled=\"false\" class=\"elementor-section elementor-top-section elementor-element elementor-element-2f963c7 elementor-section-boxed elementor-section-height-default elementor-section-height-default\" data-id=\"2f963c7\" data-element_type=\"section\" data-e-type=\"section\">\n\t\t\t\t\t\t<div class=\"elementor-container elementor-column-gap-default\">\n\t\t\t\t\t<div class=\"elementor-column elementor-col-100 elementor-top-column elementor-element elementor-element-fb5ac04\" data-id=\"fb5ac04\" data-element_type=\"column\" data-e-type=\"column\">\n\t\t\t<div class=\"elementor-widget-wrap elementor-element-populated\">\n\t\t\t\t\t\t<div class=\"elementor-element elementor-element-8b54381 elementor-widget elementor-widget-heading\" data-id=\"8b54381\" data-element_type=\"widget\" data-e-type=\"widget\" data-widget_type=\"heading.default\">\n\t\t\t\t<div class=\"elementor-widget-container\">\n\t\t\t\t\t<h1 class=\"elementor-heading-title elementor-size-default\">Prueba de techo con brasas encendidas<\/h1>\t\t\t\t<\/div>\n\t\t\t\t<\/div>\n\t\t\t\t<div class=\"elementor-element elementor-element-72cc3ce elementor-widget elementor-widget-heading\" data-id=\"72cc3ce\" data-element_type=\"widget\" data-e-type=\"widget\" data-widget_type=\"heading.default\">\n\t\t\t\t<div class=\"elementor-widget-container\">\n\t\t\t\t\t<h2 class=\"elementor-heading-title elementor-size-default\">ENV 1187 Test 1<\/h2>\t\t\t\t<\/div>\n\t\t\t\t<\/div>\n\t\t\t\t<div class=\"elementor-element elementor-element-6b3841de elementor-widget elementor-widget-text-editor\" data-id=\"6b3841de\" data-element_type=\"widget\" data-e-type=\"widget\" data-widget_type=\"text-editor.default\">\n\t\t\t\t<div class=\"elementor-widget-container\">\n\t\t\t\t\t\t\t\t\t<p>En esta especificaci\u00f3n europea, se detallan cuatro m\u00e9todos para determinar la reacci\u00f3n de los techos cuando se los expone a fuego externo. Los cuatro m\u00e9todos permiten evaluar la reacci\u00f3n de los techos en las siguientes condiciones:<\/p>\n<p><strong>Prueba 1<\/strong> - con brasas encendidas<br \/><strong>Prueba 2<\/strong> - con brasas encendidas <a href=\"https:\/\/www.fire-testing.com\/es\/roofing-test-with-burning-brands-and-wind-en-1187-test-2\/\">(visite la p\u00e1gina)<\/a><br \/><strong>Prueba 3<\/strong> \u2013 con brasas encendidas, viento y calor radiante suplementario <a href=\"https:\/\/www.fire-testing.com\/es\/roofing-test-with-burning-brands-wind-and-supplementary-radiant-heat-en-1187-test-3\/\">(visite la p\u00e1gina)<\/a><br \/><strong>Prueba 4<\/strong> - en dos etapas con incorporaci\u00f3n de brasas encendidas, viento y calor radiante suplementario\u00a0<a href=\"https:\/\/www.fire-testing.com\/es\/roofing-test-with-two-stages-incorporating-burning-brands-wind-and-supplementary-radiant-heat-en-1187-test-4\/\">(visite la p\u00e1gina)<\/a><\/p>\n<p>En las pruebas se eval\u00faa la propagaci\u00f3n del fuego por la superficie exterior del techo, la propagaci\u00f3n del fuego dentro del techo (pruebas 1, 2 y 3), la penetraci\u00f3n del fuego (pruebas 1, 3 y 4) y la producci\u00f3n de gotas incandescentes o part\u00edculas encendidas que caigan de la parte inferior del techo o de la superficie expuesta (pruebas 1, 3 y 4). Las pruebas 2 y 3 no se pueden aplicar a techos de geometr\u00eda irregular ni a aparatos el\u00e9ctricos montados al techo (por ejemplo, ventiladores y l\u00e1mparas de techo).<\/p>\n<p>Las cuatro pruebas incluidas en la lista de arriba no implican ning\u00fan orden de categor\u00eda. Cada prueba es independiente y no se puede sustituir o cambiar una por otra.<\/p>\n<p><strong>El equipo para la prueba 1 consiste en:<\/strong><\/p>\n<ul>\n<li>Un canasto \u2013 Hecho de alambres de acero dulce de 3 mm de di\u00e1metro que forman una malla de aproximadamente 50 \u00d7 50 mm. El canasto est\u00e1 abierto en sus partes superior e inferior y tiene cuatro patas salientes de 10 mm de longitud, una en cada esquina. Las dimensiones exteriores del canasto son 300 \u00d7 300 \u00d7 200 mm de profundidad. Su masa es de 650 \u00b1 50 g.<\/li>\n<li>Virutas de madera \u2013 Son fibras de aproximadamente 2 mm de ancho x 0,2 mm a 0,3 mm de espesor y se fabrican con madera blanda.<\/li>\n<li>Balanza \u2013 Se utiliza para pesar las virutas de madera. Tiene una capacidad nominal de, al menos, 2 kg y una precisi\u00f3n de \u00b11 g.<\/li>\n<li>Temporizador \u2013 Precisi\u00f3n m\u00ednima de \u00b15 s sobre 24 h.<\/li>\n<\/ul>\t\t\t\t\t\t\t\t<\/div>\n\t\t\t\t<\/div>\n\t\t\t\t\t<\/div>\n\t\t<\/div>\n\t\t\t\t\t<\/div>\n\t\t<\/section>\n\t\t\t\t<section data-particle_enable=\"false\" data-particle-mobile-disabled=\"false\" class=\"elementor-section elementor-top-section elementor-element elementor-element-aa3f24b elementor-section-boxed elementor-section-height-default elementor-section-height-default\" data-id=\"aa3f24b\" data-element_type=\"section\" data-e-type=\"section\">\n\t\t\t\t\t\t<div class=\"elementor-container elementor-column-gap-default\">\n\t\t\t\t\t<div class=\"elementor-column elementor-col-100 elementor-top-column elementor-element elementor-element-63b0dfb\" data-id=\"63b0dfb\" data-element_type=\"column\" data-e-type=\"column\">\n\t\t\t<div class=\"elementor-widget-wrap elementor-element-populated\">\n\t\t\t\t\t\t<div class=\"dce-visibility-event elementor-element elementor-element-149fb2d elementor-widget elementor-widget-button\" data-id=\"149fb2d\" data-element_type=\"widget\" data-e-type=\"widget\" data-settings=\"{&quot;enabled_visibility&quot;:&quot;yes&quot;,&quot;dce_visibility_selected&quot;:&quot;yes&quot;}\" data-widget_type=\"button.default\">\n\t\t\t\t<div class=\"elementor-widget-container\">\n\t\t\t\t\t\t\t\t\t<div class=\"elementor-button-wrapper\">\n\t\t\t\t\t<a class=\"elementor-button elementor-button-link elementor-size-sm\" href=\"https:\/\/www.fire-testing.com\/es\/login\/\">\n\t\t\t\t\t\t<span class=\"elementor-button-content-wrapper\">\n\t\t\t\t\t\t\t\t\t<span class=\"elementor-button-text\">INICIE SESI\u00d3N\/REG\u00cdSTRESE PARA DESCARGAR ESTE FOLLETO<\/span>\n\t\t\t\t\t<\/span>\n\t\t\t\t\t<\/a>\n\t\t\t\t<\/div>\n\t\t\t\t\t\t\t\t<\/div>\n\t\t\t\t<\/div>\n\t\t\t\t<div class=\"dce-visibility-event elementor-element elementor-element-946165d elementor-widget elementor-widget-button\" data-id=\"946165d\" data-element_type=\"widget\" data-e-type=\"widget\" data-settings=\"{&quot;enabled_visibility&quot;:&quot;yes&quot;,&quot;dce_visibility_selected&quot;:&quot;yes&quot;}\" data-widget_type=\"button.default\">\n\t\t\t\t<div class=\"elementor-widget-container\">\n\t\t\t\t\t\t\t\t\t<div class=\"elementor-button-wrapper\">\n\t\t\t\t\t<a class=\"elementor-button elementor-button-link elementor-size-sm\" href=\"https:\/\/www.fire-testing.com\/es\/request-a-brochure\/\">\n\t\t\t\t\t\t<span class=\"elementor-button-content-wrapper\">\n\t\t\t\t\t\t\t\t\t<span class=\"elementor-button-text\">REQUEST TECHNICAL SPECIFICATION<\/span>\n\t\t\t\t\t<\/span>\n\t\t\t\t\t<\/a>\n\t\t\t\t<\/div>\n\t\t\t\t\t\t\t\t<\/div>\n\t\t\t\t<\/div>\n\t\t<!-- dce invisible element 04794a5 -->\t\t\t<\/div>\n\t\t<\/div>\n\t\t\t\t\t<\/div>\n\t\t<\/section>\n\t\t\t\t<\/div>","protected":false},"excerpt":{"rendered":"<p>Roofing Test with Burning Brands ENV 1187 Test 1 This European Specification specifies four methods for determining the performance of roofs to external fire exposure. The four methods assess the performance of roofs under the following conditions: Test 1 \u2013 with burning brandsTest 2 \u2013 with burning brands and wind (visit the page)Test 3 \u2013 [&hellip;]<\/p>\n","protected":false},"author":142,"featured_media":0,"parent":0,"menu_order":0,"comment_status":"closed","ping_status":"closed","template":"","meta":{"_acf_changed":false,"footnotes":""},"class_list":["post-1097","page","type-page","status-publish","hentry"],"acf":[],"_links":{"self":[{"href":"https:\/\/www.fire-testing.com\/es\/wp-json\/wp\/v2\/pages\/1097","targetHints":{"allow":["GET"]}}],"collection":[{"href":"https:\/\/www.fire-testing.com\/es\/wp-json\/wp\/v2\/pages"}],"about":[{"href":"https:\/\/www.fire-testing.com\/es\/wp-json\/wp\/v2\/types\/page"}],"author":[{"embeddable":true,"href":"https:\/\/www.fire-testing.com\/es\/wp-json\/wp\/v2\/users\/142"}],"replies":[{"embeddable":true,"href":"https:\/\/www.fire-testing.com\/es\/wp-json\/wp\/v2\/comments?post=1097"}],"version-history":[{"count":0,"href":"https:\/\/www.fire-testing.com\/es\/wp-json\/wp\/v2\/pages\/1097\/revisions"}],"wp:attachment":[{"href":"https:\/\/www.fire-testing.com\/es\/wp-json\/wp\/v2\/media?parent=1097"}],"curies":[{"name":"wp","href":"https:\/\/api.w.org\/{rel}","templated":true}]}}