{"id":1103,"date":"2019-02-15T16:51:52","date_gmt":"2019-02-15T16:51:52","guid":{"rendered":"https:\/\/www.fire-testing.com\/?page_id=1103"},"modified":"2022-08-05T12:41:19","modified_gmt":"2022-08-05T12:41:19","slug":"roofing-test-with-burning-brands-and-wind-env-1187-test-2","status":"publish","type":"page","link":"https:\/\/www.fire-testing.com\/es\/roofing-test-with-burning-brands-and-wind-env-1187-test-2\/","title":{"rendered":"Roofing Test with Burning Brands and Wind ENV 1187 Test 2"},"content":{"rendered":"<div data-elementor-type=\"wp-page\" data-elementor-id=\"1103\" class=\"elementor elementor-1103\" data-elementor-post-type=\"page\">\n\t\t\t\t\t\t<section data-particle_enable=\"false\" data-particle-mobile-disabled=\"false\" class=\"elementor-section elementor-top-section elementor-element elementor-element-f788700 elementor-section-boxed elementor-section-height-default elementor-section-height-default\" data-id=\"f788700\" data-element_type=\"section\" data-e-type=\"section\">\n\t\t\t\t\t\t<div class=\"elementor-container elementor-column-gap-default\">\n\t\t\t\t\t<div class=\"elementor-column elementor-col-100 elementor-top-column elementor-element elementor-element-1d10f38\" data-id=\"1d10f38\" data-element_type=\"column\" data-e-type=\"column\">\n\t\t\t<div class=\"elementor-widget-wrap elementor-element-populated\">\n\t\t\t\t\t\t<div class=\"elementor-element elementor-element-242a2cf elementor-widget elementor-widget-heading\" data-id=\"242a2cf\" data-element_type=\"widget\" data-e-type=\"widget\" data-widget_type=\"heading.default\">\n\t\t\t\t<div class=\"elementor-widget-container\">\n\t\t\t\t\t<h1 class=\"elementor-heading-title elementor-size-default\">Prueba de techo con brasas encendidas<\/h1>\t\t\t\t<\/div>\n\t\t\t\t<\/div>\n\t\t\t\t<div class=\"elementor-element elementor-element-bb81c55 elementor-widget elementor-widget-heading\" data-id=\"bb81c55\" data-element_type=\"widget\" data-e-type=\"widget\" data-widget_type=\"heading.default\">\n\t\t\t\t<div class=\"elementor-widget-container\">\n\t\t\t\t\t<h2 class=\"elementor-heading-title elementor-size-default\">ENV 1187 Test 2<\/h2>\t\t\t\t<\/div>\n\t\t\t\t<\/div>\n\t\t\t\t<div class=\"elementor-element elementor-element-6be225b elementor-widget elementor-widget-text-editor\" data-id=\"6be225b\" data-element_type=\"widget\" data-e-type=\"widget\" data-widget_type=\"text-editor.default\">\n\t\t\t\t<div class=\"elementor-widget-container\">\n\t\t\t\t\t\t\t\t\t<p>En esta especificaci\u00f3n europea, se detallan cuatro m\u00e9todos para determinar la reacci\u00f3n de los techos cuando se los expone a fuego externo. Los cuatro m\u00e9todos permiten evaluar la reacci\u00f3n de los techos en las siguientes condiciones:<\/p>\n<p><strong>Prueba 1<\/strong> - con brasas encendidas <a href=\"https:\/\/www.fire-testing.com\/es\/roofing-test-with-burning-brands-en-1187-test-1\/\">(visite la p\u00e1gina)<\/a><br \/><strong>Prueba 2<\/strong> - con brasas encendidas<br \/><strong>Prueba 3<\/strong> \u2013 con brasas encendidas, viento y calor radiante suplementario <a href=\"https:\/\/www.fire-testing.com\/es\/roofing-test-with-burning-brands-wind-and-supplementary-radiant-heat-en-1187-test-3\/\">(visite la p\u00e1gina)<\/a><br \/><strong>Prueba 4<\/strong> - en dos etapas con incorporaci\u00f3n de brasas encendidas, viento y calor radiante suplementario <a href=\"https:\/\/www.fire-testing.com\/es\/roofing-test-with-two-stages-incorporating-burning-brands-wind-and-supplementary-radiant-heat-en-1187-test-4\/\">(visite la p\u00e1gina)<\/a><\/p>\n<p>En las pruebas se eval\u00faa la propagaci\u00f3n del fuego por la superficie exterior del techo, la propagaci\u00f3n del fuego dentro del techo (pruebas 1, 2 y 3), la penetraci\u00f3n del fuego (pruebas 1, 3 y 4) y la producci\u00f3n de gotas incandescentes o part\u00edculas encendidas que caigan de la parte inferior del techo o de la superficie expuesta (pruebas 1, 3 y 4). Las pruebas 2 y 3 no se pueden aplicar a techos de geometr\u00eda irregular ni a aparatos el\u00e9ctricos montados al techo (por ejemplo, ventiladores y l\u00e1mparas de techo).<\/p>\n<p>Las cuatro pruebas incluidas en la lista de arriba no implican ning\u00fan orden de categor\u00eda. Cada prueba es independiente y no se puede sustituir o cambiar una por otra.<\/p>\n<p><strong>El equipo para la prueba 2 consiste en:<\/strong><\/p>\n<ul>\n<li>Canales de aire equipados con ventiladores y una tapa \u2013 Este canal est\u00e1 hecho de placas de acero de 1,0 mm de espesor. La parte del canal de pared situada entre los canales de aire inferior y superior est\u00e1 hecha de placas de acero y fibra no combustible reforzada con planchas de silicato de calcio de 11 \u00b1 2 mm de espesor y una densidad de 680 \u00b1 50 kg\/m\u00b3.<\/li>\n<li>Base de encendido del armaz\u00f3n \u2013 La base de encendido del armaz\u00f3n est\u00e1 protegida de las corrientes de aire. Consiste en un soporte para el armaz\u00f3n de madera y un quemador rectil\u00edneo con cinco tubos quemadores orientados verticalmente. El quemador rectil\u00edneo est\u00e1 montado en el centro del soporte con los ejes centrales de los tubos y los bordes inferiores del armaz\u00f3n en el mismo plano.<\/li>\n<li>Armaz\u00f3n de madera \u2013 8 piezas (de las cuales 6 est\u00e1n clavadas a las 2 restantes a una distancia de 8 mm entre una y otra) de 10 \u00d7 10 \u00d7 100 mm de madera de pino sin nudos constituyen la fuente del fuego.<\/li>\n<li>Horno de secado de temperatura constante de 105 \u00b1 5 \u00b0C<\/li>\n<li>Desecador<\/li>\n<li>Balanza<\/li>\n<li>Temporizador<\/li>\n<li>Dispositivos de medici\u00f3n de la velocidad del aire<\/li>\n<li>Caudal\u00edmetro<\/li>\n<\/ul>\t\t\t\t\t\t\t\t<\/div>\n\t\t\t\t<\/div>\n\t\t\t\t\t<\/div>\n\t\t<\/div>\n\t\t\t\t\t<\/div>\n\t\t<\/section>\n\t\t\t\t<section data-particle_enable=\"false\" data-particle-mobile-disabled=\"false\" class=\"elementor-section elementor-top-section elementor-element elementor-element-b80098d elementor-section-boxed elementor-section-height-default elementor-section-height-default\" data-id=\"b80098d\" data-element_type=\"section\" data-e-type=\"section\">\n\t\t\t\t\t\t<div class=\"elementor-container elementor-column-gap-default\">\n\t\t\t\t\t<div class=\"elementor-column elementor-col-100 elementor-top-column elementor-element elementor-element-75d46e5\" data-id=\"75d46e5\" data-element_type=\"column\" data-e-type=\"column\">\n\t\t\t<div class=\"elementor-widget-wrap elementor-element-populated\">\n\t\t\t\t\t\t<div class=\"dce-visibility-event elementor-element elementor-element-490250b elementor-widget elementor-widget-button\" data-id=\"490250b\" data-element_type=\"widget\" data-e-type=\"widget\" data-settings=\"{&quot;enabled_visibility&quot;:&quot;yes&quot;,&quot;dce_visibility_selected&quot;:&quot;yes&quot;}\" data-widget_type=\"button.default\">\n\t\t\t\t<div class=\"elementor-widget-container\">\n\t\t\t\t\t\t\t\t\t<div class=\"elementor-button-wrapper\">\n\t\t\t\t\t<a class=\"elementor-button elementor-button-link elementor-size-sm\" href=\"https:\/\/www.fire-testing.com\/es\/login\/\">\n\t\t\t\t\t\t<span class=\"elementor-button-content-wrapper\">\n\t\t\t\t\t\t\t\t\t<span class=\"elementor-button-text\">INICIE SESI\u00d3N\/REG\u00cdSTRESE PARA DESCARGAR ESTE FOLLETO<\/span>\n\t\t\t\t\t<\/span>\n\t\t\t\t\t<\/a>\n\t\t\t\t<\/div>\n\t\t\t\t\t\t\t\t<\/div>\n\t\t\t\t<\/div>\n\t\t\t\t<div class=\"dce-visibility-event elementor-element elementor-element-0396a10 elementor-widget elementor-widget-button\" data-id=\"0396a10\" data-element_type=\"widget\" data-e-type=\"widget\" data-settings=\"{&quot;enabled_visibility&quot;:&quot;yes&quot;,&quot;dce_visibility_selected&quot;:&quot;yes&quot;}\" data-widget_type=\"button.default\">\n\t\t\t\t<div class=\"elementor-widget-container\">\n\t\t\t\t\t\t\t\t\t<div class=\"elementor-button-wrapper\">\n\t\t\t\t\t<a class=\"elementor-button elementor-button-link elementor-size-sm\" href=\"https:\/\/www.fire-testing.com\/es\/request-a-brochure\/\">\n\t\t\t\t\t\t<span class=\"elementor-button-content-wrapper\">\n\t\t\t\t\t\t\t\t\t<span class=\"elementor-button-text\">REQUEST TECHNICAL SPECIFICATION<\/span>\n\t\t\t\t\t<\/span>\n\t\t\t\t\t<\/a>\n\t\t\t\t<\/div>\n\t\t\t\t\t\t\t\t<\/div>\n\t\t\t\t<\/div>\n\t\t<!-- dce invisible element 6386018 -->\t\t\t<\/div>\n\t\t<\/div>\n\t\t\t\t\t<\/div>\n\t\t<\/section>\n\t\t\t\t<\/div>","protected":false},"excerpt":{"rendered":"<p>Roofing Test with Burning Brands ENV 1187 Test 2 This European Specification specifies four methods for determining the performance of roofs to external fire exposure. The four methods assess the performance of roofs under the following conditions: Test 1 \u2013 with burning brands (visit the page)Test 2 \u2013 with burning brands and windTest 3 \u2013 [&hellip;]<\/p>\n","protected":false},"author":142,"featured_media":0,"parent":0,"menu_order":0,"comment_status":"closed","ping_status":"closed","template":"","meta":{"_acf_changed":false,"footnotes":""},"class_list":["post-1103","page","type-page","status-publish","hentry"],"acf":[],"_links":{"self":[{"href":"https:\/\/www.fire-testing.com\/es\/wp-json\/wp\/v2\/pages\/1103","targetHints":{"allow":["GET"]}}],"collection":[{"href":"https:\/\/www.fire-testing.com\/es\/wp-json\/wp\/v2\/pages"}],"about":[{"href":"https:\/\/www.fire-testing.com\/es\/wp-json\/wp\/v2\/types\/page"}],"author":[{"embeddable":true,"href":"https:\/\/www.fire-testing.com\/es\/wp-json\/wp\/v2\/users\/142"}],"replies":[{"embeddable":true,"href":"https:\/\/www.fire-testing.com\/es\/wp-json\/wp\/v2\/comments?post=1103"}],"version-history":[{"count":0,"href":"https:\/\/www.fire-testing.com\/es\/wp-json\/wp\/v2\/pages\/1103\/revisions"}],"wp:attachment":[{"href":"https:\/\/www.fire-testing.com\/es\/wp-json\/wp\/v2\/media?parent=1103"}],"curies":[{"name":"wp","href":"https:\/\/api.w.org\/{rel}","templated":true}]}}