{"id":1358,"date":"2019-02-18T10:13:39","date_gmt":"2019-02-18T10:13:39","guid":{"rendered":"https:\/\/www.fire-testing.com\/?page_id=1358"},"modified":"2022-11-08T12:12:29","modified_gmt":"2022-11-08T12:12:29","slug":"mass-loss-calorimeter","status":"publish","type":"page","link":"https:\/\/www.fire-testing.com\/es\/mass-loss-calorimeter\/","title":{"rendered":"Calor\u00edmetro de p\u00e9rdida de masa"},"content":{"rendered":"<div data-elementor-type=\"wp-page\" data-elementor-id=\"1358\" class=\"elementor elementor-1358\" data-elementor-post-type=\"page\">\n\t\t\t\t\t\t<section data-particle_enable=\"false\" data-particle-mobile-disabled=\"false\" class=\"elementor-section elementor-top-section elementor-element elementor-element-1cea5d4 elementor-section-boxed elementor-section-height-default elementor-section-height-default\" data-id=\"1cea5d4\" data-element_type=\"section\" data-e-type=\"section\">\n\t\t\t\t\t\t<div class=\"elementor-container elementor-column-gap-default\">\n\t\t\t\t\t<div class=\"elementor-column elementor-col-50 elementor-top-column elementor-element elementor-element-bb04a56\" data-id=\"bb04a56\" data-element_type=\"column\" data-e-type=\"column\">\n\t\t\t<div class=\"elementor-widget-wrap elementor-element-populated\">\n\t\t\t\t\t\t<div class=\"elementor-element elementor-element-7235020 elementor-widget elementor-widget-heading\" data-id=\"7235020\" data-element_type=\"widget\" data-e-type=\"widget\" data-widget_type=\"heading.default\">\n\t\t\t\t<div class=\"elementor-widget-container\">\n\t\t\t\t\t<h1 class=\"elementor-heading-title elementor-size-default\">Calor\u00edmetro de p\u00e9rdida de masa<\/h1>\t\t\t\t<\/div>\n\t\t\t\t<\/div>\n\t\t\t\t<div class=\"elementor-element elementor-element-e6efe6a elementor-widget elementor-widget-heading\" data-id=\"e6efe6a\" data-element_type=\"widget\" data-e-type=\"widget\" data-widget_type=\"heading.default\">\n\t\t\t\t<div class=\"elementor-widget-container\">\n\t\t\t\t\t<h2 class=\"elementor-heading-title elementor-size-default\">EN ISO 13927; ISO 17554<\/h2>\t\t\t\t<\/div>\n\t\t\t\t<\/div>\n\t\t\t\t<div class=\"elementor-element elementor-element-47e30fa3 elementor-widget elementor-widget-text-editor\" data-id=\"47e30fa3\" data-element_type=\"widget\" data-e-type=\"widget\" data-widget_type=\"text-editor.default\">\n\t\t\t\t<div class=\"elementor-widget-container\">\n\t\t\t\t\t\t\t\t\t<p><b>\u00bfCu\u00e1l es la relaci\u00f3n entre liberaci\u00f3n de calor y p\u00e9rdida de masa?<br \/><\/b>El calor de combusti\u00f3n es la cantidad de calor que se libera cuando se oxida por completo una cantidad unitaria de un combustible. Esta cantidad se determina mediante el uso de un calor\u00edmetro de bomba de ox\u00edgeno y hay informaci\u00f3n abundante en los manuales. Si en todos los fuegos la oxidaci\u00f3n fuera completa, se podr\u00eda determinar la liberaci\u00f3n de calor con s\u00f3lo pesar la muestra mientras se quema y multiplicar la p\u00e9rdida de masa por el calor de combusti\u00f3n. En la realidad, la combusti\u00f3n no suele alcanzar la oxidaci\u00f3n completa, pero el calor de combusti\u00f3n efectivo es constante para un material dado cuando se lo quema a un flujo de calor dado en condiciones de ventilaci\u00f3n constante. Instrumentos tales como el calor\u00edmetro de cono y el OSU determinan el calor de combusti\u00f3n efectivo.<\/p>\n<p class=\"translation-block\">Entonces, la liberaci\u00f3n de calor se determina como el producto del calor de combusti\u00f3n efectivo y la tasa de p\u00e9rdida de masa. Una vez conocido el calor de combusti\u00f3n efectivo de un material en diferentes condiciones, las tasas de liberaci\u00f3n de calor se pueden calcular a partir de los datos de p\u00e9rdida de masa. El calor\u00edmetro de p\u00e9rdida de masa de <span class=\"s1\"><span style=\"color: #f05e23\"><strong>FTT<\/strong><\/span><\/span> est\u00e1 dise\u00f1ado para esta finalidad.<\/p>\n<p class=\"translation-block\"><strong> La <\/strong> <span class=\"s1\"><span style=\"color: #f05e23\"><strong>FTT<\/strong><\/span><\/span> <strong>est\u00e1 dise\u00f1ado para:<\/strong><\/p>\n<ul>\n<li>Constituir un instrumento independiente que permita determinar tasas de p\u00e9rdida de masa con cualquier flujo de calor en el rango del modelo de calor\u00edmetro de cono de <a href=\"https:\/\/www.iso.org\/standard\/57957.html\" target=\"_blank\" rel=\"noopener\">ISO 5660<\/a><\/li>\n<li>Constituir una unidad que se pueda agregar a los calor\u00edmetros de cono comerciales de manera que se puedan usar en atm\u00f3sferas de bajo flujo con ox\u00edgeno agotado.<\/li>\n<li>Acoplarse f\u00e1cilmente a sistemas de agotamiento de ox\u00edgeno existentes o de construcci\u00f3n futura.<\/li>\n<li>Ser convertido con facilidad para las pruebas de humo din\u00e1mico, corrosi\u00f3n y toxicidad.<\/li>\n<\/ul>\n<p><b>La unidad se suministra con:<\/b><\/p>\n<ul>\n<li>Calentador c\u00f3nico con tensi\u00f3n nominal de 230 V para flujo de calor de hasta 100 kW\/m\u00b2.<\/li>\n<li>Celda de carga con capacidad de muestra de hasta 500 g.<\/li>\n<li>Montaje horizontal para muestras de hasta 50 mm de espesor.<\/li>\n<li>Obturador del calentador, para cargar las muestras o equilibrar la c\u00e1mara con facilidad si se utiliza la opci\u00f3n de cerramiento.<\/li>\n<li>Medidor de flujo de calor y carcasa para fijar la posici\u00f3n del medidor en forma precisa 25 mm por debajo de la base del cono.<\/li>\n<li>Estructura de acero inoxidable para garantizar una buena resistencia a la corrosi\u00f3n.<\/li>\n<\/ul>\n<p><b>Opciones:<\/b><\/p>\n<ul>\n<li>Cerramiento y suministros de gas para facilitar el uso en pruebas con calor\u00edmetros de cono en atm\u00f3sferas con bajo contenido de ox\u00edgeno.<\/li>\n<li>Termopila y chimenea para evaluar la liberaci\u00f3n de calor.<\/li>\n<li>Corros\u00edmetro para estudios de corrosividad.<\/li>\n<\/ul>\n<p><strong>Software:<\/strong><\/p>\n<p>Instrument Supplied with Software at no extra charge. Software updates provided free of charge.<\/p>\t\t\t\t\t\t\t\t<\/div>\n\t\t\t\t<\/div>\n\t\t\t\t\t<\/div>\n\t\t<\/div>\n\t\t\t\t<div class=\"elementor-column elementor-col-50 elementor-top-column elementor-element elementor-element-544164a\" data-id=\"544164a\" data-element_type=\"column\" data-e-type=\"column\">\n\t\t\t<div class=\"elementor-widget-wrap elementor-element-populated\">\n\t\t\t\t\t\t<div class=\"elementor-element elementor-element-df13589 elementor-widget elementor-widget-image\" data-id=\"df13589\" data-element_type=\"widget\" data-e-type=\"widget\" data-widget_type=\"image.default\">\n\t\t\t\t<div class=\"elementor-widget-container\">\n\t\t\t\t\t\t\t\t\t\t\t\t\t\t\t<img fetchpriority=\"high\" decoding=\"async\" width=\"768\" height=\"768\" src=\"https:\/\/www.fire-testing.com\/wp-content\/uploads\/2019\/06\/91-mass-loss-calirometer_PIXEL-768x768.jpg\" class=\"attachment-medium_large size-medium_large wp-image-4221\" alt=\"Calor\u00edmetro de p\u00e9rdida de masa\" srcset=\"https:\/\/www.fire-testing.com\/wp-content\/uploads\/2019\/06\/91-mass-loss-calirometer_PIXEL-768x768.jpg 768w, https:\/\/www.fire-testing.com\/wp-content\/uploads\/2019\/06\/91-mass-loss-calirometer_PIXEL-150x150.jpg 150w, https:\/\/www.fire-testing.com\/wp-content\/uploads\/2019\/06\/91-mass-loss-calirometer_PIXEL-300x300.jpg 300w, https:\/\/www.fire-testing.com\/wp-content\/uploads\/2019\/06\/91-mass-loss-calirometer_PIXEL.jpg 800w\" sizes=\"(max-width: 768px) 100vw, 768px\" \/>\t\t\t\t\t\t\t\t\t\t\t\t\t\t\t<\/div>\n\t\t\t\t<\/div>\n\t\t\t\t<div class=\"elementor-element elementor-element-b73449e elementor-widget elementor-widget-heading\" data-id=\"b73449e\" data-element_type=\"widget\" data-e-type=\"widget\" data-widget_type=\"heading.default\">\n\t\t\t\t<div class=\"elementor-widget-container\">\n\t\t\t\t\t<p class=\"elementor-heading-title elementor-size-default\">Calor\u00edmetro de p\u00e9rdida de masa <\/p>\t\t\t\t<\/div>\n\t\t\t\t<\/div>\n\t\t\t\t\t<\/div>\n\t\t<\/div>\n\t\t\t\t\t<\/div>\n\t\t<\/section>\n\t\t\t\t<section data-particle_enable=\"false\" data-particle-mobile-disabled=\"false\" class=\"elementor-section elementor-top-section elementor-element elementor-element-47ac906 elementor-section-boxed elementor-section-height-default elementor-section-height-default\" data-id=\"47ac906\" data-element_type=\"section\" data-e-type=\"section\">\n\t\t\t\t\t\t<div class=\"elementor-container elementor-column-gap-default\">\n\t\t\t\t\t<div class=\"elementor-column elementor-col-100 elementor-top-column elementor-element elementor-element-29cdc46\" data-id=\"29cdc46\" data-element_type=\"column\" data-e-type=\"column\">\n\t\t\t<div class=\"elementor-widget-wrap elementor-element-populated\">\n\t\t\t\t\t\t<div class=\"dce-visibility-event elementor-element elementor-element-1289b19 elementor-widget elementor-widget-button\" data-id=\"1289b19\" data-element_type=\"widget\" data-e-type=\"widget\" data-settings=\"{&quot;enabled_visibility&quot;:&quot;yes&quot;,&quot;dce_visibility_selected&quot;:&quot;yes&quot;}\" data-widget_type=\"button.default\">\n\t\t\t\t<div class=\"elementor-widget-container\">\n\t\t\t\t\t\t\t\t\t<div class=\"elementor-button-wrapper\">\n\t\t\t\t\t<a class=\"elementor-button elementor-button-link elementor-size-sm\" href=\"https:\/\/www.fire-testing.com\/es\/login\/\">\n\t\t\t\t\t\t<span class=\"elementor-button-content-wrapper\">\n\t\t\t\t\t\t\t\t\t<span class=\"elementor-button-text\">INICIE SESI\u00d3N\/REG\u00cdSTRESE PARA DESCARGAR ESTE FOLLETO<\/span>\n\t\t\t\t\t<\/span>\n\t\t\t\t\t<\/a>\n\t\t\t\t<\/div>\n\t\t\t\t\t\t\t\t<\/div>\n\t\t\t\t<\/div>\n\t\t\t\t<div class=\"dce-visibility-event elementor-element elementor-element-1cb752b elementor-widget elementor-widget-button\" data-id=\"1cb752b\" data-element_type=\"widget\" data-e-type=\"widget\" data-settings=\"{&quot;enabled_visibility&quot;:&quot;yes&quot;,&quot;dce_visibility_selected&quot;:&quot;yes&quot;}\" data-widget_type=\"button.default\">\n\t\t\t\t<div class=\"elementor-widget-container\">\n\t\t\t\t\t\t\t\t\t<div class=\"elementor-button-wrapper\">\n\t\t\t\t\t<a class=\"elementor-button elementor-button-link elementor-size-sm\" href=\"https:\/\/www.fire-testing.com\/es\/request-a-brochure\/\">\n\t\t\t\t\t\t<span class=\"elementor-button-content-wrapper\">\n\t\t\t\t\t\t\t\t\t<span class=\"elementor-button-text\">REQUEST TECHNICAL SPECIFICATION<\/span>\n\t\t\t\t\t<\/span>\n\t\t\t\t\t<\/a>\n\t\t\t\t<\/div>\n\t\t\t\t\t\t\t\t<\/div>\n\t\t\t\t<\/div>\n\t\t<!-- dce invisible element d4bd788 -->\t\t\t<\/div>\n\t\t<\/div>\n\t\t\t\t\t<\/div>\n\t\t<\/section>\n\t\t\t\t<\/div>","protected":false},"excerpt":{"rendered":"<p>Mass Loss Calorimeter EN ISO 13927; ISO 17554 What is the relationship between heat release and mass loss? The heat of combustion is the quantity of heat released when unit quantity of a fuel is fully oxidised. These are determined using an oxygen bomb calorimeter and are well reported in handbooks. If all fires involved [&hellip;]<\/p>\n","protected":false},"author":142,"featured_media":0,"parent":0,"menu_order":0,"comment_status":"closed","ping_status":"closed","template":"","meta":{"_acf_changed":false,"footnotes":""},"class_list":["post-1358","page","type-page","status-publish","hentry"],"acf":[],"_links":{"self":[{"href":"https:\/\/www.fire-testing.com\/es\/wp-json\/wp\/v2\/pages\/1358","targetHints":{"allow":["GET"]}}],"collection":[{"href":"https:\/\/www.fire-testing.com\/es\/wp-json\/wp\/v2\/pages"}],"about":[{"href":"https:\/\/www.fire-testing.com\/es\/wp-json\/wp\/v2\/types\/page"}],"author":[{"embeddable":true,"href":"https:\/\/www.fire-testing.com\/es\/wp-json\/wp\/v2\/users\/142"}],"replies":[{"embeddable":true,"href":"https:\/\/www.fire-testing.com\/es\/wp-json\/wp\/v2\/comments?post=1358"}],"version-history":[{"count":0,"href":"https:\/\/www.fire-testing.com\/es\/wp-json\/wp\/v2\/pages\/1358\/revisions"}],"wp:attachment":[{"href":"https:\/\/www.fire-testing.com\/es\/wp-json\/wp\/v2\/media?parent=1358"}],"curies":[{"name":"wp","href":"https:\/\/api.w.org\/{rel}","templated":true}]}}