{"id":1363,"date":"2019-02-18T10:26:43","date_gmt":"2019-02-18T10:26:43","guid":{"rendered":"https:\/\/www.fire-testing.com\/?page_id=1363"},"modified":"2022-08-08T09:34:50","modified_gmt":"2022-08-08T09:34:50","slug":"toxicity-test-apparatus","status":"publish","type":"page","link":"https:\/\/www.fire-testing.com\/es\/toxicity-test-apparatus\/","title":{"rendered":"Accesorio para ensayo de toxicidad en c\u00e1mara de densidad de humo NBS"},"content":{"rendered":"<div data-elementor-type=\"wp-page\" data-elementor-id=\"1363\" class=\"elementor elementor-1363\" data-elementor-post-type=\"page\">\n\t\t\t\t\t\t<section data-particle_enable=\"false\" data-particle-mobile-disabled=\"false\" class=\"elementor-section elementor-top-section elementor-element elementor-element-36655fc elementor-section-boxed elementor-section-height-default elementor-section-height-default\" data-id=\"36655fc\" data-element_type=\"section\" data-e-type=\"section\">\n\t\t\t\t\t\t<div class=\"elementor-container elementor-column-gap-default\">\n\t\t\t\t\t<div class=\"elementor-column elementor-col-50 elementor-top-column elementor-element elementor-element-123af1b\" data-id=\"123af1b\" data-element_type=\"column\" data-e-type=\"column\">\n\t\t\t<div class=\"elementor-widget-wrap elementor-element-populated\">\n\t\t\t\t\t\t<div class=\"elementor-element elementor-element-f917514 elementor-widget elementor-widget-heading\" data-id=\"f917514\" data-element_type=\"widget\" data-e-type=\"widget\" data-widget_type=\"heading.default\">\n\t\t\t\t<div class=\"elementor-widget-container\">\n\t\t\t\t\t<h1 class=\"elementor-heading-title elementor-size-default\">Accesorio para ensayo de toxicidad en c\u00e1mara de densidad de humo NBS<\/h1>\t\t\t\t<\/div>\n\t\t\t\t<\/div>\n\t\t\t\t<div class=\"elementor-element elementor-element-3e6db03 elementor-widget elementor-widget-heading\" data-id=\"3e6db03\" data-element_type=\"widget\" data-e-type=\"widget\" data-widget_type=\"heading.default\">\n\t\t\t\t<div class=\"elementor-widget-container\">\n\t\t\t\t\t<h2 class=\"elementor-heading-title elementor-size-default\">NES 713<\/h2>\t\t\t\t<\/div>\n\t\t\t\t<\/div>\n\t\t\t\t<div class=\"elementor-element elementor-element-96d7e7f elementor-widget elementor-widget-text-editor\" data-id=\"96d7e7f\" data-element_type=\"widget\" data-e-type=\"widget\" data-widget_type=\"text-editor.default\">\n\t\t\t\t<div class=\"elementor-widget-container\">\n\t\t\t\t\t\t\t\t\t\n<p><b>Borma de ingenier\u00eda Naval del Reino Unido<br \/><\/b>El NES 713 se utiliza para determinar el \u00edndice de toxicidad de los productos de combusti\u00f3n de peque\u00f1as muestras de material.<\/p>\n<p><b>Caracter\u00edsticas:<\/b><\/p>\n<ul>\n<li>La c\u00e1mara tiene un marco de acero para que sea resistente y est\u00e1 hecha de polipropileno ign\u00edfugo con junturas soldadas y un volumen de 0,7 metros c\u00fabicos.<\/li>\n<li>La puerta, que ofrece un acceso completo a la c\u00e1mara para limpiarla con facilidad, est\u00e1 hecha de planchas de policarbonato claro, reforzadas con l\u00e1minas para lograr una mayor resistencia y rigidez.<\/li>\n<li>El quemador de gas tiene un sistema de encendido a chispa que se enciende autom\u00e1ticamente si la llama se apaga.<\/li>\n<li>Se ofrecen 15 posiciones de muestra para usar con tubos de reacci\u00f3n de gas calorim\u00e9tricos o analizadores de gas espec\u00edficos opcionales.<\/li>\n<li>La unidad de control que se proporciona por separado contiene los medidores de flujo, el temporizador y los controles de metano y aire.<\/li>\n<li>Sistema de extracci\u00f3n forzada de aire para evacuar la c\u00e1mara despu\u00e9s de las pruebas.<\/li>\n<li>Ventilador agitador montado internamente para mezclar con rapidez los productos de combusti\u00f3n.<\/li>\n<\/ul>\n<p><b>Especificaci\u00f3n<\/b><\/p>\n<ul>\n<li>Dimensiones de la c\u00e1mara (en mm): 1100 (ancho) \u00d7 800 (profundo) \u00d7 1300 (alto)<\/li>\n<li>Dimensiones de la unidad de control (en mm): 530 (ancho) \u00d7 270 (profundidad) \u00d7 280 (alto)<\/li>\n<li>Voltage: Dual &#8211; 110V-60Hz 3A &#8211; 230V-50Hz 2A<\/li>\n<li>Peso: 70 kg<\/li>\n<\/ul>\n\t\t\t\t\t\t\t\t<\/div>\n\t\t\t\t<\/div>\n\t\t\t\t\t<\/div>\n\t\t<\/div>\n\t\t\t\t<div class=\"elementor-column elementor-col-50 elementor-top-column elementor-element elementor-element-7e69f69\" data-id=\"7e69f69\" data-element_type=\"column\" data-e-type=\"column\">\n\t\t\t<div class=\"elementor-widget-wrap elementor-element-populated\">\n\t\t\t\t\t\t<div class=\"elementor-element elementor-element-928e0de elementor-widget elementor-widget-image\" data-id=\"928e0de\" data-element_type=\"widget\" data-e-type=\"widget\" data-widget_type=\"image.default\">\n\t\t\t\t<div class=\"elementor-widget-container\">\n\t\t\t\t\t\t\t\t\t\t\t\t\t\t\t<img fetchpriority=\"high\" decoding=\"async\" width=\"768\" height=\"768\" src=\"https:\/\/fire-testing.com\/wp-content\/uploads\/2019\/06\/69-NES-713-Toxicity-Test_PIXEL-768x768.jpg\" class=\"attachment-medium_large size-medium_large wp-image-4274\" alt=\"Accesorio para ensayo de toxicidad en c\u00e1mara de densidad de humo NBS\" srcset=\"https:\/\/fire-testing.com\/wp-content\/uploads\/2019\/06\/69-NES-713-Toxicity-Test_PIXEL-768x768.jpg 768w, https:\/\/fire-testing.com\/wp-content\/uploads\/2019\/06\/69-NES-713-Toxicity-Test_PIXEL-150x150.jpg 150w, https:\/\/fire-testing.com\/wp-content\/uploads\/2019\/06\/69-NES-713-Toxicity-Test_PIXEL-300x300.jpg 300w, https:\/\/fire-testing.com\/wp-content\/uploads\/2019\/06\/69-NES-713-Toxicity-Test_PIXEL.jpg 800w\" sizes=\"(max-width: 768px) 100vw, 768px\" \/>\t\t\t\t\t\t\t\t\t\t\t\t\t\t\t<\/div>\n\t\t\t\t<\/div>\n\t\t\t\t<div class=\"elementor-element elementor-element-5d2c9b2 elementor-widget elementor-widget-heading\" data-id=\"5d2c9b2\" data-element_type=\"widget\" data-e-type=\"widget\" data-widget_type=\"heading.default\">\n\t\t\t\t<div class=\"elementor-widget-container\">\n\t\t\t\t\t<p class=\"elementor-heading-title elementor-size-default\">Accesorio para ensayo de toxicidad en c\u00e1mara de densidad de humo NBS<\/p>\t\t\t\t<\/div>\n\t\t\t\t<\/div>\n\t\t\t\t\t<\/div>\n\t\t<\/div>\n\t\t\t\t\t<\/div>\n\t\t<\/section>\n\t\t\t\t<section data-particle_enable=\"false\" data-particle-mobile-disabled=\"false\" class=\"elementor-section elementor-top-section elementor-element elementor-element-8f05f35 elementor-section-boxed elementor-section-height-default elementor-section-height-default\" data-id=\"8f05f35\" data-element_type=\"section\" data-e-type=\"section\">\n\t\t\t\t\t\t<div class=\"elementor-container elementor-column-gap-default\">\n\t\t\t\t\t<div class=\"elementor-column elementor-col-100 elementor-top-column elementor-element elementor-element-be3b047\" data-id=\"be3b047\" data-element_type=\"column\" data-e-type=\"column\">\n\t\t\t<div class=\"elementor-widget-wrap elementor-element-populated\">\n\t\t\t\t\t\t<div class=\"dce-visibility-event elementor-element elementor-element-033a26a elementor-widget elementor-widget-button\" data-id=\"033a26a\" data-element_type=\"widget\" data-e-type=\"widget\" data-settings=\"{&quot;enabled_visibility&quot;:&quot;yes&quot;,&quot;dce_visibility_selected&quot;:&quot;yes&quot;}\" data-widget_type=\"button.default\">\n\t\t\t\t<div class=\"elementor-widget-container\">\n\t\t\t\t\t\t\t\t\t<div class=\"elementor-button-wrapper\">\n\t\t\t\t\t<a class=\"elementor-button elementor-button-link elementor-size-sm\" href=\"https:\/\/www.fire-testing.com\/es\/login\/\">\n\t\t\t\t\t\t<span class=\"elementor-button-content-wrapper\">\n\t\t\t\t\t\t\t\t\t<span class=\"elementor-button-text\">INICIE SESI\u00d3N\/REG\u00cdSTRESE PARA DESCARGAR ESTE FOLLETO<\/span>\n\t\t\t\t\t<\/span>\n\t\t\t\t\t<\/a>\n\t\t\t\t<\/div>\n\t\t\t\t\t\t\t\t<\/div>\n\t\t\t\t<\/div>\n\t\t\t\t<div class=\"dce-visibility-event elementor-element elementor-element-004f241 elementor-widget elementor-widget-button\" data-id=\"004f241\" data-element_type=\"widget\" data-e-type=\"widget\" data-settings=\"{&quot;enabled_visibility&quot;:&quot;yes&quot;,&quot;dce_visibility_selected&quot;:&quot;yes&quot;}\" data-widget_type=\"button.default\">\n\t\t\t\t<div class=\"elementor-widget-container\">\n\t\t\t\t\t\t\t\t\t<div class=\"elementor-button-wrapper\">\n\t\t\t\t\t<a class=\"elementor-button elementor-button-link elementor-size-sm\" href=\"https:\/\/www.fire-testing.com\/es\/request-a-brochure\/\">\n\t\t\t\t\t\t<span class=\"elementor-button-content-wrapper\">\n\t\t\t\t\t\t\t\t\t<span class=\"elementor-button-text\">REQUEST TECHNICAL SPECIFICATION<\/span>\n\t\t\t\t\t<\/span>\n\t\t\t\t\t<\/a>\n\t\t\t\t<\/div>\n\t\t\t\t\t\t\t\t<\/div>\n\t\t\t\t<\/div>\n\t\t<!-- dce invisible element a96aaf1 -->\t\t\t<\/div>\n\t\t<\/div>\n\t\t\t\t\t<\/div>\n\t\t<\/section>\n\t\t\t\t<\/div>","protected":false},"excerpt":{"rendered":"<p>Toxicity Test Apparatus NES 713 Toxicity Test Apparatus LOGIN \/ REGISTER TO DOWNLOAD THIS BROCHURE REQUEST TECHNICAL SPECIFICATION DOWNLOAD THE BROCHURE<\/p>","protected":false},"author":142,"featured_media":0,"parent":0,"menu_order":0,"comment_status":"closed","ping_status":"closed","template":"","meta":{"_acf_changed":false,"footnotes":""},"class_list":["post-1363","page","type-page","status-publish","hentry"],"acf":[],"_links":{"self":[{"href":"https:\/\/www.fire-testing.com\/es\/wp-json\/wp\/v2\/pages\/1363","targetHints":{"allow":["GET"]}}],"collection":[{"href":"https:\/\/www.fire-testing.com\/es\/wp-json\/wp\/v2\/pages"}],"about":[{"href":"https:\/\/www.fire-testing.com\/es\/wp-json\/wp\/v2\/types\/page"}],"author":[{"embeddable":true,"href":"https:\/\/www.fire-testing.com\/es\/wp-json\/wp\/v2\/users\/142"}],"replies":[{"embeddable":true,"href":"https:\/\/www.fire-testing.com\/es\/wp-json\/wp\/v2\/comments?post=1363"}],"version-history":[{"count":0,"href":"https:\/\/www.fire-testing.com\/es\/wp-json\/wp\/v2\/pages\/1363\/revisions"}],"wp:attachment":[{"href":"https:\/\/www.fire-testing.com\/es\/wp-json\/wp\/v2\/media?parent=1363"}],"curies":[{"name":"wp","href":"https:\/\/api.w.org\/{rel}","templated":true}]}}