{"id":1370,"date":"2019-02-18T10:43:53","date_gmt":"2019-02-18T10:43:53","guid":{"rendered":"https:\/\/www.fire-testing.com\/?page_id=1370"},"modified":"2022-08-08T08:41:40","modified_gmt":"2022-08-08T08:41:40","slug":"oxygen-index","status":"publish","type":"page","link":"https:\/\/www.fire-testing.com\/es\/oxygen-index\/","title":{"rendered":"Analizador de \u00edndice de ox\u00edgeno"},"content":{"rendered":"<div data-elementor-type=\"wp-page\" data-elementor-id=\"1370\" class=\"elementor elementor-1370\" data-elementor-post-type=\"page\">\n\t\t\t\t\t\t<section data-particle_enable=\"false\" data-particle-mobile-disabled=\"false\" class=\"elementor-section elementor-top-section elementor-element elementor-element-f7c295a elementor-section-boxed elementor-section-height-default elementor-section-height-default\" data-id=\"f7c295a\" data-element_type=\"section\" data-e-type=\"section\">\n\t\t\t\t\t\t<div class=\"elementor-container elementor-column-gap-default\">\n\t\t\t\t\t<div class=\"elementor-column elementor-col-50 elementor-top-column elementor-element elementor-element-b42056d\" data-id=\"b42056d\" data-element_type=\"column\" data-e-type=\"column\">\n\t\t\t<div class=\"elementor-widget-wrap elementor-element-populated\">\n\t\t\t\t\t\t<div class=\"elementor-element elementor-element-d0ba017 elementor-widget elementor-widget-heading\" data-id=\"d0ba017\" data-element_type=\"widget\" data-e-type=\"widget\" data-widget_type=\"heading.default\">\n\t\t\t\t<div class=\"elementor-widget-container\">\n\t\t\t\t\t<h1 class=\"elementor-heading-title elementor-size-default\">Analizador de \u00edndice de ox\u00edgeno<\/h1>\t\t\t\t<\/div>\n\t\t\t\t<\/div>\n\t\t\t\t<div class=\"elementor-element elementor-element-8f3c500 elementor-widget elementor-widget-heading\" data-id=\"8f3c500\" data-element_type=\"widget\" data-e-type=\"widget\" data-widget_type=\"heading.default\">\n\t\t\t\t<div class=\"elementor-widget-container\">\n\t\t\t\t\t<h2 class=\"elementor-heading-title elementor-size-default\">ASTM D2863; BS ISO 4589-2; NES 714<\/h2>\t\t\t\t<\/div>\n\t\t\t\t<\/div>\n\t\t\t\t<div class=\"elementor-element elementor-element-1a62cc80 elementor-widget elementor-widget-text-editor\" data-id=\"1a62cc80\" data-element_type=\"widget\" data-e-type=\"widget\" data-widget_type=\"text-editor.default\">\n\t\t\t\t<div class=\"elementor-widget-container\">\n\t\t\t\t\t\t\t\t\t<p>La prueba de \u00edndice de ox\u00edgeno es probablemente el control de calidad de materiales combustibles m\u00e1s econ\u00f3mico y preciso. Su facilidad de uso sumada a sus elevados niveles de precisi\u00f3n han hecho de esta t\u00e9cnica una herramienta fundamental de caracterizaci\u00f3n y control de calidad para las industrias del pl\u00e1stico y los cables el\u00e9ctricos, y ha sido especificada por varios grupos de las fuerzas armadas y del transporte. La t\u00e9cnica mide el porcentaje m\u00ednimo de ox\u00edgeno requerido en la atm\u00f3sfera de prueba para que la combusti\u00f3n sea marginalmente posible. Obs\u00e9rvese que BS ISO 4589 reemplaza a la parte 141 de BS 2782.<\/p>\n<p class=\"translation-block\">La unidad de <span class=\"s1\"><span style=\"color: #f05e23\"><strong>FTT<\/strong><\/span><\/span> es compacta para que su uso sea eficiente en armarios de emanaciones est\u00e1ndares (o bajo campanas de ventilaci\u00f3n simples que tambi\u00e9n podemos suministrar a pedido). La unidad proporciona una indicaci\u00f3n digital continua de las concentraciones de ox\u00edgeno en la atm\u00f3sfera de prueba para que sea f\u00e1cil configurar r\u00e1pido la concentraci\u00f3n. Los porcentajes de ox\u00edgeno estabilizado se indican en el visor digital y no es necesario realizar otros ajustes de flujo. Esto es una mejora considerable con respecto a los sistemas que utilizan medidores anal\u00f3gicos o que requieren igualaci\u00f3n de flujo y el uso de gr\u00e1ficos o tablas para calcular las concentraciones de ox\u00edgeno. Debido a ello, el grado de automaticidad de la unidad es el m\u00e1ximo posible.<\/p>\n<p class=\"translation-block\">El analizador de \u00edndice de ox\u00edgeno se puede usar, junto con el aparato para \u00edndice de ox\u00edgeno de temperatura elevada (<a href=\"https:\/\/www.fire-testing.com\/es\/temperature-oxygen-index-apparatus\/?lang=es\" target=\"_self\">TOI<\/a>) , para determinar el \u00edndice de ox\u00edgeno a temperaturas de hasta 125 \u00b0C.<\/p>\n<p><strong>Caracter\u00edsticas:<\/strong><\/p>\n<ul>\n<li>Nueva celda de ox\u00edgeno paramagn\u00e9tica para evaluar los niveles de ox\u00edgeno con precisi\u00f3n (&lt; 0,1%).<\/li>\n<li>Unidad compacta para usarla de manera eficiente dentro de una campana de laboratorio, con ventilaci\u00f3n.<\/li>\n<li>El control de flujo autom\u00e1tico permite ajustar el nivel de ox\u00edgeno con s\u00f3lo girar una v\u00e1lvula.<\/li>\n<li>Carga r\u00e1pida de la muestra en la chimenea de pruebas, que mide 450 mm \u00d7 75 mm.<\/li>\n<li>Indicaci\u00f3n digital del porcentaje de ox\u00edgeno en la atm\u00f3sfera durante la prueba (no es necesario hacer c\u00e1lculos).<\/li>\n<li>Un visor digital muestra la temperatura de la mezcla de gas que ingresa a la chimenea de prueba.<\/li>\n<li>Se proporciona un soporte para muestras r\u00edgidas y flexibles.<\/li>\n<li>Trayectoria m\u00e1s corta del gas para que la respuesta sea r\u00e1pida.<\/li>\n<\/ul>\n<p><strong>Especificaci\u00f3n<\/strong><\/p>\n<ul>\n<li>Visor digital de concentraci\u00f3n de ox\u00edgeno: +\/- 0,1%<\/li>\n<li>Dimensiones (en mm): 350 (ancho) \u00d7 370 (profundidad) \u00d7 280 (alto)<\/li>\n<li>Tama\u00f1o de la columna (en mm): 75 y 100 (di\u00e1metro) \u00d7 450 (alto)<\/li>\n<li>Peso (en kg): 14<\/li>\n<li>Tensi\u00f3n: 230 V, 50 Hz, 1 A o 110 V, 60 Hz, 2 A<\/li>\n<li>Manual de funcionamiento: incluido<\/li>\n<li>Otros requisitos de servicio: O<sub>2<\/sub>\/N<sub>2<\/sub>en cilindro, propano<\/li>\n<\/ul>\t\t\t\t\t\t\t\t<\/div>\n\t\t\t\t<\/div>\n\t\t\t\t\t<\/div>\n\t\t<\/div>\n\t\t\t\t<div class=\"elementor-column elementor-col-50 elementor-top-column elementor-element elementor-element-6abb933\" data-id=\"6abb933\" data-element_type=\"column\" data-e-type=\"column\">\n\t\t\t<div class=\"elementor-widget-wrap elementor-element-populated\">\n\t\t\t\t\t\t<div class=\"elementor-element elementor-element-0ef6f94 elementor-widget elementor-widget-image\" data-id=\"0ef6f94\" data-element_type=\"widget\" data-e-type=\"widget\" data-widget_type=\"image.default\">\n\t\t\t\t<div class=\"elementor-widget-container\">\n\t\t\t\t\t\t\t\t\t\t\t\t\t\t\t<img fetchpriority=\"high\" decoding=\"async\" width=\"768\" height=\"768\" src=\"https:\/\/www.fire-testing.com\/wp-content\/uploads\/2019\/06\/20-oxygen-index_PIXEL-768x768.jpg\" class=\"attachment-medium_large size-medium_large wp-image-4255\" alt=\"Analizador de \u00edndice de ox\u00edgeno\" srcset=\"https:\/\/www.fire-testing.com\/wp-content\/uploads\/2019\/06\/20-oxygen-index_PIXEL-768x768.jpg 768w, https:\/\/www.fire-testing.com\/wp-content\/uploads\/2019\/06\/20-oxygen-index_PIXEL-150x150.jpg 150w, https:\/\/www.fire-testing.com\/wp-content\/uploads\/2019\/06\/20-oxygen-index_PIXEL-300x300.jpg 300w, https:\/\/www.fire-testing.com\/wp-content\/uploads\/2019\/06\/20-oxygen-index_PIXEL.jpg 800w\" sizes=\"(max-width: 768px) 100vw, 768px\" \/>\t\t\t\t\t\t\t\t\t\t\t\t\t\t\t<\/div>\n\t\t\t\t<\/div>\n\t\t\t\t<div class=\"elementor-element elementor-element-0826f31 elementor-widget elementor-widget-heading\" data-id=\"0826f31\" data-element_type=\"widget\" data-e-type=\"widget\" data-widget_type=\"heading.default\">\n\t\t\t\t<div class=\"elementor-widget-container\">\n\t\t\t\t\t<p class=\"elementor-heading-title elementor-size-default\">Analizador de \u00edndice de ox\u00edgeno<\/p>\t\t\t\t<\/div>\n\t\t\t\t<\/div>\n\t\t\t\t\t<\/div>\n\t\t<\/div>\n\t\t\t\t\t<\/div>\n\t\t<\/section>\n\t\t\t\t<section data-particle_enable=\"false\" data-particle-mobile-disabled=\"false\" class=\"elementor-section elementor-top-section elementor-element elementor-element-86c9940 elementor-section-boxed elementor-section-height-default elementor-section-height-default\" data-id=\"86c9940\" data-element_type=\"section\" data-e-type=\"section\">\n\t\t\t\t\t\t<div class=\"elementor-container elementor-column-gap-default\">\n\t\t\t\t\t<div class=\"elementor-column elementor-col-100 elementor-top-column elementor-element elementor-element-16ee489\" data-id=\"16ee489\" data-element_type=\"column\" data-e-type=\"column\">\n\t\t\t<div class=\"elementor-widget-wrap elementor-element-populated\">\n\t\t\t\t\t\t<div class=\"dce-visibility-event elementor-element elementor-element-9bae8b7 elementor-widget elementor-widget-button\" data-id=\"9bae8b7\" data-element_type=\"widget\" data-e-type=\"widget\" data-settings=\"{&quot;enabled_visibility&quot;:&quot;yes&quot;,&quot;dce_visibility_selected&quot;:&quot;yes&quot;}\" data-widget_type=\"button.default\">\n\t\t\t\t<div class=\"elementor-widget-container\">\n\t\t\t\t\t\t\t\t\t<div class=\"elementor-button-wrapper\">\n\t\t\t\t\t<a class=\"elementor-button elementor-button-link elementor-size-sm\" href=\"https:\/\/www.fire-testing.com\/es\/login\/\">\n\t\t\t\t\t\t<span class=\"elementor-button-content-wrapper\">\n\t\t\t\t\t\t\t\t\t<span class=\"elementor-button-text\">INICIE SESI\u00d3N\/REG\u00cdSTRESE PARA DESCARGAR ESTE FOLLETO<\/span>\n\t\t\t\t\t<\/span>\n\t\t\t\t\t<\/a>\n\t\t\t\t<\/div>\n\t\t\t\t\t\t\t\t<\/div>\n\t\t\t\t<\/div>\n\t\t\t\t<div class=\"dce-visibility-event elementor-element elementor-element-cec112f elementor-widget elementor-widget-button\" data-id=\"cec112f\" data-element_type=\"widget\" data-e-type=\"widget\" data-settings=\"{&quot;enabled_visibility&quot;:&quot;yes&quot;,&quot;dce_visibility_selected&quot;:&quot;yes&quot;}\" data-widget_type=\"button.default\">\n\t\t\t\t<div class=\"elementor-widget-container\">\n\t\t\t\t\t\t\t\t\t<div class=\"elementor-button-wrapper\">\n\t\t\t\t\t<a class=\"elementor-button elementor-button-link elementor-size-sm\" href=\"https:\/\/www.fire-testing.com\/es\/request-a-brochure\/\">\n\t\t\t\t\t\t<span class=\"elementor-button-content-wrapper\">\n\t\t\t\t\t\t\t\t\t<span class=\"elementor-button-text\">REQUEST TECHNICAL SPECIFICATION<\/span>\n\t\t\t\t\t<\/span>\n\t\t\t\t\t<\/a>\n\t\t\t\t<\/div>\n\t\t\t\t\t\t\t\t<\/div>\n\t\t\t\t<\/div>\n\t\t<!-- dce invisible element 7b98b2a -->\t\t\t<\/div>\n\t\t<\/div>\n\t\t\t\t\t<\/div>\n\t\t<\/section>\n\t\t\t\t<\/div>","protected":false},"excerpt":{"rendered":"<p>Oxygen Index ASTM D2863; BS ISO 4589-2; NES 714 The Oxygen Index is, perhaps, the most economical and precise quality control test of combustible materials. Its ease of use together with high levels of precision has made this technique a primary characterising and quality control tool to the plastic and electric cable industries and it [&hellip;]<\/p>\n","protected":false},"author":142,"featured_media":0,"parent":0,"menu_order":0,"comment_status":"closed","ping_status":"closed","template":"","meta":{"_acf_changed":false,"footnotes":""},"class_list":["post-1370","page","type-page","status-publish","hentry"],"acf":[],"_links":{"self":[{"href":"https:\/\/www.fire-testing.com\/es\/wp-json\/wp\/v2\/pages\/1370","targetHints":{"allow":["GET"]}}],"collection":[{"href":"https:\/\/www.fire-testing.com\/es\/wp-json\/wp\/v2\/pages"}],"about":[{"href":"https:\/\/www.fire-testing.com\/es\/wp-json\/wp\/v2\/types\/page"}],"author":[{"embeddable":true,"href":"https:\/\/www.fire-testing.com\/es\/wp-json\/wp\/v2\/users\/142"}],"replies":[{"embeddable":true,"href":"https:\/\/www.fire-testing.com\/es\/wp-json\/wp\/v2\/comments?post=1370"}],"version-history":[{"count":0,"href":"https:\/\/www.fire-testing.com\/es\/wp-json\/wp\/v2\/pages\/1370\/revisions"}],"wp:attachment":[{"href":"https:\/\/www.fire-testing.com\/es\/wp-json\/wp\/v2\/media?parent=1370"}],"curies":[{"name":"wp","href":"https:\/\/api.w.org\/{rel}","templated":true}]}}