{"id":1401,"date":"2019-02-18T15:10:00","date_gmt":"2019-02-18T15:10:00","guid":{"rendered":"https:\/\/www.fire-testing.com\/?page_id=1401"},"modified":"2022-08-22T09:24:29","modified_gmt":"2022-08-22T09:24:29","slug":"3-metre-cube","status":"publish","type":"page","link":"https:\/\/www.fire-testing.com\/es\/3-metre-cube\/","title":{"rendered":"Cubo de 3 metros, aparato para medir la densidad del humo"},"content":{"rendered":"<div data-elementor-type=\"wp-page\" data-elementor-id=\"1401\" class=\"elementor elementor-1401\" data-elementor-post-type=\"page\">\n\t\t\t\t\t\t<section data-particle_enable=\"false\" data-particle-mobile-disabled=\"false\" class=\"elementor-section elementor-top-section elementor-element elementor-element-bbe12b1 elementor-section-boxed elementor-section-height-default elementor-section-height-default\" data-id=\"bbe12b1\" data-element_type=\"section\" data-e-type=\"section\">\n\t\t\t\t\t\t<div class=\"elementor-container elementor-column-gap-default\">\n\t\t\t\t\t<div class=\"elementor-column elementor-col-50 elementor-top-column elementor-element elementor-element-3ebbac8\" data-id=\"3ebbac8\" data-element_type=\"column\" data-e-type=\"column\">\n\t\t\t<div class=\"elementor-widget-wrap elementor-element-populated\">\n\t\t\t\t\t\t<div class=\"elementor-element elementor-element-fa276b2 elementor-widget elementor-widget-heading\" data-id=\"fa276b2\" data-element_type=\"widget\" data-e-type=\"widget\" data-widget_type=\"heading.default\">\n\t\t\t\t<div class=\"elementor-widget-container\">\n\t\t\t\t\t<h1 class=\"elementor-heading-title elementor-size-default\">Cubo de 3 metros, aparato para medir la densidad del humo<\/h1>\t\t\t\t<\/div>\n\t\t\t\t<\/div>\n\t\t\t\t<div class=\"elementor-element elementor-element-8435f3e elementor-widget elementor-widget-heading\" data-id=\"8435f3e\" data-element_type=\"widget\" data-e-type=\"widget\" data-widget_type=\"heading.default\">\n\t\t\t\t<div class=\"elementor-widget-container\">\n\t\t\t\t\t<h2 class=\"elementor-heading-title elementor-size-default\">IEC 61034; BS 6853; BS 6724; BS 7622<\/h2>\t\t\t\t<\/div>\n\t\t\t\t<\/div>\n\t\t\t\t<div class=\"elementor-element elementor-element-72e14f3b elementor-widget elementor-widget-text-editor\" data-id=\"72e14f3b\" data-element_type=\"widget\" data-e-type=\"widget\" data-widget_type=\"text-editor.default\">\n\t\t\t\t<div class=\"elementor-widget-container\">\n\t\t\t\t\t\t\t\t\t<p class=\"translation-block\">El cubo de 3 metros se utiliza para medir la emisi\u00f3n de humo cuando se queman cables el\u00e9ctricos en condiciones definidas, por ejemplo, cuando se queman pocos cables en forma horizontal. El equipo est\u00e1 compuesto de un cerramiento c\u00fabico y un sistema fotom\u00e9trico.<\/p>\n<p class=\"translation-block\">La unidad fue desarrollada originalmente por London Transport Scientists en Inglaterra. En 1990, recibieron un cubo de 3 metros de <span class=\"s1\"><span style=\"color: #f05e23\"><strong>FTT<\/strong><\/span><\/span>. Estas unidades se fabrican de manera que cumplan con la especificaci\u00f3n empleada en muchas pruebas de cables el\u00e9ctricos. La unidad se puede suministrar como un kit montable o la pueden instalar en su totalidad ingenieros de <span class=\"s1\"><span style=\"color: #f05e23\"><strong>FTT<\/strong><\/span><\/span>. Est\u00e1 hecha de planchas de acero Zintec y se la puede suministrar con instalaciones de extracci\u00f3n personalizadas y todos los instrumentos, ventiladores, soportes y bastidores de montaje para muestras. El sistema fotom\u00e9trico se puede suministrar por separado.<\/p>\n<p><b>La unidad est\u00e1 compuesta por:<\/b><\/p>\n<ul>\n<li>Estructura del cubo de 3 metros<\/li>\n<li>Sistema fotom\u00e9trico, soportes, ventiladores y bastidores de montaje para muestras<\/li>\n<li>Ventilador y conducto de extracci\u00f3n<\/li>\n<li>Registrador gr\u00e1fico o software de Windows<\/li>\n<\/ul>\n<p><strong>Caracter\u00edsticas y ventajas:<\/strong><\/p>\n<ul>\n<li>La carcasa est\u00e1 construida con acero Zintec de 0,8 mm de espesor. El acero se fija a un marco para encerrar la unidad. Una puerta con una ventana que permite la observaci\u00f3n se encuentra en la parte delantera del cubo y se sella en todas las juntas apropiadas.<\/li>\n<li class=\"translation-block\">Se proporcionan ventanas selladas (100 mm \u00d7 100 mm) en las dos caras lateralmente opuestas para la transmisi\u00f3n de luz desde el sistema fotom\u00e9trico horizontal (fuente y receptor). Los centros de las ventanas est\u00e1n situados a una altura de 2,15 m en el cubo.<\/li>\n<li>The signal from the photocell is proportional to the transmission of light and is recorded continuously, throughout the test, using a chart recorder or data acquisition system.\u00a0<\/li>\n<li>Las paredes del cubo a nivel del piso tienen orificios para la igualaci\u00f3n de la presi\u00f3n atmosf\u00e9rica. Para evitar la estratificaci\u00f3n del humo, la homogeneizaci\u00f3n se logra al tener un ventilador en el piso del cubo que sopla horizontalmente durante el transcurso de la prueba.<\/li>\n<li>Este m\u00e9todo fue desarrollado para cables el\u00e9ctricos, pero tambi\u00e9n se puede adaptar a materiales, equipos y componentes.\u00a0\u00a0<\/li>\n<\/ul>\n<p><strong>Software:<\/strong><\/p>\n<p>Instrument Supplied with Software at no extra charge. Software updates provided free of charge.<\/p>\t\t\t\t\t\t\t\t<\/div>\n\t\t\t\t<\/div>\n\t\t\t\t\t<\/div>\n\t\t<\/div>\n\t\t\t\t<div class=\"elementor-column elementor-col-50 elementor-top-column elementor-element elementor-element-7bd85f2\" data-id=\"7bd85f2\" data-element_type=\"column\" data-e-type=\"column\">\n\t\t\t<div class=\"elementor-widget-wrap elementor-element-populated\">\n\t\t\t\t\t\t<div class=\"elementor-element elementor-element-7bce75a elementor-widget elementor-widget-image\" data-id=\"7bce75a\" data-element_type=\"widget\" data-e-type=\"widget\" data-widget_type=\"image.default\">\n\t\t\t\t<div class=\"elementor-widget-container\">\n\t\t\t\t\t\t\t\t\t\t\t\t\t\t\t<img fetchpriority=\"high\" decoding=\"async\" width=\"768\" height=\"768\" src=\"https:\/\/www.fire-testing.com\/wp-content\/uploads\/2019\/06\/10-3-metre-cube_PIXEL-768x768.jpg\" class=\"attachment-medium_large size-medium_large wp-image-4187\" alt=\"Cubo de 3 metros, aparato para medir la densidad del humo\" srcset=\"https:\/\/www.fire-testing.com\/wp-content\/uploads\/2019\/06\/10-3-metre-cube_PIXEL-768x768.jpg 768w, https:\/\/www.fire-testing.com\/wp-content\/uploads\/2019\/06\/10-3-metre-cube_PIXEL-150x150.jpg 150w, https:\/\/www.fire-testing.com\/wp-content\/uploads\/2019\/06\/10-3-metre-cube_PIXEL-300x300.jpg 300w, https:\/\/www.fire-testing.com\/wp-content\/uploads\/2019\/06\/10-3-metre-cube_PIXEL.jpg 800w\" sizes=\"(max-width: 768px) 100vw, 768px\" \/>\t\t\t\t\t\t\t\t\t\t\t\t\t\t\t<\/div>\n\t\t\t\t<\/div>\n\t\t\t\t<div class=\"elementor-element elementor-element-9cd937f elementor-widget elementor-widget-heading\" data-id=\"9cd937f\" data-element_type=\"widget\" data-e-type=\"widget\" data-widget_type=\"heading.default\">\n\t\t\t\t<div class=\"elementor-widget-container\">\n\t\t\t\t\t<p class=\"elementor-heading-title elementor-size-default\">Cubo de 3 metros, aparato para medir la densidad del humo<\/p>\t\t\t\t<\/div>\n\t\t\t\t<\/div>\n\t\t\t\t\t<\/div>\n\t\t<\/div>\n\t\t\t\t\t<\/div>\n\t\t<\/section>\n\t\t\t\t<section data-particle_enable=\"false\" data-particle-mobile-disabled=\"false\" class=\"elementor-section elementor-top-section elementor-element elementor-element-23347de elementor-section-boxed elementor-section-height-default elementor-section-height-default\" data-id=\"23347de\" data-element_type=\"section\" data-e-type=\"section\">\n\t\t\t\t\t\t<div class=\"elementor-container elementor-column-gap-default\">\n\t\t\t\t\t<div class=\"elementor-column elementor-col-100 elementor-top-column elementor-element elementor-element-e8ada76\" data-id=\"e8ada76\" data-element_type=\"column\" data-e-type=\"column\">\n\t\t\t<div class=\"elementor-widget-wrap elementor-element-populated\">\n\t\t\t\t\t\t<div class=\"dce-visibility-event elementor-element elementor-element-bfae436 elementor-widget elementor-widget-button\" data-id=\"bfae436\" data-element_type=\"widget\" data-e-type=\"widget\" data-settings=\"{&quot;enabled_visibility&quot;:&quot;yes&quot;,&quot;dce_visibility_selected&quot;:&quot;yes&quot;}\" data-widget_type=\"button.default\">\n\t\t\t\t<div class=\"elementor-widget-container\">\n\t\t\t\t\t\t\t\t\t<div class=\"elementor-button-wrapper\">\n\t\t\t\t\t<a class=\"elementor-button elementor-button-link elementor-size-sm\" href=\"https:\/\/www.fire-testing.com\/es\/login\/\">\n\t\t\t\t\t\t<span class=\"elementor-button-content-wrapper\">\n\t\t\t\t\t\t\t\t\t<span class=\"elementor-button-text\">INICIE SESI\u00d3N\/REG\u00cdSTRESE PARA DESCARGAR ESTE FOLLETO<\/span>\n\t\t\t\t\t<\/span>\n\t\t\t\t\t<\/a>\n\t\t\t\t<\/div>\n\t\t\t\t\t\t\t\t<\/div>\n\t\t\t\t<\/div>\n\t\t\t\t<div class=\"dce-visibility-event elementor-element elementor-element-a073a8d elementor-widget elementor-widget-button\" data-id=\"a073a8d\" data-element_type=\"widget\" data-e-type=\"widget\" data-settings=\"{&quot;enabled_visibility&quot;:&quot;yes&quot;,&quot;dce_visibility_selected&quot;:&quot;yes&quot;}\" data-widget_type=\"button.default\">\n\t\t\t\t<div class=\"elementor-widget-container\">\n\t\t\t\t\t\t\t\t\t<div class=\"elementor-button-wrapper\">\n\t\t\t\t\t<a class=\"elementor-button elementor-button-link elementor-size-sm\" href=\"https:\/\/www.fire-testing.com\/es\/request-a-brochure\/\">\n\t\t\t\t\t\t<span class=\"elementor-button-content-wrapper\">\n\t\t\t\t\t\t\t\t\t<span class=\"elementor-button-text\">REQUEST TECHNICAL SPECIFICATION<\/span>\n\t\t\t\t\t<\/span>\n\t\t\t\t\t<\/a>\n\t\t\t\t<\/div>\n\t\t\t\t\t\t\t\t<\/div>\n\t\t\t\t<\/div>\n\t\t<!-- dce invisible element 735c848 -->\t\t\t<\/div>\n\t\t<\/div>\n\t\t\t\t\t<\/div>\n\t\t<\/section>\n\t\t\t\t<\/div>","protected":false},"excerpt":{"rendered":"<p>3 Metre Cube Smoke Density Apparatus IEC 61034; BS 6853; BS 6724; BS 7622 The 3 Metre Cube is used for measuring smoke emission when electric cables are burned under defined conditions (IEC 61034; BS 6853, BS 6724; BS 7622). An example would be a few cables burned horizontally. These units are produced to meet [&hellip;]<\/p>\n","protected":false},"author":142,"featured_media":0,"parent":0,"menu_order":0,"comment_status":"closed","ping_status":"closed","template":"","meta":{"_acf_changed":false,"footnotes":""},"class_list":["post-1401","page","type-page","status-publish","hentry"],"acf":[],"_links":{"self":[{"href":"https:\/\/www.fire-testing.com\/es\/wp-json\/wp\/v2\/pages\/1401","targetHints":{"allow":["GET"]}}],"collection":[{"href":"https:\/\/www.fire-testing.com\/es\/wp-json\/wp\/v2\/pages"}],"about":[{"href":"https:\/\/www.fire-testing.com\/es\/wp-json\/wp\/v2\/types\/page"}],"author":[{"embeddable":true,"href":"https:\/\/www.fire-testing.com\/es\/wp-json\/wp\/v2\/users\/142"}],"replies":[{"embeddable":true,"href":"https:\/\/www.fire-testing.com\/es\/wp-json\/wp\/v2\/comments?post=1401"}],"version-history":[{"count":0,"href":"https:\/\/www.fire-testing.com\/es\/wp-json\/wp\/v2\/pages\/1401\/revisions"}],"wp:attachment":[{"href":"https:\/\/www.fire-testing.com\/es\/wp-json\/wp\/v2\/media?parent=1401"}],"curies":[{"name":"wp","href":"https:\/\/api.w.org\/{rel}","templated":true}]}}