{"id":1817,"date":"2019-04-20T08:36:18","date_gmt":"2019-04-20T08:36:18","guid":{"rendered":"https:\/\/www.fire-testing.com\/?page_id=1817"},"modified":"2022-08-08T09:28:30","modified_gmt":"2022-08-08T09:28:30","slug":"toxicity-test-attachment-for-nbs-smoke-density-chamber","status":"publish","type":"page","link":"https:\/\/www.fire-testing.com\/es\/toxicity-test-attachment-for-nbs-smoke-density-chamber\/","title":{"rendered":"Accesorio para ensayo de toxicidad en c\u00e1mara de densidad de humo NBS"},"content":{"rendered":"<div data-elementor-type=\"wp-page\" data-elementor-id=\"1817\" class=\"elementor elementor-1817\" data-elementor-post-type=\"page\">\n\t\t\t\t\t\t<section data-particle_enable=\"false\" data-particle-mobile-disabled=\"false\" class=\"elementor-section elementor-top-section elementor-element elementor-element-049ba16 elementor-section-boxed elementor-section-height-default elementor-section-height-default\" data-id=\"049ba16\" data-element_type=\"section\" data-e-type=\"section\">\n\t\t\t\t\t\t<div class=\"elementor-container elementor-column-gap-default\">\n\t\t\t\t\t<div class=\"elementor-column elementor-col-50 elementor-top-column elementor-element elementor-element-7a56377\" data-id=\"7a56377\" data-element_type=\"column\" data-e-type=\"column\">\n\t\t\t<div class=\"elementor-widget-wrap elementor-element-populated\">\n\t\t\t\t\t\t<div class=\"elementor-element elementor-element-c60f5fb elementor-widget elementor-widget-heading\" data-id=\"c60f5fb\" data-element_type=\"widget\" data-e-type=\"widget\" data-widget_type=\"heading.default\">\n\t\t\t\t<div class=\"elementor-widget-container\">\n\t\t\t\t\t<h1 class=\"elementor-heading-title elementor-size-default\">Accesorio para ensayo de toxicidad en c\u00e1mara de densidad de humo NBS<\/h1>\t\t\t\t<\/div>\n\t\t\t\t<\/div>\n\t\t\t\t<div class=\"elementor-element elementor-element-fedf8b3 elementor-widget elementor-widget-heading\" data-id=\"fedf8b3\" data-element_type=\"widget\" data-e-type=\"widget\" data-widget_type=\"heading.default\">\n\t\t\t\t<div class=\"elementor-widget-container\">\n\t\t\t\t\t<h2 class=\"elementor-heading-title elementor-size-default\">ABD0031<\/h2>\t\t\t\t<\/div>\n\t\t\t\t<\/div>\n\t\t\t\t<div class=\"elementor-element elementor-element-46963261 elementor-widget elementor-widget-text-editor\" data-id=\"46963261\" data-element_type=\"widget\" data-e-type=\"widget\" data-widget_type=\"text-editor.default\">\n\t\t\t\t<div class=\"elementor-widget-container\">\n\t\t\t\t\t\t\t\t\t<p class=\"translation-block\">Utilizado en combinaci\u00f3n con la c\u00e1mara de densidad de humo NBS, los productos de ensayo gaseosos\/vol\u00e1tiles se extraen de la c\u00e1mara en cualquier momento para el an\u00e1lisis a trav\u00e9s de tres puertos situados en la parte superior de la c\u00e1mara. Uno de estos puertos se usa para conectar la caja de vac\u00edo ABD0031.<\/p>\n<p>Este m\u00e9todo de ensayo se utiliza para evaluar materiales o construcciones empleados en el interior de veh\u00edculos aeroespaciales, si buen puede usarse en otras aplicaciones, tal y como se especifica en los documentos de contrataci\u00f3n y reglamentarios aplicables. Se utiliza para medir y describir las propiedades de materiales, productos o montajes con respecto a su respuesta al calor y las llamas bajo unas condiciones de laboratorio controladas. Los resultados de este ensayo pueden servir como elementos para una evaluaci\u00f3n de riesgos frente a incendios que solamente tenga en cuenta los factores relevantes para dicha evaluaci\u00f3n para un uso final concreto.<\/p>\t\t\t\t\t\t\t\t<\/div>\n\t\t\t\t<\/div>\n\t\t\t\t\t<\/div>\n\t\t<\/div>\n\t\t\t\t<div class=\"elementor-column elementor-col-50 elementor-top-column elementor-element elementor-element-fbd35fd\" data-id=\"fbd35fd\" data-element_type=\"column\" data-e-type=\"column\">\n\t\t\t<div class=\"elementor-widget-wrap elementor-element-populated\">\n\t\t\t\t\t\t<div class=\"elementor-element elementor-element-ff4841d elementor-widget elementor-widget-image\" data-id=\"ff4841d\" data-element_type=\"widget\" data-e-type=\"widget\" data-widget_type=\"image.default\">\n\t\t\t\t<div class=\"elementor-widget-container\">\n\t\t\t\t\t\t\t\t\t\t\t\t\t\t\t<img fetchpriority=\"high\" decoding=\"async\" width=\"768\" height=\"768\" src=\"https:\/\/fire-testing-com-fcqy.stagingplatform.co.uk\/wp-content\/uploads\/2019\/04\/73-Toxicity-Test-Attachment-ABD0031-768x768.jpg\" class=\"attachment-medium_large size-medium_large wp-image-1814\" alt=\"Toxicity Test Attachment for NBS Smoke Density Chamber ABD0031\" srcset=\"https:\/\/fire-testing-com-fcqy.stagingplatform.co.uk\/wp-content\/uploads\/2019\/04\/73-Toxicity-Test-Attachment-ABD0031-768x768.jpg 768w, https:\/\/fire-testing-com-fcqy.stagingplatform.co.uk\/wp-content\/uploads\/2019\/04\/73-Toxicity-Test-Attachment-ABD0031-300x300.jpg 300w, https:\/\/fire-testing-com-fcqy.stagingplatform.co.uk\/wp-content\/uploads\/2019\/04\/73-Toxicity-Test-Attachment-ABD0031-100x100.jpg 100w, https:\/\/fire-testing-com-fcqy.stagingplatform.co.uk\/wp-content\/uploads\/2019\/04\/73-Toxicity-Test-Attachment-ABD0031-600x600.jpg 600w, https:\/\/fire-testing-com-fcqy.stagingplatform.co.uk\/wp-content\/uploads\/2019\/04\/73-Toxicity-Test-Attachment-ABD0031-150x150.jpg 150w, https:\/\/fire-testing-com-fcqy.stagingplatform.co.uk\/wp-content\/uploads\/2019\/04\/73-Toxicity-Test-Attachment-ABD0031.jpg 800w\" sizes=\"(max-width: 768px) 100vw, 768px\" \/>\t\t\t\t\t\t\t\t\t\t\t\t\t\t\t<\/div>\n\t\t\t\t<\/div>\n\t\t\t\t<div class=\"elementor-element elementor-element-f125baf elementor-widget elementor-widget-heading\" data-id=\"f125baf\" data-element_type=\"widget\" data-e-type=\"widget\" data-widget_type=\"heading.default\">\n\t\t\t\t<div class=\"elementor-widget-container\">\n\t\t\t\t\t<p class=\"elementor-heading-title elementor-size-default\">Accesorio para ensayo de toxicidad en c\u00e1mara de densidad de humo NBS<\/p>\t\t\t\t<\/div>\n\t\t\t\t<\/div>\n\t\t\t\t\t<\/div>\n\t\t<\/div>\n\t\t\t\t\t<\/div>\n\t\t<\/section>\n\t\t\t\t<section data-particle_enable=\"false\" data-particle-mobile-disabled=\"false\" class=\"elementor-section elementor-top-section elementor-element elementor-element-0da61c3 elementor-section-boxed elementor-section-height-default elementor-section-height-default\" data-id=\"0da61c3\" data-element_type=\"section\" data-e-type=\"section\">\n\t\t\t\t\t\t<div class=\"elementor-container elementor-column-gap-default\">\n\t\t\t\t\t<div class=\"elementor-column elementor-col-100 elementor-top-column elementor-element elementor-element-2aa293f\" data-id=\"2aa293f\" data-element_type=\"column\" data-e-type=\"column\">\n\t\t\t<div class=\"elementor-widget-wrap elementor-element-populated\">\n\t\t\t\t\t\t<div class=\"dce-visibility-event elementor-element elementor-element-390112a elementor-widget elementor-widget-button\" data-id=\"390112a\" data-element_type=\"widget\" data-e-type=\"widget\" data-settings=\"{&quot;enabled_visibility&quot;:&quot;yes&quot;,&quot;dce_visibility_selected&quot;:&quot;yes&quot;}\" data-widget_type=\"button.default\">\n\t\t\t\t<div class=\"elementor-widget-container\">\n\t\t\t\t\t\t\t\t\t<div class=\"elementor-button-wrapper\">\n\t\t\t\t\t<a class=\"elementor-button elementor-button-link elementor-size-sm\" href=\"https:\/\/www.fire-testing.com\/es\/login\/\">\n\t\t\t\t\t\t<span class=\"elementor-button-content-wrapper\">\n\t\t\t\t\t\t\t\t\t<span class=\"elementor-button-text\">INICIE SESI\u00d3N\/REG\u00cdSTRESE PARA DESCARGAR ESTE FOLLETO<\/span>\n\t\t\t\t\t<\/span>\n\t\t\t\t\t<\/a>\n\t\t\t\t<\/div>\n\t\t\t\t\t\t\t\t<\/div>\n\t\t\t\t<\/div>\n\t\t\t\t<div class=\"dce-visibility-event elementor-element elementor-element-0aa08e5 elementor-widget elementor-widget-button\" data-id=\"0aa08e5\" data-element_type=\"widget\" data-e-type=\"widget\" data-settings=\"{&quot;enabled_visibility&quot;:&quot;yes&quot;,&quot;dce_visibility_selected&quot;:&quot;yes&quot;}\" data-widget_type=\"button.default\">\n\t\t\t\t<div class=\"elementor-widget-container\">\n\t\t\t\t\t\t\t\t\t<div class=\"elementor-button-wrapper\">\n\t\t\t\t\t<a class=\"elementor-button elementor-button-link elementor-size-sm\" href=\"https:\/\/www.fire-testing.com\/es\/request-a-brochure\/\">\n\t\t\t\t\t\t<span class=\"elementor-button-content-wrapper\">\n\t\t\t\t\t\t\t\t\t<span class=\"elementor-button-text\">REQUEST TECHNICAL SPECIFICATION<\/span>\n\t\t\t\t\t<\/span>\n\t\t\t\t\t<\/a>\n\t\t\t\t<\/div>\n\t\t\t\t\t\t\t\t<\/div>\n\t\t\t\t<\/div>\n\t\t<!-- dce invisible element a30565e -->\t\t\t<\/div>\n\t\t<\/div>\n\t\t\t\t\t<\/div>\n\t\t<\/section>\n\t\t\t\t<\/div>","protected":false},"excerpt":{"rendered":"<p>Toxicity Test Attachment for NBS Smoke Density Chamber ABD0031 Used in conjunction with the\u00a0NBS Smoke Density Chamber, gaseous\/volatile test products are drawn from the chamber at any time for analysis through three ports on the top of the chamber. One of these ports is used to connect to the ABD0031 vacuum box. This test method [&hellip;]<\/p>\n","protected":false},"author":142,"featured_media":0,"parent":0,"menu_order":0,"comment_status":"closed","ping_status":"closed","template":"","meta":{"_acf_changed":false,"footnotes":""},"class_list":["post-1817","page","type-page","status-publish","hentry"],"acf":[],"_links":{"self":[{"href":"https:\/\/www.fire-testing.com\/es\/wp-json\/wp\/v2\/pages\/1817","targetHints":{"allow":["GET"]}}],"collection":[{"href":"https:\/\/www.fire-testing.com\/es\/wp-json\/wp\/v2\/pages"}],"about":[{"href":"https:\/\/www.fire-testing.com\/es\/wp-json\/wp\/v2\/types\/page"}],"author":[{"embeddable":true,"href":"https:\/\/www.fire-testing.com\/es\/wp-json\/wp\/v2\/users\/142"}],"replies":[{"embeddable":true,"href":"https:\/\/www.fire-testing.com\/es\/wp-json\/wp\/v2\/comments?post=1817"}],"version-history":[{"count":0,"href":"https:\/\/www.fire-testing.com\/es\/wp-json\/wp\/v2\/pages\/1817\/revisions"}],"wp:attachment":[{"href":"https:\/\/www.fire-testing.com\/es\/wp-json\/wp\/v2\/media?parent=1817"}],"curies":[{"name":"wp","href":"https:\/\/api.w.org\/{rel}","templated":true}]}}