{"id":5216,"date":"2019-09-01T08:03:39","date_gmt":"2019-09-01T08:03:39","guid":{"rendered":"https:\/\/www.fire-testing.com\/?page_id=5216"},"modified":"2022-08-05T12:57:18","modified_gmt":"2022-08-05T12:57:18","slug":"faa-micro-calorimeter","status":"publish","type":"page","link":"https:\/\/www.fire-testing.com\/es\/faa-micro-calorimeter\/","title":{"rendered":"Micro Calorimeter FAA"},"content":{"rendered":"<div data-elementor-type=\"wp-page\" data-elementor-id=\"5216\" class=\"elementor elementor-5216\" data-elementor-post-type=\"page\">\n\t\t\t\t\t\t<section data-particle_enable=\"false\" data-particle-mobile-disabled=\"false\" class=\"elementor-section elementor-top-section elementor-element elementor-element-b6502f8 elementor-section-boxed elementor-section-height-default elementor-section-height-default\" data-id=\"b6502f8\" data-element_type=\"section\" data-e-type=\"section\">\n\t\t\t\t\t\t<div class=\"elementor-container elementor-column-gap-default\">\n\t\t\t\t\t<div class=\"elementor-column elementor-col-50 elementor-top-column elementor-element elementor-element-2ebc851\" data-id=\"2ebc851\" data-element_type=\"column\" data-e-type=\"column\">\n\t\t\t<div class=\"elementor-widget-wrap elementor-element-populated\">\n\t\t\t\t\t\t<div class=\"elementor-element elementor-element-b875613 elementor-widget elementor-widget-heading\" data-id=\"b875613\" data-element_type=\"widget\" data-e-type=\"widget\" data-widget_type=\"heading.default\">\n\t\t\t\t<div class=\"elementor-widget-container\">\n\t\t\t\t\t<h1 class=\"elementor-heading-title elementor-size-default\">Calor\u00edmetro Micro FAA<\/h1>\t\t\t\t<\/div>\n\t\t\t\t<\/div>\n\t\t\t\t<div class=\"elementor-element elementor-element-0f490fc elementor-widget elementor-widget-heading\" data-id=\"0f490fc\" data-element_type=\"widget\" data-e-type=\"widget\" data-widget_type=\"heading.default\">\n\t\t\t\t<div class=\"elementor-widget-container\">\n\t\t\t\t\t<h2 class=\"elementor-heading-title elementor-size-default\">Microcalor\u00edmetro preciso y rentable que utiliza un calor\u00edmetro de flujo de combusti\u00f3n por pir\u00f3lisis (PCFC) ASTM D7309<\/h2>\t\t\t\t<\/div>\n\t\t\t\t<\/div>\n\t\t\t\t<div class=\"elementor-element elementor-element-369899f5 elementor-widget elementor-widget-text-editor\" data-id=\"369899f5\" data-element_type=\"widget\" data-e-type=\"widget\" data-widget_type=\"text-editor.default\">\n\t\t\t\t<div class=\"elementor-widget-container\">\n\t\t\t\t\t\t\t\t\t\n<p class=\"translation-block\">El microcalor\u00edmetro <span class=\"s1\"><span style=\"color: #f05e23\"><strong>FTT<\/strong><\/span><\/span> FAA (ASTM D7309) ha sido desarrollado en colaboraci\u00f3n con la Federal Aviation Administration (FAA). Determina datos termoqu\u00edmicos fundamentales en segundos y predice las propiedades antiincendios de os materiales.<\/p>\n<p>La t\u00e9cnica permite determinar r\u00e1pidamente par\u00e1metros como la tasa de liberaci\u00f3n de calor espec\u00edfico (W\/g), el calor de combusti\u00f3n (J\/g) y la temperatura de ignici\u00f3n (\u00baC) a partir de muestras de tama\u00f1os muy peque\u00f1os (1-5mg). Es una t\u00e9cnica poco costosa y precisa, con una reproducibilidad t\u00edpica del \u00b1 5%.<\/p>\n<p class=\"translation-block\">Se muestran los datos del microcalor\u00edmetro para correlacionarlos con los datos del ensayo antiincendios (cono calorim\u00e9trico, OSU), resultados de inflamabilidad (LOI, UL94) y ensayos de combusti\u00f3n (Bomba calorim\u00e9trica)<\/p>\n<p>The FAA <strong>FTT<\/strong> Micro Calorimeter uses the same oxygen consumption calorimetry technique used in <strong>FTT<\/strong>&#8216;s bench and room scale calorimeters. The specimen is first heated at a constant rate of temperature rise (typically 1\u00b0C\/s) in a pyrolyser and the degradation products are purged from the pyrolyser by an inert gas (nitrogen). The gas stream is mixed with oxygen and enters a combustor at 900\u00b0C where the decomposition of products are completely oxidised. Oxygen concentrations and flow rates of the combustion gases are used to determine the oxygen consumption involved in the combustion process and the heat release rates are determined from these measurements.<\/p>\n<p><strong>Caracter\u00edsticas y ventajas:<\/strong><\/p>\n<ul>\n<li>Capacidad de generaci\u00f3n de resultados anal\u00edticos en cuesti\u00f3n de minutos<\/li>\n<li>Control autom\u00e1tico de las velocidades de flujo de temperatura y gas<\/li>\n<li>Tama\u00f1o de muestra reducido (1-5mg)<\/li>\n<li>Protecci\u00f3n frente a un exceso de temperatura en ambos hornos<\/li>\n<li>Cubierta trasera extra\u00edble para acceder a todas las piezas que requieren mantenimiento, como la c\u00e9lula de combustible para mayor facilidad en el mantenimiento.<\/li>\n<li>Tensi\u00f3n dual 96-264VAC, 50-60Hz (Sin necesidad de conmutador)<\/li>\n<\/ul>\n<p><strong>Software:<\/strong><\/p>\n<p>Instrument Supplied with Software at no extra charge. Software updates provided free of charge.<\/p>\n\t\t\t\t\t\t\t\t<\/div>\n\t\t\t\t<\/div>\n\t\t\t\t\t<\/div>\n\t\t<\/div>\n\t\t\t\t<div class=\"elementor-column elementor-col-50 elementor-top-column elementor-element elementor-element-afac97c\" data-id=\"afac97c\" data-element_type=\"column\" data-e-type=\"column\">\n\t\t\t<div class=\"elementor-widget-wrap elementor-element-populated\">\n\t\t\t\t\t\t<div class=\"elementor-element elementor-element-57114f6 elementor-widget elementor-widget-image\" data-id=\"57114f6\" data-element_type=\"widget\" data-e-type=\"widget\" data-widget_type=\"image.default\">\n\t\t\t\t<div class=\"elementor-widget-container\">\n\t\t\t\t\t\t\t\t\t\t\t\t\t\t\t<img fetchpriority=\"high\" decoding=\"async\" width=\"768\" height=\"768\" src=\"https:\/\/www.fire-testing.com\/wp-content\/uploads\/2019\/06\/52-FAA-Micro-Calorimeter_PIXEL-768x768.jpg\" class=\"attachment-medium_large size-medium_large wp-image-4224\" alt=\"Calor\u00edmetro Micro FAA\" srcset=\"https:\/\/www.fire-testing.com\/wp-content\/uploads\/2019\/06\/52-FAA-Micro-Calorimeter_PIXEL-768x768.jpg 768w, https:\/\/www.fire-testing.com\/wp-content\/uploads\/2019\/06\/52-FAA-Micro-Calorimeter_PIXEL-150x150.jpg 150w, https:\/\/www.fire-testing.com\/wp-content\/uploads\/2019\/06\/52-FAA-Micro-Calorimeter_PIXEL-300x300.jpg 300w, https:\/\/www.fire-testing.com\/wp-content\/uploads\/2019\/06\/52-FAA-Micro-Calorimeter_PIXEL.jpg 800w\" sizes=\"(max-width: 768px) 100vw, 768px\" \/>\t\t\t\t\t\t\t\t\t\t\t\t\t\t\t<\/div>\n\t\t\t\t<\/div>\n\t\t\t\t<div class=\"elementor-element elementor-element-5318adc elementor-widget elementor-widget-heading\" data-id=\"5318adc\" data-element_type=\"widget\" data-e-type=\"widget\" data-widget_type=\"heading.default\">\n\t\t\t\t<div class=\"elementor-widget-container\">\n\t\t\t\t\t<p class=\"elementor-heading-title elementor-size-default\">Calor\u00edmetro Micro FAA<\/p>\t\t\t\t<\/div>\n\t\t\t\t<\/div>\n\t\t\t\t\t<\/div>\n\t\t<\/div>\n\t\t\t\t\t<\/div>\n\t\t<\/section>\n\t\t\t\t<section data-particle_enable=\"false\" data-particle-mobile-disabled=\"false\" class=\"elementor-section elementor-top-section elementor-element elementor-element-a4429c0 elementor-section-boxed elementor-section-height-default elementor-section-height-default\" data-id=\"a4429c0\" data-element_type=\"section\" data-e-type=\"section\">\n\t\t\t\t\t\t<div class=\"elementor-container elementor-column-gap-default\">\n\t\t\t\t\t<div class=\"elementor-column elementor-col-100 elementor-top-column elementor-element elementor-element-3a6fa9b\" data-id=\"3a6fa9b\" data-element_type=\"column\" data-e-type=\"column\">\n\t\t\t<div class=\"elementor-widget-wrap elementor-element-populated\">\n\t\t\t\t\t\t<div class=\"dce-visibility-event elementor-element elementor-element-a131aca elementor-widget elementor-widget-button\" data-id=\"a131aca\" data-element_type=\"widget\" data-e-type=\"widget\" data-settings=\"{&quot;enabled_visibility&quot;:&quot;yes&quot;,&quot;dce_visibility_selected&quot;:&quot;yes&quot;}\" data-widget_type=\"button.default\">\n\t\t\t\t<div class=\"elementor-widget-container\">\n\t\t\t\t\t\t\t\t\t<div class=\"elementor-button-wrapper\">\n\t\t\t\t\t<a class=\"elementor-button elementor-button-link elementor-size-sm\" href=\"https:\/\/www.fire-testing.com\/es\/login\/\">\n\t\t\t\t\t\t<span class=\"elementor-button-content-wrapper\">\n\t\t\t\t\t\t\t\t\t<span class=\"elementor-button-text\">INICIE SESI\u00d3N\/REG\u00cdSTRESE PARA DESCARGAR ESTE FOLLETO<\/span>\n\t\t\t\t\t<\/span>\n\t\t\t\t\t<\/a>\n\t\t\t\t<\/div>\n\t\t\t\t\t\t\t\t<\/div>\n\t\t\t\t<\/div>\n\t\t\t\t<div class=\"dce-visibility-event elementor-element elementor-element-11705ed elementor-widget elementor-widget-button\" data-id=\"11705ed\" data-element_type=\"widget\" data-e-type=\"widget\" data-settings=\"{&quot;enabled_visibility&quot;:&quot;yes&quot;,&quot;dce_visibility_selected&quot;:&quot;yes&quot;}\" data-widget_type=\"button.default\">\n\t\t\t\t<div class=\"elementor-widget-container\">\n\t\t\t\t\t\t\t\t\t<div class=\"elementor-button-wrapper\">\n\t\t\t\t\t<a class=\"elementor-button elementor-button-link elementor-size-sm\" href=\"https:\/\/www.fire-testing.com\/es\/request-a-brochure\/\">\n\t\t\t\t\t\t<span class=\"elementor-button-content-wrapper\">\n\t\t\t\t\t\t\t\t\t<span class=\"elementor-button-text\">REQUEST TECHNICAL SPECIFICATION<\/span>\n\t\t\t\t\t<\/span>\n\t\t\t\t\t<\/a>\n\t\t\t\t<\/div>\n\t\t\t\t\t\t\t\t<\/div>\n\t\t\t\t<\/div>\n\t\t<!-- dce invisible element bf49979 -->\t\t\t<\/div>\n\t\t<\/div>\n\t\t\t\t\t<\/div>\n\t\t<\/section>\n\t\t\t\t<\/div>","protected":false},"excerpt":{"rendered":"<p>FAA Micro Calorimeter Accurate and cost effective micro calorimetry using a Pyrolysis Combustion Flow Calorimeter (PCFC) ASTM D7309 FAA Micro Calorimeter LOGIN \/ REGISTER TO DOWNLOAD THIS BROCHURE REQUEST TECHNICAL SPECIFICATION DOWNLOAD THE BROCHURE<\/p>","protected":false},"author":142,"featured_media":0,"parent":0,"menu_order":0,"comment_status":"closed","ping_status":"closed","template":"","meta":{"_acf_changed":false,"footnotes":""},"class_list":["post-5216","page","type-page","status-publish","hentry"],"acf":[],"_links":{"self":[{"href":"https:\/\/www.fire-testing.com\/es\/wp-json\/wp\/v2\/pages\/5216","targetHints":{"allow":["GET"]}}],"collection":[{"href":"https:\/\/www.fire-testing.com\/es\/wp-json\/wp\/v2\/pages"}],"about":[{"href":"https:\/\/www.fire-testing.com\/es\/wp-json\/wp\/v2\/types\/page"}],"author":[{"embeddable":true,"href":"https:\/\/www.fire-testing.com\/es\/wp-json\/wp\/v2\/users\/142"}],"replies":[{"embeddable":true,"href":"https:\/\/www.fire-testing.com\/es\/wp-json\/wp\/v2\/comments?post=5216"}],"version-history":[{"count":0,"href":"https:\/\/www.fire-testing.com\/es\/wp-json\/wp\/v2\/pages\/5216\/revisions"}],"wp:attachment":[{"href":"https:\/\/www.fire-testing.com\/es\/wp-json\/wp\/v2\/media?parent=5216"}],"curies":[{"name":"wp","href":"https:\/\/api.w.org\/{rel}","templated":true}]}}