{"id":706,"date":"2019-02-08T10:14:50","date_gmt":"2019-02-08T10:14:50","guid":{"rendered":"https:\/\/www.fire-testing.com\/?page_id=706"},"modified":"2022-08-05T09:06:45","modified_gmt":"2022-08-05T09:06:45","slug":"density-of-smoke-from-the-burning-or-decomposition-of-plastics","status":"publish","type":"page","link":"https:\/\/www.fire-testing.com\/es\/density-of-smoke-from-the-burning-or-decomposition-of-plastics\/","title":{"rendered":"Densidad del humo procedente de la combusti\u00f3n o la descomposici\u00f3n de pl\u00e1sticos"},"content":{"rendered":"<div data-elementor-type=\"wp-page\" data-elementor-id=\"706\" class=\"elementor elementor-706\" data-elementor-post-type=\"page\">\n\t\t\t\t\t\t<section data-particle_enable=\"false\" data-particle-mobile-disabled=\"false\" class=\"elementor-section elementor-top-section elementor-element elementor-element-2b8b97e elementor-section-boxed elementor-section-height-default elementor-section-height-default\" data-id=\"2b8b97e\" data-element_type=\"section\" data-e-type=\"section\">\n\t\t\t\t\t\t<div class=\"elementor-container elementor-column-gap-default\">\n\t\t\t\t\t<div class=\"elementor-column elementor-col-50 elementor-top-column elementor-element elementor-element-158630f\" data-id=\"158630f\" data-element_type=\"column\" data-e-type=\"column\">\n\t\t\t<div class=\"elementor-widget-wrap elementor-element-populated\">\n\t\t\t\t\t\t<div class=\"elementor-element elementor-element-d99ecac elementor-widget elementor-widget-heading\" data-id=\"d99ecac\" data-element_type=\"widget\" data-e-type=\"widget\" data-widget_type=\"heading.default\">\n\t\t\t\t<div class=\"elementor-widget-container\">\n\t\t\t\t\t<h1 class=\"elementor-heading-title elementor-size-default\">Densidad del humo procedente de la combusti\u00f3n o la descomposici\u00f3n de pl\u00e1sticos<\/h1>\t\t\t\t<\/div>\n\t\t\t\t<\/div>\n\t\t\t\t<div class=\"elementor-element elementor-element-4479728 elementor-widget elementor-widget-heading\" data-id=\"4479728\" data-element_type=\"widget\" data-e-type=\"widget\" data-widget_type=\"heading.default\">\n\t\t\t\t<div class=\"elementor-widget-container\">\n\t\t\t\t\t<h2 class=\"elementor-heading-title elementor-size-default\">ASTM D2843<\/h2>\t\t\t\t<\/div>\n\t\t\t\t<\/div>\n\t\t\t\t<div class=\"elementor-element elementor-element-26581a63 elementor-widget elementor-widget-text-editor\" data-id=\"26581a63\" data-element_type=\"widget\" data-e-type=\"widget\" data-widget_type=\"text-editor.default\">\n\t\t\t\t<div class=\"elementor-widget-container\">\n\t\t\t\t\t\t\t\t\t<p class=\"translation-block\">El ensayo de densidad de humo ASTM D2843, tambi\u00e9n conocido como el ensayo de humo del cartel de salida, tiene como finalidad su uso para la medida de las caracter\u00edsticas de producci\u00f3n de humo de los pl\u00e1sticos bajo unas condiciones controladas de combusti\u00f3n o descomposici\u00f3n. Las mediciones se hacen a partir de la p\u00e9rdida de luz de transmisi\u00f3n a trav\u00e9s de un volumen recogido de humo producido bajo unas condiciones est\u00e1ndar controladas. Este ensayo lo utilizan organizaciones creadoras de c\u00f3digos de modelo para controlar el uso de materiales pl\u00e1sticos en aplicaciones de transmisi\u00f3n de la luz. Puede utilizarse como alternativa al ensayo ASTM E84 para la medici\u00f3n de humos, ya que este m\u00e9todo de ensayo puede realizarse r\u00e1pidamente en materiales termopl\u00e1sticos que podr\u00edan gotear y caer fuera del aparato de ensayo E84. Otros aparatos de ensayo para humos, por ejemplo el cono calorim\u00e9trico ASTM E1354, la c\u00e1mara de densidad de humo E662, etc., tambi\u00e9n est\u00e1n disponibles en <span class=\"s1\"><span style=\"color: #f05e23\"><strong>FTT<\/strong><\/span><\/span>.<\/p>\n<h5 class=\"translation-block\"><strong><span style=\"color: #000000\"><span style=\"color: #f05e23\">FTT<\/span><\/span> \nprueba de humo de se\u00f1al de salida (ASTM D2843):<\/h5>\n<p class=\"translation-block\">El ensayo del cartel de salida <span class=\"s1\"><span style=\"color: #f05e23\"><strong>FTT<\/strong><\/span><\/span> est\u00e1 dise\u00f1ado para la medici\u00f3n y el cumplimiento de las caracter\u00edsticas de producci\u00f3n de humo de los pl\u00e1sticos bajo condiciones controladas de combusti\u00f3n o descomposici\u00f3n de acuerdo con la norma STM D2843\u00ad10, pero no debe utilizarse para la medici\u00f3n de ninguna otra caracter\u00edstica de la combusti\u00f3n de los pl\u00e1sticos.<\/p>\n<p><strong>El aparato consta de:<\/strong><\/p>\n<ul>\n<li>C\u00e1mara de combusti\u00f3n<\/li>\n<li>Soporte para la muestra<\/li>\n<li>Sistema de ignici\u00f3n<\/li>\n<li>Sistema fotom\u00e9trico<\/li>\n<li>Unidad de control (incl. medidor de humo)<\/li>\n<\/ul>\n<p>La muestra de ensayo se expone a una llama durante el tiempo en que se desarrolla el ensayo, y la mayor parte del humo queda atrapada en la c\u00e1mara en la que se produce la combusti\u00f3n. Una muestra de 25mm \u00d7 25mm \u00d7 6mm se coloca sobre una pantalla de metal portante se quema en la c\u00e1mara de ensayo, bajo unas condiciones de llama activa, empleando un quemador de propano que funciona a una presi\u00f3n de 276 kPa (40 psi). La c\u00e1mara de ensayo de 300mm \u00d7 300mm \u00d7 790mm est\u00e1 equipada con una fuente de luz, una c\u00e9lula fotoel\u00e9ctrica y un medidor para garantizar la absorci\u00f3n de la luz horizontalmente a lo largo de una trayectoria del haz de luz de 300mm. La c\u00e1mara permanece cerrada durante los 4 minutos que dura el ensayo, excepto la apertura de ventilaci\u00f3n de 25mm que hay alrededor de la parte inferior de la c\u00e1mara.\u00a0<\/p>\n<p>La medici\u00f3n se realiza mediante la transmisi\u00f3n de un haz de luz a trav\u00e9s del humo generado por la muestra sobre la que se realiza el ensayo hasta\nun receptor medidor de luz. Los resultados se obtienen en unidades de absorci\u00f3n de la luz (%). Los datos de absorci\u00f3n de la luz se obtienen a trav\u00e9s de una herramienta de software sencilla e intuitiva, y se representan frente al tiempo. Se utilizan don \u00edndices para caracterizar el material: el humo m\u00e1ximo producido y la clasificaci\u00f3n de densidades del humo. Se coloca una puerta de vidrio resistente para poder observar el ensayo a trav\u00e9s de ella mientras se lleva a cabo.<\/p>\n<p><strong>Software:<\/strong><\/p>\n<p>Instrument Supplied with Software at no extra charge. Software updates provided free of charge.<\/p>\t\t\t\t\t\t\t\t<\/div>\n\t\t\t\t<\/div>\n\t\t\t\t\t<\/div>\n\t\t<\/div>\n\t\t\t\t<div class=\"elementor-column elementor-col-50 elementor-top-column elementor-element elementor-element-7f61e6d\" data-id=\"7f61e6d\" data-element_type=\"column\" data-e-type=\"column\">\n\t\t\t<div class=\"elementor-widget-wrap elementor-element-populated\">\n\t\t\t\t\t\t<div class=\"elementor-element elementor-element-58ad6a6 elementor-widget elementor-widget-image\" data-id=\"58ad6a6\" data-element_type=\"widget\" data-e-type=\"widget\" data-widget_type=\"image.default\">\n\t\t\t\t<div class=\"elementor-widget-container\">\n\t\t\t\t\t\t\t\t\t\t\t\t\t\t\t<img fetchpriority=\"high\" decoding=\"async\" width=\"768\" height=\"768\" src=\"https:\/\/fire-testing.com\/wp-content\/uploads\/2019\/06\/41-Density-of-Smoke-from-the-Burning-or-Decomposition-of-Plastics_PIXEL-768x768.jpg\" class=\"attachment-medium_large size-medium_large wp-image-4191\" alt=\"Density of Smoke from the Burning or Decomposition of Plastics astm d2843\" srcset=\"https:\/\/fire-testing.com\/wp-content\/uploads\/2019\/06\/41-Density-of-Smoke-from-the-Burning-or-Decomposition-of-Plastics_PIXEL-768x768.jpg 768w, https:\/\/fire-testing.com\/wp-content\/uploads\/2019\/06\/41-Density-of-Smoke-from-the-Burning-or-Decomposition-of-Plastics_PIXEL-150x150.jpg 150w, https:\/\/fire-testing.com\/wp-content\/uploads\/2019\/06\/41-Density-of-Smoke-from-the-Burning-or-Decomposition-of-Plastics_PIXEL-300x300.jpg 300w, https:\/\/fire-testing.com\/wp-content\/uploads\/2019\/06\/41-Density-of-Smoke-from-the-Burning-or-Decomposition-of-Plastics_PIXEL.jpg 800w\" sizes=\"(max-width: 768px) 100vw, 768px\" \/>\t\t\t\t\t\t\t\t\t\t\t\t\t\t\t<\/div>\n\t\t\t\t<\/div>\n\t\t\t\t<div class=\"elementor-element elementor-element-ace79a7 elementor-widget elementor-widget-heading\" data-id=\"ace79a7\" data-element_type=\"widget\" data-e-type=\"widget\" data-widget_type=\"heading.default\">\n\t\t\t\t<div class=\"elementor-widget-container\">\n\t\t\t\t\t<p class=\"elementor-heading-title elementor-size-default\">Densidad del humo procedente de la combusti\u00f3n o la descomposici\u00f3n de pl\u00e1sticos<\/p>\t\t\t\t<\/div>\n\t\t\t\t<\/div>\n\t\t\t\t\t<\/div>\n\t\t<\/div>\n\t\t\t\t\t<\/div>\n\t\t<\/section>\n\t\t\t\t<section data-particle_enable=\"false\" data-particle-mobile-disabled=\"false\" class=\"elementor-section elementor-top-section elementor-element elementor-element-23aac33 elementor-section-boxed elementor-section-height-default elementor-section-height-default\" data-id=\"23aac33\" data-element_type=\"section\" data-e-type=\"section\">\n\t\t\t\t\t\t<div class=\"elementor-container elementor-column-gap-default\">\n\t\t\t\t\t<div class=\"elementor-column elementor-col-100 elementor-top-column elementor-element elementor-element-9a83f14\" data-id=\"9a83f14\" data-element_type=\"column\" data-e-type=\"column\">\n\t\t\t<div class=\"elementor-widget-wrap elementor-element-populated\">\n\t\t\t\t\t\t<div class=\"dce-visibility-event elementor-element elementor-element-d56cf06 elementor-widget elementor-widget-button\" data-id=\"d56cf06\" data-element_type=\"widget\" data-e-type=\"widget\" data-settings=\"{&quot;enabled_visibility&quot;:&quot;yes&quot;,&quot;dce_visibility_selected&quot;:&quot;yes&quot;}\" data-widget_type=\"button.default\">\n\t\t\t\t<div class=\"elementor-widget-container\">\n\t\t\t\t\t\t\t\t\t<div class=\"elementor-button-wrapper\">\n\t\t\t\t\t<a class=\"elementor-button elementor-button-link elementor-size-sm\" href=\"https:\/\/www.fire-testing.com\/es\/login\/\">\n\t\t\t\t\t\t<span class=\"elementor-button-content-wrapper\">\n\t\t\t\t\t\t\t\t\t<span class=\"elementor-button-text\">INICIE SESI\u00d3N\/REG\u00cdSTRESE PARA DESCARGAR ESTE FOLLETO<\/span>\n\t\t\t\t\t<\/span>\n\t\t\t\t\t<\/a>\n\t\t\t\t<\/div>\n\t\t\t\t\t\t\t\t<\/div>\n\t\t\t\t<\/div>\n\t\t\t\t<div class=\"dce-visibility-event elementor-element elementor-element-9dce697 elementor-widget elementor-widget-button\" data-id=\"9dce697\" data-element_type=\"widget\" data-e-type=\"widget\" data-settings=\"{&quot;enabled_visibility&quot;:&quot;yes&quot;,&quot;dce_visibility_selected&quot;:&quot;yes&quot;}\" data-widget_type=\"button.default\">\n\t\t\t\t<div class=\"elementor-widget-container\">\n\t\t\t\t\t\t\t\t\t<div class=\"elementor-button-wrapper\">\n\t\t\t\t\t<a class=\"elementor-button elementor-button-link elementor-size-sm\" href=\"https:\/\/www.fire-testing.com\/es\/request-a-brochure\/\">\n\t\t\t\t\t\t<span class=\"elementor-button-content-wrapper\">\n\t\t\t\t\t\t\t\t\t<span class=\"elementor-button-text\">REQUEST TECHNICAL SPECIFICATION<\/span>\n\t\t\t\t\t<\/span>\n\t\t\t\t\t<\/a>\n\t\t\t\t<\/div>\n\t\t\t\t\t\t\t\t<\/div>\n\t\t\t\t<\/div>\n\t\t<!-- dce invisible element 16cff1c -->\t\t\t<\/div>\n\t\t<\/div>\n\t\t\t\t\t<\/div>\n\t\t<\/section>\n\t\t\t\t<\/div>","protected":false},"excerpt":{"rendered":"<p>Density of Smoke from the Burning or Decomposition of Plastics ASTM D2843 ASTM D2843 Smoke Density Test, also known as the Exit Sign Smoke Test, is intended to be used for measuring the smoke-producing characteristics of plastics under controlled conditions of combustion or decomposition. The measurements are made in terms of the loss of light [&hellip;]<\/p>\n","protected":false},"author":142,"featured_media":0,"parent":0,"menu_order":0,"comment_status":"closed","ping_status":"closed","template":"","meta":{"_acf_changed":false,"footnotes":""},"class_list":["post-706","page","type-page","status-publish","hentry"],"acf":[],"_links":{"self":[{"href":"https:\/\/www.fire-testing.com\/es\/wp-json\/wp\/v2\/pages\/706","targetHints":{"allow":["GET"]}}],"collection":[{"href":"https:\/\/www.fire-testing.com\/es\/wp-json\/wp\/v2\/pages"}],"about":[{"href":"https:\/\/www.fire-testing.com\/es\/wp-json\/wp\/v2\/types\/page"}],"author":[{"embeddable":true,"href":"https:\/\/www.fire-testing.com\/es\/wp-json\/wp\/v2\/users\/142"}],"replies":[{"embeddable":true,"href":"https:\/\/www.fire-testing.com\/es\/wp-json\/wp\/v2\/comments?post=706"}],"version-history":[{"count":0,"href":"https:\/\/www.fire-testing.com\/es\/wp-json\/wp\/v2\/pages\/706\/revisions"}],"wp:attachment":[{"href":"https:\/\/www.fire-testing.com\/es\/wp-json\/wp\/v2\/media?parent=706"}],"curies":[{"name":"wp","href":"https:\/\/api.w.org\/{rel}","templated":true}]}}