{"id":7416,"date":"2022-05-03T14:39:47","date_gmt":"2022-05-03T14:39:47","guid":{"rendered":"https:\/\/www.fire-testing.com\/?page_id=7416"},"modified":"2024-04-10T16:26:07","modified_gmt":"2024-04-10T15:26:07","slug":"room-corner-test","status":"publish","type":"page","link":"https:\/\/www.fire-testing.com\/es\/room-corner-test\/","title":{"rendered":"Prueba de rinc\u00f3n de habitaci\u00f3n"},"content":{"rendered":"<div data-elementor-type=\"wp-page\" data-elementor-id=\"7416\" class=\"elementor elementor-7416\" data-elementor-post-type=\"page\">\n\t\t\t\t\t\t<section data-particle_enable=\"false\" data-particle-mobile-disabled=\"false\" class=\"elementor-section elementor-top-section elementor-element elementor-element-4021bc96 elementor-section-boxed elementor-section-height-default elementor-section-height-default\" data-id=\"4021bc96\" data-element_type=\"section\" data-e-type=\"section\">\n\t\t\t\t\t\t<div class=\"elementor-container elementor-column-gap-default\">\n\t\t\t\t\t<div class=\"elementor-column elementor-col-50 elementor-top-column elementor-element elementor-element-52fc5fa9\" data-id=\"52fc5fa9\" data-element_type=\"column\" data-e-type=\"column\">\n\t\t\t<div class=\"elementor-widget-wrap elementor-element-populated\">\n\t\t\t\t\t\t<div class=\"elementor-element elementor-element-89b4b70 elementor-widget elementor-widget-heading\" data-id=\"89b4b70\" data-element_type=\"widget\" data-e-type=\"widget\" data-widget_type=\"heading.default\">\n\t\t\t\t<div class=\"elementor-widget-container\">\n\t\t\t\t\t<h1 class=\"elementor-heading-title elementor-size-default\">Prueba de rinc\u00f3n de habitaci\u00f3n<\/h1>\t\t\t\t<\/div>\n\t\t\t\t<\/div>\n\t\t\t\t<div class=\"elementor-element elementor-element-d9270bf elementor-widget elementor-widget-heading\" data-id=\"d9270bf\" data-element_type=\"widget\" data-e-type=\"widget\" data-widget_type=\"heading.default\">\n\t\t\t\t<div class=\"elementor-widget-container\">\n\t\t\t\t\t<h2 class=\"elementor-heading-title elementor-size-default\">ISO 9705; EN 14390; ASTM D5424; ASTM D5537; ASTM E603; ASTM E1537; ASTM E1590; ASTM E1822; NFPA 265; UL 1685; NT FIRE 25; NT FIRE 32<\/h2>\t\t\t\t<\/div>\n\t\t\t\t<\/div>\n\t\t\t\t<div class=\"elementor-element elementor-element-724d1769 elementor-widget elementor-widget-text-editor\" data-id=\"724d1769\" data-element_type=\"widget\" data-e-type=\"widget\" data-widget_type=\"text-editor.default\">\n\t\t\t\t<div class=\"elementor-widget-container\">\n\t\t\t\t\t\t\t\t\t<p class=\"translation-block\"><span class=\"s1\"><span style=\"color: #f05e23\"><strong>FTT<\/strong><\/span><\/span> construye y suministra la \"Prueba de rinc\u00f3n de habitaci\u00f3n\" completa con el paquete de instrumentos apropiado o suministra instrumentos a los clientes que desean modernizar sus instalaciones o construir su propio aparato.<\/p>\n<p>In the latter cases <span style=\"color: #ee5e27;\"><strong>FTT<\/strong><\/span> supply a Gas Analysis Instrumentation Console and a Duct Section. The console contains all the necessary instrumentation to measure heat release rates and other associated parameters. This includes an analyser developed specifically for <span style=\"color: #ee5e27;\"><strong>FTT<\/strong><\/span> Calorimeters, incorporating an enhanced&nbsp;<span style=\"font-weight: bolder; color: rgb(238, 94, 39);\">FTT <\/span>Calorimeter Analyser featuring a high stability temperature controlled paramagnetic oxygen sensor (and optional CO<sub>2<\/sub>\/CO) with flow control and by-pass for fast response. The specification of this instrumentation is the same for both large and small scale calorimeters and can therefore also be conveniently used with the <span style=\"color: #ee5e27;\"><strong>FTT<\/strong><\/span> Dual Cone Calorimeter. When used with the Cone Calorimeter the console is elegantly located with the Cone Calorimeter unit.<\/p>\n<p>El tramo de conducto insertable contiene sondas para tomar muestras de gas y medir la velocidad del aire. Tambi\u00e9n cuenta con equipos de medici\u00f3n de humo (luz blanca o l\u00e1ser). A la mayor\u00eda de los aparatos din\u00e1micos de pruebas de reacci\u00f3n al fuego se les puede agregar este equipo para medir el calor liberado y el humo generado a partir de productos quemados en ellos.<\/p>\n<p>Un paquete de software basado en ventanas permite recopilar y manipular datos de manera autom\u00e1tica desde el sofisticado registrador de datos suministrado con la consola de instrumentos para an\u00e1lisis de gas. El software (LSHRCalc) calcula autom\u00e1ticamente\nla tasa de liberaci\u00f3n de calor y los par\u00e1metros relacionados; luego genera un informe detallado de los productos sometidos a prueba.<\/p>\n<p class=\"translation-block\"><span class=\"s1\"><span style=\"color: #f05e23\"><strong>FTT<\/strong><\/span><\/span> tambi\u00e9n ofrece, entre otras opciones, quemadores construidos conforme a los Anexos A1 y A2 de ISO 9705, completos con sistema de interconexi\u00f3n de gas. Un controlador de flujo de masa con visor digital controla el flujo de gas. Entre los controladores de gas, se incluye una unidad de encendido autom\u00e1tico que incorpora varias prestaciones de seguridad.\n\n\nCalor\u00edmetros abiertos hasta 40MW:\nLos principios de prueba de los calor\u00edmetros a gran escala se pueden aplicar a los \u201cmegacalor\u00edmetros\u201d para medir incendios de hasta 10, 20 o incluso 40 MW, aumentando el tama\u00f1o de la campana, el di\u00e1metro del escape y el caudal de escape. El conjunto de pruebas del sistema de almacenamiento de energ\u00eda en bater\u00eda UL 9540a: 2019 requiere que se realicen pruebas de velocidad de liberaci\u00f3n de calor a diferentes escalas grandes con sistemas de hasta 20MW. <span style=\"color: #f05e23\"><strong>FTT<\/strong><\/span> puede proporcionar todas estas escalas de pruebas.<\/p>\n<p><strong>Software:<\/strong><\/p>\n<p><span>Instrumentos suministrados con software sin cargo adicional. Actualizaciones de software gratuitas.<\/span><\/p>\t\t\t\t\t\t\t\t<\/div>\n\t\t\t\t<\/div>\n\t\t\t\t<div class=\"elementor-element elementor-element-1c412bf elementor-widget elementor-widget-heading\" data-id=\"1c412bf\" data-element_type=\"widget\" data-e-type=\"widget\" data-widget_type=\"heading.default\">\n\t\t\t\t<div class=\"elementor-widget-container\">\n\t\t\t\t\t<h2 class=\"elementor-heading-title elementor-size-default\">Related Products<\/h2>\t\t\t\t<\/div>\n\t\t\t\t<\/div>\n\t\t\t\t<section data-particle_enable=\"false\" data-particle-mobile-disabled=\"false\" class=\"elementor-section elementor-inner-section elementor-element elementor-element-45ea1e2 elementor-section-boxed elementor-section-height-default elementor-section-height-default\" data-id=\"45ea1e2\" data-element_type=\"section\" data-e-type=\"section\">\n\t\t\t\t\t\t<div class=\"elementor-container elementor-column-gap-default\">\n\t\t\t\t\t<div class=\"elementor-column elementor-col-33 elementor-inner-column elementor-element elementor-element-4608186\" data-id=\"4608186\" data-element_type=\"column\" data-e-type=\"column\">\n\t\t\t<div class=\"elementor-widget-wrap elementor-element-populated\">\n\t\t\t\t\t\t<div class=\"elementor-element elementor-element-1549f14 elementor-widget elementor-widget-image\" data-id=\"1549f14\" data-element_type=\"widget\" data-e-type=\"widget\" data-widget_type=\"image.default\">\n\t\t\t\t<div class=\"elementor-widget-container\">\n\t\t\t\t\t\t\t\t\t\t\t\t\t\t\t\t<a href=\"https:\/\/www.fire-testing.com\/es\/furniture-calorimeter\/\">\n\t\t\t\t\t\t\t<img decoding=\"async\" width=\"170\" height=\"170\" src=\"https:\/\/www.fire-testing.com\/wp-content\/uploads\/2020\/10\/22_Furniture_Calirometer.jpg\" class=\"attachment-medium size-medium wp-image-6552\" alt=\"\" srcset=\"https:\/\/www.fire-testing.com\/wp-content\/uploads\/2020\/10\/22_Furniture_Calirometer.jpg 170w, https:\/\/www.fire-testing.com\/wp-content\/uploads\/2020\/10\/22_Furniture_Calirometer-150x150.jpg 150w, https:\/\/www.fire-testing.com\/wp-content\/uploads\/2020\/10\/22_Furniture_Calirometer-12x12.jpg 12w\" sizes=\"(max-width: 170px) 100vw, 170px\">\t\t\t\t\t\t\t\t<\/a>\n\t\t\t\t\t\t\t\t\t\t\t\t\t\t\t<\/div>\n\t\t\t\t<\/div>\n\t\t\t\t<div class=\"elementor-element elementor-element-e1d302e elementor-widget elementor-widget-text-editor\" data-id=\"e1d302e\" data-element_type=\"widget\" data-e-type=\"widget\" data-widget_type=\"text-editor.default\">\n\t\t\t\t<div class=\"elementor-widget-container\">\n\t\t\t\t\t\t\t\t\t<p><a href=\"https:\/\/www.fire-testing.com\/es\/furniture-calorimeter\/\"><span style=\"color: #000000;\">Calor\u00edmetro de mobiliario<\/span><\/a><\/p>\t\t\t\t\t\t\t\t<\/div>\n\t\t\t\t<\/div>\n\t\t\t\t\t<\/div>\n\t\t<\/div>\n\t\t\t\t<div class=\"elementor-column elementor-col-33 elementor-inner-column elementor-element elementor-element-6f45841\" data-id=\"6f45841\" data-element_type=\"column\" data-e-type=\"column\">\n\t\t\t<div class=\"elementor-widget-wrap\">\n\t\t\t\t\t\t\t<\/div>\n\t\t<\/div>\n\t\t\t\t<div class=\"elementor-column elementor-col-33 elementor-inner-column elementor-element elementor-element-1ee47af\" data-id=\"1ee47af\" data-element_type=\"column\" data-e-type=\"column\">\n\t\t\t<div class=\"elementor-widget-wrap\">\n\t\t\t\t\t\t\t<\/div>\n\t\t<\/div>\n\t\t\t\t\t<\/div>\n\t\t<\/section>\n\t\t\t\t\t<\/div>\n\t\t<\/div>\n\t\t\t\t<div class=\"elementor-column elementor-col-50 elementor-top-column elementor-element elementor-element-c6a6ae0\" data-id=\"c6a6ae0\" data-element_type=\"column\" data-e-type=\"column\">\n\t\t\t<div class=\"elementor-widget-wrap elementor-element-populated\">\n\t\t\t\t\t\t<div class=\"elementor-element elementor-element-d0993c0 elementor-widget elementor-widget-image\" data-id=\"d0993c0\" data-element_type=\"widget\" data-e-type=\"widget\" data-widget_type=\"image.default\">\n\t\t\t\t<div class=\"elementor-widget-container\">\n\t\t\t\t\t\t\t\t\t\t\t\t\t\t\t<img fetchpriority=\"high\" decoding=\"async\" width=\"800\" height=\"800\" src=\"https:\/\/www.fire-testing.com\/wp-content\/uploads\/2019\/02\/Furniture-Calorimeter.jpg\" class=\"attachment-full size-full wp-image-596\" alt=\"Prueba de rinc\u00f3n de habitaci\u00f3n\" srcset=\"https:\/\/www.fire-testing.com\/wp-content\/uploads\/2019\/02\/Furniture-Calorimeter.jpg 800w, https:\/\/www.fire-testing.com\/wp-content\/uploads\/2019\/02\/Furniture-Calorimeter-300x300.jpg 300w, https:\/\/www.fire-testing.com\/wp-content\/uploads\/2019\/02\/Furniture-Calorimeter-100x100.jpg 100w, https:\/\/www.fire-testing.com\/wp-content\/uploads\/2019\/02\/Furniture-Calorimeter-600x600.jpg 600w, https:\/\/www.fire-testing.com\/wp-content\/uploads\/2019\/02\/Furniture-Calorimeter-150x150.jpg 150w, https:\/\/www.fire-testing.com\/wp-content\/uploads\/2019\/02\/Furniture-Calorimeter-768x768.jpg 768w\" sizes=\"(max-width: 800px) 100vw, 800px\" \/>\t\t\t\t\t\t\t\t\t\t\t\t\t\t\t<\/div>\n\t\t\t\t<\/div>\n\t\t\t\t<div class=\"elementor-element elementor-element-ad151ba elementor-widget elementor-widget-heading\" data-id=\"ad151ba\" data-element_type=\"widget\" data-e-type=\"widget\" data-widget_type=\"heading.default\">\n\t\t\t\t<div class=\"elementor-widget-container\">\n\t\t\t\t\t<p class=\"elementor-heading-title elementor-size-default\">Prueba de rinc\u00f3n de habitaci\u00f3n<\/p>\t\t\t\t<\/div>\n\t\t\t\t<\/div>\n\t\t\t\t<div class=\"elementor-element elementor-element-f3f5297 elementor-widget elementor-widget-image\" data-id=\"f3f5297\" data-element_type=\"widget\" data-e-type=\"widget\" data-widget_type=\"image.default\">\n\t\t\t\t<div class=\"elementor-widget-container\">\n\t\t\t\t\t\t\t\t\t\t\t\t\t\t\t<img decoding=\"async\" width=\"1037\" height=\"778\" src=\"https:\/\/www.fire-testing.com\/wp-content\/uploads\/2019\/02\/22-ISO-9705-onsite.jpg\" class=\"attachment-full size-full wp-image-1254\" alt=\"large scale oxygen consumption calorimetry room corner test\" srcset=\"https:\/\/www.fire-testing.com\/wp-content\/uploads\/2019\/02\/22-ISO-9705-onsite.jpg 1037w, https:\/\/www.fire-testing.com\/wp-content\/uploads\/2019\/02\/22-ISO-9705-onsite-600x450.jpg 600w, https:\/\/www.fire-testing.com\/wp-content\/uploads\/2019\/02\/22-ISO-9705-onsite-300x225.jpg 300w, https:\/\/www.fire-testing.com\/wp-content\/uploads\/2019\/02\/22-ISO-9705-onsite-768x576.jpg 768w, https:\/\/www.fire-testing.com\/wp-content\/uploads\/2019\/02\/22-ISO-9705-onsite-1024x768.jpg 1024w\" sizes=\"(max-width: 1037px) 100vw, 1037px\" \/>\t\t\t\t\t\t\t\t\t\t\t\t\t\t\t<\/div>\n\t\t\t\t<\/div>\n\t\t\t\t<div class=\"elementor-element elementor-element-e05fd16 elementor-widget elementor-widget-heading\" data-id=\"e05fd16\" data-element_type=\"widget\" data-e-type=\"widget\" data-widget_type=\"heading.default\">\n\t\t\t\t<div class=\"elementor-widget-container\">\n\t\t\t\t\t<p class=\"elementor-heading-title elementor-size-default\">ISO 9705 en el sitio<\/p>\t\t\t\t<\/div>\n\t\t\t\t<\/div>\n\t\t\t\t<div class=\"elementor-element elementor-element-728fb6d elementor-widget elementor-widget-image\" data-id=\"728fb6d\" data-element_type=\"widget\" data-e-type=\"widget\" data-widget_type=\"image.default\">\n\t\t\t\t<div class=\"elementor-widget-container\">\n\t\t\t\t\t\t\t\t\t\t\t\t\t\t\t<img loading=\"lazy\" decoding=\"async\" width=\"800\" height=\"800\" src=\"https:\/\/www.fire-testing.com\/wp-content\/uploads\/2019\/02\/22-FIPEC-Heat-Release_recoloured.jpg\" class=\"attachment-full size-full wp-image-1217\" alt=\"FIPEC Duct insert\" srcset=\"https:\/\/www.fire-testing.com\/wp-content\/uploads\/2019\/02\/22-FIPEC-Heat-Release_recoloured.jpg 800w, https:\/\/www.fire-testing.com\/wp-content\/uploads\/2019\/02\/22-FIPEC-Heat-Release_recoloured-300x300.jpg 300w, https:\/\/www.fire-testing.com\/wp-content\/uploads\/2019\/02\/22-FIPEC-Heat-Release_recoloured-100x100.jpg 100w, https:\/\/www.fire-testing.com\/wp-content\/uploads\/2019\/02\/22-FIPEC-Heat-Release_recoloured-600x600.jpg 600w, https:\/\/www.fire-testing.com\/wp-content\/uploads\/2019\/02\/22-FIPEC-Heat-Release_recoloured-150x150.jpg 150w, https:\/\/www.fire-testing.com\/wp-content\/uploads\/2019\/02\/22-FIPEC-Heat-Release_recoloured-768x768.jpg 768w\" sizes=\"(max-width: 800px) 100vw, 800px\" \/>\t\t\t\t\t\t\t\t\t\t\t\t\t\t\t<\/div>\n\t\t\t\t<\/div>\n\t\t\t\t<div class=\"elementor-element elementor-element-d575b65 elementor-widget elementor-widget-heading\" data-id=\"d575b65\" data-element_type=\"widget\" data-e-type=\"widget\" data-widget_type=\"heading.default\">\n\t\t\t\t<div class=\"elementor-widget-container\">\n\t\t\t\t\t<p class=\"elementor-heading-title elementor-size-default\">Duct insert<\/p>\t\t\t\t<\/div>\n\t\t\t\t<\/div>\n\t\t\t\t\t<\/div>\n\t\t<\/div>\n\t\t\t\t\t<\/div>\n\t\t<\/section>\n\t\t\t\t<section data-particle_enable=\"false\" data-particle-mobile-disabled=\"false\" class=\"elementor-section elementor-top-section elementor-element elementor-element-99f5d6b elementor-section-boxed elementor-section-height-default elementor-section-height-default\" data-id=\"99f5d6b\" data-element_type=\"section\" data-e-type=\"section\">\n\t\t\t\t\t\t<div class=\"elementor-container elementor-column-gap-default\">\n\t\t\t\t\t<div class=\"elementor-column elementor-col-100 elementor-top-column elementor-element elementor-element-f688290\" data-id=\"f688290\" data-element_type=\"column\" data-e-type=\"column\">\n\t\t\t<div class=\"elementor-widget-wrap elementor-element-populated\">\n\t\t\t\t\t\t<div class=\"dce-visibility-event elementor-element elementor-element-bff3730 elementor-widget elementor-widget-button\" data-id=\"bff3730\" data-element_type=\"widget\" data-e-type=\"widget\" data-settings=\"{&quot;enabled_visibility&quot;:&quot;yes&quot;,&quot;dce_visibility_selected&quot;:&quot;yes&quot;}\" data-widget_type=\"button.default\">\n\t\t\t\t<div class=\"elementor-widget-container\">\n\t\t\t\t\t\t\t\t\t<div class=\"elementor-button-wrapper\">\n\t\t\t\t\t<a class=\"elementor-button elementor-button-link elementor-size-sm\" href=\"https:\/\/www.fire-testing.com\/es\/login\/\">\n\t\t\t\t\t\t<span class=\"elementor-button-content-wrapper\">\n\t\t\t\t\t\t\t\t\t<span class=\"elementor-button-text\">INICIE SESI\u00d3N\/REG\u00cdSTRESE PARA DESCARGAR ESTE FOLLETO<\/span>\n\t\t\t\t\t<\/span>\n\t\t\t\t\t<\/a>\n\t\t\t\t<\/div>\n\t\t\t\t\t\t\t\t<\/div>\n\t\t\t\t<\/div>\n\t\t\t\t<div class=\"dce-visibility-event elementor-element elementor-element-c246fbe elementor-widget elementor-widget-button\" data-id=\"c246fbe\" data-element_type=\"widget\" data-e-type=\"widget\" data-settings=\"{&quot;enabled_visibility&quot;:&quot;yes&quot;,&quot;dce_visibility_selected&quot;:&quot;yes&quot;}\" data-widget_type=\"button.default\">\n\t\t\t\t<div class=\"elementor-widget-container\">\n\t\t\t\t\t\t\t\t\t<div class=\"elementor-button-wrapper\">\n\t\t\t\t\t<a class=\"elementor-button elementor-button-link elementor-size-sm\" href=\"https:\/\/www.fire-testing.com\/es\/request-a-brochure\/\">\n\t\t\t\t\t\t<span class=\"elementor-button-content-wrapper\">\n\t\t\t\t\t\t\t\t\t<span class=\"elementor-button-text\">REQUEST TECHNICAL SPECIFICATION<\/span>\n\t\t\t\t\t<\/span>\n\t\t\t\t\t<\/a>\n\t\t\t\t<\/div>\n\t\t\t\t\t\t\t\t<\/div>\n\t\t\t\t<\/div>\n\t\t<!-- dce invisible element 7f5d519 -->\t\t\t<\/div>\n\t\t<\/div>\n\t\t\t\t\t<\/div>\n\t\t<\/section>\n\t\t\t\t<\/div>","protected":false},"excerpt":{"rendered":"<p>Room Corner Test ISO 9705; EN 14390; ASTM D5424; ASTM D5537; ASTM E603; ASTM E1537; ASTM E1590; ASTM E1822; NFPA 265; UL 1685; NT FIRE 25; NT FIRE 32 FTT build and supply the Room Corner Test complete with the appropriate instrumentation package or supply instrumentation to clients wishing to upgrade existing facilities or with [&hellip;]<\/p>\n","protected":false},"author":142,"featured_media":0,"parent":0,"menu_order":0,"comment_status":"closed","ping_status":"closed","template":"","meta":{"_acf_changed":false,"footnotes":""},"class_list":["post-7416","page","type-page","status-publish","hentry"],"acf":[],"_links":{"self":[{"href":"https:\/\/www.fire-testing.com\/es\/wp-json\/wp\/v2\/pages\/7416","targetHints":{"allow":["GET"]}}],"collection":[{"href":"https:\/\/www.fire-testing.com\/es\/wp-json\/wp\/v2\/pages"}],"about":[{"href":"https:\/\/www.fire-testing.com\/es\/wp-json\/wp\/v2\/types\/page"}],"author":[{"embeddable":true,"href":"https:\/\/www.fire-testing.com\/es\/wp-json\/wp\/v2\/users\/142"}],"replies":[{"embeddable":true,"href":"https:\/\/www.fire-testing.com\/es\/wp-json\/wp\/v2\/comments?post=7416"}],"version-history":[{"count":0,"href":"https:\/\/www.fire-testing.com\/es\/wp-json\/wp\/v2\/pages\/7416\/revisions"}],"wp:attachment":[{"href":"https:\/\/www.fire-testing.com\/es\/wp-json\/wp\/v2\/media?parent=7416"}],"curies":[{"name":"wp","href":"https:\/\/api.w.org\/{rel}","templated":true}]}}