{"id":788,"date":"2019-02-08T18:32:13","date_gmt":"2019-02-08T18:32:13","guid":{"rendered":"https:\/\/www.fire-testing.com\/?page_id=788"},"modified":"2022-08-08T09:37:38","modified_gmt":"2022-08-08T09:37:38","slug":"cone-corrosimeter","status":"publish","type":"page","link":"https:\/\/www.fire-testing.com\/es\/cone-corrosimeter\/","title":{"rendered":"Corros\u00edmetro c\u00f3nico"},"content":{"rendered":"<div data-elementor-type=\"wp-page\" data-elementor-id=\"788\" class=\"elementor elementor-788\" data-elementor-post-type=\"page\">\n\t\t\t\t\t\t<section data-particle_enable=\"false\" data-particle-mobile-disabled=\"false\" class=\"elementor-section elementor-top-section elementor-element elementor-element-7533509 elementor-section-boxed elementor-section-height-default elementor-section-height-default\" data-id=\"7533509\" data-element_type=\"section\" data-e-type=\"section\">\n\t\t\t\t\t\t<div class=\"elementor-container elementor-column-gap-default\">\n\t\t\t\t\t<div class=\"elementor-column elementor-col-50 elementor-top-column elementor-element elementor-element-bfcef1b\" data-id=\"bfcef1b\" data-element_type=\"column\" data-e-type=\"column\">\n\t\t\t<div class=\"elementor-widget-wrap elementor-element-populated\">\n\t\t\t\t\t\t<div class=\"elementor-element elementor-element-7e25595 elementor-widget elementor-widget-heading\" data-id=\"7e25595\" data-element_type=\"widget\" data-e-type=\"widget\" data-widget_type=\"heading.default\">\n\t\t\t\t<div class=\"elementor-widget-container\">\n\t\t\t\t\t<h1 class=\"elementor-heading-title elementor-size-default\">Corros\u00edmetro c\u00f3nico<\/h1>\t\t\t\t<\/div>\n\t\t\t\t<\/div>\n\t\t\t\t<div class=\"elementor-element elementor-element-e6004ad elementor-widget elementor-widget-heading\" data-id=\"e6004ad\" data-element_type=\"widget\" data-e-type=\"widget\" data-widget_type=\"heading.default\">\n\t\t\t\t<div class=\"elementor-widget-container\">\n\t\t\t\t\t<h2 class=\"elementor-heading-title elementor-size-default\">ASTM D5485; ISO 11907-4<\/h2>\t\t\t\t<\/div>\n\t\t\t\t<\/div>\n\t\t\t\t<div class=\"elementor-element elementor-element-1077be1e elementor-widget elementor-widget-text-editor\" data-id=\"1077be1e\" data-element_type=\"widget\" data-e-type=\"widget\" data-widget_type=\"text-editor.default\">\n\t\t\t\t<div class=\"elementor-widget-container\">\n\t\t\t\t\t\t\t\t\t<p class=\"translation-block\">El cono calorim\u00e9trico y el calor\u00edmetro con p\u00e9rdida de masa pueden usarse para determinar el efecto corrosivo de los productos de combusti\u00f3n cuando se utilizan con un corros\u00edmetro c\u00f3nico. Para poder hacerlo cumpliendo con el protocolo que dictan las normas (ASTM D5485; ISO 11907\u00ad4), los productos de combusti\u00f3n generados en la unidad se extraen a trav\u00e9s de una celda de exposici\u00f3n din\u00e1mica que aloja un blanco de corrosi\u00f3n de cobre. El cambio en la resistencia del blanco de corrosi\u00f3n se utiliza para evaluar el efecto corrosivo de los productos de combusti\u00f3n generados.<\/p>\t\t\t\t\t\t\t\t<\/div>\n\t\t\t\t<\/div>\n\t\t\t\t\t<\/div>\n\t\t<\/div>\n\t\t\t\t<div class=\"elementor-column elementor-col-50 elementor-top-column elementor-element elementor-element-c13f2d8\" data-id=\"c13f2d8\" data-element_type=\"column\" data-e-type=\"column\">\n\t\t\t<div class=\"elementor-widget-wrap elementor-element-populated\">\n\t\t\t\t\t\t<div class=\"elementor-element elementor-element-53cc523 elementor-widget elementor-widget-image\" data-id=\"53cc523\" data-element_type=\"widget\" data-e-type=\"widget\" data-widget_type=\"image.default\">\n\t\t\t\t<div class=\"elementor-widget-container\">\n\t\t\t\t\t\t\t\t\t\t\t\t\t\t\t<img fetchpriority=\"high\" decoding=\"async\" width=\"768\" height=\"768\" src=\"https:\/\/fire-testing.com\/wp-content\/uploads\/2019\/02\/74-Cone-Corrosimeter-ASTM-D-5485-768x768.jpg\" class=\"attachment-medium_large size-medium_large wp-image-612\" alt=\"Cone Corrosimeter ASTM D5485\" srcset=\"https:\/\/fire-testing.com\/wp-content\/uploads\/2019\/02\/74-Cone-Corrosimeter-ASTM-D-5485-768x768.jpg 768w, https:\/\/fire-testing.com\/wp-content\/uploads\/2019\/02\/74-Cone-Corrosimeter-ASTM-D-5485-300x300.jpg 300w, https:\/\/fire-testing.com\/wp-content\/uploads\/2019\/02\/74-Cone-Corrosimeter-ASTM-D-5485-100x100.jpg 100w, https:\/\/fire-testing.com\/wp-content\/uploads\/2019\/02\/74-Cone-Corrosimeter-ASTM-D-5485-600x600.jpg 600w, https:\/\/fire-testing.com\/wp-content\/uploads\/2019\/02\/74-Cone-Corrosimeter-ASTM-D-5485-150x150.jpg 150w, https:\/\/fire-testing.com\/wp-content\/uploads\/2019\/02\/74-Cone-Corrosimeter-ASTM-D-5485.jpg 800w\" sizes=\"(max-width: 768px) 100vw, 768px\" \/>\t\t\t\t\t\t\t\t\t\t\t\t\t\t\t<\/div>\n\t\t\t\t<\/div>\n\t\t\t\t<div class=\"elementor-element elementor-element-e832845 elementor-widget elementor-widget-heading\" data-id=\"e832845\" data-element_type=\"widget\" data-e-type=\"widget\" data-widget_type=\"heading.default\">\n\t\t\t\t<div class=\"elementor-widget-container\">\n\t\t\t\t\t<p class=\"elementor-heading-title elementor-size-default\">Corros\u00edmetro c\u00f3nico<\/p>\t\t\t\t<\/div>\n\t\t\t\t<\/div>\n\t\t\t\t\t<\/div>\n\t\t<\/div>\n\t\t\t\t\t<\/div>\n\t\t<\/section>\n\t\t\t\t<section data-particle_enable=\"false\" data-particle-mobile-disabled=\"false\" class=\"elementor-section elementor-top-section elementor-element elementor-element-b4f9836 elementor-section-boxed elementor-section-height-default elementor-section-height-default\" data-id=\"b4f9836\" data-element_type=\"section\" data-e-type=\"section\">\n\t\t\t\t\t\t<div class=\"elementor-container elementor-column-gap-default\">\n\t\t\t\t\t<div class=\"elementor-column elementor-col-100 elementor-top-column elementor-element elementor-element-b0db60c\" data-id=\"b0db60c\" data-element_type=\"column\" data-e-type=\"column\">\n\t\t\t<div class=\"elementor-widget-wrap elementor-element-populated\">\n\t\t\t\t\t\t<div class=\"dce-visibility-event elementor-element elementor-element-a7e67f0 elementor-widget elementor-widget-button\" data-id=\"a7e67f0\" data-element_type=\"widget\" data-e-type=\"widget\" data-settings=\"{&quot;enabled_visibility&quot;:&quot;yes&quot;,&quot;dce_visibility_selected&quot;:&quot;yes&quot;}\" data-widget_type=\"button.default\">\n\t\t\t\t<div class=\"elementor-widget-container\">\n\t\t\t\t\t\t\t\t\t<div class=\"elementor-button-wrapper\">\n\t\t\t\t\t<a class=\"elementor-button elementor-button-link elementor-size-sm\" href=\"https:\/\/www.fire-testing.com\/es\/login\/\">\n\t\t\t\t\t\t<span class=\"elementor-button-content-wrapper\">\n\t\t\t\t\t\t\t\t\t<span class=\"elementor-button-text\">INICIE SESI\u00d3N\/REG\u00cdSTRESE PARA DESCARGAR ESTE FOLLETO<\/span>\n\t\t\t\t\t<\/span>\n\t\t\t\t\t<\/a>\n\t\t\t\t<\/div>\n\t\t\t\t\t\t\t\t<\/div>\n\t\t\t\t<\/div>\n\t\t\t\t<div class=\"dce-visibility-event elementor-element elementor-element-7fad3fe elementor-widget elementor-widget-button\" data-id=\"7fad3fe\" data-element_type=\"widget\" data-e-type=\"widget\" data-settings=\"{&quot;enabled_visibility&quot;:&quot;yes&quot;,&quot;dce_visibility_selected&quot;:&quot;yes&quot;}\" data-widget_type=\"button.default\">\n\t\t\t\t<div class=\"elementor-widget-container\">\n\t\t\t\t\t\t\t\t\t<div class=\"elementor-button-wrapper\">\n\t\t\t\t\t<a class=\"elementor-button elementor-button-link elementor-size-sm\" href=\"https:\/\/www.fire-testing.com\/es\/request-a-brochure\/\">\n\t\t\t\t\t\t<span class=\"elementor-button-content-wrapper\">\n\t\t\t\t\t\t\t\t\t<span class=\"elementor-button-text\">REQUEST TECHNICAL SPECIFICATION<\/span>\n\t\t\t\t\t<\/span>\n\t\t\t\t\t<\/a>\n\t\t\t\t<\/div>\n\t\t\t\t\t\t\t\t<\/div>\n\t\t\t\t<\/div>\n\t\t<!-- dce invisible element 5529c73 -->\t\t\t<\/div>\n\t\t<\/div>\n\t\t\t\t\t<\/div>\n\t\t<\/section>\n\t\t\t\t<\/div>","protected":false},"excerpt":{"rendered":"<p>Cone Corrosimeter ASTM D5485; ISO 11907-4 The Cone Calorimeter and Mass Loss Calorimeter can be used to determine the corrosive effect of combustion products when used with a cone corrosimeter. To do this in accordance with the Standards\u00a0 (ASTM D5485; ISO 11907-4) protocol the combustion products generated in the unit are drawn through a dynamic [&hellip;]<\/p>\n","protected":false},"author":142,"featured_media":0,"parent":0,"menu_order":0,"comment_status":"closed","ping_status":"closed","template":"","meta":{"_acf_changed":false,"footnotes":""},"class_list":["post-788","page","type-page","status-publish","hentry"],"acf":[],"_links":{"self":[{"href":"https:\/\/www.fire-testing.com\/es\/wp-json\/wp\/v2\/pages\/788","targetHints":{"allow":["GET"]}}],"collection":[{"href":"https:\/\/www.fire-testing.com\/es\/wp-json\/wp\/v2\/pages"}],"about":[{"href":"https:\/\/www.fire-testing.com\/es\/wp-json\/wp\/v2\/types\/page"}],"author":[{"embeddable":true,"href":"https:\/\/www.fire-testing.com\/es\/wp-json\/wp\/v2\/users\/142"}],"replies":[{"embeddable":true,"href":"https:\/\/www.fire-testing.com\/es\/wp-json\/wp\/v2\/comments?post=788"}],"version-history":[{"count":0,"href":"https:\/\/www.fire-testing.com\/es\/wp-json\/wp\/v2\/pages\/788\/revisions"}],"wp:attachment":[{"href":"https:\/\/www.fire-testing.com\/es\/wp-json\/wp\/v2\/media?parent=788"}],"curies":[{"name":"wp","href":"https:\/\/api.w.org\/{rel}","templated":true}]}}