{"id":10127,"date":"2024-03-28T12:37:14","date_gmt":"2024-03-28T12:37:14","guid":{"rendered":"https:\/\/www.fire-testing.com\/?post_type=product&#038;p=10127"},"modified":"2024-04-04T15:34:55","modified_gmt":"2024-04-04T14:34:55","slug":"a-new-product-yay","status":"publish","type":"product","link":"https:\/\/www.fire-testing.com\/es\/catalogue\/a-new-product-yay\/","title":{"rendered":"A new product.  Yay!"},"content":{"rendered":"<div data-elementor-type=\"product-post\" data-elementor-id=\"10127\" class=\"elementor elementor-10127\" data-elementor-post-type=\"product\">\n\t\t\t\t<div data-particle_enable=\"false\" data-particle-mobile-disabled=\"false\" class=\"elementor-element elementor-element-4469b04 e-ecs-flex e-flex e-con-boxed e-con e-parent\" data-id=\"4469b04\" data-element_type=\"container\" data-e-type=\"container\" data-settings=\"{&quot;ecs_container_type&quot;:&quot;flex&quot;}\">\n\t\t\t\t\t<div class=\"e-con-inner\">\n\t\t<div data-particle_enable=\"false\" data-particle-mobile-disabled=\"false\" class=\"elementor-element elementor-element-5b752b8 e-con-full e-ecs-flex e-flex e-con e-child\" data-id=\"5b752b8\" data-element_type=\"container\" data-e-type=\"container\" data-settings=\"{&quot;ecs_container_type&quot;:&quot;flex&quot;}\">\n\t\t\t\t<div class=\"elementor-element elementor-element-0e3c1d7 elementor-widget elementor-widget-text-editor\" data-id=\"0e3c1d7\" data-element_type=\"widget\" data-e-type=\"widget\" data-widget_type=\"text-editor.default\">\n\t\t\t\t<div class=\"elementor-widget-container\">\n\t\t\t\t\t\t\t\t\t<p class=\"translation-block\"><strong>Caracter\u00edsticas exclusivas del<\/strong> <span style=\"color: #f05e23\"><em><span style=\"font-family: times\">i<\/span><\/em><\/span><strong>Cone<\/strong><em><span style=\"color: #f05e23\"> mini<\/span><\/em><strong><span class=\"s1\">  y el <span style=\"color: #f05e23\"><em><span style=\"font-family: times\">i<\/span><\/em><\/span><\/span><span class=\"s1\">Cone<\/span><\/strong><em><span class=\"s1\"><span style=\"color: #f05e23\"> classic<\/span><\/span><\/em><strong>  de <span class=\"s1\"><span style=\"color: #f05e23\"><strong>FTT<\/strong><\/span><\/span>:<\/strong><\/p><ul><li>Control de colocaci\u00f3n remota del conjunto del cono, de modo que la separaci\u00f3n en las superficies del calentador y la muestra se puede ajustar antes y durante el ensayo, para facilitar una repetici\u00f3n del ensayo en muestras entumecidas o que puede sufrir distorsi\u00f3n t\u00e9rmica.<\/li><li>Exposici\u00f3n al calor programable. Se pueden programar hasta 10 rampas consecutivas de flujo de calor o de calor constante.<\/li><li>Protector t\u00e9rmico motorizado para proteger la muestra de la exposici\u00f3n al calor antes del ensayo<\/li><li>Colocaci\u00f3n motorizada y control de encendedor por chispa para inflamar los gases de combusti\u00f3n procedentes de la muestra<\/li><li class=\"translation-block\">Calibraci\u00f3n autom\u00e1tica\/semiautom\u00e1tica\/manual mediante el software ConeCalc<br>Resoluci\u00f3n de las c\u00e9lulas de carga de 0,01 g y capacidad de carga de hasta 8,2 kg (c\u00e9lula Sartorius)<br>C\u00e9lula de carga montada sobre una mesa independiente para evitar vibraciones del ventilador de escape<\/li><li>Sistema de alarma para la protecci\u00f3n de modelos antiincendios<\/li><li class=\"translation-block\">Soporte on-line y control remoto de instrumentos desde <span class=\"s1\"><span style=\"color: #f05e23\"><strong>FTT<\/strong><\/span><\/span> para sistemas conectados a internet<\/li><li>Modelo antiincendios Cone de mayor tama\u00f1o opcional para ensayos con muestras con tasa de liberaci\u00f3n de calor muy reducida. Las muestras de 150mm \u00d7 150mm est\u00e1n expuestas a un flujo de calor uniforme por toda la superficie<\/li><li>Sistema de an\u00e1lisis de gas FTIR completamente integrado opcional suministrado con un m\u00f3dulo de muestreo calefactado, l\u00edneas\/muestras calefactadas y controlador PLC<\/li><\/ul>\t\t\t\t\t\t\t\t<\/div>\n\t\t\t\t<\/div>\n\t\t\t\t<\/div>\n\t\t<div data-particle_enable=\"false\" data-particle-mobile-disabled=\"false\" class=\"elementor-element elementor-element-ec57965 e-con-full e-ecs-flex e-flex e-con e-child\" data-id=\"ec57965\" data-element_type=\"container\" data-e-type=\"container\" data-settings=\"{&quot;ecs_container_type&quot;:&quot;flex&quot;}\">\n\t\t\t\t<div class=\"elementor-element elementor-element-1b8b2ab elementor-widget elementor-widget-image\" data-id=\"1b8b2ab\" data-element_type=\"widget\" data-e-type=\"widget\" data-widget_type=\"image.default\">\n\t\t\t\t<div class=\"elementor-widget-container\">\n\t\t\t\t\t\t\t\t\t\t\t\t\t\t\t<img fetchpriority=\"high\" decoding=\"async\" width=\"800\" height=\"684\" src=\"https:\/\/www.fire-testing.com\/wp-content\/uploads\/2024\/01\/EN13823-Single-Burning-Item-1024x875.jpeg\" class=\"attachment-large size-large wp-image-9884\" alt=\"\" srcset=\"https:\/\/www.fire-testing.com\/wp-content\/uploads\/2024\/01\/EN13823-Single-Burning-Item-1024x875.jpeg 1024w, https:\/\/www.fire-testing.com\/wp-content\/uploads\/2024\/01\/EN13823-Single-Burning-Item-300x256.jpeg 300w, https:\/\/www.fire-testing.com\/wp-content\/uploads\/2024\/01\/EN13823-Single-Burning-Item-768x657.jpeg 768w, https:\/\/www.fire-testing.com\/wp-content\/uploads\/2024\/01\/EN13823-Single-Burning-Item-1536x1313.jpeg 1536w, https:\/\/www.fire-testing.com\/wp-content\/uploads\/2024\/01\/EN13823-Single-Burning-Item-2048x1751.jpeg 2048w, https:\/\/www.fire-testing.com\/wp-content\/uploads\/2024\/01\/EN13823-Single-Burning-Item-14x12.jpeg 14w, https:\/\/www.fire-testing.com\/wp-content\/uploads\/2024\/01\/EN13823-Single-Burning-Item-600x513.jpeg 600w\" sizes=\"(max-width: 800px) 100vw, 800px\">\t\t\t\t\t\t\t\t\t\t\t\t\t\t\t<\/div>\n\t\t\t\t<\/div>\n\t\t\t\t<\/div>\n\t\t\t\t\t<\/div>\n\t\t\t\t<\/div>\n\t\t\t\t<\/div>","protected":false},"excerpt":{"rendered":"<p class=\"elementor-heading-title elementor-size-default\">FAR (Requisitos de ensayo antiincendios para aeronaves) 25.853 (a\u00ad1), Manual de ensayos antiincendios FAA  \u2013 Cap\u00edtulo 5; ASTM E906 M\u00e9todo de ensayo est\u00e1ndar para calor y Tasas de liberaci\u00f3n de humos para materiales y productos<\/p>\n<p>A shorter description area here!<\/p>","protected":false},"featured_media":7861,"template":"","meta":{"_acf_changed":false},"product_brand":[],"product_cat":[29],"product_tag":[],"class_list":{"0":"post-10127","1":"product","2":"type-product","3":"status-publish","4":"has-post-thumbnail","6":"product_cat-product-brochure","8":"first","9":"instock","10":"virtual","11":"product-type-simple"},"acf":[],"_links":{"self":[{"href":"https:\/\/www.fire-testing.com\/es\/wp-json\/wp\/v2\/product\/10127","targetHints":{"allow":["GET"]}}],"collection":[{"href":"https:\/\/www.fire-testing.com\/es\/wp-json\/wp\/v2\/product"}],"about":[{"href":"https:\/\/www.fire-testing.com\/es\/wp-json\/wp\/v2\/types\/product"}],"version-history":[{"count":0,"href":"https:\/\/www.fire-testing.com\/es\/wp-json\/wp\/v2\/product\/10127\/revisions"}],"wp:featuredmedia":[{"embeddable":true,"href":"https:\/\/www.fire-testing.com\/es\/wp-json\/wp\/v2\/media\/7861"}],"wp:attachment":[{"href":"https:\/\/www.fire-testing.com\/es\/wp-json\/wp\/v2\/media?parent=10127"}],"wp:term":[{"taxonomy":"product_brand","embeddable":true,"href":"https:\/\/www.fire-testing.com\/es\/wp-json\/wp\/v2\/product_brand?post=10127"},{"taxonomy":"product_cat","embeddable":true,"href":"https:\/\/www.fire-testing.com\/es\/wp-json\/wp\/v2\/product_cat?post=10127"},{"taxonomy":"product_tag","embeddable":true,"href":"https:\/\/www.fire-testing.com\/es\/wp-json\/wp\/v2\/product_tag?post=10127"}],"curies":[{"name":"wp","href":"https:\/\/api.w.org\/{rel}","templated":true}]}}